{"id":286,"date":"2018-09-10T14:52:19","date_gmt":"2018-09-10T12:52:19","guid":{"rendered":"https:\/\/animaweb.cat\/?page_id=286"},"modified":"2023-01-20T19:36:18","modified_gmt":"2023-01-20T17:36:18","slug":"tipus-de-karma-karma-collectiu-fama-objectiu-i-perdo-cites-dels-savis","status":"publish","type":"page","link":"https:\/\/animaweb.blog.pangea.org\/fr\/tipus-de-karma-karma-collectiu-fama-objectiu-i-perdo-cites-dels-savis\/","title":{"rendered":"Sortes de karma, karma collectif, renomm\u00e9e, objectif et pardon. Extraits des savants."},"content":{"rendered":"<p class=\"western\" lang=\"fr-FR\" align=\"center\"><span style=\"font-family: Times New Roman, serif\"><span style=\"font-size: x-large\"><b>Sortes de karma, karma collectif, renomm\u00e9e, objectif et pardon. Extraits des savants.<\/b><\/span><\/span><\/p>\n<p class=\"western\" lang=\"fr-FR\" align=\"justify\"><span style=\"font-family: Times New Roman, serif\"><span style=\"font-size: large\"><img loading=\"lazy\" decoding=\"async\" class=\"alignright wp-image-636 size-medium\" title=\"Docteur Brian Weiss. Il n'y a que l'amour. Des ames soeurs reunies. Couverte.\" src=\"https:\/\/animaweb.cat\/files\/2019\/12\/Docteur_Brian_Weiss_-_Il_n-y-a-que-l-amour_-_Des_ames_soeurs_reunies-187x300.jpg\" alt=\"Docteur Brian Weiss. Il n'y a que l'amour. Des ames soeurs reunies. Couverte.\" width=\"187\" height=\"300\" srcset=\"https:\/\/animaweb.blog.pangea.org\/files\/2019\/12\/Docteur_Brian_Weiss_-_Il_n-y-a-que-l-amour_-_Des_ames_soeurs_reunies-187x300.jpg 187w, https:\/\/animaweb.blog.pangea.org\/files\/2019\/12\/Docteur_Brian_Weiss_-_Il_n-y-a-que-l-amour_-_Des_ames_soeurs_reunies.jpg 312w\" sizes=\"auto, (max-width: 187px) 85vw, 187px\" \/>Par l\u2019interm\u00e9diaire du corps des patients du Dr. Brian Weiss soumis \u00e0 la r\u00e9gression hypnotique on peut, non seulement atteindre le pass\u00e9 de leurs \u00e2mes \u00e0 la recherche d\u2019un fait traumatique, mais aussi que des \u00e2mes de diff\u00e9rents savants ou ma\u00eetres puissent intervenir pour transmettre au th\u00e9rapeute des explications sur l\u2019\u00e9volution spirituelle.<\/span><\/span><\/p>\n<p class=\"western\" align=\"justify\"><span style=\"font-family: Times New Roman, serif\"><span style=\"font-size: large\"><span lang=\"fr-FR\">Dans l\u2019histoire suivante s\u2019encha\u00eenent diff\u00e9rents fragments de savants qui donnent une explication sur les diff\u00e9rentes esp\u00e8ces de karma, y compris le karma collectif, et abordant d\u2019autres questions comme la renomm\u00e9e et le besoin de pardonner et d\u2019\u00eatre pardonn\u00e9s.<\/span><\/span><\/span><\/p>\n<hr \/>\n<p class=\"western\" lang=\"fr-FR\" align=\"center\"><span style=\"font-family: Times New Roman, serif\"><span style=\"font-size: large\"><b>Extraits des savants.<\/b><\/span><\/span><\/p>\n<p class=\"western\" align=\"justify\"><span style=\"font-family: Times New Roman, serif\"><span style=\"font-size: large\"><span lang=\"fr-FR\">Parfois, les messages ont un caract\u00e8re beaucoup moins psychologique. Ils semblent refl\u00e9ter un enseignement plus ancien et didactique. Le style est tout \u00e0 fait diff\u00e9rent. C&rsquo;est presque comme s&rsquo;il m&rsquo;\u00e9tait dict\u00e9.<\/span><\/span><\/span><\/p>\n<p class=\"western\" lang=\"fr-FR\" align=\"justify\"><span style=\"font-family: Times New Roman, serif\"><span style=\"font-size: large\">\u00ab Il y a de nombreuses sortes de karma, de dettes \u00e0 r\u00e9gler. Le karma individuel fait partie des obligations particuli\u00e8res de l&rsquo;entit\u00e9. Mais il existe aussi un karma de groupe \u2013 les dettes collectives de ce groupe \u2013, et les groupes sont tr\u00e8s vari\u00e9s : religieux, raciaux, nationaux, etc. \u00c0 une \u00e9chelle plus vaste, se manifeste le karma plan\u00e9taire, qui finit par influer sur le destin du globe et son devenir. Dans le cas du karma collectif, non seulement les dettes individuelles s&rsquo;accumulent et doivent \u00eatre pay\u00e9es par chacun, mais la loi s&rsquo;applique aussi pour le groupe, le pays ou la plan\u00e8te. Le m\u00e9canisme de ce karma collectif d\u00e9termine l&rsquo;avenir du groupe ou du pays. Mais il concerne \u00e9galement l&rsquo;individu qui se r\u00e9incarne, aussi bien au sein du groupe ou du pays, ou \u00e0 l&rsquo;ext\u00e9rieur de lui, soit dans l&rsquo;imm\u00e9diat, soit plus tard.<\/span><\/span><\/p>\n<p class=\"western\" lang=\"fr-FR\" align=\"justify\"><span style=\"font-family: Times New Roman, serif\"><span style=\"font-size: large\">\u00bb L&rsquo;action est juste lorsqu&rsquo;elle est accomplie conform\u00e9ment \u00e0 la Voie, en suivant le Chemin qui m\u00e8ne \u00e0 Dieu. Tous les autres chemins se terminent un jour ou l&rsquo;autre en impasse ou se r\u00e9v\u00e8lent \u00eatre des mirages. Les actions entreprises le long de ces chemins ne sont pas justes. L&rsquo;action juste permet \u00e0 l&rsquo;individu de d\u00e9velopper sa spiritualit\u00e9 et de revenir dans le droit chemin. L&rsquo;action qui favorise l&rsquo;\u00e9quit\u00e9, la mis\u00e9ricorde, l&rsquo;amour, la sagesse et les qualit\u00e9s que nous appelons divines ou spirituelles est in\u00e9vitablement juste. Gr\u00e2ce \u00e0 l&rsquo;action juste, le but est atteint. Les fruits des actions accomplies le long des autres voies sont \u00e9ph\u00e9m\u00e8res, illusoires et artificiels. Ils prennent au pi\u00e8ge et leurrent, et ils ne sont pas ce que l&rsquo;on d\u00e9sire r\u00e9ellement. Les fruits de l&rsquo;action juste nous permettent d&rsquo;atteindre tous nos buts, de satisfaire tous nos besoins, de r\u00e9aliser tous nos v\u0153ux et tous nos d\u00e9sirs.<\/span><\/span><\/p>\n<p class=\"western\" lang=\"fr-FR\" align=\"justify\"><span style=\"font-family: Times New Roman, serif\"><span style=\"font-size: large\">\u00bb La gloire peut servir d&rsquo;exemple. Qui recherche la gloire comme fin en soi peut l&rsquo;atteindre pendant un temps. Mais elle ne sera ni durable ni gratifiante. En revanche, si la gloire est obtenue sans avoir \u00e9t\u00e9 recherch\u00e9e, en r\u00e9compense d&rsquo;une action juste, une action conforme \u00e0 la Voie, elle subsistera et sera authentique. Mais \u00e0 celui qui suit la Voie, elle importe peu. L\u00e0 est toute la diff\u00e9rence entre la gloire recherch\u00e9e par \u00e9go\u00efsme, pour soi-m\u00eame, et celle non voulue, non d\u00e9sir\u00e9e, donn\u00e9e de surcro\u00eet. La premi\u00e8re est illusoire, impermanente, la seconde, r\u00e9elle, permanente, consubstantielle \u00e0 l&rsquo;\u00e2me. Au contraire de la seconde, la premi\u00e8re accumule du karma et exige compensation. \u00bb<\/span><\/span><\/p>\n<p class=\"western\" lang=\"fr-FR\" align=\"justify\"><span style=\"font-family: Times New Roman, serif\"><span style=\"font-size: large\">Parfois, les messages fusent \u00e0 toute vitesse, laconiques:<\/span><\/span><\/p>\n<p class=\"western\" lang=\"fr-FR\" align=\"justify\"><span style=\"font-family: Times New Roman, serif\"><span style=\"font-size: large\">\u00ab Le but n&rsquo;est pas de vaincre mais de s&rsquo;ouvrir. \u00bb<\/span><\/span><\/p>\n<p class=\"western\" lang=\"fr-FR\" align=\"justify\"><span style=\"font-family: Times New Roman, serif\"><span style=\"font-size: large\">Puis, de nouveau, les enseignements brefs \u00e0 orientation psychologique, provenant de la premi\u00e8re source :<\/span><\/span><\/p>\n<p class=\"western\" align=\"justify\"><span style=\"font-family: Times New Roman, serif\"><span style=\"font-size: large\"><span lang=\"fr-FR\">\u00abDieu pardonne, mais vous devez \u00e9galement recevoir le pardon de vos semblables&#8230; et leur accorder le v\u00f4tre. Il est aussi de votre devoir de vous montrer indulgent. Vous devez pardonner et \u00eatre pardonn\u00e9. La psychanalyse ne r\u00e9pare pas les torts. Vous ne devez pas vous borner \u00e0 comprendre, mais vous devez aussi provoquer des <\/span><\/span><\/span><span style=\"font-family: Times New Roman, serif\"><span style=\"font-size: large\"><span lang=\"fr-FR\"><i>changements<\/i><\/span><\/span><\/span><span style=\"font-family: Times New Roman, serif\"><span style=\"font-size: large\"><span lang=\"fr-FR\">, am\u00e9liorer le monde, assainir vos relations avec les autres, leur pardonner et accepter leur pardon. Rechercher activement la vertu est primordial. Les paroles ne suffisent pas. Comprendre intellectuellement sans appliquer le rem\u00e8de n&rsquo;est pas assez. Encore faut-il exprimer son amour. \u00bb<\/span><\/span><\/span><\/p>\n<p class=\"western\" align=\"justify\"><span style=\"font-family: Times New Roman, serif\"><span style=\"font-size: large\"><span lang=\"fr-FR\">Docteur Brian Weiss. <\/span><\/span><\/span><span style=\"font-family: Times New Roman, serif\"><span style=\"font-size: large\"><span lang=\"fr-FR\"><i>Il n\u2019y a que l\u2019amour. Des \u00e2mes s\u0153urs r\u00e9unies<\/i><\/span><\/span><\/span><span style=\"font-family: Times New Roman, serif\"><span style=\"font-size: large\"><span lang=\"fr-FR\">. Les aventures de l\u2019esprit. Robert Laffont. Pages 100 a 102. Premi\u00e8re traduction de l&rsquo;anglais vers le fran\u00e7ais : Thierry Pi\u00e9lat.<\/span><\/span><\/span><br \/>\n<b><span style=\"font-family: Times New Roman, serif\"><span style=\"font-size: large\"><span lang=\"fr-FR\">Correction vis-\u00e0-vis de la version anglaise : Loto Perrella.<\/span><\/span><\/span><\/b><\/p>","protected":false},"excerpt":{"rendered":"<p>Sortes de karma, karma collectif, renomm\u00e9e, objectif et pardon. Extraits des savants. Par l\u2019interm\u00e9diaire du corps des patients du Dr. Brian Weiss soumis \u00e0 la r\u00e9gression hypnotique on peut, non &hellip; <a href=\"https:\/\/animaweb.blog.pangea.org\/fr\/tipus-de-karma-karma-collectiu-fama-objectiu-i-perdo-cites-dels-savis\/\" class=\"more-link\">Continuer la lecture<span class=\"screen-reader-text\"> de &laquo;&nbsp;Sortes de karma, karma collectif, renomm\u00e9e, objectif et pardon. Extraits des savants.&nbsp;&raquo;<\/span><\/a><\/p>\n","protected":false},"author":12345698,"featured_media":0,"parent":0,"menu_order":0,"comment_status":"closed","ping_status":"closed","template":"","meta":{"ngg_post_thumbnail":0,"footnotes":""},"class_list":["post-286","page","type-page","status-publish","hentry"],"_links":{"self":[{"href":"https:\/\/animaweb.blog.pangea.org\/fr\/wp-json\/wp\/v2\/pages\/286","targetHints":{"allow":["GET"]}}],"collection":[{"href":"https:\/\/animaweb.blog.pangea.org\/fr\/wp-json\/wp\/v2\/pages"}],"about":[{"href":"https:\/\/animaweb.blog.pangea.org\/fr\/wp-json\/wp\/v2\/types\/page"}],"author":[{"embeddable":true,"href":"https:\/\/animaweb.blog.pangea.org\/fr\/wp-json\/wp\/v2\/users\/12345698"}],"replies":[{"embeddable":true,"href":"https:\/\/animaweb.blog.pangea.org\/fr\/wp-json\/wp\/v2\/comments?post=286"}],"version-history":[{"count":30,"href":"https:\/\/animaweb.blog.pangea.org\/fr\/wp-json\/wp\/v2\/pages\/286\/revisions"}],"predecessor-version":[{"id":2374,"href":"https:\/\/animaweb.blog.pangea.org\/fr\/wp-json\/wp\/v2\/pages\/286\/revisions\/2374"}],"wp:attachment":[{"href":"https:\/\/animaweb.blog.pangea.org\/fr\/wp-json\/wp\/v2\/media?parent=286"}],"curies":[{"name":"wp","href":"https:\/\/api.w.org\/{rel}","templated":true}]}}