{"id":281,"date":"2018-09-10T12:51:15","date_gmt":"2018-09-10T10:51:15","guid":{"rendered":"https:\/\/animaweb.cat\/?page_id=281"},"modified":"2023-02-16T06:05:05","modified_gmt":"2023-02-16T04:05:05","slug":"cites-i-testimonis","status":"publish","type":"page","link":"https:\/\/animaweb.blog.pangea.org\/fr\/cites-i-testimonis\/","title":{"rendered":"Citations et t\u00e9moignages"},"content":{"rendered":"<p align=\"justify\"><span style=\"font-family: Times New Roman, serif\"><span style=\"font-size: x-large\"><span lang=\"fr-FR\"><b><a href=\"https:\/\/animaweb.cat\/fr\/respectar-els-individus-de-les-altres-condicions-el-testimoni-develyn\/\">Respecter les personnes des autres conditions. Le t\u00e9moignage d\u2019\u00c9velyne.<\/a><br \/>\n<\/b><\/span><\/span><\/span><span style=\"font-family: Times New Roman, serif\"><span style=\"font-size: large\"><i>Ce cas du Dr. Brian Weiss a trait \u00e0 une patiente, ici appel\u00e9e Evelyn, o\u00f9 le besoin d\u2019apprendre \u00e0 respecter les personnes qui appartiennent \u00e0 un groupe inhabituel, parait \u00e9vident.<br \/>\n<\/i><\/span><\/span><span style=\"color: #000000\"><span style=\"font-family: Times New Roman, serif\"><span style=\"font-size: large\"><span lang=\"fr-FR\">Docteur Brian Weiss. <\/span><\/span><\/span><\/span><span style=\"color: #000000\"><span style=\"font-family: Times New Roman, serif\"><span style=\"font-size: large\"><span lang=\"fr-FR\"><i>Une m\u00eame \u00e2me, de nombreux corps. Comment influencer d\u00e8s aujourd\u2019hui nos incarnations futures<\/i><\/span><\/span><\/span><\/span><span style=\"color: #000000\"><span style=\"font-family: Times New Roman, serif\"><span style=\"font-size: large\"><span lang=\"fr-FR\">. 63-71. Pages 63 \u00e0 71. Premi\u00e8re traduction de l&rsquo;anglais vers le fran\u00e7ais\u00a0: \u00c9ric Villeroc.<br \/>\n<\/span><\/span><\/span><\/span><b><\/b><\/p>\n<p lang=\"fr-FR\" align=\"justify\"><a href=\"\/fr\/tipus-de-karma-karma-collectiu-fama-objectiu-i-perdo-cites-dels-savis\/\"><span style=\"font-family: Times New Roman, serif\"><span style=\"font-size: x-large\"><b>Sortes de karma, karma collectif, renomm\u00e9e, objectif et pardon. Extraits des savants.<\/b><\/span><\/span><\/a><br \/>\n<span style=\"font-family: Times New Roman, serif\"><span style=\"font-size: large\"><span lang=\"fr-FR\">\u00ab<\/span><span lang=\"fr-FR\"><i>Par l\u2019interm\u00e9diaire du corps des patients du Dr. Brian Weiss soumis \u00e0 la r\u00e9gression hypnotique on peut, non seulement atteindre le pass\u00e9 de leurs \u00e2mes \u00e0 la recherche d\u2019un fait traumatique, mais aussi que des \u00e2mes de diff\u00e9rents savants ou ma\u00eetres puissent intervenir pour transmettre au th\u00e9rapeute des explications sur l\u2019\u00e9volution spirituelle <\/i><\/span><span lang=\"fr-FR\"><i>(&#8230;)<\/i><\/span><span lang=\"fr-FR\">\u00bb.<\/span><\/span><\/span><br \/>\n<span style=\"font-family: Times New Roman, serif\"><span style=\"font-size: large\">Docteur Brian Weiss. <i>Il n\u2019y a que l\u2019amour. Des \u00e2mes s\u0153urs r\u00e9unies<\/i>. Les aventures de l\u2019esprit. Robert Laffont. Pages 100 a 102. Premi\u00e8re traduction de l&rsquo;anglais vers le fran\u00e7ais : Thierry Pi\u00e9lat.<\/span><\/span><\/p>\n<p lang=\"fr-FR\" align=\"justify\"><span style=\"font-family: Times New Roman, serif\"><span style=\"font-size: x-large\"><b><a href=\"\/fr\/a-la-comprensio-per-lexperiencia\/\">Comprendre \u00e0 travers de l\u2019exp\u00e9rience.<\/a><br \/>\n<\/b><\/span><\/span><span style=\"font-family: Times New Roman, serif\"><span style=\"font-size: large\"><span lang=\"fr-FR\">Le docteur psychiatre Brian Weiss raconte ses poursuites initiales \u00e0 la recherche de r\u00e9f\u00e9rences sur la r\u00e9incarnation, apr\u00e8s ses premiers pas dans la technique de la th\u00e9rapie de vies pass\u00e9es.<br \/>\n<\/span><\/span><\/span><span style=\"font-family: Times New Roman, serif\"><span style=\"font-size: large\"><span lang=\"fr-FR\">Docteur Brian Weiss. <\/span><span lang=\"fr-FR\"><i>Through Time into Healing: Discovering the Power of Regression Therapy to Erase Trauma and Transform Mind, Body and Relationships<\/i><\/span><span lang=\"fr-FR\">.<br \/>\n<\/span><\/span><\/span><span style=\"font-family: Times New Roman, serif\"><span style=\"font-size: large\"><b><span lang=\"fr-FR\">Traduction : Loto Perrella.<\/span><\/b><\/span><\/span><\/p>\n<p lang=\"es-ES\" align=\"justify\"><span style=\"font-family: Times New Roman, serif\"><span style=\"font-size: x-large\"><a href=\"https:\/\/animaweb.cat\/fr\/un-cas-de-reencarnacio-immediata-en-el-grup-familiar-terapia-de-vides-passades\/\"><span lang=\"fr-FR\"><b>Un cas de r\u00e9incarnation imm\u00e9diate dans le groupe familial. Th\u00e9rapie de Vies Pass\u00e9es.<\/b><\/span><\/a><br \/>\n<\/span><\/span><span style=\"font-family: Times New Roman, serif\"><span style=\"font-size: large\"><i><span lang=\"fr-FR\">Marcela, \u00e2g\u00e9e de 45 ans, apparut dans ma consultation pour travailler sa phobie aux chiens. Depuis quelques ann\u00e9es ses deux enfants, de dix et douze ans, r\u00e9clamaient qu\u2019ils voulaient un chien comme animal de compagnie, mais Marcela avait tellement peur des chiens, qu\u2019elle ne pouvait aller seule dans le quartier o\u00f9 il y avait abondance de chiens en libert\u00e9. Marcela voulait se d\u00e9gager de cette peur tellement g\u00eanante qui lui faisait adopter des attitudes presque comiques quand elle rencontrait un chien, sans relation avec sa taille ni les circonstances (&#8230;).<br \/>\n<\/span><\/i><\/span><\/span><span style=\"font-family: Times New Roman, serif\"><span style=\"font-size: large\"><span lang=\"fr-FR\">par Leopoldo Lage, Merlo, San Luis, Argentine.<br \/>\n<\/span><\/span><\/span><span style=\"font-family: Times New Roman, serif\"><span style=\"font-size: large\"><b><span lang=\"fr-FR\">T<\/span><span lang=\"fr-FR\">raduction : Loto Perrella.<\/span><\/b><\/span><\/span><\/p>\n<p lang=\"fr-FR\" align=\"justify\"><a href=\"https:\/\/animaweb.cat\/fr\/testimoniatge-damy-cas-de-suicidi-i-pas-per-la-biblioteca-dels-llibres-de-la-vida\/\"><span style=\"font-family: Times New Roman, serif\"><span style=\"font-size: x-large\"><b>T\u00e9moignage de Amy. Un cas de suicide et son passage par la biblioth\u00e8que des Livres de la Vie.<\/b><\/span><\/span><\/a><br \/>\n<span style=\"font-family: Times New Roman, serif\"><span style=\"font-size: large\"><i><span lang=\"fr-FR\">Dans le r\u00e9cit qui suit d\u2019une patiente du Docteur Michael Newton, dans ce cas appel\u00e9e Amy, elle revit une vie pass\u00e9e dans laquelle elle se suicide, car elle se retrouve, dans l\u2019Angleterre victorienne, c\u00e9libataire, enceinte, et avec son partenaire qui est d\u00e9c\u00e9d\u00e9 lors d\u2019un accident. Son \u00e2me reste en suspens environ cent ans, au but de r\u00e9fl\u00e9chir sur ce qu\u2019elle a fait, jusqu\u2019\u00e0 quand elle arrive \u00e0 une biblioth\u00e8que des Livres de la Vie. Ici elle entame une conversation avec l\u2019\u00e2me d\u2019un des biblioth\u00e9caires, un ma\u00eetre expert qui l\u2019aide \u00e0 continuer son chemin d\u2019\u00e9volution spirituelle <\/span><span lang=\"fr-FR\">(&#8230;)<\/span><span lang=\"fr-FR\">.<br \/>\n<\/span><\/i><\/span><\/span><span style=\"font-family: Times New Roman, serif\"><span style=\"font-size: large\"><span lang=\"fr-FR\">Docteur Michael Newton. <\/span><\/span><\/span><span style=\"font-family: Times New Roman, serif\"><span style=\"font-size: large\"><span lang=\"fr-FR\"><i>Journ\u00e9es dans l&rsquo;Au-Del\u00e0.<\/i><\/span><\/span> <span style=\"font-family: Times New Roman, serif\"><span style=\"font-size: large\"><span lang=\"fr-FR\">Pages 167 \u00e0 174.<\/span><\/span><\/span><\/span><b><\/b><span style=\"color: #000000\"> <span style=\"font-family: Times New Roman, serif\"><span style=\"font-size: large\"><span lang=\"fr-FR\">Premi\u00e8re traduction de l&rsquo;anglais vers le fran\u00e7ais: C. Hennebault. Revu et corrig\u00e9 en 2019 par Elisabeth Thomas.<\/span><\/span><\/span><\/span><\/p>\n<p lang=\"fr-FR\" align=\"justify\"><span style=\"font-family: Times New Roman, serif\"><span style=\"font-size: x-large\"><b><a href=\"\/fr\/katia-cas-clinic\/\">Katia. Un cas clinique.<\/a><br \/>\n<\/b><\/span><\/span><span style=\"font-family: Times New Roman, serif\"><span style=\"font-size: large\">Mercredi, 1 octobre 2014. Th\u00e9rapeute\u00a0: Docteur Viviana Zenteno.<br \/>\n<\/span><\/span><span style=\"font-family: Times New Roman, serif\"><span style=\"font-size: large\"><i>Dans cette r\u00e9gression Katia (45) comprend la raison d\u2019une renonciation amoureuse. Il y a des ann\u00e9es elle \u00e9tait libre, mais lui ne l\u2019\u00e9tait pas, et il \u00e9tait un personnage publique.<br \/>\n<\/i><\/span><\/span><span style=\"font-family: Times New Roman, serif\"><span style=\"font-size: large\"><b>Traduction\u00a0: Loto Perrella.<\/b><\/span><\/span><\/p>\n<p class=\"western\" lang=\"fr-FR\" align=\"justify\"><span style=\"font-family: Times New Roman, serif\"><span style=\"font-size: x-large\"><b><a href=\"\/fr\/testimoni-de-cristina-un-pacte-amb-la-foscor\/\">T\u00e9moignage de Cristina. Un accord avec l\u2019obscurit\u00e9.<\/a><br \/>\n<\/b><\/span><\/span><span style=\"font-family: Times New Roman, serif\"><span style=\"font-size: large\"><i>La patiente, que dans cette histoire s\u2019appelle Cristina, souffre de plusieurs blocages quand elle doit mener \u00e0 bonne fin ses propos dans sa vie pr\u00e9sente. Aid\u00e9 par son th\u00e9rapeute, elle revit une vie pass\u00e9e o\u00f9 ses sympt\u00f4mes on commenc\u00e9. Elle \u00e9tait alors un homme qui fit un pacte avec l\u2019obscurit\u00e9 pour obtenir du pouvoir et l\u2019acceptation sociale entre les membres d\u2019une secte. Cristina, aid\u00e9e par le th\u00e9rapeute, arrive \u00e0 annuler le pacte qui la limitait, gu\u00e9rir les maux qu\u2019elle avait provoqu\u00e9s, et r\u00e9soudre les blocages qui la limitaient.<br \/>\n<\/i><\/span><\/span><span style=\"font-family: Times New Roman, serif\"><span style=\"font-size: large\"><span lang=\"fr-FR\">Docteur Jos\u00e9 Luis Cabouli. <\/span><\/span><\/span><span style=\"font-family: Times New Roman, serif\"><span style=\"font-size: large\"><span lang=\"fr-FR\"><i>Atrapamiento y recuperaci\u00f3n del alma. Terapia de vidas pasadas: Un nuevo paradigma<\/i><\/span><\/span><\/span><span style=\"font-family: Times New Roman, serif\"><span style=\"font-size: large\"><span lang=\"fr-FR\"> (<\/span><\/span><\/span><span style=\"font-family: Times New Roman, serif\"><span style=\"font-size: large\"><span lang=\"fr-FR\"><i>Pi\u00e9geage et r\u00e9cup\u00e9ration de l&rsquo;\u00e2me. Th\u00e9rapie de la vie pass\u00e9e: un nouveau paradigme<\/i><\/span><\/span><\/span><span style=\"font-family: Times New Roman, serif\"><span style=\"font-size: large\"><span lang=\"fr-FR\">). Ediciones Continente. Pages 123 \u00e0 134.<br \/>\n<b>Traduction : Loto Perrella.<\/b><\/span><\/span><\/span><\/p>\n<p lang=\"fr-FR\" align=\"justify\"><span style=\"font-family: Times New Roman, serif\"><span style=\"font-size: x-large\"><b><a href=\"\/fr\/testimoni-dorfeo-terapia-de-possessio-espiritual\/\">T\u00e9moignage d\u2019Orph\u00e9e. Th\u00e9rapie de la possession spirituelle.<\/a><br \/>\n<\/b><\/span><\/span><em><span style=\"font-family: Times New Roman, serif\"><span style=\"font-size: large\"><span lang=\"fr-FR\">Dans ce cas le patient, qui s\u2019appelle Orph\u00e9e, a termin\u00e9 une session o\u00f9 il a r\u00e9sous un pacte avec l\u2019obscurit\u00e9 d\u2019une vie ant\u00e9rieure. Dans la session actuelle le th\u00e9rapeute localise la pr\u00e9sence de plusieurs \u00eatres d\u00e9sincarn\u00e9s qui sont entr\u00e9s dans le patient profitant de son \u00e9tat pr\u00e9c\u00e9dent. Le th\u00e9rapeute dialogue avec chacun de ces \u00eatres, qui se montrent utilisant la voix et les cordes vocales d\u2019Orph\u00e9e, et les aide \u00e0 trouver le chemin de la Lumi\u00e8re. Ainsi, ils d\u00e9gagent leur h\u00f4te de ses d\u00e9rangements et ils peuvent reprendre le cycle des incarnations successives.<br \/>\n<\/span><\/span><\/span><\/em><span style=\"font-family: Times New Roman, serif\"><span style=\"font-size: large\">Docteur Jos\u00e9 Lu\u00eds Cabouli. <i>Terapia de la posesi\u00f3n espiritual. T\u00e9cnica y pr\u00e1ctica cl\u00ednica<\/i> (<i>Th\u00e9rapie de possession spirituelle. Technique et pratique clinique<\/i>). Editoriones Continente. Pages 270 \u00e0 285.<br \/>\n<\/span><\/span><span style=\"font-family: Times New Roman, serif\"><span style=\"font-size: large\"><b>Traduction\u00a0: Loto Perrella.<\/b><\/span><\/span><\/p>\n<p align=\"justify\"><span style=\"font-family: Times New Roman, serif\"><span style=\"font-size: x-large\"><b><span lang=\"fr-FR\"><a href=\"\/fr\/cas-davortament-terapia-de-possessio-espiritual\/\">Cas d\u2019avortement. Th\u00e9rapie de la possession spirituelle.<\/a><br \/>\n<\/span><\/b><\/span><\/span><span style=\"font-family: Times New Roman, serif\"><span style=\"font-size: large\"><span lang=\"fr-FR\">\u00ab<\/span><span lang=\"fr-FR\"><i> La BEG (BioElecctroGraphie) correspond \u00e0 une femme de 35 ans qui avait interrompu sa grossesse de trois mois comme cons\u00e9quence d\u2019un accident. La femme montrait un sentiment de peur et de culpabilit\u00e9 car l\u2019accident \u00e9tait avenu \u00e0 cause de son imprudence. La BEG fut obtenue au cours d\u2019une session de r\u00e9gression justement au moment o\u00f9 la patiente disait ce qui suit : \u00a0\u00bb \u00c0 ce moment-ci je sens que le b\u00e9b\u00e9 se trouve dedans ma t\u00eate. \u00a0\u00bb <\/i><\/span><span lang=\"fr-FR\"><i>(&#8230;) <\/i><\/span><span lang=\"fr-FR\">\u00bb.<br \/>\n<\/span><\/span><\/span><span style=\"font-family: Times New Roman, serif\"><span style=\"font-size: large\">Image du BEG: Ra\u00fal Torres. Du livre de Dr. Jos\u00e9 Lu\u00eds Cabouli. <i>Terapia de la posesi\u00f3n espiritual. T\u00e9cnica y pr\u00e1ctica cl\u00ednica (Th\u00e9rapie de la possession spirituelle.<\/i><span lang=\"fr-FR\"><i> Technique<\/i><\/span><i> et pratique clinique). <\/i>Ediciones Continente. Page 341.<br \/>\n<\/span><\/span><span style=\"font-family: Times New Roman, serif\"><span style=\"font-size: large\"><b>Traduction : Loto Perrella.<\/b><\/span><\/span><\/p>","protected":false},"excerpt":{"rendered":"<p>Respecter les personnes des autres conditions. Le t\u00e9moignage d\u2019\u00c9velyne. Ce cas du Dr. Brian Weiss a trait \u00e0 une patiente, ici appel\u00e9e Evelyn, o\u00f9 le besoin d\u2019apprendre \u00e0 respecter les &hellip; <a href=\"https:\/\/animaweb.blog.pangea.org\/fr\/cites-i-testimonis\/\" class=\"more-link\">Continuer la lecture<span class=\"screen-reader-text\"> de &laquo;&nbsp;Citations et t\u00e9moignages&nbsp;&raquo;<\/span><\/a><\/p>\n","protected":false},"author":12345698,"featured_media":0,"parent":0,"menu_order":0,"comment_status":"closed","ping_status":"closed","template":"","meta":{"ngg_post_thumbnail":0,"footnotes":""},"class_list":["post-281","page","type-page","status-publish","hentry"],"_links":{"self":[{"href":"https:\/\/animaweb.blog.pangea.org\/fr\/wp-json\/wp\/v2\/pages\/281","targetHints":{"allow":["GET"]}}],"collection":[{"href":"https:\/\/animaweb.blog.pangea.org\/fr\/wp-json\/wp\/v2\/pages"}],"about":[{"href":"https:\/\/animaweb.blog.pangea.org\/fr\/wp-json\/wp\/v2\/types\/page"}],"author":[{"embeddable":true,"href":"https:\/\/animaweb.blog.pangea.org\/fr\/wp-json\/wp\/v2\/users\/12345698"}],"replies":[{"embeddable":true,"href":"https:\/\/animaweb.blog.pangea.org\/fr\/wp-json\/wp\/v2\/comments?post=281"}],"version-history":[{"count":136,"href":"https:\/\/animaweb.blog.pangea.org\/fr\/wp-json\/wp\/v2\/pages\/281\/revisions"}],"predecessor-version":[{"id":2407,"href":"https:\/\/animaweb.blog.pangea.org\/fr\/wp-json\/wp\/v2\/pages\/281\/revisions\/2407"}],"wp:attachment":[{"href":"https:\/\/animaweb.blog.pangea.org\/fr\/wp-json\/wp\/v2\/media?parent=281"}],"curies":[{"name":"wp","href":"https:\/\/api.w.org\/{rel}","templated":true}]}}