{"id":219,"date":"2018-02-28T15:26:36","date_gmt":"2018-02-28T13:26:36","guid":{"rendered":"https:\/\/animaweb.cat\/?page_id=219"},"modified":"2021-04-17T09:49:01","modified_gmt":"2021-04-17T07:49:01","slug":"bibliografia-del-doctor-michael-newton","status":"publish","type":"page","link":"https:\/\/animaweb.blog.pangea.org\/fr\/bibliografia-del-doctor-michael-newton\/","title":{"rendered":"Bibliographie du Docteur Michael Newton."},"content":{"rendered":"<p lang=\"fr-FR\" align=\"center\"><span style=\"font-family: Times New Roman, serif\"><span style=\"font-size: x-large\"><b>Bibliographie du Docteur Michael Newton.<\/b><\/span><\/span><\/p>\n<table border=\"0\" width=\"100%\">\n<tbody>\n<tr>\n<td>\n<p lang=\"fr-FR\" align=\"justify\"><span style=\"font-family: Times New Roman, serif\"><span style=\"font-size: large\"><i><img loading=\"lazy\" decoding=\"async\" class=\"aligncenter wp-image-483 size-medium\" title=\"Doctor Michael Newton. Souvenirs de l'Au-Del\u00e0. Couverture. Fran\u00e7ais.\" src=\"https:\/\/animaweb.cat\/files\/2019\/09\/Souvenirs_de_l_au-dela_couverture_francais-187x300.jpg\" alt=\"Doctor Michael Newton. Souvenirs de l'Au-Del\u00e0. Couverture. Fran\u00e7ais.\" width=\"187\" height=\"300\" srcset=\"https:\/\/animaweb.blog.pangea.org\/files\/2019\/09\/Souvenirs_de_l_au-dela_couverture_francais-187x300.jpg 187w, https:\/\/animaweb.blog.pangea.org\/files\/2019\/09\/Souvenirs_de_l_au-dela_couverture_francais.jpg 311w\" sizes=\"auto, (max-width: 187px) 85vw, 187px\" \/>Souvenirs de l&rsquo;Au-Del\u00e0<\/i>. 1994.<\/span><\/span><\/p>\n<p lang=\"fr-FR\" align=\"justify\"><span style=\"font-family: Times New Roman, serif\"><span style=\"font-size: large\">Les exp\u00e9riences aux fronti\u00e8res de la mort nous ont appris qu&rsquo;au terme de notre existence humaine, nous passons dans un tunnel pour retrouver le lieu que nous avions quitt\u00e9. Mais quel est ce lieu\u00a0? Que s&rsquo;y passe-t-il\u00a0? Qui prend la d\u00e9cision d&rsquo;envoyer une \u00e2me s&rsquo;incarner dans la vie humaine\u00a0? Et sur quels crit\u00e8res\u00a0?<\/span><\/span><\/p>\n<p lang=\"fr-FR\" align=\"justify\"><span style=\"font-family: Times New Roman, serif\"><span style=\"font-size: large\">Apr\u00e8s vingt ans d&rsquo;exp\u00e9rience aupr\u00e8s de milliers de patients, le Dr Michael Newton a r\u00e9ussi \u00e0 dresser un tableau extraordinaire de ce qui se passe de \u00abl&rsquo;autre-c\u00f4t\u00e9\u00bb entre deux incarnations.<\/span><\/span><\/p>\n<p lang=\"fr-FR\" align=\"justify\"><span style=\"font-family: Times New Roman, serif\"><span style=\"font-size: large\">Ses patients ont r\u00e9v\u00e9l\u00e9 des d\u00e9tails pr\u00e9cis sur ce qu&rsquo;ils ont ressenti et vu au moment de leur mort, et sur les \u00eatres qui sont venus \u00e0 leur rencontre pour les accompagner dans l&rsquo;autre monde.<\/span><\/span><\/p>\n<p lang=\"fr-FR\" align=\"justify\"><span style=\"font-family: Times New Roman, serif\"><span style=\"font-size: large\">Ce livre est totalement extraordinaire parce qu&rsquo;il montre que le destin n&rsquo;est pas aussi arbitraire qu&rsquo;on le pense, et que chaque \u00e2me est amen\u00e9e \u00e0 choisir en fonction de crit\u00e8res tr\u00e8s particuliers. Il montre aussi que la vie ne s&rsquo;arr\u00eate pas \u00e0 la mort et que nous d\u00e9cidons tous, \u00e0 un moment pr\u00e9cis, de nous incarner dans un corps pour \u00abexp\u00e9rimenter\u00bb la Vie.<\/span><\/span><\/p>\n<p lang=\"fr-FR\" align=\"justify\"><span style=\"font-family: Times New Roman, serif\"><span style=\"font-size: large\">Le Dr Newton est un psychoth\u00e9rapeute am\u00e9ricain sp\u00e9cialis\u00e9 dans les r\u00e9gressions pour soigner les traumas. Ses livres sont tous des best-sellers tir\u00e9s \u00e0 plus de 100.000 exemplaires.<\/span><\/span><\/p>\n<\/td>\n<\/tr>\n<tr>\n<td>\n<p lang=\"fr-FR\" align=\"justify\"><span style=\"font-family: Times New Roman, serif\"><span style=\"font-size: large\"><i><img loading=\"lazy\" decoding=\"async\" class=\"aligncenter wp-image-484 size-medium\" title=\"Doctor Michael Newton. Journ\u00e9es dans l'Au-Del\u00e0. Couverture. Fran\u00e7ais.\" src=\"https:\/\/animaweb.cat\/files\/2019\/09\/Journees_dans_l_au-dela_couverture_francais-183x300.jpg\" alt=\"Doctor Michael Newton. Journ\u00e9es dans l'Au-Del\u00e0. Couverture. Fran\u00e7ais.\" width=\"183\" height=\"300\" srcset=\"https:\/\/animaweb.blog.pangea.org\/files\/2019\/09\/Journees_dans_l_au-dela_couverture_francais-183x300.jpg 183w, https:\/\/animaweb.blog.pangea.org\/files\/2019\/09\/Journees_dans_l_au-dela_couverture_francais.jpg 211w\" sizes=\"auto, (max-width: 183px) 85vw, 183px\" \/>Journ\u00e9es dans l&rsquo;Au-Del\u00e0<\/i>. 2000.<\/span><\/span><\/p>\n<p lang=\"fr-FR\" align=\"justify\"><span style=\"font-family: Times New Roman, serif\"><span style=\"font-size: large\">Les exp\u00e9riences aux fronti\u00e8res de la mort nous ont appris qu&rsquo;au terme de notre existence humaine, nous passons dans un tunnel pour retrouver le lieu que nous avions quitt\u00e9. Mais quel est ce lieu\u00a0? Que s&rsquo;y passe-t-il\u00a0? Qui prend la d\u00e9cision d&rsquo;envoyer une \u00e2me s&rsquo;incarner dans la vie humaine\u00a0? Et sur quelles crit\u00e8res\u00a0?<\/span><\/span><\/p>\n<p lang=\"fr-FR\" align=\"justify\"><span style=\"font-family: Times New Roman, serif\"><span style=\"font-size: large\">Apr\u00e8s le succ\u00e8s de son livre pr\u00e9c\u00e9dent Souvenirs de l&rsquo;Au-del\u00e0, le Dr Michael Newton va plus loin et r\u00e9v\u00e8le dans celui-ci d&rsquo;autres t\u00e9moignages encore plus extraordinaires sur ce qui se passe apr\u00e8s la mort\u00a0:<\/span><\/span><\/p>\n<p lang=\"fr-FR\" align=\"justify\"><span style=\"font-family: Times New Roman, serif\"><span style=\"font-size: large\">\u00b0 sur le groupe d&rsquo;\u00e2mes auquel on appartient entre deux incarnations\u00a0;<\/span><\/span><\/p>\n<p lang=\"fr-FR\" align=\"justify\"><span style=\"font-family: Times New Roman, serif\"><span style=\"font-size: large\">\u00b0 sur la mani\u00e8re dont les proches d\u00e9c\u00e9d\u00e9s essaient d&rsquo;entrer en contact avec nous\u00a0;<\/span><\/span><\/p>\n<p lang=\"fr-FR\" align=\"justify\"><span style=\"font-family: Times New Roman, serif\"><span style=\"font-size: large\">\u00b0 sur notre vrai nom spirituel, ou notre nom \u00ab\u00e9ternel\u00bb\u00a0;<\/span><\/span><\/p>\n<p lang=\"fr-FR\" align=\"justify\"><span style=\"font-family: Times New Roman, serif\"><span style=\"font-size: large\">\u00b0 sur le Conseil des Anciens qui juge notre vie pass\u00e9e et nous guide pour choisir la nouvelle\u00a0;<\/span><\/span><\/p>\n<p lang=\"fr-FR\" align=\"justify\"><span style=\"font-family: Times New Roman, serif\"><span style=\"font-size: large\">\u00b0 sur la fa\u00e7on dont notre vocation professionnelle peut se manifester tr\u00e8s t\u00f4t dans notre vie\u00a0;<\/span><\/span><\/p>\n<p lang=\"fr-FR\" align=\"justify\"><span style=\"font-family: Times New Roman, serif\"><span style=\"font-size: large\">\u00b0 sur la mani\u00e8re de transformer sa vie en prenant en compte l&rsquo;aide de nos guides\u00a0;<\/span><\/span><\/p>\n<p lang=\"fr-FR\" align=\"justify\"><span style=\"font-family: Times New Roman, serif\"><span style=\"font-size: large\">Le Dr Newton est un psychoth\u00e9rapeute am\u00e9ricain sp\u00e9cialis\u00e9 dans les r\u00e9gressions pour soigner les traumas. Ses livres sont tous devenus des best-sellers \u00e0 plus de 100.000 exemplaires.<\/span><\/span><\/p>\n<\/td>\n<\/tr>\n<tr>\n<td>\n<p lang=\"fr-FR\" align=\"justify\"><span style=\"font-family: Times New Roman, serif\"><span style=\"font-size: large\"><i><img loading=\"lazy\" decoding=\"async\" class=\"aligncenter wp-image-485 size-medium\" title=\"Doctor Michael Newton. La vie entre les vies. Couverture. Fran\u00e7ais.\" src=\"https:\/\/animaweb.cat\/files\/2019\/09\/La_vie_entre_les_vies_couverture_francais-185x300.jpg\" alt=\"Doctor Michael Newton. La vie entre les vies. Couverture. Fran\u00e7ais.\" width=\"185\" height=\"300\" srcset=\"https:\/\/animaweb.blog.pangea.org\/files\/2019\/09\/La_vie_entre_les_vies_couverture_francais-185x300.jpg 185w, https:\/\/animaweb.blog.pangea.org\/files\/2019\/09\/La_vie_entre_les_vies_couverture_francais.jpg 308w\" sizes=\"auto, (max-width: 185px) 85vw, 185px\" \/>La vie entre les vies<\/i>. 2004.<\/span><\/span><\/p>\n<p lang=\"fr-FR\" align=\"justify\"><span style=\"font-family: Times New Roman, serif\"><span style=\"font-size: large\">Le Dr Newton, auteur des c\u00e9l\u00e8bres livres Journ\u00e9es dans l&rsquo;Au-del\u00e0 et Souvenirs de l&rsquo;Au-del\u00e0 r\u00e9v\u00e8le dans cet ouvrage les techniques qu&rsquo;il utilise pour induire une hypno-r\u00e9gression dans les vies pass\u00e9es Au d\u00e9but de sa carri\u00e8re, Michael Newton appliquait parfois l&rsquo;hypnose sur ses patients afin de les gu\u00e9rir de graves blessures de l&rsquo;enfance.Voyant que cela fonctionnait correctement, il a entrepris progressivement de \u00abr\u00e9gresser\u00bb ses patients de plus en plus loin, jusqu&rsquo;\u00e0 arriver \u00e0 l&rsquo;\u00e9tat de b\u00e9b\u00e9, puis de foetus dans le ventre de la m\u00e8re. Avec cette technique, \u00e0 sa plus grande stup\u00e9faction, un jour il a \u00abr\u00e9gress\u00e9\u00bb l&rsquo;un de ses patients avant sa naissance et a eu la surprise de l&rsquo;entendre expliquer qu&rsquo;il observait ses futurs parents. A partir de l\u00e0, le Dr Newton a consacr\u00e9 toute sa vie aux r\u00e9gressions dans les vies pass\u00e9es pour comprendre les m\u00e9canismes qui conditionnent celle que l&rsquo;on vit. De ces 40 ann\u00e9es d&rsquo;exp\u00e9rience professionnelle avec des milliers et des milliers de patients, le m\u00e9decin a d\u00e9cid\u00e9 de partager ses techniques avec le plus grand nombre. Ils sont dans ce livre, le troisi\u00e8me de ses quatre oeuvres litt\u00e9raires qui nous permettent de comprendre, enfin, qui nous sommes, d&rsquo;o\u00f9 nous venons, quelles furent nos vies pass\u00e9es, et pourquoi nous-nous sommes \u00e0 nouveau&#8230; incarn\u00e9s.<\/span><\/span><\/p>\n<\/td>\n<\/tr>\n<\/tbody>\n<\/table>","protected":false},"excerpt":{"rendered":"<p>Bibliographie du Docteur Michael Newton. Souvenirs de l&rsquo;Au-Del\u00e0. 1994. Les exp\u00e9riences aux fronti\u00e8res de la mort nous ont appris qu&rsquo;au terme de notre existence humaine, nous passons dans un tunnel &hellip; <a href=\"https:\/\/animaweb.blog.pangea.org\/fr\/bibliografia-del-doctor-michael-newton\/\" class=\"more-link\">Continuer la lecture<span class=\"screen-reader-text\"> de &laquo;&nbsp;Bibliographie du Docteur Michael Newton.&nbsp;&raquo;<\/span><\/a><\/p>\n","protected":false},"author":12345698,"featured_media":0,"parent":0,"menu_order":0,"comment_status":"closed","ping_status":"closed","template":"","meta":{"ngg_post_thumbnail":0,"footnotes":""},"class_list":["post-219","page","type-page","status-publish","hentry"],"_links":{"self":[{"href":"https:\/\/animaweb.blog.pangea.org\/fr\/wp-json\/wp\/v2\/pages\/219","targetHints":{"allow":["GET"]}}],"collection":[{"href":"https:\/\/animaweb.blog.pangea.org\/fr\/wp-json\/wp\/v2\/pages"}],"about":[{"href":"https:\/\/animaweb.blog.pangea.org\/fr\/wp-json\/wp\/v2\/types\/page"}],"author":[{"embeddable":true,"href":"https:\/\/animaweb.blog.pangea.org\/fr\/wp-json\/wp\/v2\/users\/12345698"}],"replies":[{"embeddable":true,"href":"https:\/\/animaweb.blog.pangea.org\/fr\/wp-json\/wp\/v2\/comments?post=219"}],"version-history":[{"count":25,"href":"https:\/\/animaweb.blog.pangea.org\/fr\/wp-json\/wp\/v2\/pages\/219\/revisions"}],"predecessor-version":[{"id":1314,"href":"https:\/\/animaweb.blog.pangea.org\/fr\/wp-json\/wp\/v2\/pages\/219\/revisions\/1314"}],"wp:attachment":[{"href":"https:\/\/animaweb.blog.pangea.org\/fr\/wp-json\/wp\/v2\/media?parent=219"}],"curies":[{"name":"wp","href":"https:\/\/api.w.org\/{rel}","templated":true}]}}