{"id":106,"date":"2018-01-18T18:25:27","date_gmt":"2018-01-18T16:25:27","guid":{"rendered":"http:\/\/animaweb.blog.pangea.org\/?page_id=106"},"modified":"2023-03-04T23:48:23","modified_gmt":"2023-03-04T21:48:23","slug":"objectius","status":"publish","type":"page","link":"https:\/\/animaweb.blog.pangea.org\/fr\/objectius\/","title":{"rendered":"Objectifs"},"content":{"rendered":"<p class=\"western\" lang=\"es-ES\" align=\"center\"><span style=\"font-size: x-large\"><span style=\"font-family: Times New Roman, serif\"><span lang=\"fr-FR\"><b>Objectifs.<\/b><\/span><\/span><\/span><\/p>\n<p class=\"western\" lang=\"fr-FR\" align=\"justify\"><span style=\"font-family: Times New Roman, serif\">La croyance que nous vivons seulement une incarnation est tr\u00e8s \u00e9tendue tout au long du monde. En outre, dans les civilisations occidentales nous sommes imbus de cette mentalit\u00e9 moderne de vivre la vie dans l\u2019imm\u00e9diat sans trop nous soucier des cons\u00e9quences de nos actions.<\/span><\/p>\n<p class=\"western\" lang=\"es-ES\" align=\"justify\"><span style=\"font-family: Times New Roman, serif\"><span lang=\"fr-FR\">Dans ce contexte, la <\/span><\/span><span style=\"font-family: Times New Roman, serif\"><span lang=\"fr-FR\"><b>Th\u00e9rapie de Vies Pass\u00e9es (TVP) <\/b><\/span><\/span><span style=\"font-family: Times New Roman, serif\"><span lang=\"fr-FR\">a \u00e9t\u00e9 d\u00e9velopp\u00e9e par des th\u00e9rapeutes, quelques uns d\u2019entre eux form\u00e9s avec une rigueur universitaire et avec exp\u00e9rience pratique, qui ont d\u00e9couvert l\u2019\u00e9vidence de la r\u00e9incarnation, non pas \u00e0 travers d\u2019un dogme impos\u00e9 ou \u00e0 travers une croyance librement accept\u00e9e, mais au moyen de l\u2019exp\u00e9rience de chaque jour avec leurs patients.<\/span><\/span><\/p>\n<p class=\"western\" lang=\"es-ES\" align=\"justify\"><span style=\"font-family: Times New Roman, serif\"><span lang=\"fr-FR\">Si une personne croit qu\u2019on vit une seule fois, elle peut d\u00e9cider de se d\u00e9sint\u00e9resser du sort du lieu o\u00f9 elle vit, car elle pense qu\u2019elle n\u2019y retournera pas. Mais, dans le doute d\u2019une personne qu\u2019elle croit qu\u2019elle peut retourner \u00e0 la Terre, celle-ci peut penser : \u00ab <\/span><\/span><span style=\"font-family: Times New Roman, serif\"><span lang=\"fr-FR\"><i>Attention,<\/i><\/span><\/span> <span style=\"font-family: Times New Roman, serif\"><span lang=\"fr-FR\"><i>peut-\u00eatre on y reviendra. Par cons\u00e9quent, on doit chercher \u00e0 laisser el Monde \u00e9gal ou mieux qu\u2019il \u00e9tait, ou, au moins, le maintenir tel qu\u2019il est, en \u00e9vitant qu\u2019il se d\u00e9grade trop, parce que c\u2019est ici que nous retournerons \u00bb.<\/i><\/span><\/span><\/p>\n<p class=\"western\" lang=\"fr-FR\" align=\"justify\"><span style=\"font-family: Times New Roman, serif\">Les patients de la TVP ont l\u2019opportunit\u00e9 de d\u00e9couvrir que nous venons dans ce monde pour apprendre. Nous le faisons v\u00e9rifiant les erreurs de notre pass\u00e9, avec lesquels nous recevons diff\u00e9rentes le\u00e7ons, entre elles les vertus fondamentales de l\u2019amour et la compassion, que sont quelques unes de celles que l\u2019\u00e2me doit assumer dans son chemin de perfectionnement. Des vertus n\u00e9cessaires dans une plan\u00e8te comme la notre, qui peut fournir suffisante nourriture, mati\u00e8re et \u00e9nergie \u00e0 tous ses habitants, mais o\u00f9 il y a des gens qui souffrent de graves carences. Une plan\u00e8te avec une riche diversit\u00e9 d\u2019esp\u00e8ces et de moyens, mais qui est en risque \u00e0 cause de l\u2019exc\u00e8s de pollution et du gaspillage des ressources. O\u00f9 l\u2019Humanit\u00e9 dispose d\u2019une grande vari\u00e9t\u00e9 de nations, de cultures et de langues, chacune desquelles en conditions d\u2019offrir des solutions originelles aux autres, mais avec une capacit\u00e9 militaire suffisante pour y d\u00e9truire plusieurs fois toute la vie.<\/span><\/p>\n<p class=\"western\" lang=\"es-ES\" align=\"justify\"><span style=\"font-family: Times New Roman, serif\"><span lang=\"fr-FR\">Le plus grand blocage de l\u2019Humanit\u00e9 sur notre plan\u00e8te, mais pas le seul, est d\u2019\u00e9lever le niveau \u00e9thique et de conscience de notre soci\u00e9t\u00e9. Dans ce travail la spiritualit\u00e9 est d\u00e9cisive. D\u00e8s ce modeste site web <\/span><\/span><span style=\"font-family: Times New Roman, serif\"><span lang=\"fr-FR\"><b>En corps et \u00e2me <\/b><\/span><\/span><span style=\"font-family: Times New Roman, serif\"><span lang=\"fr-FR\">nous introduisons les internautes dans ce chemin ouvert para des chercheurs pionniers qui, en combinant la psychique et la m\u00e9tapsychique, peuvent nous aider \u00e0 am\u00e9liorer le niveau des rapports entre les gens, entre les groupes et dans le respect de notre nature et de celle des autres \u00eatres vivants.<\/span><\/span><\/p>\n<p class=\"western\" lang=\"es-ES\" align=\"right\"><span style=\"font-family: Times New Roman, serif\"><span lang=\"fr-FR\">\u00c9quipe du web <\/span><\/span><span style=\"font-family: Times New Roman, serif\"><span lang=\"fr-FR\"><b>En corps et \u00e2me.<br \/>\n<\/b><\/span><\/span><span style=\"font-family: Times New Roman, serif\">Premi\u00e8re version : jeudi 18 janvier 2018.<br \/>\n<\/span><span style=\"font-family: Times New Roman, serif\">Derni\u00e8re modification : mardi 30 janvier 2018.<br \/>\n<\/span><span style=\"font-family: Times New Roman, serif\"><b>Traduction : Loto Perrella.<\/b><\/span><\/p>","protected":false},"excerpt":{"rendered":"<p>Objectifs. La croyance que nous vivons seulement une incarnation est tr\u00e8s \u00e9tendue tout au long du monde. En outre, dans les civilisations occidentales nous sommes imbus de cette mentalit\u00e9 moderne &hellip; <a href=\"https:\/\/animaweb.blog.pangea.org\/fr\/objectius\/\" class=\"more-link\">Continuer la lecture<span class=\"screen-reader-text\"> de &laquo;&nbsp;Objectifs&nbsp;&raquo;<\/span><\/a><\/p>\n","protected":false},"author":12345698,"featured_media":0,"parent":0,"menu_order":0,"comment_status":"closed","ping_status":"closed","template":"","meta":{"ngg_post_thumbnail":0,"footnotes":""},"class_list":["post-106","page","type-page","status-publish","hentry"],"_links":{"self":[{"href":"https:\/\/animaweb.blog.pangea.org\/fr\/wp-json\/wp\/v2\/pages\/106","targetHints":{"allow":["GET"]}}],"collection":[{"href":"https:\/\/animaweb.blog.pangea.org\/fr\/wp-json\/wp\/v2\/pages"}],"about":[{"href":"https:\/\/animaweb.blog.pangea.org\/fr\/wp-json\/wp\/v2\/types\/page"}],"author":[{"embeddable":true,"href":"https:\/\/animaweb.blog.pangea.org\/fr\/wp-json\/wp\/v2\/users\/12345698"}],"replies":[{"embeddable":true,"href":"https:\/\/animaweb.blog.pangea.org\/fr\/wp-json\/wp\/v2\/comments?post=106"}],"version-history":[{"count":50,"href":"https:\/\/animaweb.blog.pangea.org\/fr\/wp-json\/wp\/v2\/pages\/106\/revisions"}],"predecessor-version":[{"id":2432,"href":"https:\/\/animaweb.blog.pangea.org\/fr\/wp-json\/wp\/v2\/pages\/106\/revisions\/2432"}],"wp:attachment":[{"href":"https:\/\/animaweb.blog.pangea.org\/fr\/wp-json\/wp\/v2\/media?parent=106"}],"curies":[{"name":"wp","href":"https:\/\/api.w.org\/{rel}","templated":true}]}}