{"id":905,"date":"2020-10-04T18:53:48","date_gmt":"2020-10-04T16:53:48","guid":{"rendered":"https:\/\/animaweb.cat\/?page_id=905"},"modified":"2022-09-16T06:36:48","modified_gmt":"2022-09-16T04:36:48","slug":"doctora-viviana-zenteno-les-regressions-com-a-terapia-de-lanima-entrevista-terra-6-5-2010","status":"publish","type":"page","link":"https:\/\/animaweb.blog.pangea.org\/eu\/doctora-viviana-zenteno-les-regressions-com-a-terapia-de-lanima-entrevista-terra-6-5-2010\/","title":{"rendered":"(Catal\u00e0) Doctora Viviana Zenteno. Les regressions com a ter\u00e0pia de l&#8217;\u00e0nima. Entrevista Terra, 6-5-2010."},"content":{"rendered":"<p class=\"qtranxs-available-languages-message qtranxs-available-languages-message-eu\">Barkatu, sarrera hau <a href=\"https:\/\/animaweb.blog.pangea.org\/ca\/wp-json\/wp\/v2\/pages\/905\" class=\"qtranxs-available-language-link qtranxs-available-language-link-ca\" title=\"Catal\u00e0\">Catal\u00e0<\/a>, <a href=\"https:\/\/animaweb.blog.pangea.org\/es\/wp-json\/wp\/v2\/pages\/905\" class=\"qtranxs-available-language-link qtranxs-available-language-link-es\" title=\"Castellano\">Castellano<\/a>, <a href=\"https:\/\/animaweb.blog.pangea.org\/en\/wp-json\/wp\/v2\/pages\/905\" class=\"qtranxs-available-language-link qtranxs-available-language-link-en\" title=\"English\">English<\/a>, <a href=\"https:\/\/animaweb.blog.pangea.org\/fr\/wp-json\/wp\/v2\/pages\/905\" class=\"qtranxs-available-language-link qtranxs-available-language-link-fr\" title=\"Fran\u00e7ais\">Fran\u00e7ais<\/a>, <a href=\"https:\/\/animaweb.blog.pangea.org\/it\/wp-json\/wp\/v2\/pages\/905\" class=\"qtranxs-available-language-link qtranxs-available-language-link-it\" title=\"Italiano\">Italiano<\/a>, <a href=\"https:\/\/animaweb.blog.pangea.org\/de\/wp-json\/wp\/v2\/pages\/905\" class=\"qtranxs-available-language-link qtranxs-available-language-link-de\" title=\"Deutsch\">Deutsch<\/a> eta <a href=\"https:\/\/animaweb.blog.pangea.org\/gl\/wp-json\/wp\/v2\/pages\/905\" class=\"qtranxs-available-language-link qtranxs-available-language-link-gl\" title=\"Galego\">Galego<\/a>.<\/p>","protected":false},"excerpt":{"rendered":"<p>Barkatu, sarrera hau Catal\u00e0, Castellano, English, Fran\u00e7ais, Italiano, Deutsch eta Galego.<\/p>\n","protected":false},"author":12345698,"featured_media":0,"parent":0,"menu_order":0,"comment_status":"closed","ping_status":"closed","template":"","meta":{"ngg_post_thumbnail":0,"footnotes":""},"class_list":["post-905","page","type-page","status-publish","hentry"],"_links":{"self":[{"href":"https:\/\/animaweb.blog.pangea.org\/eu\/wp-json\/wp\/v2\/pages\/905","targetHints":{"allow":["GET"]}}],"collection":[{"href":"https:\/\/animaweb.blog.pangea.org\/eu\/wp-json\/wp\/v2\/pages"}],"about":[{"href":"https:\/\/animaweb.blog.pangea.org\/eu\/wp-json\/wp\/v2\/types\/page"}],"author":[{"embeddable":true,"href":"https:\/\/animaweb.blog.pangea.org\/eu\/wp-json\/wp\/v2\/users\/12345698"}],"replies":[{"embeddable":true,"href":"https:\/\/animaweb.blog.pangea.org\/eu\/wp-json\/wp\/v2\/comments?post=905"}],"version-history":[{"count":9,"href":"https:\/\/animaweb.blog.pangea.org\/eu\/wp-json\/wp\/v2\/pages\/905\/revisions"}],"predecessor-version":[{"id":2024,"href":"https:\/\/animaweb.blog.pangea.org\/eu\/wp-json\/wp\/v2\/pages\/905\/revisions\/2024"}],"wp:attachment":[{"href":"https:\/\/animaweb.blog.pangea.org\/eu\/wp-json\/wp\/v2\/media?parent=905"}],"curies":[{"name":"wp","href":"https:\/\/api.w.org\/{rel}","templated":true}]}}