{"id":281,"date":"2018-09-10T12:51:15","date_gmt":"2018-09-10T10:51:15","guid":{"rendered":"https:\/\/animaweb.cat\/?page_id=281"},"modified":"2023-02-16T06:05:05","modified_gmt":"2023-02-16T04:05:05","slug":"cites-i-testimonis","status":"publish","type":"page","link":"https:\/\/animaweb.blog.pangea.org\/eu\/cites-i-testimonis\/","title":{"rendered":"Hitzorduak eta testigantzak"},"content":{"rendered":"<p lang=\"eu-ES\" style=\"text-align: justify\" align=\"justify\"><span style=\"font-family: Times New Roman, serif\"><span style=\"font-size: x-large\"><b><a href=\"\/eu\/respectar-els-individus-de-les-altres-condicions-el-testimoni-develyn\/\">Beste baldintzak dituzten pertsonak errespetatu. Evelynen adierazpena.<\/a><br \/>\n<\/b><\/span><\/span><span style=\"font-family: Times New Roman, serif\"><span style=\"font-size: large\"><i>Kasu honetan Brian Weiss doktorearen gaixo batena da, Evelyn izena duen emakumea, kasu honetan talde desberdin bateko jendea errespetatzen ikasten hasteko beharra agertzen da.<br \/>\n<\/i><\/span><\/span><span style=\"font-family: Times New Roman, serif\"><span style=\"font-size: large\">Brian Weiss medikua. <span lang=\"en-US\"><i>Same Soul, Many Bodies<\/i><\/span><i> <\/i>(<i>Gorputz asko, arima bera<\/i>).<br \/>\n<\/span><\/span><span style=\"font-family: Times New Roman, serif\"><span style=\"font-size: large\"><b>Itzulpena: Iraide L\u00f3pez de Gere\u00f1u.<\/b><\/span><\/span><\/p>\n<p lang=\"eu-ES\" align=\"justify\"><a href=\"\/eu\/tipus-de-karma-karma-collectiu-fama-objectiu-i-perdo-cites-dels-savis\/\"><span style=\"font-family: Times New Roman, serif\"><span style=\"font-size: x-large\"><b>Karma motak, karma kolektiboa, ospea, helburua eta barkamena. Jakintsuen esaerak.<br \/>\n<\/b><\/span><\/span><\/a><span style=\"font-family: Times New Roman, serif\"><span style=\"font-size: large\"><i>Regresio hipnotiko sesioak jaso dituzten Brian Weiss medikuaren gaixoen gorputzen bidez, haien arimaren iraganera sar daiteke ez soilik gertaera traumatiko baten bilaketaren bitartez, jakintsu edo irakasle desberdinen arimek izan duten bilaketa espiritualaren bidez ere egin daiteke, terapeuta hauek garapen espiritualean dituen ezagutzak zabalduz.<br \/>\n<\/i><\/span><\/span><span style=\"font-family: Times New Roman, serif\"><span style=\"font-size: large\">Brian Weiss medikua. <\/span><\/span><span style=\"font-family: Times New Roman, serif\"><span style=\"font-size: large\"><i>Only Love Is Real<\/i><\/span><\/span><span style=\"font-family: Times New Roman, serif\"><span style=\"font-size: large\"> (<\/span><\/span><span style=\"font-family: Times New Roman, serif\"><span style=\"font-size: large\"><i>Maitasun loturak)<\/i><\/span><\/span><span style=\"font-family: Times New Roman, serif\"><span style=\"font-size: large\">. Editorial Vergararen Espainiako paperezko lehen edizioa. 91-93 orrialdeak.<br \/>\n<\/span><\/span><span style=\"font-family: Times New Roman, serif\"><span style=\"font-size: large\"><b>Itzulpena: Iraide L\u00f3pez de Gere\u00f1u.<\/b><\/span><\/span><\/p>\n<p lang=\"eu-ES\" align=\"justify\"><span style=\"font-family: Times New Roman, serif\"><span style=\"font-size: x-large\"><b><a href=\"\/eu\/a-la-comprensio-per-lexperiencia\/\">Esperientzia bidezko ulermena.<\/a><br \/>\n<\/b><\/span><\/span><span style=\"font-family: Times New Roman, serif\"><span style=\"font-size: large\"><i>Psikiatrian doktorea den Brian Weissek bere lehen ikerketak kontatzen ditu, berrargitaratze erreferentzien bila iraganeko bizitzako terapian oinarritzen den teknikan lehen urratsak eman zituenean.<br \/>\n<\/i><\/span><\/span><span style=\"font-family: Times New Roman, serif\"><span style=\"font-size: large\">Brian Weiss. <i>Through Time into Healing<\/i> (<i>Sendapena denboran zehar igaroz<\/i><i>)<\/i>.<br \/>\n<\/span><\/span><span style=\"font-family: Times New Roman, serif\"><span style=\"font-size: large\"><b>Itzulpena: Iraide L\u00f3pez de Gere\u00f1u.<\/b><\/span><\/span><\/p>\n<p lang=\"eu-ES\" style=\"text-align: justify\" align=\"justify\"><span style=\"font-family: Times New Roman, serif\"><span style=\"font-size: large\"><b><span style=\"font-size: x-large\"><a href=\"\/eu\/un-cas-de-reencarnacio-immediata-en-el-grup-familiar-terapia-de-vides-passades\/\">Berehalako berraragitze kasua familia gunean. Iraganeko Bizitzaren Terapia.<\/a><br \/>\n<\/span><\/b><\/span><\/span><span style=\"font-family: Times New Roman, serif\"><span style=\"font-size: large\"><b>Berehalako berraragitze kasua familia taldean. Iraganeko bizitzaren terapia.<br \/>\n<\/b><\/span><\/span><span style=\"font-family: Times New Roman, serif\"><span style=\"font-size: large\"><i>by Leopoldo Lage, Merlo, San Luis, Argentina.<br \/>\n<\/i><\/span><\/span><span style=\"font-family: Times New Roman, serif\"><span style=\"font-size: large\"><span lang=\"eu-ES\"><b>Itzulpena: Iraide L\u00f3pez de Gere\u00f1u.<\/b><\/span><\/span><\/span><\/p>\n<p align=\"justify\"><a href=\"\/eu\/testimoniatge-damy-cas-de-suicidi-i-pas-per-la-biblioteca-dels-llibres-de-la-vida\/\"><span style=\"font-family: Times New Roman, serif\"><span style=\"font-size: x-large\"><b>Amyren testigantza. Suizidio kasua eta Bizitzako Liburuen Liburutegitik bere pasaera.<br \/>\n<\/b><\/span><\/span><\/a><span style=\"font-family: Times New Roman, serif\"><span style=\"font-size: large\"><i>Ondorengo istorioan, Michael Newton doktorearen gaixo batek, hemen Amyren izena hartzen duena, bere iraganeko bizitzaren berbizipen bat egiten du, non ere buruaz beste egiten duen, bere burua ezkongabe, haurdun eta bikotekidea Ingalaterra Biktorianoan izandako istripu batean galtzen duelako. Bere arima ehun urtez geldirik geratzen da egin zuenari buruz hausnartzera eskainia, Bizitzako Liburuen liburutegira sartzen den arte. Han, liburuzainetako baten arimarekin elkarrizketa bat zabaltzen du, bilakaera espiritualaren bidea jarraitzen laguntzen dion irakasle aditua denarekin.<br \/>\n<\/i><\/span><\/span><span style=\"font-family: Times New Roman, serif\"><span style=\"font-size: large\">Michael Newton medikua. <span style=\"color: #000000\"><i>Destiny of Souls <\/i><\/span>(<i>Arimen patua<\/i>. <i>Betiko hazkunde espiritual bat<\/i><i>)<\/i>. 93-100 orrialdeak.<br \/>\n<\/span><\/span><span style=\"font-family: Times New Roman, serif\"><span style=\"font-size: large\"><b>Itzulpena: Iraide L\u00f3pez de Gere\u00f1u.<br \/>\n<\/b><\/span><\/span><\/p>\n<p lang=\"eu-ES\" align=\"justify\"><span style=\"font-family: Times New Roman, serif\"><span style=\"font-size: x-large\"><b><a href=\"\/eu\/testimoni-de-cristina-un-pacte-amb-la-foscor\/\">Kristinaren Testigantza. Iluntasunarekin itun bat.<\/a><br \/>\n<\/b><\/span><\/span><span style=\"font-family: Times New Roman, serif\"><span style=\"font-size: large\">Istorio honetan Kristina izena hartzen duen pazienteak, hainbat blokeo jasaten ditu bere egungo bizitzan bere helburuak bete ahal izateko. Terapeutaren laguntzaz, sintoma hauek sortu zituen iraganeko bizitza bat ikusarazten du, gizon bat izanik, boterea eta onarpen soziala lortu ahal izateko iluntasunarekin ituna egiten zuenean, sekta bateko kide bezala. Kristinak, terapeutak lagundurik, mugatzen duen ituna desegin dezake, egindako okerrak sendatu eta bere bizitza mugatzen zuten blokeoak konponduz.<br \/>\n<\/span><\/span><span style=\"font-family: Times New Roman, serif\"><span style=\"font-size: large\">Jose Luis Cabouli Doktorea. <span lang=\"es-ES\"><i>Atrapamiento y recuperaci\u00f3n del alma. Terapia de vidas pasadas: Un nuevo paradigma<\/i><\/span> (<i>Arimaren harrapate bidea eta berreskuraketa<\/i>. <i>Iraganeko bizitzen terapia: paradigma berri bat<\/i><i>)<\/i>. Continente Edizioak. 123tik 134ra bitarteko orrialdeak.<br \/>\n<\/span><\/span><span style=\"font-family: Times New Roman, serif\"><span style=\"font-size: large\"><b>Itzulpena: Iraide L\u00f3pez de Gere\u00f1u.<\/b><\/span><\/span><\/p>\n<p lang=\"eu-ES\" align=\"justify\"><a href=\"\/eu\/testimoni-dorfeo-terapia-de-possessio-espiritual\/\"><span style=\"font-family: Times New Roman, serif\"><span style=\"font-size: x-large\"><b>Orfeoren Testigantza. Jabetza espiritualaren terapia.<br \/>\n<\/b><\/span><\/span><\/a><span style=\"font-family: Times New Roman, serif\"><span style=\"font-size: large\">\u00ab<i>Hemen Orfeo izena hartzen duen gaixoa, aurreko bizitzan iluntasunarekin egindako ituna gainditu duen saio batetik atera da. Gaurko saioan, terapeutak gaixoarengan sartu ziren gorputzik gabeko entitate ezberdinen agerpena antzematen du, bere aurre egoera aprobetxatuz. Terapeutak antzemandako entitate horietako bakoitzarekin elkarrizketa bat mantentzen du Orfeoren gorputzaren bitartez, hauei Argiaren bidea aurkitzen laguntzen dielarik. Era honetan, bere ostalariak jasaten dituen nahasketatik askatzen dute, hauek ondorengo berargitaratze zikloak berreskura ditzaketelarik <\/i><i>(&#8230;)<\/i>\u00bb.<br \/>\n<\/span><\/span><span style=\"font-family: Times New Roman, serif\"><span style=\"font-size: large\">Jose Luis Cabouli medikua. <i>Terapia de la posesi\u00f3n espiritual. T\u00e9cnica y pr\u00e1ctica cl\u00ednica<\/i> (<i>Jabetze espiritualaren terapia<\/i>. <i>Teknika eta praktika klinikoa<\/i>). Indigo Argitaletxea. 319tik 336ra bitarteko orrialdeak.<br \/>\n<\/span><\/span><span style=\"font-family: Times New Roman, serif\"><span style=\"font-size: large\"><b>Itzulpena: Iraide L\u00f3pez de Gere\u00f1u.<\/b><\/span><\/span><\/p>\n<p lang=\"eu-ES\" align=\"justify\"><span style=\"font-family: Times New Roman, serif\"><span style=\"font-size: x-large\"><b><a href=\"\/eu\/cas-davortament-terapia-de-possessio-espiritual\/\">Aborto kasua. Jabetza espiritualaren terapia.<\/a><br \/>\n<\/b><\/span><\/span><span style=\"font-family: Times New Roman, serif\"><span style=\"font-size: large\"><i>\u00abBEG hau (Bioelektrografia), istripu baten ondorioz hiru hilabeteko haurdunaldia galdu zuen hogeita hamabost urteko emakume bati dagokio. Emakumeak beldurra eta erruari hitzegin zuen, istripua bere arduragabekeriagatik izan zelako. BEG erregresio saioan lortu genuen pazienteak honako hau adieraziko zuen unean: &#8220;Une honetan haurra nire buruaren barruan dagoela sentitzen dut&#8221; <\/i><i>(&#8230;)\u00bb<\/i>.<br \/>\n<\/span><\/span><span style=\"font-family: Times New Roman, serif\"><span style=\"font-size: large\">BEGaren irudia: Ra\u00fal Torres. Jos\u00e9 Lu\u00eds Cabouli medikuaren liburutik. <i>Jabetze espiritualaren terapia. Teknika eta praktika klinikoa.<\/i> Indigo argitaletxea. 397. orrialdea.<br \/>\n<\/span><\/span><span style=\"font-family: Times New Roman, serif\"><span style=\"font-size: large\"><b>Itzulpena: Iraide L\u00f3pez de Gere\u00f1u.<\/b><\/span><\/span><\/p>","protected":false},"excerpt":{"rendered":"<p>Beste baldintzak dituzten pertsonak errespetatu. Evelynen adierazpena. Kasu honetan Brian Weiss doktorearen gaixo batena da, Evelyn izena duen emakumea, kasu honetan talde desberdin bateko jendea errespetatzen ikasten hasteko beharra agertzen &hellip; <a href=\"https:\/\/animaweb.blog.pangea.org\/eu\/cites-i-testimonis\/\" class=\"more-link\">Continue reading<span class=\"screen-reader-text\"> &#8220;Hitzorduak eta testigantzak&#8221;<\/span><\/a><\/p>\n","protected":false},"author":12345698,"featured_media":0,"parent":0,"menu_order":0,"comment_status":"closed","ping_status":"closed","template":"","meta":{"ngg_post_thumbnail":0,"footnotes":""},"class_list":["post-281","page","type-page","status-publish","hentry"],"_links":{"self":[{"href":"https:\/\/animaweb.blog.pangea.org\/eu\/wp-json\/wp\/v2\/pages\/281","targetHints":{"allow":["GET"]}}],"collection":[{"href":"https:\/\/animaweb.blog.pangea.org\/eu\/wp-json\/wp\/v2\/pages"}],"about":[{"href":"https:\/\/animaweb.blog.pangea.org\/eu\/wp-json\/wp\/v2\/types\/page"}],"author":[{"embeddable":true,"href":"https:\/\/animaweb.blog.pangea.org\/eu\/wp-json\/wp\/v2\/users\/12345698"}],"replies":[{"embeddable":true,"href":"https:\/\/animaweb.blog.pangea.org\/eu\/wp-json\/wp\/v2\/comments?post=281"}],"version-history":[{"count":136,"href":"https:\/\/animaweb.blog.pangea.org\/eu\/wp-json\/wp\/v2\/pages\/281\/revisions"}],"predecessor-version":[{"id":2407,"href":"https:\/\/animaweb.blog.pangea.org\/eu\/wp-json\/wp\/v2\/pages\/281\/revisions\/2407"}],"wp:attachment":[{"href":"https:\/\/animaweb.blog.pangea.org\/eu\/wp-json\/wp\/v2\/media?parent=281"}],"curies":[{"name":"wp","href":"https:\/\/api.w.org\/{rel}","templated":true}]}}