{"id":920,"date":"2020-10-05T11:08:22","date_gmt":"2020-10-05T09:08:22","guid":{"rendered":"https:\/\/animaweb.cat\/?page_id=920"},"modified":"2022-10-20T20:08:38","modified_gmt":"2022-10-20T18:08:38","slug":"katia-cas-clinic","status":"publish","type":"page","link":"https:\/\/animaweb.blog.pangea.org\/es\/katia-cas-clinic\/","title":{"rendered":"Katia. Caso Cl\u00ednico."},"content":{"rendered":"<h1 class=\"western\" align=\"center\"><span style=\"font-family: Times New Roman, serif\"><span style=\"font-size: x-large\">Katia. Caso Cl\u00ednico.<\/span><\/span><\/h1>\n<p class=\"western\" lang=\"es-ES\" align=\"justify\"><span style=\"font-family: Times New Roman, serif\"><span style=\"font-size: large\"><img loading=\"lazy\" decoding=\"async\" class=\"alignright wp-image-921 size-full\" title=\"Academia de Terapia Regresiva Doctora Viviana Zenteno.\" src=\"https:\/\/animaweb.cat\/files\/2020\/10\/Academia_de_Terapia_Regresiva_Doctora_Viviana_Zenteno_Logotipo_72ppp_200x230px.png\" alt=\"Academia de Terapia Regresiva Doctora Viviana Zenteno.\" width=\"200\" height=\"230\" \/>Mi\u00e9rcoles, 1 de Octubre de 2014.<\/span><\/span><\/p>\n<p class=\"western\" lang=\"es-ES\" align=\"justify\"><span style=\"font-family: Times New Roman, serif\"><span style=\"font-size: large\">Terapeuta: Doctora Viviana Zenteno.<\/span><\/span><\/p>\n<p class=\"western\" lang=\"es-ES\" align=\"justify\"><span style=\"font-family: Times New Roman, serif\"><span style=\"font-size: large\"><i>Katia (45) comprende en esta regresi\u00f3n el motivo de una renuncia amorosa. A\u00f1os atr\u00e1s ella era libre, pero \u00e9l no, y era una figura p\u00fablica.<\/i><\/span><\/span><\/p>\n<p class=\"western\" lang=\"es-ES\" align=\"justify\"><span style=\"font-family: Times New Roman, serif\"><span style=\"font-size: large\"><b>Terapeuta: \u00bfQu\u00e9 est\u00e1s viendo?<\/b><\/span><\/span><\/p>\n<p class=\"western\" lang=\"es-ES\" align=\"justify\"><span style=\"font-family: Times New Roman, serif\"><span style=\"font-size: large\">Katia: Estoy viendo desde arriba una isla, con mucha vegetaci\u00f3n, voy entrando en la espesura. Ahora desciendo, hay como una selva, y adentro una explanada con un anfiteatro as\u00ed, grande.<\/span><\/span><\/p>\n<p class=\"western\" lang=\"es-ES\" align=\"justify\"><span style=\"font-family: Times New Roman, serif\"><span style=\"font-size: large\"><b>T: \u00bfC\u00f3mo est\u00e1s vestida?<\/b><\/span><\/span><\/p>\n<p class=\"western\" lang=\"es-ES\" align=\"justify\"><span style=\"font-family: Times New Roman, serif\"><span style=\"font-size: large\">K: Con una t\u00fanica, pelo largo, oscuro, y algunos adornos.<\/span><\/span><\/p>\n<p class=\"western\" lang=\"es-ES\" align=\"justify\"><span style=\"font-family: Times New Roman, serif\"><span style=\"font-size: large\"><b>T: \u00bfQu\u00e9 edad tienes?<\/b><\/span><\/span><\/p>\n<p class=\"western\" lang=\"es-ES\" align=\"justify\"><span style=\"font-family: Times New Roman, serif\"><span style=\"font-size: large\">K: Como 25&#8230; se me viene que soy una sacerdotisa. Hay un templo&#8230; No s\u00e9 si es una isla o una pen\u00ednsula, pero est\u00e1 rodeado de mar y el templo est\u00e1 en medio de la selva&#8230; veo unos \u00eddolos de piedra, como dioses. Como que yo tuviera un puesto importante, como que s\u00e9 muchas cosas que otros no saben. En el lugar se queman inciensos o alg\u00fan perfume. Se escucha m\u00fasica, como de tambores. Dirijo las ceremonias, pidiendo algo a la naturaleza, a los dioses, abundancia, fertilidad, con cantos. Estoy un escal\u00f3n m\u00e1s arriba que los otros, dirigiendo, invocando.<\/span><\/span><\/p>\n<p class=\"western\" lang=\"es-ES\" align=\"justify\"><span style=\"font-family: Times New Roman, serif\"><span style=\"font-size: large\"><b>T: \u00bfCu\u00e1l es tu sensaci\u00f3n f\u00edsica en ese momento?<\/b><\/span><\/span><\/p>\n<p class=\"western\" lang=\"es-ES\" align=\"justify\"><span style=\"font-family: Times New Roman, serif\"><span style=\"font-size: large\">K: Me siento bien ah\u00ed. Una sensaci\u00f3n de plenitud&#8230; como si yo de alguna manera le transmitiera a esa gente cosas que ellos no saben y yo s\u00ed s\u00e9, entonces eso me da una sensaci\u00f3n de poder.<\/span><\/span><\/p>\n<p class=\"western\" lang=\"es-ES\" align=\"justify\"><span style=\"font-family: Times New Roman, serif\"><span style=\"font-size: large\"><b>T: \u00bfY cu\u00e1les son tus emociones?<\/b><\/span><\/span><\/p>\n<p class=\"western\" lang=\"es-ES\" align=\"justify\"><span style=\"font-family: Times New Roman, serif\"><span style=\"font-size: large\">K: Un poco de orgullo, soy un poco soberbia.<\/span><\/span><\/p>\n<p class=\"western\" lang=\"es-ES\" align=\"justify\"><span style=\"font-family: Times New Roman, serif\"><span style=\"font-size: large\"><b>T: \u00bfY tus reacciones mentales?<\/b><\/span><\/span><\/p>\n<p class=\"western\" lang=\"es-ES\" align=\"justify\"><span style=\"font-family: Times New Roman, serif\"><span style=\"font-size: large\">K: Me doy cuenta que esas invocaciones y esos rituales son efectivos, son poderosos.<\/span><\/span><\/p>\n<p class=\"western\" lang=\"es-ES\" align=\"justify\"><span style=\"font-family: Times New Roman, serif\"><span style=\"font-size: large\"><b>T: F\u00edjate, esas sensaciones de orgullo, plenitud y poder \u00bfQu\u00e9 te hacen hacer en tu vida como Katia?<\/b><\/span><\/span><\/p>\n<p class=\"western\" lang=\"es-ES\" align=\"justify\"><span style=\"font-family: Times New Roman, serif\"><span style=\"font-size: large\">K: Me hacen sentir capaz, que yo puedo.<\/span><\/span><\/p>\n<p class=\"western\" lang=\"es-ES\" align=\"justify\"><span style=\"font-family: Times New Roman, serif\"><span style=\"font-size: large\"><b>T: \u00bfY qu\u00e9 te impiden hacer?<\/b><\/span><\/span><\/p>\n<p class=\"western\" lang=\"es-ES\" align=\"justify\"><span style=\"font-family: Times New Roman, serif\"><span style=\"font-size: large\">K: A veces me impiden reconocer mis errores.<\/span><\/span><\/p>\n<p class=\"western\" lang=\"es-ES\" align=\"justify\"><span style=\"font-family: Times New Roman, serif\"><span style=\"font-size: large\"><b>T: Muy bien. Sigue avanzando hasta otro momento importante para tu alma.<\/b><\/span><\/span><\/p>\n<p class=\"western\" lang=\"es-ES\" align=\"justify\"><span style=\"font-family: Times New Roman, serif\"><span style=\"font-size: large\">K: Se me viene que yo ten\u00eda un amante y que lo manten\u00eda en secreto, porque no deb\u00eda.<\/span><\/span><\/p>\n<p class=\"western\" align=\"justify\"><span style=\"color: #000000\"><span style=\"font-family: Times New Roman, serif\"><span style=\"font-size: large\"><span lang=\"es-ES\"><b>T: Ten\u00edas algo oculto&#8230; bien, vamos a ver como era eso: uno, dos, tres&#8230;<\/b><\/span><\/span><\/span><\/span><\/p>\n<p class=\"western\" lang=\"es-ES\" align=\"justify\"><span style=\"font-family: Times New Roman, serif\"><span style=\"font-size: large\">K: Es un guerrero y tenemos una relaci\u00f3n fuerte, de amor, pero que no puede salir a la luz p\u00fablica porque las sacerdotisas debemos ser c\u00e9libes. Hay en el templo una habitaci\u00f3n secreta, y como yo tengo poder, lo introduzco a \u00e9l. \u00c9l pertenece a otra casta, no inferior o superior a la m\u00eda, pero separadas, que no deben mezclarse. Yo me siento protectora con \u00e9l. \u00c9l me quiere y es poderoso con su fuerza, con su capacidad de pelear. Pero en lo que respecta al amor, yo soy m\u00e1s poderosa que \u00e9l.<\/span><\/span><\/p>\n<p class=\"western\" lang=\"es-ES\" align=\"justify\"><span style=\"font-family: Times New Roman, serif\"><span style=\"font-size: large\"><b>T: A ver, expl\u00edcame bien.<\/b><\/span><\/span><\/p>\n<p class=\"western\" lang=\"es-ES\" align=\"justify\"><span style=\"font-family: Times New Roman, serif\"><span style=\"font-size: large\">K: Es como que \u00e9l me respetara en exceso, y yo quiero que me tome como mujer, y que no me mire como si yo fuera superior. Que entienda que soy una mujer y quiero ser su mujer. Tiene dudas, no quiere seguir, pero yo le digo que sigamos, que no va a haber problemas. El tiene miedo por los dos pero yo le digo que no nos podemos separar, no debemos separarnos.<\/span><\/span><\/p>\n<p class=\"western\" lang=\"es-ES\" align=\"justify\"><span style=\"font-family: Times New Roman, serif\"><span style=\"font-size: large\"><b>T: Contin\u00faa.<\/b><\/span><\/span><\/p>\n<p class=\"western\" lang=\"es-ES\" align=\"justify\"><span style=\"font-family: Times New Roman, serif\"><span style=\"font-size: large\">K: Hay otra gente m\u00e1s poderosa, unos hombres, sacerdotes m\u00e1s importantes que yo, y ellos se enteran. \u00a1\u00a1Se lo llevan!! \u00a1\u00a1Trato de defenderlo, y no puedo!! (Katia muestra angustia y temor).<\/span><\/span><\/p>\n<p class=\"western\" lang=\"es-ES\" align=\"justify\"><span style=\"font-family: Times New Roman, serif\"><span style=\"font-size: large\"><b>T: \u00bfD\u00f3nde est\u00e1s t\u00fa y d\u00f3nde est\u00e1 \u00e9l?<\/b><\/span><\/span><\/p>\n<p class=\"western\" lang=\"es-ES\" align=\"justify\"><span style=\"font-family: Times New Roman, serif\"><span style=\"font-size: large\">K: En un sal\u00f3n grande donde esos sacerdotes nos dicen que hemos transgredido estas leyes. Se supon\u00eda que yo no pod\u00eda tener este tipo de relaci\u00f3n&#8230; Es un templo, de piedra, fr\u00edo, grande, alto. Ellos llevan unas t\u00fanicas, sus caras son largas, y usan unos cintillos, no coronas, son bandas en la cabeza. Son dos. Me acusan. Yo estoy ah\u00ed parada delante de ellos pero ellos est\u00e1n m\u00e1s arriba, yo estoy abajo, y mi amante est\u00e1 arrodillado, y lo van a castigar a \u00e9l. Yo les digo que no, que NO, que la culpa es m\u00eda&#8230; pero&#8230; a m\u00ed no me van a hacer nada&#8230; (Llorando)&#8230;se lo llevan&#8230;empiezo a gritar, y me sujetan&#8230;parece que hay m\u00e1s gente&#8230; y yo s\u00e9 que lo van a matar, lo van a sacrificar a \u00e9l&#8230; y les grito que no&#8230; \u00a1NO! \u00a1Yo tengo la culpa! \u00a1No es culpa de \u00e9l! Por favor&#8230; yo tengo la culpa&#8230; no es su culpa, por favor&#8230; (Llorando y gimiendo)&#8230; No&#8230; No&#8230; No&#8230; Yo tengo la culpa, pueden sacrificarme a m\u00ed, no a \u00e9l&#8230;<\/span><\/span><\/p>\n<p class=\"western\" lang=\"es-ES\" align=\"justify\"><span style=\"font-family: Times New Roman, serif\"><span style=\"font-size: large\"><b>T: Avanza, no te detengas.<\/b><\/span><\/span><\/p>\n<p class=\"western\" lang=\"es-ES\" align=\"justify\"><span style=\"font-family: Times New Roman, serif\"><span style=\"font-size: large\">K: Pero ellos me dicen que no, que yo soy necesaria, que yo tengo que seguir haciendo mi papel&#8230; que hay muchos como \u00e9l, pero no como yo&#8230; Yo les insisto que la culpa es m\u00eda pero eso no es lo que les importa&#8230; \u00e9l es uno m\u00e1s&#8230; \u00a1Y para m\u00ed es important\u00edsimo! Y cuando se lo llevan, \u00e9l es muy valiente, pero en sus ojos veo ese desamparo, y tengo ganas de protegerlo&#8230; corro tras \u00e9l y no puedo porque no me dejan. Y quiero morir con \u00e9l. Ahhh, ay, ay, un dolor en el pecho cuando se lo llevan.<\/span><\/span><\/p>\n<p class=\"western\" lang=\"es-ES\" align=\"justify\"><span style=\"font-family: Times New Roman, serif\"><span style=\"font-size: large\"><b>T: De todo lo vivido ah\u00ed, \u00bfqu\u00e9 es lo que m\u00e1s te marca?<\/b><\/span><\/span><\/p>\n<p class=\"western\" lang=\"es-ES\" align=\"justify\"><span style=\"font-family: Times New Roman, serif\"><span style=\"font-size: large\">K: Cuando me doy cuenta que nos descubrieron&#8230; no, pero lo peor es cuando me doy cuenta que el castigado va a ser \u00e9l y no yo&#8230; Parece que me sujetan por los hombros y por el cuello, yo estoy arrodillada en el suelo. Me tiran hacia atr\u00e1s mientras se lo llevan&#8230; esos hombres son muy malos, muy duros, son inflexibles&#8230;<\/span><\/span><\/p>\n<p class=\"western\" lang=\"es-ES\" align=\"justify\"><span style=\"font-family: Times New Roman, serif\"><span style=\"font-size: large\"><b>T: Siente ese dolor y ag\u00f3talo.<\/b><\/span><\/span><\/p>\n<p class=\"western\" lang=\"es-ES\" align=\"justify\"><span style=\"font-family: Times New Roman, serif\"><span style=\"font-size: large\">K: Es como una herida profunda en el pecho&#8230; y el cuello&#8230;<\/span><\/span><\/p>\n<p class=\"western\" lang=\"es-ES\" align=\"justify\"><span style=\"font-family: Times New Roman, serif\"><span style=\"font-size: large\"><b>T: \u00bfY tu reacci\u00f3n emocional?<\/b><\/span><\/span><\/p>\n<p class=\"western\" lang=\"es-ES\" align=\"justify\"><span style=\"font-family: Times New Roman, serif\"><span style=\"font-size: large\">K: Profundo dolor y angustia, deseos de protegerlo, quiero ayudarlo y no puedo. Quiero volar sobre \u00e9l, y abrazarlo&#8230; Y ahora se lo est\u00e1n llevando, y \u00e9l no se queja, pero su mirada es de un profundo desamparo&#8230;<\/span><\/span><\/p>\n<p class=\"western\" lang=\"es-ES\" align=\"justify\"><span style=\"font-family: Times New Roman, serif\"><span style=\"font-size: large\"><b>T: M\u00edralo.<\/b><\/span><\/span><\/p>\n<p class=\"western\" lang=\"es-ES\" align=\"justify\"><span style=\"font-family: Times New Roman, serif\"><span style=\"font-size: large\">K: Es alguien que yo conozco (con un suspiro).<\/span><\/span><\/p>\n<p class=\"western\" lang=\"es-ES\" align=\"justify\"><span style=\"font-family: Times New Roman, serif\"><span style=\"font-size: large\"><b>T: \u00bfY qu\u00e9 est\u00e1s pensando cuando se lo llevan?<\/b><\/span><\/span><\/p>\n<p class=\"western\" lang=\"es-ES\" align=\"justify\"><span style=\"font-family: Times New Roman, serif\"><span style=\"font-size: large\">K: Me doy cuenta que mi poder era nada. \u00a1NADA!<\/span><\/span><\/p>\n<p class=\"western\" lang=\"es-ES\" align=\"justify\"><span style=\"font-family: Times New Roman, serif\"><span style=\"font-size: large\"><b>T: Y todo eso \u00bfDe qu\u00e9 manera te est\u00e1 afectando en esta vida?<\/b><\/span><\/span><\/p>\n<p class=\"western\" lang=\"es-ES\" align=\"justify\"><span style=\"font-family: Times New Roman, serif\"><span style=\"font-size: large\">K: Me hace proteger a las personas que yo quiero&#8230; buscar en los hombres aquel que me parece desamparado, para protegerlo&#8230;<\/span><\/span><\/p>\n<p class=\"western\" lang=\"es-ES\" align=\"justify\"><span style=\"font-family: Times New Roman, serif\"><span style=\"font-size: large\">Me hace entender que no hay poder que valga&#8230; que es f\u00e1cil enga\u00f1arse con los honores&#8230; que todos somos mortales, y que no sirve envanecerse. Me impide creerme todo el cuento&#8230; Es como una advertencia de \u00abNo te olvides que en cualquier momento la situaci\u00f3n puede cambiar\u00bb. Y entonces siento miedo cuando soy feliz.<\/span><\/span><\/p>\n<p class=\"western\" lang=\"es-ES\" align=\"justify\"><span style=\"font-family: Times New Roman, serif\"><span style=\"font-size: large\"><b>T: Avanza&#8230;<\/b><\/span><\/span><\/p>\n<p class=\"western\" lang=\"es-ES\" align=\"justify\"><span style=\"font-family: Times New Roman, serif\"><span style=\"font-size: large\">K: Tengo que seguir ah\u00ed, hacer ese papel de sacerdotisa, como si nada hubiera pasado. Nadie m\u00e1s sabe lo que pas\u00f3, s\u00f3lo los que estuvimos ah\u00ed. Y me siento utilizada&#8230; antes yo me cre\u00eda mucho el cuento de mi poder como sacerdotisa, y ahora me doy cuenta que soy un instrumento de esta otra gente, y que a ellos les da lo mismo que yo haya pecado o haya transgredido las normas, porque yo soy s\u00f3lo una imagen, una forma de mantener ellos su poder.<\/span><\/span><\/p>\n<p class=\"western\" lang=\"es-ES\" align=\"justify\"><span style=\"font-family: Times New Roman, serif\"><span style=\"font-size: large\">Entonces, no me van a sacrificar a m\u00ed porque hab\u00edan invertido tiempo y energ\u00eda en prepararme para ese rol. Y por eso lo castigan a \u00e9l. Y me empieza a repugnar ese papel que represento, porque ya no creo en nada, ni siquiera en los dioses que invoco&#8230; hago mi papel a disgusto, y me siento cada d\u00eda m\u00e1s violentada.<\/span><\/span><\/p>\n<p class=\"western\" lang=\"es-ES\" align=\"justify\"><span style=\"font-family: Times New Roman, serif\"><span style=\"font-size: large\"><b>T: \u00bfY cu\u00e1les son tus reacciones al sentirte violentada?<\/b><\/span><\/span><\/p>\n<p class=\"western\" lang=\"es-ES\" align=\"justify\"><span style=\"font-family: Times New Roman, serif\"><span style=\"font-size: large\">K: Siento la rabia, es como un escalofr\u00edo de odio por esos sacerdotes que no tienen sentimientos. Ya no puedo querer a nadie. Y trato de ser a\u00fan m\u00e1s fr\u00eda que ellos, porque es peligroso querer a alguien.<\/span><\/span><\/p>\n<p class=\"western\" lang=\"es-ES\" align=\"justify\"><span style=\"font-family: Times New Roman, serif\"><span style=\"font-size: large\"><b>T: Y todo esto \u00bfQu\u00e9 te hace hacer en tu vida como Katia?<\/b><\/span><\/span><\/p>\n<p class=\"western\" lang=\"es-ES\" align=\"justify\"><span style=\"font-family: Times New Roman, serif\"><span style=\"font-size: large\">K: Me da la impresi\u00f3n que me hubiera afectado m\u00e1s en mi primera juventud, que yo era muy reticente para querer a alguien. Ten\u00eda miedo de entregarme confiadamente, de querer.<\/span><\/span><\/p>\n<p class=\"western\" lang=\"es-ES\" align=\"justify\"><span style=\"font-family: Times New Roman, serif\"><span style=\"font-size: large\"><b>T: Ahora ir\u00e1s al \u00faltimo momento de tu vida en esa vida, uno, dos, tres&#8230;:<\/b><\/span><\/span><\/p>\n<p class=\"western\" lang=\"es-ES\" align=\"justify\"><span style=\"font-family: Times New Roman, serif\"><span style=\"font-size: large\">K: Hay una especie de fiesta, como bailes y c\u00e1nticos, con fuego e invocaciones, y hay otro pueblo enemigo que se aprovecha de eso para invadir y atacar el templo. Empiezan a tirar lanzas y queman, y me llega una lanza en el pecho, y me doy cuenta que me voy a morir. Es como una mezcla, la fiesta que se transforma en matanza.<\/span><\/span><\/p>\n<p class=\"western\" lang=\"es-ES\" align=\"justify\"><span style=\"font-family: Times New Roman, serif\"><span style=\"font-size: large\">No siento dolor. Siento una mezcla de sorpresa con alivio: por fin se acab\u00f3. Yo me quer\u00eda morir hac\u00eda tiempo.<\/span><\/span><\/p>\n<p class=\"western\" lang=\"es-ES\" align=\"justify\"><span style=\"font-family: Times New Roman, serif\"><span style=\"font-size: large\"><b>T: Avanza a trav\u00e9s de esa muerte y dime qu\u00e9 est\u00e1 ocurriendo ah\u00ed.<\/b><\/span><\/span><\/p>\n<p class=\"western\" lang=\"es-ES\" align=\"justify\"><span style=\"font-family: Times New Roman, serif\"><span style=\"font-size: large\">K: Voy saliendo de ah\u00ed, subiendo, subiendo&#8230; veo mi cuerpo que est\u00e1 botado como desarticulado en el suelo y todos pisotean unos a otros, hay mucha sangre, es una org\u00eda de sangre all\u00e1 abajo&#8230; eran unos salvajes, m\u00e1s atrasados que nosotros.<\/span><\/span><\/p>\n<p class=\"western\" lang=\"es-ES\" align=\"justify\"><span style=\"font-family: Times New Roman, serif\"><span style=\"font-size: large\"><b>T: \u00bfEse lugar, d\u00f3nde estaba?<\/b><\/span><\/span><\/p>\n<p class=\"western\" lang=\"es-ES\" align=\"justify\"><span style=\"font-family: Times New Roman, serif\"><span style=\"font-size: large\">K: Algo oriental, como Java.<\/span><\/span><\/p>\n<p class=\"western\" lang=\"es-ES\" align=\"justify\"><span style=\"font-family: Times New Roman, serif\"><span style=\"font-size: large\"><b>T: \u00bfC\u00f3mo te sientes al ir subiendo y viendo esto?<\/b><\/span><\/span><\/p>\n<p class=\"western\" lang=\"es-ES\" align=\"justify\"><span style=\"font-family: Times New Roman, serif\"><span style=\"font-size: large\">K: M\u00e1s aliviada, como que tuviera menos odio, d\u00e1ndome cuenta que todos nos mor\u00edamos, y que era una forma de descansar. Y voy a un lugar como agradable, como flotando, como volumen no m\u00e1s.<\/span><\/span><\/p>\n<p class=\"western\" lang=\"es-ES\" align=\"justify\"><span style=\"font-family: Times New Roman, serif\"><span style=\"font-size: large\"><b>T: \u00bfQu\u00e9 tenemos que rescatar ahora?<\/b><\/span><\/span><\/p>\n<p class=\"western\" lang=\"es-ES\" align=\"justify\"><span style=\"font-family: Times New Roman, serif\"><span style=\"font-size: large\">K: Se me viene a la mente que yo lo quer\u00eda m\u00e1s a \u00e9l que \u00e9l a m\u00ed. Como que me hubiera gustado que me hubiera estado esperando, y no, no est\u00e1 (riendo). Y me siento un poco desilusionada.<\/span><\/span><\/p>\n<p class=\"western\" lang=\"es-ES\" align=\"justify\"><span style=\"font-family: Times New Roman, serif\"><span style=\"font-size: large\"><b>T: Katia, \u00bfcu\u00e1l es el aprendizaje de esta experiencia?<\/b><\/span><\/span><\/p>\n<p class=\"western\" lang=\"es-ES\" align=\"justify\"><span style=\"font-family: Times New Roman, serif\"><span style=\"font-size: large\">K: Nos encontramos en esta vida, pero estar juntos habr\u00eda destruido totalmente su imagen. En el momento cre\u00ed que hab\u00edamos sido cobardes, pero ahora me doy cuenta que estuvo bien, que pas\u00e9 la prueba, porque \u00e9l habr\u00eda sido otra vez sacrificado por mi culpa.<\/span><\/span><\/p>\n<p class=\"western\" align=\"justify\"><span style=\"color: #000000\"><span style=\"font-family: Times New Roman, serif\"><span style=\"font-size: large\"><span lang=\"es-ES\">Enlace del caso original en castellano dentro del sitio web \u00ab<\/span><\/span><\/span><\/span><span style=\"color: #000000\"><span style=\"font-family: Times New Roman, serif\"><span style=\"font-size: large\"><span lang=\"es-ES\"><i>Terapia del Alma<\/i><\/span><\/span><\/span><\/span><span style=\"color: #000000\"><span style=\"font-family: Times New Roman, serif\"><span style=\"font-size: large\"><span lang=\"es-ES\">\u00bb de la Academia de Terapia Regresiva de la Doctora Viviana Zenteno, en Chile:<\/span><\/span><\/span><\/span><\/p>\n<p class=\"western\" align=\"justify\"><span style=\"color: #000080\"><span lang=\"zxx\"><u><a class=\"western\" href=\"https:\/\/terapiadelalma.org\/katia-caso-clinico\/\"><span style=\"color: #000000\"><span style=\"font-family: Times New Roman, serif\"><span style=\"font-size: large\"><span lang=\"es-ES\">https:\/\/terapiadelalma.org\/katia-caso-clinico\/<\/span><\/span><\/span><\/span><\/a><\/u><\/span><\/span><\/p>","protected":false},"excerpt":{"rendered":"<p>Katia. Caso Cl\u00ednico. Mi\u00e9rcoles, 1 de Octubre de 2014. Terapeuta: Doctora Viviana Zenteno. Katia (45) comprende en esta regresi\u00f3n el motivo de una renuncia amorosa. A\u00f1os atr\u00e1s ella era libre, &hellip; <a href=\"https:\/\/animaweb.blog.pangea.org\/es\/katia-cas-clinic\/\" class=\"more-link\">Continuar leyendo<span class=\"screen-reader-text\"> \u00abKatia. Caso Cl\u00ednico.\u00bb<\/span><\/a><\/p>\n","protected":false},"author":12345698,"featured_media":0,"parent":0,"menu_order":0,"comment_status":"closed","ping_status":"closed","template":"","meta":{"ngg_post_thumbnail":0,"footnotes":""},"class_list":["post-920","page","type-page","status-publish","hentry"],"_links":{"self":[{"href":"https:\/\/animaweb.blog.pangea.org\/es\/wp-json\/wp\/v2\/pages\/920","targetHints":{"allow":["GET"]}}],"collection":[{"href":"https:\/\/animaweb.blog.pangea.org\/es\/wp-json\/wp\/v2\/pages"}],"about":[{"href":"https:\/\/animaweb.blog.pangea.org\/es\/wp-json\/wp\/v2\/types\/page"}],"author":[{"embeddable":true,"href":"https:\/\/animaweb.blog.pangea.org\/es\/wp-json\/wp\/v2\/users\/12345698"}],"replies":[{"embeddable":true,"href":"https:\/\/animaweb.blog.pangea.org\/es\/wp-json\/wp\/v2\/comments?post=920"}],"version-history":[{"count":9,"href":"https:\/\/animaweb.blog.pangea.org\/es\/wp-json\/wp\/v2\/pages\/920\/revisions"}],"predecessor-version":[{"id":2105,"href":"https:\/\/animaweb.blog.pangea.org\/es\/wp-json\/wp\/v2\/pages\/920\/revisions\/2105"}],"wp:attachment":[{"href":"https:\/\/animaweb.blog.pangea.org\/es\/wp-json\/wp\/v2\/media?parent=920"}],"curies":[{"name":"wp","href":"https:\/\/api.w.org\/{rel}","templated":true}]}}