{"id":57,"date":"2018-01-18T00:19:43","date_gmt":"2018-01-17T22:19:43","guid":{"rendered":"http:\/\/animaweb.blog.pangea.org\/?page_id=57"},"modified":"2022-08-01T20:59:02","modified_gmt":"2022-08-01T18:59:02","slug":"la-ment-una-entrevista-amb-el-dr-michael-newton-per-mary-arsenault","status":"publish","type":"page","link":"https:\/\/animaweb.blog.pangea.org\/es\/la-ment-una-entrevista-amb-el-dr-michael-newton-per-mary-arsenault\/","title":{"rendered":"La Mente: una entrevista con el Dr. Michael Newton, por Mary Arsenault."},"content":{"rendered":"<p class=\"western\" lang=\"es-ES\" align=\"center\"><span style=\"font-family: Times New Roman, serif\"><span style=\"font-size: x-large\"><b>La Mente: una entrevista con el Dr. Michael Newton, por Mary Arsenault.<\/b><\/span><\/span><\/p>\n<p lang=\"en-US\"><span style=\"font-family: Times New Roman, serif\"><span style=\"font-size: large\"><b><img loading=\"lazy\" decoding=\"async\" class=\"alignright wp-image-785 size-full\" title=\"Wisdom Magazine. Logo.\" src=\"https:\/\/animaweb.cat\/files\/2020\/01\/Wisdom_Magazine_Logotip_72ppp_200x72px.png\" alt=\"Wisdom Magazine. Logo.\" width=\"200\" height=\"72\" \/>Wisdom Magazine.<\/b><\/span><\/span><\/p>\n<p class=\"western\" lang=\"es-ES\" align=\"justify\"><span style=\"font-family: Times New Roman, serif\"><span style=\"font-size: large\"><i>In Memoriam, Michael Newton (1931-2016).<\/i><\/span><\/span><\/p>\n<p class=\"western\" lang=\"es-ES\" align=\"justify\"><span style=\"font-family: Times New Roman, serif\"><span style=\"font-size: large\">Mi\u00e9rcoles, 1 de diciembre de 2004.<\/span><\/span><\/p>\n<figure id=\"attachment_58\" aria-describedby=\"caption-attachment-58\" style=\"width: 113px\" class=\"wp-caption alignleft\"><img loading=\"lazy\" decoding=\"async\" class=\"wp-image-58 size-full\" title=\"Doctor Michael Newton.\" src=\"http:\/\/animaweb.blog.pangea.org\/files\/2018\/01\/Doctor_Michael_Newton.gif\" alt=\"Doctor Michael Newton.\" width=\"113\" height=\"112\" \/><figcaption id=\"caption-attachment-58\" class=\"wp-caption-text\">Doctor Michael Newton.<\/figcaption><\/figure>\n<p class=\"western\" lang=\"es-ES\" align=\"justify\"><span style=\"font-family: Times New Roman, serif\"><span style=\"font-size: large\">En 1994, la vida tal como la conocemos, con todas sus preguntas angustiosas de por qu\u00e9 estamos aqu\u00ed y hacia d\u00f3nde vamos, lleg\u00f3 a su fin con la publicaci\u00f3n de <\/span><\/span><span style=\"font-family: Times New Roman, serif\"><span style=\"font-size: large\"><i><b>Viaje de las Almas<\/b><\/i><\/span><\/span><span style=\"font-family: Times New Roman, serif\"><span style=\"font-size: large\">, <\/span><\/span><span style=\"font-family: Times New Roman, serif\"><span style=\"font-size: large\">del Dr. Michael Newton. En este libro, que era la culminaci\u00f3n de m\u00e1s de 20 a\u00f1os de investigaci\u00f3n con la regresi\u00f3n hipn\u00f3tica de m\u00e1s de 7.000 clientes en su <\/span><\/span><span style=\"font-family: Times New Roman, serif\"><span style=\"font-size: large\"><i><b>Vida entre vidas<\/b><\/i><\/span><\/span><span style=\"font-family: Times New Roman, serif\"><span style=\"font-size: large\">, el Dr. Newton presenta algunos descubrimientos sorprendentes sobre nuestra existencia continua en el terreno espiritual despu\u00e9s de la muerte f\u00edsica. Entre estos descubrimientos se encuentra: qu\u00e9 se siente al morir, que se ve y se siente inmediatamente despu\u00e9s de la muerte, el encuentro de nuestros gu\u00edas espirituales, el origen y significado de las almas gemelas, el prop\u00f3sito de la vida, y las manifestaciones de un \u00abcreador\u00bb. En su primer libro utiliz\u00f3 el estudio de 29 casos, traz\u00f3 la secuencia de los acontecimientos que experimenta un alma desde el momento de su muerte f\u00edsica hasta su decisi\u00f3n de regresar otra vez al plano f\u00edsico.<\/span><\/span><\/p>\n<p class=\"western\" lang=\"es-ES\" align=\"justify\"><span style=\"font-family: Times New Roman, serif\"><span style=\"font-size: large\">En el segundo libro, <\/span><\/span><span style=\"font-family: Times New Roman, serif\"><span style=\"font-size: large\"><i><b>El Destino de las Almas<\/b><\/i><\/span><\/span><span style=\"font-family: Times New Roman, serif\"><span style=\"font-size: large\">, publicado en el 2000, y clasificado como \u00abel Mejor Libro Metaf\u00edsico del A\u00f1o\u00bb en la feria del libro Book Expo de Chicago, el Dr. Newton explora con m\u00e1s detalle el funcionamiento interior del \u00e1mbito espiritual con la presentaci\u00f3n de otros 67 casos. Los temas tratados incluyen los planos astrales, los sistemas grupales de almas y la din\u00e1mica de comunidad, el consejo de los ancianos, el progresar del alma, las l\u00edneas del tiempo, las elecciones del cuerpo, como los esp\u00edritus se comunican con los vivos, y mucho m\u00e1s. Estos dos libros, que han sido ambos best-sellers y traducidos a m\u00e1s de veinticinco idiomas, incluyen lo que se puede considerar una gu\u00eda del viajero al reino espiritual.<\/span><\/span><\/p>\n<p class=\"western\" lang=\"es-ES\" align=\"justify\"><span style=\"font-family: Times New Roman, serif\"><span style=\"font-size: large\">El Dr. Newton, ahora retirado, ha entrenado a otros hipnoterapeutas durante a\u00f1os en las t\u00e9cnicas que \u00e9l utiliza para inducir la regresi\u00f3n hipn\u00f3tica a la vida entre las vidas. Su \u00faltimo libro, <\/span><\/span><span style=\"font-family: Times New Roman, serif\"><span style=\"font-size: large\"><i><b>La Vida entre Vidas: Hipnoterapia para la Regresi\u00f3n Espiritual<\/b><\/i><\/span><\/span><span style=\"font-family: Times New Roman, serif\"><span style=\"font-size: large\"> escrito para practicantes y publicado por Llewellyn Publications, es una gu\u00eda paso a paso en la metodolog\u00eda y las palabras clave utilizadas para facilitar la regresi\u00f3n hipn\u00f3tica a los reinos espirituales. Basado sobre todo en estudios de casos nuevos y m\u00e1s recientes, el libro ser\u00e1 interesante tambi\u00e9n para los no practicantes familiarizados con el trabajo del Dr. Newton, deseosos de m\u00e1s informaci\u00f3n sobre la vida entre las vidas.<\/span><\/span><\/p>\n<p class=\"western\" lang=\"es-ES\" align=\"justify\"><span style=\"font-family: Times New Roman, serif\"><span style=\"font-size: large\">Estos tres libros juntos representan la trilog\u00eda completa de lo que se puede describir como el progreso m\u00e1s sorprendente, transformador e innovador del conocimiento jam\u00e1s presentado a la raza humana. En las pruebas cient\u00edficas de reproducibilidad m\u00e1s recientes, los resultados de la investigaci\u00f3n del Dr. Newton han sido verificados por otros hipnoterapeutas de la Vida entre Vidas (LBL) localizados en todo el mundo.<\/span><\/span><\/p>\n<p class=\"western\" lang=\"es-ES\" align=\"justify\"><span style=\"font-family: Times New Roman, serif\"><span style=\"font-size: large\">El Dr. Newton, psic\u00f3logo asesor, maestro hipnoterapeuta, ense\u00f1ante y autor, es tambi\u00e9n el fundador de la Society for Spiritual Regression, una organizaci\u00f3n internacional creada con el objeto de entrenar a hipnoterapeutas experimentados en las t\u00e9cnicas utilizadas para la regresi\u00f3n a la vida entre vidas.<\/span><\/span><\/p>\n<p class=\"western\" lang=\"es-ES\" align=\"justify\">\u2013<span style=\"font-family: Times New Roman, serif\"><span style=\"font-size: large\"><b>Seg\u00fan la informaci\u00f3n, usted se top\u00f3 con la regresi\u00f3n a la vida entre las vidas por casualidad, a trav\u00e9s de una sesi\u00f3n rutinaria de una regresi\u00f3n con hipnosis a una vida pasada. \u00bfCu\u00e1les fueron las circunstancias que facilitaron ese descubrimiento?\u2013<\/b><\/span><\/span><\/p>\n<p class=\"western\" lang=\"es-ES\" align=\"justify\">\u2013<span style=\"font-family: Times New Roman, serif\"><span style=\"font-size: large\">Bueno, un d\u00eda acudi\u00f3 a m\u00ed una mujer con un problema de depresi\u00f3n, diciendo que se sent\u00eda aislada de la sociedad y que sent\u00eda una terrible a\u00f1oranza de estar con sus viejos amigos. Le pregunt\u00e9 si esos viejos amigos que ya no estaban eran amigos de la infancia, y dijo que no, que no los ve\u00eda en su vida ordinaria, solo en los sue\u00f1os. La puse en hipnosis profunda y le pregunt\u00e9 si esos amigos que echaba en falta eran quiz\u00e1 personas que hubiera conocido en alg\u00fan momento de su vida adulta. \u00abNo\u00bb, dijo. \u00bfEran acaso amigos de infancia que ya no estaban? \u00abNo\u00bb, dijo nuevamente. Empezamos entonces a explorar varias vidas pasadas y aparecieron un par de estos queridos amigos. Pero ella segu\u00eda diciendo que no hab\u00eda visto la mayor parte de ellos y que lo que realmente deseaba era verlos a todos juntos. Seg\u00fan ella, esto era lo que la hac\u00eda sentir tan aislada. Llegados a este punto, yo no ten\u00eda ni idea de donde <\/span><\/span><span style=\"font-family: Times New Roman, serif\"><span style=\"font-size: large\"><i>est\u00e1bamos<\/i><\/span><\/span><span style=\"font-family: Times New Roman, serif\"><span style=\"font-size: large\"> y empezaba a sentirme frustrado. No me daba cuenta de que se trataba de una mujer altamente receptiva que estaba profundizando de un modo que, como comprend\u00ed m\u00e1s tarde, era el modo apropiado de llevar a una persona a lo que yo llamo un estado supraconsciente. Sin darme cuenta, hab\u00eda utilizado con ella palabras que m\u00e1s tarde descubr\u00ed que eran \u00abpalabras clave\u00bb para facilitar el proceso de regresi\u00f3n espiritual. En este ejemplo se trataba de la palabra \u00abgrupo\u00bb. Finalmente le pregunt\u00e9 si hab\u00eda habido un tiempo de su existencia en que no se hubiera sentido sola porque estaba con su \u00abgrupo\u00bb de amigos, e inmediatamente exclam\u00f3: \u00ab\u00a1SI!\u00bb As\u00ed que simplemente le dije que fuera all\u00ed y en el instante siguiente, estaba con los ojos cerrados y riendo, indicando hacia la pared de mi despacho y diciendo \u00ab\u00a1Ahora los estoy viendo a todos!\u00bb Le pregunt\u00e9 donde nos encontr\u00e1bamos \u2013\u00bfest\u00e1bamos en una vida pasada?\u2013 \u00abNo, estoy en el mundo de los esp\u00edritus\u00bb, dijo. Esto me abri\u00f3 la puerta. Ya hab\u00eda estado implicado en regresiones a vidas pasadas, algo que nunca antes hab\u00eda utilizado en mi consulta <\/span><\/span><span style=\"font-family: Times New Roman, serif\"><span style=\"font-size: large\"><i>tradicional<\/i><\/span><\/span><span style=\"font-family: Times New Roman, serif\"><span style=\"font-size: large\">, as\u00ed se pod\u00eda decir que estaba listo para \u00abentrar en acci\u00f3n\u00bb en cuanto al trabajo metaf\u00edsico. Sin embargo los resultados de esta sesi\u00f3n produjeron un cambio radical en m\u00ed. Qued\u00e9 obsesionado con lo que hab\u00eda sucedido, escuchando la cinta una y otra vez, afinando con otros clientes, y lentamente este complejo rompecabezas empez\u00f3 a tomar forma.\u2013<\/span><\/span><\/p>\n<p class=\"western\" lang=\"es-ES\" align=\"justify\">\u2013<span style=\"font-family: Times New Roman, serif\"><span style=\"font-size: large\"><b>Y la comunidad acad\u00e9mica \u00bfc\u00f3mo recibi\u00f3 su trabajo?\u2013<\/b><\/span><\/span><\/p>\n<p class=\"western\" lang=\"es-ES\" align=\"justify\">\u2013<span style=\"font-family: Times New Roman, serif\"><span style=\"font-size: large\">Cuando hice este descubrimiento de que era posible llegar a la mente y al alma inmortal de las personas a trav\u00e9s de la hipnosis profunda, no le habl\u00e9 a nadie del tema. Naturalmente, la gente con la que trabajaba lo sab\u00eda y se lo cont\u00f3 a sus amigos, muchos de los cuales se convirtieron en clientes, pero no asist\u00ed a congresos metaf\u00edsicos, no fui a las librer\u00edas en busca de material metaf\u00edsico \u2013no quer\u00eda estar condicionado o influido por nada\u2013. Sencillamente, trabajaba solo intentando atar cabos. La mayor parte de la investigaci\u00f3n la hice en los a\u00f1os \u201960 y \u201970, y no empec\u00e9 a escribir <\/span><\/span><span style=\"font-family: Times New Roman, serif\"><span style=\"font-size: large\"><i><b>Viaje de las Almas<\/b><\/i><\/span><\/span><span style=\"font-family: Times New Roman, serif\"><span style=\"font-size: large\"> hasta los \u201980. Me tom\u00f3 bastantes a\u00f1os escribir el primer libro, porque nunca antes se hab\u00eda escrito nada parecido y yo quer\u00eda que se comprendiera bien el tema. Cuando finalmente lo publiqu\u00e9 y mis antiguos colegas lo vieron, \u00a1pensaron que hab\u00eda perdido la cabeza! \u00a1No pod\u00edan cre\u00e9rselo! Algunos quedaron fascinados, sobre todo los que trabajaban con hipnoterapia, pero en general no es un tema que interese a los psicoterapeutas muy convencionales. La gente que realmente acept\u00f3 mi trabajo fue el p\u00fablico en general que quer\u00eda saber c\u00f3mo era la vida en el otro lado, cual es el prop\u00f3sito de estar aqu\u00ed, por qu\u00e9 hab\u00edan escogido el cuerpo que ten\u00edan, etc.\u2013<\/span><\/span><\/p>\n<p class=\"western\" lang=\"es-ES\" align=\"justify\">\u2013<span style=\"font-family: Times New Roman, serif\"><span style=\"font-size: large\"><b>Para la mayor parte de la gente, tradicionalmente ha sido la Religi\u00f3n que ha cubierto esta necesidad de informaci\u00f3n relacionada con el m\u00e1s all\u00e1. Antes de su investigaci\u00f3n \u00bften\u00eda creencias religiosas o convicciones concretas?\u2013<\/b><\/span><\/span><\/p>\n<p class=\"western\" lang=\"es-ES\" align=\"justify\">\u2013<span style=\"font-family: Times New Roman, serif\"><span style=\"font-size: large\">No, no era miembro de ninguna religi\u00f3n o instituci\u00f3n y, francamente, sent\u00eda rechazo hacia ellas, y de alguna manera todav\u00eda lo siento, si bien respeto la fe de las personas porque es lo que nos sostiene. Mi vida religiosa, si acaso, consist\u00eda en la b\u00fasqueda filos\u00f3fica y el inter\u00e9s por la reencarnaci\u00f3n. Se podr\u00eda casi decir que era ateo y ha sido curioso para m\u00ed pensar por qu\u00e9 he sido \u00abescogido\u00bb por quien sea que hace la selecci\u00f3n, para hacer este trabajo y revelar esta informaci\u00f3n al p\u00fablico. No puedo pensar en nadie menos cualificado. Sin embargo, desde mi investigaci\u00f3n, mis clientes me han dado una nueva base de creencias espirituales y yo les debo mucho.\u2013<\/span><\/span><\/p>\n<p class=\"western\" lang=\"es-ES\" align=\"justify\">\u2013<span style=\"font-family: Times New Roman, serif\"><span style=\"font-size: large\"><b>\u00bfComo pod\u00eda estar seguro de que lo que la gente dec\u00eda era una experiencia espiritual aut\u00e9ntica y no una fantas\u00eda que se estuvieran inventando?\u2013<\/b><\/span><\/span><\/p>\n<p class=\"western\" lang=\"es-ES\" align=\"justify\">\u2013<span style=\"font-family: Times New Roman, serif\"><span style=\"font-size: large\">Bueno, una de las cosas principales que un investigador serio ha de hacer, es no sugerir nunca una respuesta a una pregunta. Esto causa prejuicios. Yo trataba cada caso como si estuviera escuchando la informaci\u00f3n por primera vez. Nunca hac\u00eda preguntas del tipo: \u00ab\u00bfVes esto?\u00bb, sino m\u00e1s bien preguntaba \u00ab\u00bfQu\u00e9 es lo que ves?\u00bb. Efectivamente al principio ten\u00eda miedo de que quiz\u00e1 la gente estuviera fantaseando, aunque sab\u00eda que en la hipnosis profunda esto no sucede. La gente simplemente no fantasea. Sus mentes est\u00e1n demasiado organizadas. Lo que me convenci\u00f3 a seguir con la investigaci\u00f3n fue la coherencia de los informes. Estaba asombrado de que, independientemente de la religi\u00f3n, cultura o nacionalidad de las personas, en cuanto se encontraban en hipnosis profunda, todos me dec\u00edan las mismas cosas. Adem\u00e1s, en los a\u00f1os pasados he entrenado a otras personas en el mundo para que hagan este trabajo, y sus resultados son los mismos que los m\u00edos. Esa es una validaci\u00f3n real y estoy encantado con ello.\u2013<\/span><\/span><\/p>\n<p class=\"western\" lang=\"es-ES\" align=\"justify\">\u2013<span style=\"font-family: Times New Roman, serif\"><span style=\"font-size: large\"><b>Hablando de las convicciones religiosas de sus clientes, \u00bfha encontrado si sus creencias sufren alg\u00fan tipo de cambio despu\u00e9s de experimentar su vida entre vidas bajo hipnosis?\u2013<\/b><\/span><\/span><\/p>\n<p class=\"western\" lang=\"es-ES\" align=\"justify\">\u2013<span style=\"font-family: Times New Roman, serif\"><span style=\"font-size: large\">A veces, cuando un cristiano, por ejemplo, entra por primera vez en el reino espiritual y ve a alguien que va hacia \u00e9l, dir\u00e1 algo como \u00abVeo a Jes\u00fas \u00a1que camina hacia m\u00ed!\u00bb Soy muy paciente con las personas, y cuidadoso con sus creencias religiosas. Les digo \u00ab\u00a1Eso es maravilloso! Dejemos que este ser se acerque un poco m\u00e1s y dime lo que ves.\u00bb Sin embargo, a medida que el ente se acerca cambian de opini\u00f3n y dicen \u00abNo, no es Jes\u00fas, es tal persona\u00bb, que podr\u00eda ser un amigo o su gu\u00eda espiritual. Despu\u00e9s de la sesi\u00f3n muchos se despiertan llorando de alegr\u00eda, agarrando con fuerza sus cintas grabadas. Lo que es m\u00e1s significativo para ellos es saber que m\u00e1s all\u00e1 de cualquier ense\u00f1anza religiosa que puedan haber recibido, esta informaci\u00f3n les llega directamente a trav\u00e9s del propio banco de datos de su memoria.\u2013<\/span><\/span><\/p>\n<p class=\"western\" lang=\"es-ES\" align=\"justify\">\u2013<span style=\"font-family: Times New Roman, serif\"><span style=\"font-size: large\"><b>\u00bfAlguna vez ha experimentado personalmente una regresi\u00f3n a la Vida entre Vidas?\u2013<\/b><\/span><\/span><\/p>\n<p class=\"western\" lang=\"es-ES\" align=\"justify\">\u2013<span style=\"font-family: Times New Roman, serif\"><span style=\"font-size: large\">S\u00ed, pero he de decirle que esper\u00e9 mucho tiempo antes de encontrar la persona adecuada. Soy muy quisquilloso. En uno de mis programas de entrenamiento, encontr\u00e9 una mujer psicoterapeuta muy intuitiva y h\u00e1bil, y le pregunt\u00e9 si estar\u00eda dispuesta a hacerme una sesi\u00f3n. Tuve una sesi\u00f3n maravillosa con ella.\u2013<\/span><\/span><\/p>\n<p class=\"western\" lang=\"es-ES\" align=\"justify\">\u2013<span style=\"font-family: Times New Roman, serif\"><span style=\"font-size: large\"><b>Usted, o alguno de sus clientes, \u00bfhan revisado viejos documentos para verificar vidas pasadas m\u00e1s recientes?\u2013<\/b><\/span><\/span><\/p>\n<p class=\"western\" lang=\"es-ES\" align=\"justify\">\u2013<span style=\"font-family: Times New Roman, serif\"><span style=\"font-size: large\">Algunos clientes comprueban la veracidad de su experiencia a trav\u00e9s de viejos documentos, si est\u00e1n disponibles. Aunque en general dejo esas comprobaciones para el cliente, recientemente segu\u00ed yo mismo un caso, sobre todo porque sucedi\u00f3 cerca de donde vivo en High Sierras. Esta mujer dijo que hab\u00eda sido un miembro del Grupo Donner, que se hab\u00edan perdido en las monta\u00f1as y tuvieron que recurrir al canibalismo para sobrevivir. El centro donde esto sucedi\u00f3 no est\u00e1 lejos de mi casa, de manera que pude revisar viejos diarios y verificar lo que hab\u00eda dicho esta mujer. \u00a1Fue sorprendente lo que ella sab\u00eda!\u2013<\/span><\/span><\/p>\n<p class=\"western\" lang=\"es-ES\" align=\"justify\">\u2013<span style=\"font-family: Times New Roman, serif\"><span style=\"font-size: large\"><b>\u00bfTiene alguna teor\u00eda del por qu\u00e9, a estas alturas de la historia, finalmente podemos tener acceso a la informaci\u00f3n relacionada con nuestra vida entre vidas?\u2013<\/b><\/span><\/span><\/p>\n<p class=\"western\" lang=\"es-ES\" align=\"justify\">\u2013<span style=\"font-family: Times New Roman, serif\"><span style=\"font-size: large\">Personalmente, pienso que hay dos factores activos aqu\u00ed: uno es la tremenda sobrepoblaci\u00f3n de la Tierra. Nunca antes en la historia ha habido tanta gente viva sobre la Tierra, y somos como ratas en un laberinto \u2013especialmente la gente que vive en las grandes ciudades\u2013 y esto produce una p\u00e9rdida de la identidad. Yo creo que los poderes existentes quiz\u00e1 nos han permitido a m\u00ed y a otros descubrir un poco m\u00e1s de informaci\u00f3n de lo que quiz\u00e1 se hubiera permitido en \u00e9pocas anteriores a causa de este hecho. La segunda raz\u00f3n, creo, es el uso extendido de drogas. Ciertamente el alcohol ha sido usado durante miles de a\u00f1os. Sin embargo, ahora los escolares de primaria tienen acceso a drogas, como la coca y la hero\u00edna, y quedan drogados hasta perder el sentido. Esto es precisamente lo que nuestros gu\u00edas y maestros no quieren que hagamos. El alma no puede funcionar con una mente drogada. No estamos aqu\u00ed para escapar de la realidad.\u2013<\/span><\/span><\/p>\n<p class=\"western\" lang=\"es-ES\" align=\"justify\">\u2013<span style=\"font-family: Times New Roman, serif\"><span style=\"font-size: large\"><b>Su \u00faltimo libro, <\/b><\/span><\/span><span style=\"font-family: Times New Roman, serif\"><span style=\"font-size: large\"><i><b>Vida entre Vidas: Hipnoterapia para la Regresi\u00f3n Espiritual<\/b><\/i><\/span><\/span><span style=\"font-family: Times New Roman, serif\"><span style=\"font-size: large\"><b>, da instrucciones detalladas para que un hipnoterapeuta pueda llevar a cabo regresiones de Vida entre Vidas. \u00bfEs esto lo \u00fanico que necesita un hipnoterapeuta para empezar a realizar regresiones de Vida entre Vidas, o recomienda un entrenamiento adicional?\u2013<\/b><\/span><\/span><\/p>\n<p class=\"western\" lang=\"es-ES\" align=\"justify\">\u2013<span style=\"font-family: Times New Roman, serif\"><span style=\"font-size: large\">Aunque un hipnoterapeuta experimentado podr\u00eda te\u00f3ricamente utilizar mi libro como gu\u00eda para realizar regresiones hipn\u00f3ticas de Vida entre Vidas, una sesi\u00f3n real necesita entre tres y cuatro horas y representa un gran esfuerzo mental y f\u00edsico tanto para el terapeuta como para el cliente. La mayor parte de hipnoterapeutas acostumbran a realizar sesiones utilizando solo el estado <\/span><\/span><span style=\"font-family: Times New Roman, serif\"><span style=\"font-size: large\"><i>alpha<\/i><\/span><\/span><span style=\"font-family: Times New Roman, serif\"><span style=\"font-size: large\">, que duran unos 45 minutos. Para una regresi\u00f3n de Vida entre Vidas el cliente ha de estar en un estado <\/span><\/span><span style=\"font-family: Times New Roman, serif\"><span style=\"font-size: large\"><i>theta<\/i><\/span><\/span><span style=\"font-family: Times New Roman, serif\"><span style=\"font-size: large\">, que alcanzamos justo antes de dormirnos, y normalmente se necesita una hora s\u00f3lo para que el cliente alcance ese estado antes de que se pueda ni siquiera iniciar el trabajo. Para este tipo de trabajo se necesita un tipo especial de terapeuta. Claramente no est\u00e1 al alcance de cualquiera, y yo recomiendo encarecidamente un entrenamiento adicional antes de intentar incluir la regresi\u00f3n de Vida entre Vidas en la propia consulta.\u2013<\/span><\/span><\/p>\n<p class=\"western\" lang=\"es-ES\" align=\"justify\"><span style=\"font-family: Times New Roman, serif\"><span style=\"font-size: large\"><i>Mary Arsenault es la editora del Wisdom Magazine. Para m\u00e1s informaci\u00f3n sobre el Dr. Michael Newton y entrenamientos previstos, vis\u00edtese esta web:<\/i><\/span><\/span><\/p>\n<p class=\"western\" lang=\"es-ES\" align=\"justify\"><span style=\"color: #0000ff\"><u><a href=\"https:\/\/www.neewtoninstitute.org\/\"><span style=\"font-family: Times New Roman, serif\"><span style=\"font-size: large\">https:\/\/www.neewtoninstitute.org\/<\/span><\/span><\/a><\/u><\/span><\/p>\n<p class=\"western\" lang=\"es-ES\" align=\"justify\"><span style=\"font-family: Times New Roman, serif\"><span style=\"font-size: large\">Enlace de la entrevista original en ingl\u00e9s:<\/span><\/span><\/p>\n<p class=\"western\" lang=\"es-ES\" align=\"justify\"><span style=\"color: #0000ff\"><u><a href=\"http:\/\/www.souljourneying.com\/articles\/article\/2133640\/28077.htm\"><span style=\"font-family: Times New Roman, serif\"><span style=\"font-size: large\">http:\/\/www.souljourneying.com\/articles\/article\/2133640\/28077.htm<\/span><\/span><\/a><\/u><\/span><\/p>\n<p class=\"western\" lang=\"es-ES\" align=\"justify\"><span style=\"font-family: Times New Roman, serif\"><span style=\"font-size: large\"><b>Traducci\u00f3n del ingl\u00e9s: Loto Perrella.<\/b><\/span><\/span><\/p>","protected":false},"excerpt":{"rendered":"<p>La Mente: una entrevista con el Dr. Michael Newton, por Mary Arsenault. Wisdom Magazine. In Memoriam, Michael Newton (1931-2016). Mi\u00e9rcoles, 1 de diciembre de 2004. En 1994, la vida tal &hellip; <a href=\"https:\/\/animaweb.blog.pangea.org\/es\/la-ment-una-entrevista-amb-el-dr-michael-newton-per-mary-arsenault\/\" class=\"more-link\">Continuar leyendo<span class=\"screen-reader-text\"> \u00abLa Mente: una entrevista con el Dr. Michael Newton, por Mary Arsenault.\u00bb<\/span><\/a><\/p>\n","protected":false},"author":12345698,"featured_media":0,"parent":0,"menu_order":0,"comment_status":"closed","ping_status":"closed","template":"","meta":{"ngg_post_thumbnail":0,"footnotes":""},"class_list":["post-57","page","type-page","status-publish","hentry"],"_links":{"self":[{"href":"https:\/\/animaweb.blog.pangea.org\/es\/wp-json\/wp\/v2\/pages\/57","targetHints":{"allow":["GET"]}}],"collection":[{"href":"https:\/\/animaweb.blog.pangea.org\/es\/wp-json\/wp\/v2\/pages"}],"about":[{"href":"https:\/\/animaweb.blog.pangea.org\/es\/wp-json\/wp\/v2\/types\/page"}],"author":[{"embeddable":true,"href":"https:\/\/animaweb.blog.pangea.org\/es\/wp-json\/wp\/v2\/users\/12345698"}],"replies":[{"embeddable":true,"href":"https:\/\/animaweb.blog.pangea.org\/es\/wp-json\/wp\/v2\/comments?post=57"}],"version-history":[{"count":8,"href":"https:\/\/animaweb.blog.pangea.org\/es\/wp-json\/wp\/v2\/pages\/57\/revisions"}],"predecessor-version":[{"id":1932,"href":"https:\/\/animaweb.blog.pangea.org\/es\/wp-json\/wp\/v2\/pages\/57\/revisions\/1932"}],"wp:attachment":[{"href":"https:\/\/animaweb.blog.pangea.org\/es\/wp-json\/wp\/v2\/media?parent=57"}],"curies":[{"name":"wp","href":"https:\/\/api.w.org\/{rel}","templated":true}]}}