{"id":394,"date":"2019-08-02T22:03:57","date_gmt":"2019-08-02T20:03:57","guid":{"rendered":"https:\/\/animaweb.cat\/?page_id=394"},"modified":"2022-12-25T21:19:53","modified_gmt":"2022-12-25T19:19:53","slug":"llistes-de-correu","status":"publish","type":"page","link":"https:\/\/animaweb.blog.pangea.org\/es\/llistes-de-correu\/","title":{"rendered":"Listas de correo"},"content":{"rendered":"<p lang=\"es-ES\" align=\"center\"><span style=\"font-size: large\"><b>Listas de correo del sitio web \u00abEn cuerpo y alma\u00bb.<\/b><\/span><\/p>\n<p lang=\"es-ES\" align=\"justify\"><span style=\"font-size: large\">Tenemos a vuestra disposici\u00f3n un servicio de mensajer\u00eda, mediante el sistema \u00ab<em>PHP\u00a0List<\/em>\u00bb, para daros a conocer las novedades del sitio web \u00ab<i>En cuerpo y alma<\/i>\u00bb. Las noticias est\u00e1n relacionadas con la evoluci\u00f3n espiritual mediante la reencarnaci\u00f3n con la ayuda de los testigos, como los de los practicantes de la <i>Terapia de Vidas Pasadas<\/i> (<i>TVP<\/i>) y la <i>Terapia de la Posesi\u00f3n Espiritual<\/i>. La definici\u00f3n fundacional de nuestros objetivos est\u00e1 determinada en <a href=\"\/es\/objectius\/\">este\u00a0enlace<\/a>.<\/span><\/p>\n<p lang=\"es-ES\" align=\"justify\"><span style=\"font-size: large\">Actualmente, ofrecemos los siguientes tipos de listados p\u00fablicos a los cuales os pod\u00e9is subscribir:<\/span><\/p>\n<ul>\n<li>\n<p lang=\"es-ES\" align=\"justify\"><span style=\"font-size: large\">Listado en castellano (newsletter-animaweb-castellano).<\/span><\/p>\n<\/li>\n<li>\n<p lang=\"es-ES\" align=\"justify\"><span style=\"font-size: large\">Listado en catal\u00e1n (newsletter-animaweb-catala).<\/span><\/p>\n<\/li>\n<li>\n<p lang=\"es-ES\" align=\"justify\"><span style=\"font-size: large\">Listado en ingl\u00e9s (newsletter-animaweb-english).<\/span><\/p>\n<\/li>\n<\/ul>\n<p lang=\"es-ES\" align=\"justify\"><span style=\"font-size: large\">Para daros de alta o de baja dentro de uno o m\u00e1s de nuestros listados, ten\u00e9is que llenar el formulario respectivo que aparecer\u00e1 en el siguiente enlace y responder a la verificaci\u00f3n que os vendr\u00e1 a la direcci\u00f3n de correo electr\u00f3nica que hab\u00e9is se\u00f1alado. Con la respuesta a esta verificaci\u00f3n nos aseguramos que sois vosotros quienes solicit\u00e1is recibir nuestros mensajes.<\/span><\/p>\n<p lang=\"es-ES\" align=\"justify\"><span style=\"font-size: large\">Enlace para solicitar altas y bajas en el listado:<\/span><\/p>\n<p lang=\"es-ES\" align=\"justify\"><span style=\"font-size: large\"><a href=\"http:\/\/lista.animaweb.cat\/\">http:\/\/lista.animaweb.cat\/<\/a><\/span><\/p>\n<p lang=\"es-ES\" align=\"justify\"><span style=\"font-size: large\">Pantalla que os aparecer\u00e1 cuando acced\u00e1is al enlace precedente:<\/span><\/p>\n<p lang=\"es-ES\" style=\"text-align: center\" align=\"justify\"><img loading=\"lazy\" decoding=\"async\" class=\"wp-image-1675 size-full aligncenter\" src=\"https:\/\/animaweb.cat\/files\/2022\/01\/Pantalla_de_subscripcio_al_lloc_web_En_cos_i_anima_catala_castellano_English_72ppp_600x402px.png\" alt=\"\" width=\"600\" height=\"402\" srcset=\"https:\/\/animaweb.blog.pangea.org\/files\/2022\/01\/Pantalla_de_subscripcio_al_lloc_web_En_cos_i_anima_catala_castellano_English_72ppp_600x402px.png 600w, https:\/\/animaweb.blog.pangea.org\/files\/2022\/01\/Pantalla_de_subscripcio_al_lloc_web_En_cos_i_anima_catala_castellano_English_72ppp_600x402px-300x201.png 300w\" sizes=\"auto, (max-width: 600px) 85vw, 600px\" \/><\/p>\n<p lang=\"es-ES\" align=\"justify\"><span style=\"font-size: large\">Enlace para solicitar altas o modificaciones:<\/span><\/p>\n<p lang=\"es-ES\" align=\"justify\"><span style=\"font-size: large\"><a href=\"http:\/\/lista.animaweb.cat\/?p=subscribe&amp;id=2\">http:\/\/lista.animaweb.cat\/?p=subscribe&amp;id=2<\/a><\/span><\/p>\n<p lang=\"es-ES\" align=\"justify\"><span style=\"font-size: large\">Pantalla que os aparecer\u00e1 cuando acced\u00e1is al enlace precedente:<\/span><\/p>\n<p lang=\"es-ES\" style=\"text-align: center\" align=\"justify\"><img loading=\"lazy\" decoding=\"async\" class=\"aligncenter size-full wp-image-1677\" src=\"https:\/\/animaweb.cat\/files\/2022\/01\/Pantalla_de_subscripcio_al_lloc_web_En_cos_i_anima_castellano_72ppp_600x429px.png\" alt=\"\" width=\"600\" height=\"429\" srcset=\"https:\/\/animaweb.blog.pangea.org\/files\/2022\/01\/Pantalla_de_subscripcio_al_lloc_web_En_cos_i_anima_castellano_72ppp_600x429px.png 600w, https:\/\/animaweb.blog.pangea.org\/files\/2022\/01\/Pantalla_de_subscripcio_al_lloc_web_En_cos_i_anima_castellano_72ppp_600x429px-300x215.png 300w\" sizes=\"auto, (max-width: 600px) 85vw, 600px\" \/><\/p>\n<p lang=\"es-ES\" align=\"justify\"><span style=\"font-size: large\">Enlace para daros de baja:<\/span><\/p>\n<p lang=\"es-ES\" align=\"justify\"><span style=\"font-size: large\"><a href=\"http:\/\/lista.animaweb.cat\/?p=unsubscribe&amp;id=2\">http:\/\/lista.animaweb.cat\/?p=unsubscribe&amp;id=2<\/a><\/span><\/p>\n<p lang=\"es-ES\" align=\"justify\"><span style=\"font-size: large\">Pantalla que os aparecer\u00e1 cuando acced\u00e1is al enlace precedente:<\/span><\/p>\n<p lang=\"es-ES\" style=\"text-align: center\" align=\"justify\"><img loading=\"lazy\" decoding=\"async\" class=\"aligncenter size-full wp-image-1680\" src=\"https:\/\/animaweb.cat\/files\/2022\/01\/Pantalla_de_baixa_al_lloc_web_En_cos_i_anima_castellano_72ppp_600x275px.png\" alt=\"\" width=\"600\" height=\"275\" srcset=\"https:\/\/animaweb.blog.pangea.org\/files\/2022\/01\/Pantalla_de_baixa_al_lloc_web_En_cos_i_anima_castellano_72ppp_600x275px.png 600w, https:\/\/animaweb.blog.pangea.org\/files\/2022\/01\/Pantalla_de_baixa_al_lloc_web_En_cos_i_anima_castellano_72ppp_600x275px-300x138.png 300w\" sizes=\"auto, (max-width: 600px) 85vw, 600px\" \/><\/p>\n<p lang=\"es-ES\" align=\"justify\"><span style=\"font-size: large\">Si os d\u00e1is de alta, aseguraos que nuestra direcci\u00f3n de correo electr\u00f3nica info<img loading=\"lazy\" decoding=\"async\" class=\"alignnone size-full wp-image-401\" src=\"https:\/\/animaweb.cat\/files\/2019\/08\/A_que_dansa.gif\" alt=\"\" width=\"25\" height=\"23\" \/>animaweb.cat est\u00e9 dada de alta en el listado de direcciones de vuestro gestor de correo, para que nuestros mensajes no vayan a parar adentro de vuestra papelera de correo basura.<\/span><\/p>\n<p lang=\"es-ES\" align=\"justify\"><span style=\"font-size: large\">Igualmente verificad que nuestros mensajes no vayan a parar a la papelera de correo basura hasta que vuestro gestor de correo haya aprendido a reconocer nuestra direcci\u00f3n como un remitente fiable.<\/span><\/p>\n<p lang=\"es-ES\" align=\"justify\"><span style=\"font-size: large\">Muchas gracias por vuestra colaboraci\u00f3n e inter\u00e9s.<\/span><\/p>\n<p lang=\"es-ES\" align=\"right\"><span style=\"font-size: large\">Equipo de \u00ab<i>En cuerpo y alma<\/i>\u00bb.<\/span><\/p>\n<p lang=\"es-ES\" style=\"text-align: center\" align=\"right\"><img loading=\"lazy\" decoding=\"async\" class=\"aligncenter size-full wp-image-402\" src=\"https:\/\/animaweb.cat\/files\/2019\/08\/PHPList_logotip_400x124px.jpg\" alt=\"\" width=\"400\" height=\"124\" srcset=\"https:\/\/animaweb.blog.pangea.org\/files\/2019\/08\/PHPList_logotip_400x124px.jpg 400w, https:\/\/animaweb.blog.pangea.org\/files\/2019\/08\/PHPList_logotip_400x124px-300x93.jpg 300w\" sizes=\"auto, (max-width: 400px) 85vw, 400px\" \/><\/p>","protected":false},"excerpt":{"rendered":"<p>Listas de correo del sitio web \u00abEn cuerpo y alma\u00bb. Tenemos a vuestra disposici\u00f3n un servicio de mensajer\u00eda, mediante el sistema \u00abPHP\u00a0List\u00bb, para daros a conocer las novedades del sitio &hellip; <a href=\"https:\/\/animaweb.blog.pangea.org\/es\/llistes-de-correu\/\" class=\"more-link\">Continuar leyendo<span class=\"screen-reader-text\"> \u00abListas de correo\u00bb<\/span><\/a><\/p>\n","protected":false},"author":12345698,"featured_media":0,"parent":0,"menu_order":0,"comment_status":"closed","ping_status":"closed","template":"","meta":{"ngg_post_thumbnail":0,"footnotes":""},"class_list":["post-394","page","type-page","status-publish","hentry"],"_links":{"self":[{"href":"https:\/\/animaweb.blog.pangea.org\/es\/wp-json\/wp\/v2\/pages\/394","targetHints":{"allow":["GET"]}}],"collection":[{"href":"https:\/\/animaweb.blog.pangea.org\/es\/wp-json\/wp\/v2\/pages"}],"about":[{"href":"https:\/\/animaweb.blog.pangea.org\/es\/wp-json\/wp\/v2\/types\/page"}],"author":[{"embeddable":true,"href":"https:\/\/animaweb.blog.pangea.org\/es\/wp-json\/wp\/v2\/users\/12345698"}],"replies":[{"embeddable":true,"href":"https:\/\/animaweb.blog.pangea.org\/es\/wp-json\/wp\/v2\/comments?post=394"}],"version-history":[{"count":26,"href":"https:\/\/animaweb.blog.pangea.org\/es\/wp-json\/wp\/v2\/pages\/394\/revisions"}],"predecessor-version":[{"id":2279,"href":"https:\/\/animaweb.blog.pangea.org\/es\/wp-json\/wp\/v2\/pages\/394\/revisions\/2279"}],"wp:attachment":[{"href":"https:\/\/animaweb.blog.pangea.org\/es\/wp-json\/wp\/v2\/media?parent=394"}],"curies":[{"name":"wp","href":"https:\/\/api.w.org\/{rel}","templated":true}]}}