{"id":286,"date":"2018-09-10T14:52:19","date_gmt":"2018-09-10T12:52:19","guid":{"rendered":"https:\/\/animaweb.cat\/?page_id=286"},"modified":"2023-01-20T19:36:18","modified_gmt":"2023-01-20T17:36:18","slug":"tipus-de-karma-karma-collectiu-fama-objectiu-i-perdo-cites-dels-savis","status":"publish","type":"page","link":"https:\/\/animaweb.blog.pangea.org\/es\/tipus-de-karma-karma-collectiu-fama-objectiu-i-perdo-cites-dels-savis\/","title":{"rendered":"Tipos de karma, karma colectivo, fama, objetivo y perd\u00f3n. Citas de los sabios."},"content":{"rendered":"<p class=\"western\" lang=\"es-ES\" align=\"center\"><span style=\"font-family: Times New Roman, serif\"><span style=\"font-size: x-large\"><b>Tipos de karma, karma colectivo, fama, objetivo y perd\u00f3n. Citas de los sabios.<\/b><\/span><\/span><\/p>\n<p class=\"western\" lang=\"es-ES\" align=\"justify\"><span style=\"font-family: Times New Roman, serif\"><span style=\"font-size: large\"><img loading=\"lazy\" decoding=\"async\" class=\"alignleft wp-image-209 size-full\" title=\"Lazos de amor (solo el amor es real). 1997.\" src=\"https:\/\/animaweb.cat\/files\/2018\/02\/Doctor_Brian_Weiss_Lazos_de_amor_portada_castellano_200x267px.png\" alt=\"Lazos de amor (solo el amor es real). 1997.\" width=\"200\" height=\"267\" \/>A trav\u00e9s del cuerpo de los pacientes del Doctor Brian Weiss sometidos a regresi\u00f3n hipn\u00f3tica, no s\u00f3lo se puede acceder al pasado de su alma en busca de un hecho traum\u00e1tico, si no que tambi\u00e9n almas de diferentes sabios o maestros pueden intervenir para transmitir al terapeuta explicaciones acerca de la evoluci\u00f3n espiritual.<\/span><\/span><\/p>\n<p class=\"western\" align=\"justify\"><span style=\"font-family: Times New Roman, serif\"><span style=\"font-size: large\"><span lang=\"es-ES\">En el siguiente relato se concatenan varias citas de sabios dando su explicaci\u00f3n acerca de los diferentes tipos de karma, incluyendo el karma colectivo, pasando por la cuesti\u00f3n de la fama, y la necesidad de perdonar y ser perdonado.<\/span><\/span><\/span><\/p>\n<hr \/>\n<p class=\"western\" lang=\"es-ES\" align=\"center\"><span style=\"font-family: Times New Roman, serif\"><span style=\"font-size: large\"><b>Citas de los sabios.<\/b><\/span><\/span><\/p>\n<blockquote class=\"western\" lang=\"es-ES\">\n<p style=\"text-align: justify\"><span style=\"font-family: Times New Roman, serif\"><span style=\"font-size: large\">A veces los mensajes no son tan psicol\u00f3gicos y parecen proceder de una fuente m\u00e1s tradicional, m\u00e1s did\u00e1ctica.<\/span><\/span><\/p>\n<\/blockquote>\n<blockquote class=\"western\" lang=\"es-ES\">\n<p style=\"text-align: justify\"><span style=\"font-family: Times New Roman, serif\"><span style=\"font-size: large\">El estilo es algo diferente, casi como si se tratara de un dictado.<\/span><\/span><\/p>\n<\/blockquote>\n<blockquote class=\"western\" lang=\"es-ES\">\n<p style=\"text-align: justify\">\u2013<span style=\"font-family: Times New Roman, serif\"><span style=\"font-size: large\">Existen varios tipos de karma, de deudas por saldar. El karma individual corresponde a las propias obligaciones de la entidad, que s\u00f3lo le pertenecen a ella. Pero tambi\u00e9n hay un karma colectivo, las deudas del grupo, y existen diversos grupos: religiones, razas, nacionalidades, etc. En un nivel m\u00e1s amplio, est\u00e0 el karma planetario, que afecta el destino del planeta y sus consecuencias. En el karma colectivo, no s\u00f3lo hay deudas individuales acumuladas y sedimentadas, sino que sus consecuencias terminan por atribuirse al grupo, al pa\u00eds o al planeta. La aplicaci\u00f3n de este karma colectivo determina el futuro del grupo o del pa\u00eds. Pero tambi\u00e9n se aplica al individuo que se reencarna dentro del grupo o del pa\u00eds, o al mismo tiempo y en relaci\u00f3n con ese grupo o pa\u00eds aunque no pertenezca a \u00e9l, o en una \u00e9poca posterior&#8230;<\/span><\/span><\/p>\n<\/blockquote>\n<blockquote class=\"western\">\n<p style=\"text-align: justify\"><span style=\"font-family: Times New Roman, serif\"><span style=\"font-size: large\"><span lang=\"es-ES\">La acci\u00f3n se convierte en una acci\u00f3n correcta cuando se lleva a cabo a lo largo del Camino, a trav\u00e9s del Sendero que conduce a Dios. El resto de caminos acaban siendo falsos senderos o espejismos, y la acci\u00f3n que se lleva a cabo a lo largo de ellos no es la acci\u00f3n correcta. As\u00ed pues, la acci\u00f3n correcta estimula la espiritualidad de la persona y su recuperaci\u00f3n. Toda acci\u00f3n que favorezca la justicia, la misericordia, el amor, la sabidur\u00eda y todos los atributos que denominamos divinos o espirituales es inevitablemente una acci\u00f3n correcta. El fruto de la acci\u00f3n correcta es la meta deseada. Los frutos de las acciones que se llevan a cabo por los otros caminos son transitorios, ilusorios y falsos. Son frutos tentadores y enga\u00f1osos, pero no son lo que realmente deseamos. Los frutos de una acci\u00f3n correcta abarcan todos nuestros objetivos y anhelos y todo lo que necesitamos y deseamos.<\/span><\/span><\/span><\/p>\n<\/blockquote>\n<blockquote class=\"western\">\n<p style=\"text-align: justify\"><span style=\"font-family: Times New Roman, serif\"><span style=\"font-size: large\"><span lang=\"es-ES\">La fama es un buen ejemplo. Todo aquel que persigue la fama como una meta en la vida, probablemente la obtendr\u00e1 durante un tiempo. Pero esta fama ser\u00e1 pasajera e insatisfactoria. Sin embargo, si la fama llega de un modo espont\u00e1neo, como resultado de la acci\u00f3n correcta, acci\u00f3n llevada a cabo en el Camino, durar\u00e1 y ser\u00e1 verdadera, aunque para la persona que se halla en el Camino esto no ser\u00e1 importante. He aqu\u00ed la diferencia entre el deseo ego\u00edsta de fama, por parte de la persona, y la fama no buscada y no deseada, que es el resultado de la acci\u00f3n correcta. La primera es ilusoria y ef\u00edmera. La segunda es real y duradera, y es fiel al alma. En el primer caso se acumula al karma, y es necesario saldarlo; en el segundo no.<\/span><\/span><\/span><\/p>\n<\/blockquote>\n<blockquote class=\"western\">\n<p style=\"text-align: justify\"><span style=\"font-family: Times New Roman, serif\"><span style=\"font-size: large\"><span lang=\"es-ES\">A veces los mensajes se suceden como destellos y son muy concisos.<\/span><\/span><\/span><\/p>\n<\/blockquote>\n<blockquote class=\"western\">\n<p style=\"text-align: justify\">\u2013<span style=\"font-family: Times New Roman, serif\"><span style=\"font-size: large\"><span lang=\"es-ES\">El objetivo no es ganar sino abrirse.<\/span><\/span><\/span><\/p>\n<\/blockquote>\n<blockquote class=\"western\" lang=\"es-ES\">\n<p style=\"text-align: justify\"><span style=\"font-family: Times New Roman, serif\"><span style=\"font-size: large\">Luego, como si les volviera a tocar el turno, los mensajes son de nuevo m\u00e1s psicol\u00f3gicos y adquieren la forma de impresiones que se suceden una detr\u00e1s de otra, como centelleos.<\/span><\/span><\/p>\n<\/blockquote>\n<blockquote class=\"western\">\n<p style=\"text-align: justify\">\u2013<span style=\"font-family: Times New Roman, serif\"><span style=\"font-size: large\"><span lang=\"es-ES\">Dios perdona, per\u00f2 tambi\u00e9n debes ser perdonado por los dem\u00e1s, y tienes que perdonarlos a ellos. El perd\u00f3n tambi\u00e9n es una responsabilidad tuya. Debes perdonar y ser perdonado. El psicoan\u00e1lisis no repara los da\u00f1os. Tienes que ir m\u00e1s all\u00e1 del entendimiento y realizar cambios, mejorar el mundo, arreglar las relaciones, perdonar a los dem\u00e1s y aceptar su perd\u00f3n. Es sumamente importante perseguir la virtud sin descanso. Solamente hablar de ella no es suficiente. Entender con el intelecto y no aplicar un remedio tampoco es suficiente. Pero expresar el amor s\u00ed lo es.<\/span><\/span><\/span><\/p>\n<\/blockquote>\n<p class=\"western\" align=\"justify\"><span style=\"font-family: Times New Roman, serif\"><span style=\"font-size: large\"><span lang=\"es-ES\">Doctor Brian Weiss. <\/span><\/span><\/span><span style=\"font-family: Times New Roman, serif\"><span style=\"font-size: large\"><span lang=\"es-ES\"><i>Lazos de amor<\/i><\/span><\/span><\/span><span style=\"font-family: Times New Roman, serif\"><span style=\"font-size: large\"><span lang=\"es-ES\">. Primera edici\u00f3n castellana en r\u00fastica de la Editorial Vergara. P\u00e1ginas 91-93.<br \/>\n<\/span><\/span><\/span><span style=\"font-family: Times New Roman, serif\"><span style=\"font-size: large\"><b>Correcci\u00f3n respecto la versi\u00f3n inglesa original: Loto Perrella.<\/b><\/span><\/span><\/p>","protected":false},"excerpt":{"rendered":"<p>Tipos de karma, karma colectivo, fama, objetivo y perd\u00f3n. Citas de los sabios. A trav\u00e9s del cuerpo de los pacientes del Doctor Brian Weiss sometidos a regresi\u00f3n hipn\u00f3tica, no s\u00f3lo &hellip; <a href=\"https:\/\/animaweb.blog.pangea.org\/es\/tipus-de-karma-karma-collectiu-fama-objectiu-i-perdo-cites-dels-savis\/\" class=\"more-link\">Continuar leyendo<span class=\"screen-reader-text\"> \u00abTipos de karma, karma colectivo, fama, objetivo y perd\u00f3n. Citas de los sabios.\u00bb<\/span><\/a><\/p>\n","protected":false},"author":12345698,"featured_media":0,"parent":0,"menu_order":0,"comment_status":"closed","ping_status":"closed","template":"","meta":{"ngg_post_thumbnail":0,"footnotes":""},"class_list":["post-286","page","type-page","status-publish","hentry"],"_links":{"self":[{"href":"https:\/\/animaweb.blog.pangea.org\/es\/wp-json\/wp\/v2\/pages\/286","targetHints":{"allow":["GET"]}}],"collection":[{"href":"https:\/\/animaweb.blog.pangea.org\/es\/wp-json\/wp\/v2\/pages"}],"about":[{"href":"https:\/\/animaweb.blog.pangea.org\/es\/wp-json\/wp\/v2\/types\/page"}],"author":[{"embeddable":true,"href":"https:\/\/animaweb.blog.pangea.org\/es\/wp-json\/wp\/v2\/users\/12345698"}],"replies":[{"embeddable":true,"href":"https:\/\/animaweb.blog.pangea.org\/es\/wp-json\/wp\/v2\/comments?post=286"}],"version-history":[{"count":30,"href":"https:\/\/animaweb.blog.pangea.org\/es\/wp-json\/wp\/v2\/pages\/286\/revisions"}],"predecessor-version":[{"id":2374,"href":"https:\/\/animaweb.blog.pangea.org\/es\/wp-json\/wp\/v2\/pages\/286\/revisions\/2374"}],"wp:attachment":[{"href":"https:\/\/animaweb.blog.pangea.org\/es\/wp-json\/wp\/v2\/media?parent=286"}],"curies":[{"name":"wp","href":"https:\/\/api.w.org\/{rel}","templated":true}]}}