{"id":281,"date":"2018-09-10T12:51:15","date_gmt":"2018-09-10T10:51:15","guid":{"rendered":"https:\/\/animaweb.cat\/?page_id=281"},"modified":"2023-02-16T06:05:05","modified_gmt":"2023-02-16T04:05:05","slug":"cites-i-testimonis","status":"publish","type":"page","link":"https:\/\/animaweb.blog.pangea.org\/es\/cites-i-testimonis\/","title":{"rendered":"Citas y testimonios"},"content":{"rendered":"<p lang=\"es-ES\" style=\"text-align: justify\" align=\"justify\"><span style=\"font-family: Times New Roman, serif\"><span style=\"font-size: x-large\"><b><a href=\"\/es\/respectar-els-individus-de-les-altres-condicions-el-testimoni-develyn\/\">Respetar los individuos de las otras condiciones. El testimonio de Evelyn.<\/a><\/b><\/span><\/span><br \/>\n<span style=\"font-family: Times New Roman, serif\"><span style=\"font-size: large\"><i>Este caso del Doctor Brian Weiss pertenece a una paciente que aqu\u00ed toma el nombre de Evelyn, donde se evidencia la necesidad de aprender a respetar a las personas que pertenecen a un colectivo ajeno.<\/i><\/span><\/span><br \/>\n<span style=\"font-family: Times New Roman, serif\"><span style=\"font-size: large\">Doctor Brian Weiss. <i>Muchos cuerpos, una misma alma<\/i>. Primera edici\u00f3n castellana en r\u00fastica de la Editorial Vergara. P\u00e1ginas 65 a 74.<\/span><\/span><br \/>\n<span style=\"font-family: Times New Roman, serif\"><span style=\"font-size: large\"><b>Correcci\u00f3n respecto la versi\u00f3n original inglesa: Loto Perrella.<\/b><\/span><\/span><\/p>\n<p lang=\"es-ES\" style=\"text-align: justify\" align=\"justify\"><span style=\"font-family: Times New Roman, serif\"><span style=\"font-size: x-large\"><b><a href=\"\/es\/tipus-de-karma-karma-collectiu-fama-objectiu-i-perdo-cites-dels-savis\/\">Tipos de karma, karma colectivo, fama, objetivo y perd\u00f3n. Citas de los sabios.<\/a><\/b><\/span><\/span><br \/>\n<span style=\"font-family: Times New Roman, serif\"><span style=\"font-size: large\"><i>A trav\u00e9s del cuerpo de los pacientes del Doctor Brian Weiss sometidos a regresi\u00f3n hipn\u00f3tica, no s\u00f3lo se puede acceder al pasado de su alma en busca de un hecho traum\u00e1tico, si no que tambi\u00e9n almas de diferentes sabios o maestros pueden intervenir para transmitir al terapeuta explicaciones acerca de la evoluci\u00f3n espiritual.<\/i><\/span><\/span><br \/>\n<span style=\"font-family: Times New Roman, serif\"><span style=\"font-size: large\">Doctor Brian Weiss. <i>Lazos de amor<\/i>. Primera edici\u00f3n castellana en r\u00fastica de la Editorial Vergara. P\u00e1ginas 91-93.<\/span><\/span><\/p>\n<p style=\"text-align: justify\"><span style=\"font-family: Times New Roman, serif\"><span style=\"font-size: x-large\"><b><a href=\"\/es\/a-la-comprensio-per-lexperiencia\/\">A la comprensi\u00f3n por la experiencia.<\/a><\/b><\/span><\/span><br \/>\n<span style=\"font-family: Times New Roman, serif\"><span style=\"font-size: large\"><i>El Doctor en Psiquiatr\u00eda Brian Weiss relata sus investigaciones iniciales en busca de referencias sobre la reencarnaci\u00f3n tras sus primeros pasos en la t\u00e9cnica de la terapia de vidas pasadas.<\/i><br \/>\nDoctor Brian Weiss. <i>A trav\u00e9s del tiempo<\/i>. Primera edici\u00f3n castellana en r\u00fastica de la Editorial Vergara. P\u00e1ginas 45 a 50.<\/span><\/span><\/p>\n<p class=\"western\" align=\"justify\"><span style=\"font-family: Times New Roman, serif\"><span style=\"font-size: x-large\"><b><a href=\"\/es\/un-cas-de-reencarnacio-immediata-en-el-grup-familiar-terapia-de-vides-passades\/\">Un caso de reencarnaci\u00f3n inmediata en el grupo familiar. Terapia de Vidas Pasadas.<\/a><\/b><\/span><\/span><br \/>\n<span lang=\"es-ES\"><span style=\"font-family: Times New Roman, serif\"><span style=\"font-size: large\"><i>Marcela (45 a\u00f1os), vino a la consulta con el prop\u00f3sito de trabajar su fobia a los perros. Hac\u00eda ya varios a\u00f1os que sus dos hijos, de doce y diez a\u00f1os, le reclamaban que quer\u00edan un perro como mascota, pero Marcela les ten\u00eda mucho temor a los perros al punto de no poder caminar sola por su barrio en el cual abundaban muchos canes sueltos. Marcela deseaba liberarse de ese miedo tan molesto que la llevaba a tomar actitudes casi c\u00f3micas cuando se topaba con alg\u00fan perro, sin importar su tama\u00f1o ni las circunstancias (&#8230;).<\/i><\/span><\/span><\/span><br \/>\n<span style=\"font-family: Times New Roman, serif\"><span style=\"font-size: large\">por Leopoldo Lage, Merlo, San Luis, Argentina.<\/span><\/span><\/p>\n<p lang=\"es-ES\" align=\"justify\"><span style=\"font-family: Times New Roman, serif\"><span style=\"font-size: x-large\"><b><a href=\"\/es\/testimoniatge-damy-cas-de-suicidi-i-pas-per-la-biblioteca-dels-llibres-de-la-vida\/\">Testimonio de Amy. Caso de suicidio y paso por la biblioteca de los Libros de la Vida.<\/a><\/b><\/span><\/span><br \/>\n<span style=\"font-family: Times New Roman, serif\"><span style=\"font-size: large\"><i>En el siguiente relato, una paciente del Doctor Michael Newton, que aqu\u00ed toma el nombre de Amy, revive una vida pasada en la cual se suicida por encontrarse soltera, embarazada y perder a su pareja en un accidente en la Inglaterra victoriana. Su alma queda estancada unos cien a\u00f1os dedicada a reflexionar sobre lo que ha hecho, hasta que accede a una biblioteca de los Libros de la Vida. All\u00e1 establece un di\u00e1logo con el alma de uno de los bibliotecarios, un experto maestro que la ayuda a continuar su camino de evoluci\u00f3n espiritual (&#8230;).<\/i><\/span><\/span><br \/>\n<span style=\"font-family: Times New Roman, serif\"><span style=\"font-size: large\">Doctor Michael Newton. <i>Destino de las almas. Un eterno crecimiento espiritual<\/i>. P\u00e1ginas 93-100.<\/span><\/span><br \/>\n<span style=\"font-family: Times New Roman, serif\"><span style=\"font-size: large\"><b>Correcci\u00f3n respecto la versi\u00f3n original inglesa: Loto Perrella.<\/b><\/span><\/span><\/p>\n<p class=\"western\"><span style=\"font-family: Times New Roman, serif\"><span style=\"font-size: x-large\"><b><a href=\"\/es\/katia-cas-clinic\/\">Katia. Caso Cl\u00ednico.<\/a><br \/>\n<\/b><\/span><\/span><span style=\"font-family: Times New Roman, serif\"><span style=\"font-size: large\">Mi\u00e9rcoles, 1 de Octubre de 2014. Terapeuta: Doctora Viviana Zenteno.<br \/>\n<\/span><\/span><span style=\"font-family: Times New Roman, serif\"><span style=\"font-size: large\"><i>Katia (45) comprende en esta regresi\u00f3n el motivo de una renuncia amorosa. A\u00f1os atr\u00e1s ella era libre, pero \u00e9l no, y era una figura p\u00fablica.<\/i><\/span><\/span><\/p>\n<p class=\"western\" lang=\"es-ES\" align=\"justify\"><span style=\"font-family: Times New Roman, serif\"><span style=\"font-size: x-large\"><b><a href=\"\/es\/testimoni-de-cristina-un-pacte-amb-la-foscor\/\">Testimonio de Cristina. Un pacto con la oscuridad.<\/a><br \/>\n<\/b><\/span><\/span><span style=\"font-family: Times New Roman, serif\"><span style=\"font-size: large\"><i>La paciente, que en este relato toma el nombre de Cristina, sufre varios bloqueos a la hora de poder llevar a cabo sus prop\u00f3sitos en su vida actual. Con la ayuda del terapeuta ella visualiza una vida pasada donde se generaron estos s\u00edntomas, cuando fue un hombre que establece un pacto con la oscuridad para conseguir poder y aceptaci\u00f3n social por los miembros de una secta. Cristina, asistida por el terapeuta, puede deshacer el pacto que la limitaba, sanar los males realizados y resolver los bloqueos a que estaba sujeta.<br \/>\n<\/i><\/span><\/span><span style=\"color: #000000\"><span style=\"font-family: Times New Roman, serif\"><span style=\"font-size: large\"><span lang=\"es-ES\">Doctor Jos\u00e9 Lu\u00eds Cabouli. <\/span><\/span><\/span><\/span><span style=\"color: #000000\"><span style=\"font-family: Times New Roman, serif\"><span style=\"font-size: large\"><span lang=\"es-ES\"><i>Atrapamiento y recuperaci\u00f3n del alma. Terapia de vidas pasadas: Un nuevo paradigma<\/i><\/span><\/span><\/span><\/span><span style=\"color: #000000\"><span style=\"font-family: Times New Roman, serif\"><span style=\"font-size: large\"><span lang=\"es-ES\">. Ediciones Continente. P\u00e1ginas 123 a 134.<\/span><\/span><\/span><\/span><\/p>\n<p class=\"western\" lang=\"es-ES\" align=\"justify\"><span style=\"font-family: Times New Roman, serif\"><span style=\"font-size: x-large\"><b><a href=\"\/es\/testimoni-dorfeo-terapia-de-possessio-espiritual\/\">Testimonio de Orfeo. Terapia de posesi\u00f3n espiritual.<\/a><br \/>\n<\/b><\/span><\/span><span style=\"font-family: Times New Roman, serif\"><span style=\"font-size: large\"><em>El paciente que aqu\u00ed toma el nombre de Orfeo ha salido de una sesi\u00f3n donde ha superado un pacto con la oscuridad de una vida anterior. En la sesi\u00f3n presente el terapeuta detecta la presencia de diferentes entidades desencarnadas que entraron dentro del paciente, aprovechando su estado anterior. El terapeuta dialoga con cada una de estas entidades quienes se manifiestan utilizando la voz y las cuerdas vocales de Orfeo, ayud\u00e1ndolas a encontrar el camino de la Luz. De este modo, liberan su hu\u00e9sped de trastornos y pueden volver a retomar el ciclo de encarnaciones sucesivas.<\/em><br \/>\n<\/span><\/span><span style=\"color: #000000\"><span style=\"font-family: Times New Roman, serif\"><span style=\"font-size: large\"><span lang=\"es-ES\">Doctor Jos\u00e9 Lu\u00eds Cabouli. <\/span><\/span><\/span><\/span><span style=\"color: #000000\"><span style=\"font-family: Times New Roman, serif\"><span style=\"font-size: large\"><span lang=\"es-ES\"><i>Terapia de la posesi\u00f3n espiritual. T\u00e9cnica y pr\u00e1ctica cl\u00ednica<\/i><\/span><\/span><\/span><\/span><span style=\"color: #000000\"><span style=\"font-family: Times New Roman, serif\"><span style=\"font-size: large\"><span lang=\"es-ES\">. Ediciones Continente. P\u00e1ginas 270 a 285.<\/span><\/span><\/span><\/span><\/p>\n<p lang=\"es-ES\" align=\"justify\"><span style=\"font-family: Times New Roman, serif\"><span style=\"font-size: x-large\"><b><a href=\"\/es\/cas-davortament-terapia-de-possessio-espiritual\/\">Caso de aborto. Terapia de posesi\u00f3n espiritual.<\/a><br \/>\n<\/b><\/span><\/span><span style=\"font-family: Times New Roman, serif\"><span style=\"font-size: x-large\"><span style=\"font-size: large\">\u00ab<\/span><span style=\"font-size: large\"><i>La BEG (Bioelectrograf\u00eda) corresponde a una mujer de treinta y cinco a\u00f1os que perdi\u00f3 un embarazo de tres meses como consecuencia de un accidente. La mujer refer\u00eda miedo y culpa porque el accidente se debi\u00f3 a una imprudencia de su parte. La BEG fue obtenida durante la sesi\u00f3n de regresi\u00f3n justo en el momento en que la paciente expres\u00f3 lo siguiente: \u00abEn este momento siento que el beb\u00e9 est\u00e1 dentro de mi cabeza\u00bb <\/i><\/span><span style=\"font-size: large\"><i>(&#8230;)<\/i><\/span><span style=\"font-size: large\">\u00bb.<br \/>\n<\/span><\/span><\/span><span style=\"font-family: Times New Roman, serif\"><span style=\"font-size: x-large\"><span style=\"font-size: large\">Imagen de la BEG: Ra\u00fal Torres. Del libro del Doctor Jos\u00e9 Lu\u00eds Cabouli. <\/span><span style=\"font-size: large\"><i>Terapia de la posesi\u00f3n espiritual. T\u00e9cnica y pr\u00e1ctica cl\u00ednica<\/i><\/span><span style=\"font-size: large\">. Ediciones Continente. P\u00e1gina 341.<\/span><\/span><\/span><\/p>","protected":false},"excerpt":{"rendered":"<p>Respetar los individuos de las otras condiciones. El testimonio de Evelyn. Este caso del Doctor Brian Weiss pertenece a una paciente que aqu\u00ed toma el nombre de Evelyn, donde se &hellip; <a href=\"https:\/\/animaweb.blog.pangea.org\/es\/cites-i-testimonis\/\" class=\"more-link\">Continuar leyendo<span class=\"screen-reader-text\"> \u00abCitas y testimonios\u00bb<\/span><\/a><\/p>\n","protected":false},"author":12345698,"featured_media":0,"parent":0,"menu_order":0,"comment_status":"closed","ping_status":"closed","template":"","meta":{"ngg_post_thumbnail":0,"footnotes":""},"class_list":["post-281","page","type-page","status-publish","hentry"],"_links":{"self":[{"href":"https:\/\/animaweb.blog.pangea.org\/es\/wp-json\/wp\/v2\/pages\/281","targetHints":{"allow":["GET"]}}],"collection":[{"href":"https:\/\/animaweb.blog.pangea.org\/es\/wp-json\/wp\/v2\/pages"}],"about":[{"href":"https:\/\/animaweb.blog.pangea.org\/es\/wp-json\/wp\/v2\/types\/page"}],"author":[{"embeddable":true,"href":"https:\/\/animaweb.blog.pangea.org\/es\/wp-json\/wp\/v2\/users\/12345698"}],"replies":[{"embeddable":true,"href":"https:\/\/animaweb.blog.pangea.org\/es\/wp-json\/wp\/v2\/comments?post=281"}],"version-history":[{"count":136,"href":"https:\/\/animaweb.blog.pangea.org\/es\/wp-json\/wp\/v2\/pages\/281\/revisions"}],"predecessor-version":[{"id":2407,"href":"https:\/\/animaweb.blog.pangea.org\/es\/wp-json\/wp\/v2\/pages\/281\/revisions\/2407"}],"wp:attachment":[{"href":"https:\/\/animaweb.blog.pangea.org\/es\/wp-json\/wp\/v2\/media?parent=281"}],"curies":[{"name":"wp","href":"https:\/\/api.w.org\/{rel}","templated":true}]}}