{"id":219,"date":"2018-02-28T15:26:36","date_gmt":"2018-02-28T13:26:36","guid":{"rendered":"https:\/\/animaweb.cat\/?page_id=219"},"modified":"2021-04-17T09:49:01","modified_gmt":"2021-04-17T07:49:01","slug":"bibliografia-del-doctor-michael-newton","status":"publish","type":"page","link":"https:\/\/animaweb.blog.pangea.org\/es\/bibliografia-del-doctor-michael-newton\/","title":{"rendered":"Bibliografia del Doctor Michael Newton."},"content":{"rendered":"<p lang=\"es-ES\" align=\"center\"><span style=\"font-family: Times New Roman, serif\"><span style=\"font-size: x-large\"><b>Bibliografia del Doctor Michael Newton.<\/b><\/span><\/span><\/p>\n<table border=\"0\" width=\"100%\">\n<tbody>\n<tr>\n<td>\n<p lang=\"es-ES\" align=\"justify\"><span style=\"font-family: Times New Roman, serif\"><span style=\"font-size: large\"><i><img loading=\"lazy\" decoding=\"async\" class=\"wp-image-222 size-full aligncenter\" title=\"Doctor Michael Newton. El viaje de las almas. Estudios de casos de la vida entre vidas. 1994. Portada. Castellano.\" src=\"https:\/\/animaweb.cat\/files\/2018\/02\/Doctor_Michael_Newton_El_viaje_de_las_almas_portada_castellano_200x288px.png\" alt=\"Doctor Michael Newton. El viaje de las almas. Estudios de casos de la vida entre vidas. 1994. Portada. Castellano.\" width=\"200\" height=\"288\" \/><\/i><\/span><\/span><span style=\"font-family: Times New Roman, serif\"><span style=\"font-size: large\"><span lang=\"es-ES\"><i>El viaje de las almas<\/i><\/span><\/span><\/span><span style=\"font-family: Times New Roman, serif\"><span style=\"font-size: large\"><span lang=\"es-ES\"><i>. Estudios de casos de la vida entre vidas<\/i><\/span><\/span><\/span><span style=\"font-family: Times New Roman, serif\"><span style=\"font-size: large\"><span lang=\"es-ES\">. 1994. Arkano Books (<\/span><\/span><\/span><span style=\"color: #000080\"><span lang=\"zxx\"><u><a href=\"http:\/\/www.alfaomega.es\/\"><span style=\"font-family: Times New Roman, serif\"><span style=\"font-size: large\"><span lang=\"es-ES\">http:\/\/www.alfaomega.es<\/span><\/span><\/span><\/a><\/u><\/span><\/span><span style=\"font-family: Times New Roman, serif\"><span style=\"font-size: large\"><span lang=\"es-ES\">). Con casi 1 mill\u00f3n de ejemplares vendidos en todo el mundo, <\/span><\/span><\/span><span style=\"font-family: Times New Roman, serif\"><span style=\"font-size: large\"><span lang=\"es-ES\"><i>El viaje de las almas<\/i><\/span><\/span><\/span><span style=\"font-family: Times New Roman, serif\"><span style=\"font-size: large\"><span lang=\"es-ES\"> est\u00e1 considerado un cl\u00e1sico de referencia sobre la reencarnaci\u00f3n y lo que sucede al alma durante la vida entre vidas, es decir, durante el periodo de desencarnaci\u00f3n que tiene lugar entre la muerte y el renacimiento.<\/span><\/span><\/span><\/p>\n<p class=\"western\" align=\"justify\"><span style=\"font-family: Times New Roman, serif\"><span style=\"font-size: large\"><span lang=\"es-ES\"><i>El viaje de las almas<\/i><\/span><\/span><\/span><span style=\"font-family: Times New Roman, serif\"><span style=\"font-size: large\"><span lang=\"es-ES\"> recoge las narraciones de 29 pacientes del Dr. Michael Newton, quienes en estado supraconsciente revelan sus recuerdos m\u00e1s profundos y relatan de forma emotiva lo que ocurre despu\u00e9s de la muerte f\u00edsica, describiendo en gran detalle c\u00f3mo es en realidad el mundo espiritual, qu\u00e9 sucede mientras estamos desencarnados y por qu\u00e9 regresamos al plano f\u00edsico en determinados cuerpos.<\/span><\/span><\/span><\/p>\n<p class=\"western\" lang=\"es-ES\" align=\"justify\"><span style=\"font-family: Times New Roman, serif\"><span style=\"font-size: large\">A trav\u00e9s de esas impresionantes historias descubrir\u00e1s:<\/span><\/span><\/p>\n<ul>\n<li>\n<p class=\"western\" lang=\"es-ES\" align=\"justify\"><span style=\"font-family: Times New Roman, serif\"><span style=\"font-size: large\">Qu\u00e9 se siente al morir.<\/span><\/span><\/p>\n<\/li>\n<li>\n<p class=\"western\" lang=\"es-ES\" align=\"justify\"><span style=\"font-family: Times New Roman, serif\"><span style=\"font-size: large\">Qu\u00e9 es lo que se ve y se siente despu\u00e9s de la muerte.<\/span><\/span><\/p>\n<\/li>\n<li>\n<p class=\"western\" lang=\"es-ES\" align=\"justify\"><span style=\"font-family: Times New Roman, serif\"><span style=\"font-size: large\">La verdad sobre los \u00abgu\u00edas espirituales\u00bb.<\/span><\/span><\/p>\n<\/li>\n<li>\n<p class=\"western\" lang=\"es-ES\" align=\"justify\"><span style=\"font-family: Times New Roman, serif\"><span style=\"font-size: large\">El prop\u00f3sito de la vida y la manifestaci\u00f3n de un \u00abCreador\u00bb.<\/span><\/span><\/p>\n<\/li>\n<li>\n<p class=\"western\" lang=\"es-ES\" align=\"justify\"><span style=\"font-family: Times New Roman, serif\"><span style=\"font-size: large\">C\u00f3mo aprendemos a reconocer a nuestras almas gemelas en la Tierra.<\/span><\/span><\/p>\n<\/li>\n<li>\n<p class=\"western\" lang=\"es-ES\" align=\"justify\"><span style=\"font-family: Times New Roman, serif\"><span style=\"font-size: large\">Los tres niveles del alma: principiante, intermedia y avanzada.<\/span><\/span><\/p>\n<\/li>\n<li>\n<p class=\"western\" lang=\"es-ES\" align=\"justify\"><span style=\"font-family: Times New Roman, serif\"><span style=\"font-size: large\">Qu\u00e9 les sucede a las almas \u00abperturbadas\u00bb.<\/span><\/span><\/p>\n<\/li>\n<li>\n<p class=\"western\" lang=\"es-ES\" align=\"justify\"><span style=\"font-family: Times New Roman, serif\"><span style=\"font-size: large\">Por qu\u00e9 somos asignados a ciertos grupos de almas en el mundo espiritual y qu\u00e9 tarea desempe\u00f1amos all\u00ed.<\/span><\/span><\/p>\n<\/li>\n<\/ul>\n<\/td>\n<\/tr>\n<tr>\n<td>\n<p lang=\"es-ES\" align=\"justify\"><span style=\"font-family: Times New Roman, serif\"><span style=\"font-size: large\"><i><img loading=\"lazy\" decoding=\"async\" class=\"wp-image-223 size-full aligncenter\" title=\"Doctor Michael Newton. Destino de las almas. Un eterno crecimiento espiritual. 2000. Portada. Castellano.\" src=\"https:\/\/animaweb.cat\/files\/2018\/02\/Doctor_Michael_Newton_Destino_de_las_almas_portada_castellano_200x290px.png\" alt=\"Doctor Michael Newton. Destino de las almas. Un eterno crecimiento espiritual. 2000. Portada. Castellano.\" width=\"200\" height=\"290\" \/><\/i><\/span><\/span><span style=\"font-family: Times New Roman, serif\"><span style=\"font-size: large\"><span lang=\"es-ES\"><i>Destino de las almas. Un eterno crecimiento espiritual<\/i><\/span><\/span><\/span><span style=\"font-family: Times New Roman, serif\"><span style=\"font-size: large\"><span lang=\"es-ES\">. 2000. Arkano Books (<\/span><\/span><\/span><span style=\"color: #000080\"><span lang=\"zxx\"><u><a href=\"http:\/\/www.alfaomega.es\/\"><span style=\"font-family: Times New Roman, serif\"><span style=\"font-size: large\"><span lang=\"es-ES\">http:\/\/www.alfaomega.es<\/span><\/span><\/span><\/a><\/u><\/span><\/span><span style=\"font-family: Times New Roman, serif\"><span style=\"font-size: large\"><span lang=\"es-ES\">). Destino de las almas presenta los resultados impactantes de las investigaciones realizadas por el reconocido psic\u00f3logo hipnoterapeuta Dr. Michael Newton, quien a trav\u00e9s de su innovador m\u00e9todo de hipnoterapia presenta el estudio de 55 casos de personas que recuerdan en detalle sus vidas anteriores.<\/span><\/span><\/span><\/p>\n<p class=\"western\" lang=\"es-ES\" align=\"justify\"><span style=\"font-family: Times New Roman, serif\"><span style=\"font-size: large\">Es un libro dise\u00f1ado para quienes desean aventurarse por primera vez en la tem\u00e1tica de la vida despu\u00e9s de la muerte, y aporta valiosa informaci\u00f3n a quienes ya conocen los estudios del Dr. Newton, a la vez que permite explorar el significado de la memoria espiritual mientras se leen las historias de personas en profunda hipnosis. Y te permitir\u00e1 comprender:<\/span><\/span><\/p>\n<ul>\n<li>\n<p class=\"western\" lang=\"es-ES\" align=\"justify\"><span style=\"font-family: Times New Roman, serif\"><span style=\"font-size: large\">\u00bfCu\u00e1l es nuestro prop\u00f3sito en la Tierra?<\/span><\/span><\/p>\n<\/li>\n<li>\n<p class=\"western\" lang=\"es-ES\" align=\"justify\"><span style=\"font-family: Times New Roman, serif\"><span style=\"font-size: large\">Los sitios espirituales hacia donde van las almas despu\u00e9s de la muerte.<\/span><\/span><\/p>\n<\/li>\n<li>\n<p class=\"western\" lang=\"es-ES\" align=\"justify\"><span style=\"font-family: Times New Roman, serif\"><span style=\"font-size: large\">Las formas de comunicaci\u00f3n entre los esp\u00edritus y los seres vivos.<\/span><\/span><\/p>\n<\/li>\n<li>\n<p class=\"western\" lang=\"es-ES\" align=\"justify\"><span style=\"font-family: Times New Roman, serif\"><span style=\"font-size: large\">A los gu\u00edas espirituales y al Consejo de Mayores que nos entrevistan despu\u00e9s de cada vida.<\/span><\/span><\/p>\n<\/li>\n<li>\n<p class=\"western\" lang=\"es-ES\" align=\"justify\"><span style=\"font-family: Times New Roman, serif\"><span style=\"font-size: large\">A las almas compa\u00f1eras.<\/span><\/span><\/p>\n<\/li>\n<li>\n<p class=\"western\" lang=\"es-ES\" align=\"justify\"><span style=\"font-family: Times New Roman, serif\"><span style=\"font-size: large\">Las uniones entre grupos de almas y familias.<\/span><\/span><\/p>\n<\/li>\n<li>\n<p class=\"western\" lang=\"es-ES\" align=\"justify\"><span style=\"font-family: Times New Roman, serif\"><span style=\"font-size: large\">El viaje de las almas a trav\u00e9s del tiempo.<\/span><\/span><\/p>\n<\/li>\n<li>\n<p class=\"western\" lang=\"es-ES\" align=\"justify\"><span style=\"font-family: Times New Roman, serif\"><span style=\"font-size: large\">La conexi\u00f3n entre el alma y el cerebro.<\/span><\/span><\/p>\n<\/li>\n<li>\n<p class=\"western\" lang=\"es-ES\" align=\"justify\"><span style=\"font-family: Times New Roman, serif\"><span style=\"font-size: large\">\u00bfPor qu\u00e9 escogemos ciertos cuerpos?<\/span><\/span><\/p>\n<\/li>\n<\/ul>\n<\/td>\n<\/tr>\n<tr>\n<td>\n<p lang=\"es-ES\" align=\"justify\"><span style=\"font-family: Times New Roman, serif\"><span style=\"font-size: large\"><i><img loading=\"lazy\" decoding=\"async\" class=\"wp-image-224 size-full aligncenter\" title=\"Doctor Michael Newton. La vida entre vidas. Nuevas evidencias sobre la existencia de otras vidas despu\u00e9s de la muerte y la inmortalidad del alma. 2004. Portada. Castellano.\" src=\"https:\/\/animaweb.cat\/files\/2018\/02\/Doctor_Michael_Newton_La_vida_entre_vidas_portada_castellano_200x314px.png\" alt=\"Doctor Michael Newton. La vida entre vidas. Nuevas evidencias sobre la existencia de otras vidas despu\u00e9s de la muerte y la inmortalidad del alma. 2004. Portada. Castellano.\" width=\"200\" height=\"314\" srcset=\"https:\/\/animaweb.blog.pangea.org\/files\/2018\/02\/Doctor_Michael_Newton_La_vida_entre_vidas_portada_castellano_200x314px.png 200w, https:\/\/animaweb.blog.pangea.org\/files\/2018\/02\/Doctor_Michael_Newton_La_vida_entre_vidas_portada_castellano_200x314px-191x300.png 191w\" sizes=\"auto, (max-width: 200px) 85vw, 200px\" \/><\/i><\/span><\/span><span style=\"font-family: Times New Roman, serif\"><span style=\"font-size: large\"><span lang=\"es-ES\"><i>La vida entre vidas. Nuevas evidencias sobre la existencia de otras vidas despu\u00e9s de la muerte y la inmortalidad del alma<\/i><\/span><\/span><\/span><span style=\"font-family: Times New Roman, serif\"><span style=\"font-size: large\"><span lang=\"es-ES\">. 2004. Robin Book (<\/span><\/span><\/span><span style=\"color: #000080\"><span lang=\"zxx\"><u><a href=\"http:\/\/www.robinbook.com\/\"><span style=\"font-family: Times New Roman, serif\"><span style=\"font-size: large\"><span lang=\"es-ES\">http:\/\/www.robinbook.com<\/span><\/span><\/span><\/a><\/u><\/span><\/span><span style=\"font-family: Times New Roman, serif\"><span style=\"font-size: large\"><span lang=\"es-ES\">). En esta obra, compuesta como un \u00abdiario de viaje\u00bb de las experiencias de veintinueve personas a las que se indujo a un nivel de superconsciencia hipn\u00f3tica, se describen de manera conmovedora las diferentes incidencias de estas personas en sus otras reencarnaciones en la Tierra. Es as\u00ed como se nos revelan detalles sobre qu\u00e9 se siente al morir, qui\u00e9n nos espera despu\u00e9s de la muerte, c\u00f3mo es el mundo de los esp\u00edritus o por qu\u00e9 elegimos reencarnarnos en determinados seres.<\/span><\/span><\/span><\/p>\n<ul>\n<li>\n<p class=\"western\" lang=\"es-ES\" align=\"justify\"><span style=\"font-family: Times New Roman, serif\"><span style=\"font-size: large\">Cu\u00e1l es la finalidad de la vida y c\u00f3mo podemos reconocer en ella la presencia del Creador.<\/span><\/span><\/p>\n<\/li>\n<li>\n<p class=\"western\" lang=\"es-ES\" align=\"justify\"><span style=\"font-family: Times New Roman, serif\"><span style=\"font-size: large\">C\u00f3mo son y qu\u00e9 papel desempe\u00f1an los gu\u00edas espirituales.<\/span><\/span><\/p>\n<\/li>\n<li>\n<p class=\"western\" lang=\"es-ES\" align=\"justify\"><span style=\"font-family: Times New Roman, serif\"><span style=\"font-size: large\">Qu\u00e9 tipo de ayuda recibimos para orientarnos en el nuevo mundo.<\/span><\/span><\/p>\n<\/li>\n<li>\n<p class=\"western\" lang=\"es-ES\" align=\"justify\"><span style=\"font-family: Times New Roman, serif\"><span style=\"font-size: large\">Qu\u00e9 sucede en el mundo espiritual con las almas de los suicidas.<\/span><\/span><\/p>\n<\/li>\n<li>\n<p class=\"western\" lang=\"es-ES\" align=\"justify\"><span style=\"font-family: Times New Roman, serif\"><span style=\"font-size: large\">Cu\u00e1l es la aut\u00e9ntica verdad sobre la existencia del cielo y el infierno.<\/span><\/span><\/p>\n<\/li>\n<\/ul>\n<\/td>\n<\/tr>\n<tr>\n<td>\n<p lang=\"es-ES\" align=\"justify\"><span style=\"font-family: Times New Roman, serif\"><span style=\"font-size: large\"><i><img loading=\"lazy\" decoding=\"async\" class=\"wp-image-225 size-full aligncenter\" title=\"Doctor Michael Newton. Memorias del alma. La vida entre vidas. Historia de transformaci\u00f3n personal. 2009. Portada. Castellano.\" src=\"https:\/\/animaweb.cat\/files\/2018\/02\/Doctor_Michael_Newton_Memorias_del_alma_portada_castellano_200x279px.png\" alt=\"Doctor Michael Newton. Memorias del alma. La vida entre vidas. Historia de transformaci\u00f3n personal. 2009. Portada. Castellano.\" width=\"200\" height=\"279\" \/><\/i><\/span><\/span><span style=\"font-family: Times New Roman, serif\"><span style=\"font-size: large\"><span lang=\"es-ES\"><i>Memorias del alma. La vida entre vidas. Historia de transformaci\u00f3n personal<\/i><\/span><\/span><\/span><span style=\"font-family: Times New Roman, serif\"><span style=\"font-size: large\"><span lang=\"es-ES\">. 2009. Arkano Books (<\/span><\/span><\/span><span style=\"color: #000080\"><span lang=\"zxx\"><u><a href=\"http:\/\/www.alfaomega.es\/\"><span style=\"font-family: Times New Roman, serif\"><span style=\"font-size: large\"><span lang=\"es-ES\">http:\/\/www.alfaomega.es<\/span><\/span><\/span><\/a><\/u><\/span><\/span><span style=\"font-family: Times New Roman, serif\"><span style=\"font-size: large\"><span lang=\"es-ES\">). El doctor Michael Newton, autor de los grandes \u00e9xitos de ventas <\/span><\/span><\/span><span style=\"font-family: Times New Roman, serif\"><span style=\"font-size: large\"><span lang=\"es-ES\"><i>Destino de las almas<\/i><\/span><\/span><\/span><span style=\"font-family: Times New Roman, serif\"><span style=\"font-size: large\"><span lang=\"es-ES\"> y <\/span><\/span><\/span><span style=\"font-family: Times New Roman, serif\"><span style=\"font-size: large\"><span lang=\"es-ES\"><i>Journey of Souls<\/i><\/span><\/span><\/span><span style=\"font-family: Times New Roman, serif\"><span style=\"font-size: large\"><span lang=\"es-ES\">, retorna con una serie de estudios de caso que resaltan el profundo impacto de la regresi\u00f3n espiritual en la vida cotidiana de la gente.<\/span><\/span><\/span><\/p>\n<p class=\"western\" lang=\"es-ES\" align=\"justify\"><span style=\"font-family: Times New Roman, serif\"><span style=\"font-size: large\">Recogidos de distintas partes del mundo, estos fascinantes relatos han sido cuidadosamente seleccionados y presentados por hipnoterapeutas certificados por el Newton Institute, y editados por el doctor Newton.<\/span><\/span><\/p>\n<p class=\"western\" lang=\"es-ES\" align=\"justify\"><span style=\"font-family: Times New Roman, serif\"><span style=\"font-size: large\">Despu\u00e9s de recordar escenas de sus vidas pasadas, quienes participaron en estos estudios se embarcaron en caminos espirituales que transformaron sus vidas: se reunieron con sus parejas espirituales y esp\u00edritus gu\u00eda, y descubrieron las consecuencias y ramificaciones de las elecciones realizadas en la Tierra, de las relaciones amorosas y de los sue\u00f1os, todo ello tras comulgar con sus almas inmortales.<\/span><\/span><\/p>\n<p class=\"western\" lang=\"es-ES\" align=\"justify\"><span style=\"font-family: Times New Roman, serif\"><span style=\"font-size: large\">Como consecuencia, estas perlas de autoconocimiento reveladas han producido experiencias que han permitido a esas personas entender las adversidades sufridas en sus vidas, y, por otro lado, sanar sus emociones, tomar conciencia de su verdadero prop\u00f3sito y enriquecer sus vidas con un nuevo significado.<\/span><\/span><\/p>\n<\/td>\n<\/tr>\n<\/tbody>\n<\/table>","protected":false},"excerpt":{"rendered":"<p>Bibliografia del Doctor Michael Newton. El viaje de las almas. Estudios de casos de la vida entre vidas. 1994. Arkano Books (http:\/\/www.alfaomega.es). Con casi 1 mill\u00f3n de ejemplares vendidos en &hellip; <a href=\"https:\/\/animaweb.blog.pangea.org\/es\/bibliografia-del-doctor-michael-newton\/\" class=\"more-link\">Continuar leyendo<span class=\"screen-reader-text\"> \u00abBibliografia del Doctor Michael Newton.\u00bb<\/span><\/a><\/p>\n","protected":false},"author":12345698,"featured_media":0,"parent":0,"menu_order":0,"comment_status":"closed","ping_status":"closed","template":"","meta":{"ngg_post_thumbnail":0,"footnotes":""},"class_list":["post-219","page","type-page","status-publish","hentry"],"_links":{"self":[{"href":"https:\/\/animaweb.blog.pangea.org\/es\/wp-json\/wp\/v2\/pages\/219","targetHints":{"allow":["GET"]}}],"collection":[{"href":"https:\/\/animaweb.blog.pangea.org\/es\/wp-json\/wp\/v2\/pages"}],"about":[{"href":"https:\/\/animaweb.blog.pangea.org\/es\/wp-json\/wp\/v2\/types\/page"}],"author":[{"embeddable":true,"href":"https:\/\/animaweb.blog.pangea.org\/es\/wp-json\/wp\/v2\/users\/12345698"}],"replies":[{"embeddable":true,"href":"https:\/\/animaweb.blog.pangea.org\/es\/wp-json\/wp\/v2\/comments?post=219"}],"version-history":[{"count":25,"href":"https:\/\/animaweb.blog.pangea.org\/es\/wp-json\/wp\/v2\/pages\/219\/revisions"}],"predecessor-version":[{"id":1314,"href":"https:\/\/animaweb.blog.pangea.org\/es\/wp-json\/wp\/v2\/pages\/219\/revisions\/1314"}],"wp:attachment":[{"href":"https:\/\/animaweb.blog.pangea.org\/es\/wp-json\/wp\/v2\/media?parent=219"}],"curies":[{"name":"wp","href":"https:\/\/api.w.org\/{rel}","templated":true}]}}