{"id":1985,"date":"2022-08-24T08:58:08","date_gmt":"2022-08-24T06:58:08","guid":{"rendered":"https:\/\/animaweb.cat\/?page_id=1985"},"modified":"2023-01-22T23:16:12","modified_gmt":"2023-01-22T21:16:12","slug":"multimedia","status":"publish","type":"page","link":"https:\/\/animaweb.blog.pangea.org\/es\/multimedia\/","title":{"rendered":"Multimedia"},"content":{"rendered":"<p class=\"western\" lang=\"es-ES\" align=\"justify\"><span style=\"font-family: Times New Roman, serif\"><span style=\"font-size: x-large\"><b>Multimedia.<\/b><\/span><\/span><\/p>\n<p class=\"western\" lang=\"es-ES\" align=\"justify\"><a href=\"\/es\/el-credit-cosmic-pel-doctor-jose-luis-cabouli-conferencia-en-castella-subtitulada-en-catala\/\"><span style=\"font-size: x-large\"><span style=\"font-family: Times New Roman, serif\"><b>\u00abEl cr\u00e9dito c\u00f3smico\u00bb por el Doctor Jos\u00e9 Lu\u00eds Cabouli. Conferencia en castellano subtitulada en castellano.<\/b><\/span><\/span><\/a><br \/>\n<b><\/b><i><span style=\"font-family: Times New Roman, serif\"><span style=\"font-size: large\">Fragmento de la conferencia titulada \u00abLa vida antes de nacer\u00bb del Doctor Jos\u00e9 Lu\u00eds Cabouli celebrada en la Sala Polivalente del Soler\u00e0s (Las Garrigues, Catalu\u00f1a) el s\u00e1bado, 29 de agosto del 2020 <\/span><\/span><span style=\"font-family: Times New Roman, serif\"><span style=\"font-size: large\">(&#8230;)<\/span><\/span><span style=\"font-family: Times New Roman, serif\"><span style=\"font-size: large\">.<br \/>\n<\/span><\/span><\/i><span style=\"font-family: Times New Roman, serif\"><span style=\"font-size: large\">Perfil de publicaci\u00f3n de \u00ab<\/span><\/span><span style=\"font-family: Times New Roman, serif\"><span style=\"font-size: large\"><i>Odysee<\/i><\/span><\/span><span style=\"font-family: Times New Roman, serif\"><span style=\"font-size: large\">\u00bb: Animaweb. Conferencias en castellano. Fecha de publicaci\u00f3n <\/span><\/span><span style=\"color: #000000\"><span style=\"font-family: Times New Roman, serif\"><span style=\"font-size: large\">en<\/span><\/span><\/span><span style=\"font-family: Times New Roman, serif\"><span style=\"font-size: large\"> \u00ab<\/span><\/span><span style=\"font-family: Times New Roman, serif\"><span style=\"font-size: large\"><i>Odysee<\/i><\/span><\/span><span style=\"font-family: Times New Roman, serif\"><span style=\"font-size: large\">\u00bb: Domingo, 21 de agosto del 2022. Duraci\u00f3n del video: 3 minutos y 33 segundos. Idioma: voz en castellano con subt\u00edtulos en <\/span><\/span><span style=\"color: #000000\"><span style=\"font-family: Times New Roman, serif\"><span style=\"font-size: large\">castellano<\/span><\/span><\/span><span style=\"font-family: Times New Roman, serif\"><span style=\"font-size: large\">.<\/span><\/span><\/p>","protected":false},"excerpt":{"rendered":"<p>Multimedia. \u00abEl cr\u00e9dito c\u00f3smico\u00bb por el Doctor Jos\u00e9 Lu\u00eds Cabouli. Conferencia en castellano subtitulada en castellano. Fragmento de la conferencia titulada \u00abLa vida antes de nacer\u00bb del Doctor Jos\u00e9 Lu\u00eds &hellip; <a href=\"https:\/\/animaweb.blog.pangea.org\/es\/multimedia\/\" class=\"more-link\">Continuar leyendo<span class=\"screen-reader-text\"> \u00abMultimedia\u00bb<\/span><\/a><\/p>\n","protected":false},"author":12345698,"featured_media":0,"parent":0,"menu_order":0,"comment_status":"closed","ping_status":"closed","template":"","meta":{"ngg_post_thumbnail":0,"footnotes":""},"class_list":["post-1985","page","type-page","status-publish","hentry"],"_links":{"self":[{"href":"https:\/\/animaweb.blog.pangea.org\/es\/wp-json\/wp\/v2\/pages\/1985","targetHints":{"allow":["GET"]}}],"collection":[{"href":"https:\/\/animaweb.blog.pangea.org\/es\/wp-json\/wp\/v2\/pages"}],"about":[{"href":"https:\/\/animaweb.blog.pangea.org\/es\/wp-json\/wp\/v2\/types\/page"}],"author":[{"embeddable":true,"href":"https:\/\/animaweb.blog.pangea.org\/es\/wp-json\/wp\/v2\/users\/12345698"}],"replies":[{"embeddable":true,"href":"https:\/\/animaweb.blog.pangea.org\/es\/wp-json\/wp\/v2\/comments?post=1985"}],"version-history":[{"count":16,"href":"https:\/\/animaweb.blog.pangea.org\/es\/wp-json\/wp\/v2\/pages\/1985\/revisions"}],"predecessor-version":[{"id":2380,"href":"https:\/\/animaweb.blog.pangea.org\/es\/wp-json\/wp\/v2\/pages\/1985\/revisions\/2380"}],"wp:attachment":[{"href":"https:\/\/animaweb.blog.pangea.org\/es\/wp-json\/wp\/v2\/media?parent=1985"}],"curies":[{"name":"wp","href":"https:\/\/api.w.org\/{rel}","templated":true}]}}