{"id":198,"date":"2018-02-28T13:53:57","date_gmt":"2018-02-28T11:53:57","guid":{"rendered":"https:\/\/animaweb.cat\/?page_id=198"},"modified":"2021-04-17T09:43:50","modified_gmt":"2021-04-17T07:43:50","slug":"blibliografia-del-doctor-brian-weiss","status":"publish","type":"page","link":"https:\/\/animaweb.blog.pangea.org\/es\/blibliografia-del-doctor-brian-weiss\/","title":{"rendered":"Blibliograf\u00eda del Doctor Brian Weiss."},"content":{"rendered":"<p lang=\"es-ES\" align=\"center\"><span style=\"font-family: Times New Roman, serif\"><span style=\"font-size: x-large\"><b>Blibliografia del Doctor Brian Weiss.<\/b><\/span><\/span><\/p>\n<table border=\"0\" width=\"100%\">\n<tbody>\n<tr>\n<td>\n<p lang=\"es-ES\" align=\"justify\"><span style=\"font-family: Times New Roman, serif\"><span style=\"font-size: large\"><i><img loading=\"lazy\" decoding=\"async\" class=\"wp-image-207 size-full aligncenter\" title=\"Muchas vidas, muchos maestros. 1988.\" src=\"https:\/\/animaweb.cat\/files\/2018\/02\/Doctor_Brian_Weiss_Muchas_vidas_muchos_maestros_portada_castellano_200x304px.png\" alt=\"Muchas vidas, muchos maestros. 1988.\" width=\"200\" height=\"304\" srcset=\"https:\/\/animaweb.blog.pangea.org\/files\/2018\/02\/Doctor_Brian_Weiss_Muchas_vidas_muchos_maestros_portada_castellano_200x304px.png 200w, https:\/\/animaweb.blog.pangea.org\/files\/2018\/02\/Doctor_Brian_Weiss_Muchas_vidas_muchos_maestros_portada_castellano_200x304px-197x300.png 197w\" sizes=\"auto, (max-width: 200px) 85vw, 200px\" \/><\/i><\/span><\/span><span style=\"font-family: Times New Roman, serif\"><span style=\"font-size: large\"><span lang=\"es-ES\"><i>Muchas vidas, muchos maestros<\/i><\/span><\/span><\/span><span style=\"font-family: Times New Roman, serif\"><span style=\"font-size: large\"><span lang=\"es-ES\">. 1988. El doctor Brian Weiss, jefe de psiquiatria del hospital Mount Sinai de Miami, relata en \u00e9ste, su primer libro, una asombrosa experiencia que cambi\u00f3 por completo su propia vida y su visi\u00f3n de la psicoterapia.<\/span><\/span><\/span><\/p>\n<p class=\"western\" align=\"justify\"><span style=\"font-family: Times New Roman, serif\"><span style=\"font-size: large\"><span lang=\"es-ES\">Una de sus pacientes, Catherine, record\u00f3 bajo hipnosis varias de sus vidas pasadas y pudo reencontrar en ellas el origen de muchos de los traumas que sufr\u00eda. Catherine se cur\u00f3, pero ocurri\u00f3 algo todav\u00eda m\u00e1s importante: logr\u00f3 ponerse en contacto con los Maestros, esp\u00edritus superiores que habitan los estados entre dos vidas. Ellos le comunicaron importantes mensajes de sabidur\u00eda y de conocimiento.<\/span><\/span><\/span><\/p>\n<p class=\"western\" lang=\"es-ES\" align=\"justify\"><span style=\"font-family: Times New Roman, serif\"><span style=\"font-size: large\">Este relato, profundamente conmovedor, punto de encuentro entre ciencia y metaf\u00edsica, constituy\u00f3 un extraordinario best-s\u00e9ller y sigue siendo de obligada lectura en un mundo convulsionado, en especial para los que buscan un nuevo sentido espiritual.<\/span><\/span><\/p>\n<\/td>\n<\/tr>\n<tr>\n<td>\n<p lang=\"es-ES\" align=\"justify\"><span style=\"font-family: Times New Roman, serif\"><span style=\"font-size: large\"><i><img loading=\"lazy\" decoding=\"async\" class=\"wp-image-208 size-full aligncenter\" title=\"A trav\u00e9s del tiempo. 1993.\" src=\"https:\/\/animaweb.cat\/files\/2018\/02\/Doctor_Brian_Weiss_A_traves_del_tiempo_portada_castellano_200x323px.png\" alt=\"A trav\u00e9s del tiempo. 1993.\" width=\"200\" height=\"323\" srcset=\"https:\/\/animaweb.blog.pangea.org\/files\/2018\/02\/Doctor_Brian_Weiss_A_traves_del_tiempo_portada_castellano_200x323px.png 200w, https:\/\/animaweb.blog.pangea.org\/files\/2018\/02\/Doctor_Brian_Weiss_A_traves_del_tiempo_portada_castellano_200x323px-186x300.png 186w\" sizes=\"auto, (max-width: 200px) 85vw, 200px\" \/><\/i><\/span><\/span><span style=\"font-family: Times New Roman, serif\"><span style=\"font-size: large\"><span lang=\"es-ES\"><i>A trav\u00e9s del tiempo<\/i><\/span><\/span><\/span><span style=\"font-family: Times New Roman, serif\"><span style=\"font-size: large\"><span lang=\"es-ES\">. 1993. El doctor Brian Weiss, autor de <\/span><\/span><\/span><span style=\"font-family: Times New Roman, serif\"><span style=\"font-size: large\"><span lang=\"es-ES\"><i>Muchas vidas, muchos maestros<\/i><\/span><\/span><\/span><span style=\"font-family: Times New Roman, serif\"><span style=\"font-size: large\"><span lang=\"es-ES\">, analiza en este libro la capacidad de curaci\u00f3n de la terapia de regresi\u00f3n a vidas pasadas. Nos cuenta los casos de muchos de sus pacientes empresarios, abogados, obreros o terapeutas, gente de muy diversas creencias, niveles socioecon\u00f3micos y educaci\u00f3n, que descubri\u00f3 en sus vidas pasadas el origen de sus traumas. Mediante estas regresiones, los enfermos pudieron tambi\u00e9n recuperar distintos talentos de los que disfrutaban en vidas anteriores y llegar a la convicci\u00f3n de que nuestra existencia, en apariencia limitada, es en verdad un paso en el largo camino hacia la inmortalidad. El doctor Brian Weiss pone adem\u00e1s a nuestro alcance una serie de ejercicios que nos permitir\u00e1n experimentar regresiones al pasado y alcanzar la paz espiritual.<\/span><\/span><\/span><\/p>\n<\/td>\n<\/tr>\n<tr>\n<td>\n<p lang=\"es-ES\" align=\"justify\"><span style=\"font-family: Times New Roman, serif\"><span style=\"font-size: large\"><i><img loading=\"lazy\" decoding=\"async\" class=\"wp-image-209 size-full aligncenter\" title=\"Lazos de amor (solo el amor es real). 1997.\" src=\"https:\/\/animaweb.cat\/files\/2018\/02\/Doctor_Brian_Weiss_Lazos_de_amor_portada_castellano_200x267px.png\" alt=\"Lazos de amor (solo el amor es real). 1997.\" width=\"200\" height=\"267\" \/><\/i><\/span><\/span><span style=\"font-family: Times New Roman, serif\"><span style=\"font-size: large\"><span lang=\"es-ES\"><i>Lazos de amor (s\u00f3lo el amor es real)<\/i><\/span><\/span><\/span><span style=\"font-family: Times New Roman, serif\"><span style=\"font-size: large\"><span lang=\"es-ES\">. 1997. Pedro y Elisabeth no se conoc\u00edan y nada indicaba que hubiera entre ellos la menor afinidad, salvo que la infelicidad de ambos los hab\u00eda llevado a ponerse en manos del mismo psiquiatra. El doctor Weiss supo intuir que Pedro y Elisabeth estaban ligados indisolublemente. Fueron necesarias muchas sesiones de hipnosis y el entusiasmo de un m\u00e9dico capaz de transgredir el marco de la ciencia al uso para que ambos recuperasen la memoria de sus vidas pasadas y fueran capaces de descubrir los lazos que les un\u00edan. La regresi\u00f3n a sus vidas anteriores les permiti\u00f3 dejar fluir sus sentimientos y unir definitivamente sus destinos. Sus recuerdos empezaron a coincidir&#8230;<\/span><\/span><\/span><\/p>\n<p class=\"western\" align=\"justify\"><span style=\"font-family: Times New Roman, serif\"><span style=\"font-size: large\"><span lang=\"es-ES\">Brian Weiss es autor de grandes \u00e9xitos como <\/span><\/span><\/span><span style=\"font-family: Times New Roman, serif\"><span style=\"font-size: large\"><span lang=\"es-ES\"><i>Muchas vidas, muchos maestros<\/i><\/span><\/span><\/span><span style=\"font-family: Times New Roman, serif\"><span style=\"font-size: large\"><span lang=\"es-ES\"> y <\/span><\/span><\/span><span style=\"font-family: Times New Roman, serif\"><span style=\"font-size: large\"><span lang=\"es-ES\"><i>A trav\u00e9s del tiempo<\/i><\/span><\/span><\/span><span style=\"font-family: Times New Roman, serif\"><span style=\"font-size: large\"><span lang=\"es-ES\">.<\/span><\/span><\/span><\/p>\n<\/td>\n<\/tr>\n<tr>\n<td>\n<p lang=\"es-ES\" align=\"justify\"><span style=\"font-family: Times New Roman, serif\"><span style=\"font-size: large\"><i><img loading=\"lazy\" decoding=\"async\" class=\"wp-image-210 size-full aligncenter\" title=\"Los mensajes de los Sabios. 2001.\" src=\"https:\/\/animaweb.cat\/files\/2018\/02\/Doctor_Brian_Weiss_Los_mensajes_de_los_sabios_portada_castellano_200x303px.png\" alt=\"Los mensajes de los Sabios. 2001.\" width=\"200\" height=\"303\" srcset=\"https:\/\/animaweb.blog.pangea.org\/files\/2018\/02\/Doctor_Brian_Weiss_Los_mensajes_de_los_sabios_portada_castellano_200x303px.png 200w, https:\/\/animaweb.blog.pangea.org\/files\/2018\/02\/Doctor_Brian_Weiss_Los_mensajes_de_los_sabios_portada_castellano_200x303px-198x300.png 198w\" sizes=\"auto, (max-width: 200px) 85vw, 200px\" \/><\/i><\/span><\/span><span style=\"font-family: Times New Roman, serif\"><span style=\"font-size: large\"><span lang=\"es-ES\"><i>Los mensajes de los Sabios<\/i><\/span><\/span><\/span><span style=\"font-family: Times New Roman, serif\"><span style=\"font-size: large\"><span lang=\"es-ES\">. 2001. En <\/span><\/span><\/span><span style=\"font-family: Times New Roman, serif\"><span style=\"font-size: large\"><span lang=\"es-ES\"><i>Muchas vidas, muchos maestros<\/i><\/span><\/span><\/span><span style=\"font-family: Times New Roman, serif\"><span style=\"font-size: large\"><span lang=\"es-ES\"> Brian Weiss abri\u00f3 una puerta inesperada al asombroso mundo de las regresiones a otras existencias. En <\/span><\/span><\/span><span style=\"font-family: Times New Roman, serif\"><span style=\"font-size: large\"><span lang=\"es-ES\"><i>Lazos de amor<\/i><\/span><\/span><\/span><span style=\"font-family: Times New Roman, serif\"><span style=\"font-size: large\"><span lang=\"es-ES\"> nos mostr\u00f3 que en otras vidas tenemos almas que esperan reunirse con nosotros hoy en d\u00eda. Ahora, ahondando en el conocimiento de los Sabios \u2013los gu\u00edas espirituales que dan forma a nuestros destinos\u2013, nos revela que el amor es la fuerza esencial de la vida y nos muestra su potencial curador y creador, al tiempo que nos ense\u00f1a a controlar su incre\u00edble poder.<\/span><\/span><\/span><\/p>\n<p class=\"western\" lang=\"es-ES\" align=\"justify\"><span style=\"font-family: Times New Roman, serif\"><span style=\"font-size: large\">Este libro ofrece los testimonios \u00edntimos y sorprendentes de la milagrosa fuerza del amor. Sus relatos no s\u00f3lo nos internan en lo que sucede despu\u00e9s de la muerte, sino que tambi\u00e9n nos muestran estrategias para combatir la ansiedad y evitar mediante la autoafirmaci\u00f3n los estragos que pueden causar algunas relaciones.<\/span><\/span><\/p>\n<\/td>\n<\/tr>\n<tr>\n<td>\n<p lang=\"es-ES\" align=\"justify\"><span style=\"font-family: Times New Roman, serif\"><span style=\"font-size: large\"><i><img loading=\"lazy\" decoding=\"async\" class=\"wp-image-211 size-full aligncenter\" title=\"Meditaci\u00f3n: El logro de la paz interior y tranquilidad en su vida. 2002.\" src=\"https:\/\/animaweb.cat\/files\/2018\/02\/Doctor_Brian_Weiss_Meditacion_portada_castellano_200x304px.png\" alt=\"Meditaci\u00f3n: El logro de la paz interior y tranquilidad en su vida. 2002.\" width=\"200\" height=\"304\" srcset=\"https:\/\/animaweb.blog.pangea.org\/files\/2018\/02\/Doctor_Brian_Weiss_Meditacion_portada_castellano_200x304px.png 200w, https:\/\/animaweb.blog.pangea.org\/files\/2018\/02\/Doctor_Brian_Weiss_Meditacion_portada_castellano_200x304px-197x300.png 197w\" sizes=\"auto, (max-width: 200px) 85vw, 200px\" \/><\/i><\/span><\/span><span style=\"font-family: Times New Roman, serif\"><span style=\"font-size: large\"><span lang=\"es-ES\"><i>Meditaci\u00f3n: El logro de la paz interior y tranquilidad en su vida<\/i><\/span><\/span><\/span><span style=\"font-family: Times New Roman, serif\"><span style=\"font-size: large\"><span lang=\"es-ES\">. 2002. La meditaci\u00f3n es una t\u00e9cnica que puede emplearse para experimentar la paz interior y que nos permite replantearnos la visi\u00f3n sobre lo que nos rodea, incluso sobre nosotros mismo. Practicarla nos ayuda a confiar en la capacidad de utilizar nuestras energ\u00edas en la purificaci\u00f3n del cuerpo y de la mente, y nos ayuda a descubrir y desarrollar nuestra espiritualidad.<\/span><\/span><\/span><\/p>\n<p class=\"western\" align=\"justify\"><span style=\"font-family: Times New Roman, serif\"><span style=\"font-size: large\"><span lang=\"es-ES\"><i>Meditaci\u00f3n<\/i><\/span><\/span><\/span><span style=\"font-family: Times New Roman, serif\"><span style=\"font-size: large\"><span lang=\"es-ES\"> incluye las t\u00e9cnicas que el doctor Weiss utiliza con sus pacientes para ayudarles a vencer el insomnio, la ansiedad, las fobias, problemas de peso y enfermedades. La meditaci\u00f3n tambi\u00e9n puede reducir la tensi\u00f3n arterial, reforzar el sistema inmunol\u00f3gico y rebajar el estr\u00e9s.<\/span><\/span><\/span><\/p>\n<p class=\"western\" lang=\"es-ES\" align=\"justify\"><span style=\"font-family: Times New Roman, serif\"><span style=\"font-size: large\">Este libro constituye el primer paso para conseguir que el viaje de la vida sea m\u00e1s relajado y lleno de paz.<\/span><\/span><\/p>\n<\/td>\n<\/tr>\n<tr>\n<td>\n<p lang=\"es-ES\" align=\"justify\"><span style=\"font-family: Times New Roman, serif\"><span style=\"font-size: large\"><i><img loading=\"lazy\" decoding=\"async\" class=\"wp-image-212 size-full aligncenter\" title=\"Espejos del tiempo: la regresi\u00f3n de Uso f\u00edsico, emocional y curaci\u00f3n espiritual. 2003.\" src=\"https:\/\/animaweb.cat\/files\/2018\/02\/Doctor_Brian_Weiss_Espejos_del_tiempo_portada_castellano_200x267px.png\" alt=\"Espejos del tiempo: la regresi\u00f3n de Uso f\u00edsico, emocional y curaci\u00f3n espiritual. 2003.\" width=\"200\" height=\"267\" \/><\/i><\/span><\/span><span style=\"font-family: Times New Roman, serif\"><span style=\"font-size: large\"><span lang=\"es-ES\"><i>Espejos del tiempo: la regresi\u00f3n de Uso f\u00edsico, emocional y curaci\u00f3n espiritual.<\/i><\/span><\/span><\/span><span style=\"font-family: Times New Roman, serif\"><span style=\"font-size: large\"><span lang=\"es-ES\"> 2003. Los beneficios de la terapia de la regresi\u00f3n se extienden mucho m\u00e1s all\u00e1 de la eliminaci\u00f3n de los trastornos que padecemos. A trav\u00e9s de ella es posible alcanzar la sanaci\u00f3n en todos los aspectos, f\u00edsico, emocional y espiritual.<\/span><\/span><\/span><\/p>\n<p class=\"western\" align=\"justify\"><span style=\"font-family: Times New Roman, serif\"><span style=\"font-size: large\"><span lang=\"es-ES\"><i>Espejos del tiempo<\/i><\/span><\/span><\/span><span style=\"font-family: Times New Roman, serif\"><span style=\"font-size: large\"><span lang=\"es-ES\">, del doctor Brian Weiss, anima al lector a retroceder en el tiempo y recordar sucesos que podr\u00edan ser el origen de las dificultades que experimenta en la actualidad. Gracias a los recuerdos de su vida presente e incluso a los de vidas pasadas, ver\u00e1 disminuir los s\u00edntomas que padece y le invadir\u00e1 una intensa sensaci\u00f3n de relajaci\u00f3n y bienestar.<\/span><\/span><\/span><\/p>\n<p class=\"western\" lang=\"es-ES\" align=\"justify\"><span style=\"font-family: Times New Roman, serif\"><span style=\"font-size: large\">El practicar estos ejercicios con regularidad \u2013asegura el doctor Weiss\u2013 mejora la salud f\u00edsica y emocional, proporciona equilibrio y serenidad, y ampl\u00eda la perspectiva espiritual.<\/span><\/span><\/p>\n<\/td>\n<\/tr>\n<tr>\n<td>\n<p lang=\"es-ES\" align=\"justify\"><span style=\"font-family: Times New Roman, serif\"><span style=\"font-size: large\"><i><img loading=\"lazy\" decoding=\"async\" class=\"wp-image-213 size-full aligncenter\" title=\"Eliminar el estr\u00e9s, buscar la paz interior. 2004.\" src=\"https:\/\/animaweb.cat\/files\/2018\/02\/Doctor_Brian_Weiss_Eliminar_el_estres_portada_castellano_200x298px.png\" alt=\"Eliminar el estr\u00e9s, buscar la paz interior. 2004.\" width=\"200\" height=\"298\" \/><\/i><\/span><\/span><span style=\"font-family: Times New Roman, serif\"><span style=\"font-size: large\"><span lang=\"es-ES\"><i>Eliminar el estr\u00e9s, buscar la paz interior<\/i><\/span><\/span><\/span><span style=\"font-family: Times New Roman, serif\"><span style=\"font-size: large\"><span lang=\"es-ES\">. 2004. El estr\u00e9s es una respuesta normal de nuestro organismo, pero el exceso de estr\u00e9s, tan extendido hoy, produce graves problemas. El estr\u00e9s nos consume, destruye nuestra capacidad de ser felices&#8230; y tambi\u00e9n da\u00f1a la mucosa de las paredes estomacales y aumenta la presi\u00f3n sangu\u00ednea, atacando de forma directa el sistema cardiovascular. Al deprimir el sistema inmunol\u00f3gico, permite el desarrollo de enfermedades cr\u00f3nicas.<\/span><\/span><\/span><\/p>\n<p class=\"western\" lang=\"es-ES\" align=\"justify\"><span style=\"font-family: Times New Roman, serif\"><span style=\"font-size: large\">Pero si modificamos nuestra actitud mental y aprendemos las t\u00e9cnicas de relajaci\u00f3n simples pero muy efectivas que propone el doctor Brian Weiss, podremos reducir el estr\u00e9s a su m\u00ednima expresi\u00f3n.<\/span><\/span><\/p>\n<p class=\"western\" lang=\"es-ES\" align=\"justify\"><span style=\"font-family: Times New Roman, serif\"><span style=\"font-size: large\">Este libro le ayudar\u00e1 a alcanzar un profundo estado de relajaci\u00f3n, liberarse de las tensiones agudas o cr\u00f3nicas que experimentan cont\u00ednuamente su cuerpo y su mente, y eliminar los bloqueos y los obst\u00e1culos que le impiden alcanzar un estado de paz interior.<\/span><\/span><\/p>\n<p class=\"western\" lang=\"es-ES\" align=\"justify\"><span style=\"font-family: Times New Roman, serif\"><span style=\"font-size: large\">La pr\u00e1ctica regular de la meditaci\u00f3n que aqu\u00ed se propone produce resultados profundos y duraderos. Participar activamente en nuestra curaci\u00f3n es, en definitiva, realizar un acto de amor hacia nosotros mismos.<\/span><\/span><\/p>\n<\/td>\n<\/tr>\n<tr>\n<td>\n<p lang=\"es-ES\" align=\"justify\"><span style=\"font-family: Times New Roman, serif\"><span style=\"font-size: large\"><i><img loading=\"lazy\" decoding=\"async\" class=\"wp-image-214 size-full aligncenter\" title=\"Muchos cuerpos, una misma alma. 2006.\" src=\"https:\/\/animaweb.cat\/files\/2018\/02\/Doctor_Brian_Weiss_Muchos_cuerpos_una_misma_alma_portada_castellano_200x318px.png\" alt=\"Muchos cuerpos, una misma alma. 2006.\" width=\"200\" height=\"318\" srcset=\"https:\/\/animaweb.blog.pangea.org\/files\/2018\/02\/Doctor_Brian_Weiss_Muchos_cuerpos_una_misma_alma_portada_castellano_200x318px.png 200w, https:\/\/animaweb.blog.pangea.org\/files\/2018\/02\/Doctor_Brian_Weiss_Muchos_cuerpos_una_misma_alma_portada_castellano_200x318px-189x300.png 189w\" sizes=\"auto, (max-width: 200px) 85vw, 200px\" \/><\/i><\/span><\/span><span style=\"font-family: Times New Roman, serif\"><span style=\"font-size: large\"><span lang=\"es-ES\"><i>Muchos cuerpos, una misma alma.<\/i><\/span><\/span><\/span><span style=\"font-family: Times New Roman, serif\"><span style=\"font-size: large\"><span lang=\"es-ES\"> 2006. El psiquiatra Brian Weiss cobr\u00f3 notoriedad internacional con su investigaci\u00f3n sobre el poder curativo de la regresi\u00f3n a vidas anteriores, relatada en su c\u00e9lebre obra <\/span><\/span><\/span><span style=\"font-family: Times New Roman, serif\"><span style=\"font-size: large\"><span lang=\"es-ES\"><i>Muchas vidas, muchos maestros<\/i><\/span><\/span><\/span><span style=\"font-family: Times New Roman, serif\"><span style=\"font-size: large\"><span lang=\"es-ES\">. Ahora, en este libro fascinante e innovador, el doctor Weiss nos revela c\u00f3mo el contacto con las vidas que viviremos en el futuro puede transformarnos en el presente.<\/span><\/span><\/span><\/p>\n<p class=\"western\" lang=\"es-ES\" align=\"justify\"><span style=\"font-family: Times New Roman, serif\"><span style=\"font-size: large\">Todos hemos vivido existencias anteriores. Todos viviremos otras en el futuro. Lo que hagamos en esta vida influir\u00e1 sobre nuestras reencarnaciones futuras, a lo largo del camino de evoluci\u00f3n hacia la inmortalidad.<\/span><\/span><\/p>\n<p class=\"western\" lang=\"es-ES\" align=\"justify\"><span style=\"font-family: Times New Roman, serif\"><span style=\"font-size: large\">Al inducir progresiones al futuro en sus pacientes, el doctor Weiss ha descubierto que nuestro porvenir es variable y que las decisiones que tomemos ahora determinar\u00e1n la calidad de nuestras vidas venideras. Sirvi\u00e9ndose de decenas de casos cl\u00ednicos, el autor expone los beneficios terap\u00e9uticos de la progresi\u00f3n, como antes hab\u00eda evidenciado que la regresi\u00f3n a vidas anteriores puede aliviar las heridas f\u00edsicas y emocionales que sufrimos en el presente.<\/span><\/span><\/p>\n<p class=\"western\" align=\"justify\"><span style=\"font-family: Times New Roman, serif\"><span style=\"font-size: large\"><span lang=\"es-ES\"><i>Muchas cuerpos, una misma alma<\/i><\/span><\/span><\/span><span style=\"font-family: Times New Roman, serif\"><span style=\"font-size: large\"><span lang=\"es-ES\"> es una obra revolucionaria que ahonda en los descubrimientos del doctor Weiss sobre el pasado para transportar a sus millones de lectores hasta un futuro individual y colectivo de cuya creaci\u00f3n son responsables ellos mismos. Por el camino, sus vidas actuales quedar\u00e1n transformadas profundamente y encontrar\u00e1n m\u00e1s paz, m\u00e1s felicidad y soluciones a sus problemas.<\/span><\/span><\/span><\/p>\n<\/td>\n<\/tr>\n<tr>\n<td>\n<p lang=\"es-ES\" align=\"justify\"><span style=\"font-family: Times New Roman, serif\"><span style=\"font-size: large\"><i><img loading=\"lazy\" decoding=\"async\" class=\"wp-image-215 size-full aligncenter\" title=\"Los milagros existen. El poder sanador de los recuerdos de vidas anteriores. 2012.\" src=\"https:\/\/animaweb.cat\/files\/2018\/02\/Doctor_Brian_Weiss_Los_milagros_existen_portada_castellano_200x267px.png\" alt=\"Los milagros existen. El poder sanador de los recuerdos de vidas anteriores. 2012.\" width=\"200\" height=\"267\" \/><\/i><\/span><\/span><span style=\"font-family: Times New Roman, serif\"><span style=\"font-size: large\"><span lang=\"es-ES\"><i>Los milagros existen. El poder sanador de los recuerdos de vidas anteriores<\/i><\/span><\/span><\/span><span style=\"font-family: Times New Roman, serif\"><span style=\"font-size: large\"><span lang=\"es-ES\">. 2012. Como psicoterapeuta tradicional, el doctor Weiss se mostr\u00f3 esc\u00e9ptico cuando una de sus pacientes empez\u00f3 a recordar situaciones traum\u00e1ticas de sus vidas anteriores. Sin embargo, dichos recuerdos le permitieron recuperarse de sus pesadillas recurrentes y de los ataques de angustia de un modo no experimentado con anterioridad. En la actualidad, el doctor Weiss es un l\u00edder en el campo de la terapia relacionada con las vidas anteriores y ha ayudado a miles de personas a conectarse con \u00e9stas y experimentar una curaci\u00f3n definitiva.<\/span><\/span><\/span><\/p>\n<p class=\"western\" align=\"justify\"><span style=\"font-family: Times New Roman, serif\"><span style=\"font-size: large\"><span lang=\"es-ES\"><i>Los milagros existen<\/i><\/span><\/span><\/span><span style=\"font-family: Times New Roman, serif\"><span style=\"font-size: large\"><span lang=\"es-ES\"> es una recopilaci\u00f3n de historias inspiradoras contadas por los propios pacientes, elegidos entre las decenas de miles de personas que participaron de los talleres experienciales que el autor imparte desde 1988. Weiss, junto con su hija Amy, comparte con nosotros estas notables historias de la vida real y nos revela el modo en que la regresi\u00f3n a las vidas anteriores alberga las claves de nuestro prop\u00f3sito espiritual.<\/span><\/span><\/span><\/p>\n<\/td>\n<\/tr>\n<\/tbody>\n<\/table>","protected":false},"excerpt":{"rendered":"<p>Blibliografia del Doctor Brian Weiss. Muchas vidas, muchos maestros. 1988. El doctor Brian Weiss, jefe de psiquiatria del hospital Mount Sinai de Miami, relata en \u00e9ste, su primer libro, una &hellip; <a href=\"https:\/\/animaweb.blog.pangea.org\/es\/blibliografia-del-doctor-brian-weiss\/\" class=\"more-link\">Continuar leyendo<span class=\"screen-reader-text\"> \u00abBlibliograf\u00eda del Doctor Brian Weiss.\u00bb<\/span><\/a><\/p>\n","protected":false},"author":12345698,"featured_media":0,"parent":0,"menu_order":0,"comment_status":"closed","ping_status":"closed","template":"","meta":{"ngg_post_thumbnail":0,"footnotes":""},"class_list":["post-198","page","type-page","status-publish","hentry"],"_links":{"self":[{"href":"https:\/\/animaweb.blog.pangea.org\/es\/wp-json\/wp\/v2\/pages\/198","targetHints":{"allow":["GET"]}}],"collection":[{"href":"https:\/\/animaweb.blog.pangea.org\/es\/wp-json\/wp\/v2\/pages"}],"about":[{"href":"https:\/\/animaweb.blog.pangea.org\/es\/wp-json\/wp\/v2\/types\/page"}],"author":[{"embeddable":true,"href":"https:\/\/animaweb.blog.pangea.org\/es\/wp-json\/wp\/v2\/users\/12345698"}],"replies":[{"embeddable":true,"href":"https:\/\/animaweb.blog.pangea.org\/es\/wp-json\/wp\/v2\/comments?post=198"}],"version-history":[{"count":23,"href":"https:\/\/animaweb.blog.pangea.org\/es\/wp-json\/wp\/v2\/pages\/198\/revisions"}],"predecessor-version":[{"id":1312,"href":"https:\/\/animaweb.blog.pangea.org\/es\/wp-json\/wp\/v2\/pages\/198\/revisions\/1312"}],"wp:attachment":[{"href":"https:\/\/animaweb.blog.pangea.org\/es\/wp-json\/wp\/v2\/media?parent=198"}],"curies":[{"name":"wp","href":"https:\/\/api.w.org\/{rel}","templated":true}]}}