{"id":106,"date":"2018-01-18T18:25:27","date_gmt":"2018-01-18T16:25:27","guid":{"rendered":"http:\/\/animaweb.blog.pangea.org\/?page_id=106"},"modified":"2023-03-04T23:48:23","modified_gmt":"2023-03-04T21:48:23","slug":"objectius","status":"publish","type":"page","link":"https:\/\/animaweb.blog.pangea.org\/es\/objectius\/","title":{"rendered":"Objetivos"},"content":{"rendered":"<p class=\"western\" lang=\"es-ES\" align=\"center\"><span style=\"font-family: Times New Roman, serif\"><span style=\"font-size: x-large\"><b>Objetivos.<\/b><\/span><\/span><\/p>\n<p class=\"western\" lang=\"es-ES\" align=\"justify\"><span style=\"font-family: Times New Roman, serif\"><span style=\"font-size: large\">La creencia de que s\u00f3lo vivimos una sola encarnaci\u00f3n est\u00e1 muy extendida en todo el Mundo. Adem\u00e1s, en las civilizaciones de Occidente estamos impregnados de esta mentalidad moderna de vivir la vida en la inmediatez sin preocuparnos excesivamente de las consecuencias de nuestros actos.<\/span><\/span><\/p>\n<p class=\"western\" align=\"justify\"><span style=\"font-family: Times New Roman, serif\"><span style=\"font-size: large\"><span lang=\"es-ES\">En este contexto, la <\/span><\/span><\/span><span style=\"font-family: Times New Roman, serif\"><span style=\"font-size: large\"><span lang=\"es-ES\"><b>Terapia de Vidas Pasadas<\/b><\/span><\/span><\/span><span style=\"font-family: Times New Roman, serif\"><span style=\"font-size: large\"><span lang=\"es-ES\"> (<\/span><\/span><\/span><span style=\"font-family: Times New Roman, serif\"><span style=\"font-size: large\"><span lang=\"es-ES\"><b>TVP<\/b><\/span><\/span><\/span><span style=\"font-family: Times New Roman, serif\"><span style=\"font-size: large\"><span lang=\"es-ES\">) ha sido desarrollada por terapeutas, algunos de ellos formados en el rigor acad\u00e9mico y con experiencia pr\u00e1ctica, que han descubierto la evidencia de la reencarnaci\u00f3n, no por la v\u00eda de un dogma impuesto o por una creencia libremente aceptada, sino mediante la pr\u00e1ctica cotidiana con sus pacientes.<\/span><\/span><\/span><\/p>\n<p class=\"western\" align=\"justify\"><span style=\"font-family: Times New Roman, serif\"><span style=\"font-size: large\"><span lang=\"es-ES\">Si un individuo cree que s\u00f3lo se vive una sola vez, puede decidir desentenderse de la suerte del lugar donde vive, pues supone que no volver\u00e1. Pero ante la duda de una persona que cree probable que pueda volver a la Tierra, aquella puede pensar: \u00ab<\/span><\/span><\/span><span style=\"font-family: Times New Roman, serif\"><span style=\"font-size: large\"><span lang=\"es-ES\"><i>Cuidado, porque quiz\u00e1s volveremos. Por lo tanto, tenemos que procurar dejar el Mundo igual o mejor de como lo hemos encontrado, o al menos conservarlo, evitando que empeore excesivamente, porque ser\u00e1 el mismo lugar a donde regresaremos<\/i><\/span><\/span><\/span><span style=\"font-family: Times New Roman, serif\"><span style=\"font-size: large\"><span lang=\"es-ES\">\u00bb.<\/span><\/span><\/span><\/p>\n<p class=\"western\" lang=\"es-ES\" align=\"justify\"><span style=\"font-family: Times New Roman, serif\"><span style=\"font-size: large\">Los pacientes de la TVP tienen la ocasi\u00f3n de descubrir que venimos a este mundo a aprender. Lo hacemos averiguando las fallas de nuestro pasado, con las cuales incorporamos diferentes tipos de lecciones, entre ellas las virtudes fundamentales del amor y la compasi\u00f3n, que son algunas de las que el alma debe asumir en su camino de perfeccionamiento. Virtudes necesarias en un planeta como el nuestro, que puede nutrir de suficiente alimento, materia y energ\u00eda a todos sus habitantes, pero donde hay gente que sufre carencias graves. Un planeta con una rica variedad de especies y de medios, pero en riesgo debido al exceso de contaminaci\u00f3n y al desperdicio de recursos. Donde la Humanidad dispone de una gran diversidad de naciones, culturas y lenguas, cada una capaz de ofrecer sus soluciones originales al resto, pero con la capacidad militar suficiente como para destruir varias veces la vida que contiene.<\/span><\/span><\/p>\n<p class=\"western\" align=\"justify\"><span style=\"font-family: Times New Roman, serif\"><span style=\"font-size: large\"><span lang=\"es-ES\">La mayor asignatura pendiente de la Humanidad de nuestro planeta, aunque no la \u00fanica, es elevar el nivel \u00e9tico y de consciencia de nuestra sociedad. En esta labor la espiritualidad es decisiva. Desde este modesto sitio web <\/span><\/span><\/span><span style=\"font-family: Times New Roman, serif\"><span style=\"font-size: large\"><span lang=\"es-ES\"><b>En cuerpo y alma<\/b><\/span><\/span><\/span><span style=\"font-family: Times New Roman, serif\"><span style=\"font-size: large\"><span lang=\"es-ES\"> introducimos a los internautas en este camino abierto por unos investigadores pioneros que, combinando ps\u00edquica y metaps\u00edquica, pueden ayudarnos a mejorar el nivel de las relaciones entre los individuos, entre los colectivos, y en el respeto hacia nuestra propia naturaleza y la del resto de los seres vivos.<\/span><\/span><\/span><\/p>\n<p class=\"western\" align=\"right\"><span style=\"font-family: Times New Roman, serif\"><span style=\"font-size: large\"><span lang=\"es-ES\">Equipo del web <\/span><\/span><\/span><span style=\"font-family: Times New Roman, serif\"><span style=\"font-size: large\"><span lang=\"es-ES\"><b>En cuerpo y alma<\/b><\/span><\/span><\/span><span style=\"font-family: Times New Roman, serif\"><span style=\"font-size: large\"><span lang=\"es-ES\">.<br \/>\nPrimera versi\u00f3n: Jueves, 18 de Enero de 2018.<br \/>\n\u00daltima modificaci\u00f3n: Martes, 30 de Enero de 2018.<\/span><\/span><\/span><\/p>","protected":false},"excerpt":{"rendered":"<p>Objetivos. La creencia de que s\u00f3lo vivimos una sola encarnaci\u00f3n est\u00e1 muy extendida en todo el Mundo. Adem\u00e1s, en las civilizaciones de Occidente estamos impregnados de esta mentalidad moderna de &hellip; <a href=\"https:\/\/animaweb.blog.pangea.org\/es\/objectius\/\" class=\"more-link\">Continuar leyendo<span class=\"screen-reader-text\"> \u00abObjetivos\u00bb<\/span><\/a><\/p>\n","protected":false},"author":12345698,"featured_media":0,"parent":0,"menu_order":0,"comment_status":"closed","ping_status":"closed","template":"","meta":{"ngg_post_thumbnail":0,"footnotes":""},"class_list":["post-106","page","type-page","status-publish","hentry"],"_links":{"self":[{"href":"https:\/\/animaweb.blog.pangea.org\/es\/wp-json\/wp\/v2\/pages\/106","targetHints":{"allow":["GET"]}}],"collection":[{"href":"https:\/\/animaweb.blog.pangea.org\/es\/wp-json\/wp\/v2\/pages"}],"about":[{"href":"https:\/\/animaweb.blog.pangea.org\/es\/wp-json\/wp\/v2\/types\/page"}],"author":[{"embeddable":true,"href":"https:\/\/animaweb.blog.pangea.org\/es\/wp-json\/wp\/v2\/users\/12345698"}],"replies":[{"embeddable":true,"href":"https:\/\/animaweb.blog.pangea.org\/es\/wp-json\/wp\/v2\/comments?post=106"}],"version-history":[{"count":50,"href":"https:\/\/animaweb.blog.pangea.org\/es\/wp-json\/wp\/v2\/pages\/106\/revisions"}],"predecessor-version":[{"id":2432,"href":"https:\/\/animaweb.blog.pangea.org\/es\/wp-json\/wp\/v2\/pages\/106\/revisions\/2432"}],"wp:attachment":[{"href":"https:\/\/animaweb.blog.pangea.org\/es\/wp-json\/wp\/v2\/media?parent=106"}],"curies":[{"name":"wp","href":"https:\/\/api.w.org\/{rel}","templated":true}]}}