{"id":747,"date":"2020-01-23T19:25:24","date_gmt":"2020-01-23T17:25:24","guid":{"rendered":"https:\/\/animaweb.cat\/?page_id=747"},"modified":"2022-12-16T19:58:17","modified_gmt":"2022-12-16T17:58:17","slug":"crida","status":"publish","type":"page","link":"https:\/\/animaweb.blog.pangea.org\/eo\/crida\/","title":{"rendered":"Alvoko"},"content":{"rendered":"<p class=\"western\" lang=\"eo\" align=\"center\"><span style=\"font-family: Times New Roman, serif\"><span style=\"font-size: x-large\"><b>Alvoko de la hejmpa<\/b><b>\u011do \u00abEn korpo kaj animo\u00bb.<\/b><\/span><\/span><\/p>\n<p class=\"western\" lang=\"eo\" align=\"justify\"><span style=\"font-family: Times New Roman, serif\"><span style=\"font-size: large\">La praktikantoj de la <i>Terapio de pasintaj vivoj (TPV) <\/i>kaj de la <i>Terapio de Spirita Posedo (TSP), <\/i>\u0109iu el masimilaj stiloj kaj varianto de traktado kaj pere de la studo de multnombraj kazoj, informas nin ke ni estas animoj kiu transmigradas de unu korpo en alian. De la studado de tiuj kazoj dedukti\u011das ke la reenkarni\u011do a\u016d metempsikozo estas la natura vojo por lernado kaj perfekti\u011do de la animoj.<\/span><\/span><\/p>\n<p class=\"western\" lang=\"eo\" align=\"justify\"><span style=\"font-family: Times New Roman, serif\"><span style=\"font-size: large\">Tiuj terape\u016dtoj kunlaboras en la perfekti\u011do de la animoj malkovrante kaj helpante pri la sovo \u0109e la pacientoj de malsimilaj formoj de homa sufero. Konsiderante la nombro de enkarni\u011dintaj homoj nuntempe ekzistantaj en la tuta mondo, farante avera\u011dan kalkulon de la nombro de malenkarni\u011dintaj animoj kaj konsiderante la diversajn ne solvitajn tra\u016dmantajn faktojn individuajn kaj kolektivajn, travivitajn de la tuta Homaro de la planedo la\u016dlonge de la historio, kiu estas la magnitudo de la cifero de tra\u016dmigaj konfliktoj de la pasinto, de diversaj specoj, ankora\u016d solvotaj kiuj tu\u015das tiun nombron da enkarni\u011dintaj kaj malenkarni\u011dintaj animoj? Eble centoj de miliardoj.<\/span><\/span><\/p>\n<p class=\"western\" lang=\"eo\" align=\"justify\"><span style=\"font-family: Times New Roman, serif\"><span style=\"font-size: large\">Cele al helpo a\u016d instigo de tiu titana tasko de solvo kaj plibonigo de la anima a\u016d spirita konscio kiu tu\u015das la tutan homaron, hejmpa\u011do ekanta kun limigita pa\u011donombro, inkludanta la priskribo de diversaj solvitaj kazoj, sed kiu plivastigu sian entenon en \u0109iam pli granda lingvonombro, povas esti ege ta\u016dga por atingi \u0109iujn popolojn de la mondo, pere de unu de la animaj iloj kolektivaj de \u0109iu popolo, ties propra nacia lingvo.<\/span><\/span><\/p>\n<p class=\"western\" lang=\"eo\" align=\"justify\"><span style=\"font-family: Times New Roman, serif\"><span style=\"font-size: large\">Ni alvokas vin al kunlaboro en tiu projekto helpante diversmaniere. Tradukante kaj korenktante kiel eble pelj fidele ties pa\u011doj. Anka\u016d rekuperante, kaj se necese korektante la\u016d la originalo, la cita\u0135ojn jam tradukitaj de menciitiaj a\u016dtoroj kaze de jam ekistantaj eldonoj de la tradukota lingvo. Estos bonvenaj la knunlaboroj rilate la stetika kaj teknika parto de la projekto. Kiu volos fari monan donacon povos \u011din fari rekte al la homo(j) kiu(j) kunlaboris kaj bezonas repagon, \u0109ar en la tuta projekto ni celas \u015dpari burokrata\u0135ojn. \u0108iuj homoj kaj anaroj kuj partoprenos la projeton, se ili volos, aperos la\u016dnome en la pa\u011do de dankmencio kaj krome en la pa\u011doj en kiuj oni partoprenis.<\/span><\/span><\/p>\n<p class=\"western\" lang=\"eo\" align=\"justify\"><span style=\"font-family: Times New Roman, serif\"><span style=\"font-size: large\">Nia homaro anta\u016deniras rapide en certaj areoj de la scienca kaj te\u0125nika esplorado, tamen suferas malprogreso en la kono de la spirita realo, kio okazigas grandan etikan prokraston. Tiu situacio endan\u011derigas la vivon en tiu granda lernejo kiu estas nia planedo. Tiu \u0109i projekto, kiu ekas pere de bazaj informoj kaj ne devas esti nepre la nura, celas helpi kompensi tiun malekvilibron kaj instigi aliajn projektojn kiuj volu iri pluen.<\/span><\/span><\/p>\n<p class=\"western\" lang=\"eo\" align=\"right\"><span style=\"font-family: Times New Roman, serif\"><span style=\"font-size: large\">Teamo de la hejmpa\u011do <i>En korpo kaj animo.<br \/>\n<\/i><\/span><\/span><span style=\"font-family: Times New Roman, serif\"><span style=\"font-size: large\">Mardon, la 21-an de januaro de 2020.<br \/>\n<\/span><\/span><span style=\"font-family: Times New Roman, serif\"><span style=\"font-size: large\"><b>Tradukis: Alfons Tur.<\/b><\/span><\/span><\/p>","protected":false},"excerpt":{"rendered":"<p>Alvoko de la hejmpa\u011do \u00abEn korpo kaj animo\u00bb. La praktikantoj de la Terapio de pasintaj vivoj (TPV) kaj de la Terapio de Spirita Posedo (TSP), \u0109iu el masimilaj stiloj kaj &hellip; <a href=\"https:\/\/animaweb.blog.pangea.org\/eo\/crida\/\" class=\"more-link\">Da\u016drigi legadon<span class=\"screen-reader-text\"> &#8220;Alvoko&#8221;<\/span><\/a><\/p>\n","protected":false},"author":12345698,"featured_media":0,"parent":0,"menu_order":0,"comment_status":"closed","ping_status":"closed","template":"","meta":{"ngg_post_thumbnail":0,"footnotes":""},"class_list":["post-747","page","type-page","status-publish","hentry"],"_links":{"self":[{"href":"https:\/\/animaweb.blog.pangea.org\/eo\/wp-json\/wp\/v2\/pages\/747","targetHints":{"allow":["GET"]}}],"collection":[{"href":"https:\/\/animaweb.blog.pangea.org\/eo\/wp-json\/wp\/v2\/pages"}],"about":[{"href":"https:\/\/animaweb.blog.pangea.org\/eo\/wp-json\/wp\/v2\/types\/page"}],"author":[{"embeddable":true,"href":"https:\/\/animaweb.blog.pangea.org\/eo\/wp-json\/wp\/v2\/users\/12345698"}],"replies":[{"embeddable":true,"href":"https:\/\/animaweb.blog.pangea.org\/eo\/wp-json\/wp\/v2\/comments?post=747"}],"version-history":[{"count":25,"href":"https:\/\/animaweb.blog.pangea.org\/eo\/wp-json\/wp\/v2\/pages\/747\/revisions"}],"predecessor-version":[{"id":2238,"href":"https:\/\/animaweb.blog.pangea.org\/eo\/wp-json\/wp\/v2\/pages\/747\/revisions\/2238"}],"wp:attachment":[{"href":"https:\/\/animaweb.blog.pangea.org\/eo\/wp-json\/wp\/v2\/media?parent=747"}],"curies":[{"name":"wp","href":"https:\/\/api.w.org\/{rel}","templated":true}]}}