{"id":682,"date":"2020-01-03T22:12:34","date_gmt":"2020-01-03T20:12:34","guid":{"rendered":"https:\/\/animaweb.cat\/?page_id=682"},"modified":"2023-02-16T05:59:39","modified_gmt":"2023-02-16T03:59:39","slug":"testimoni-dorfeo-terapia-de-possessio-espiritual","status":"publish","type":"page","link":"https:\/\/animaweb.blog.pangea.org\/eo\/testimoni-dorfeo-terapia-de-possessio-espiritual\/","title":{"rendered":"(Catal\u00e0) Testimoni d\u2019Orfeo. Ter\u00e0pia de possessi\u00f3 espiritual."},"content":{"rendered":"<p class=\"qtranxs-available-languages-message qtranxs-available-languages-message-eo\">Pardonu, \u0109i tiu eniro disponeblas nur en <a href=\"https:\/\/animaweb.blog.pangea.org\/ca\/wp-json\/wp\/v2\/pages\/682\" class=\"qtranxs-available-language-link qtranxs-available-language-link-ca\" title=\"Catal\u00e0\">Catal\u00e0<\/a>, <a href=\"https:\/\/animaweb.blog.pangea.org\/es\/wp-json\/wp\/v2\/pages\/682\" class=\"qtranxs-available-language-link qtranxs-available-language-link-es\" title=\"Castellano\">Castellano<\/a>, <a href=\"https:\/\/animaweb.blog.pangea.org\/en\/wp-json\/wp\/v2\/pages\/682\" class=\"qtranxs-available-language-link qtranxs-available-language-link-en\" title=\"English\">English<\/a>, <a href=\"https:\/\/animaweb.blog.pangea.org\/fr\/wp-json\/wp\/v2\/pages\/682\" class=\"qtranxs-available-language-link qtranxs-available-language-link-fr\" title=\"Fran\u00e7ais\">Fran\u00e7ais<\/a>, <a href=\"https:\/\/animaweb.blog.pangea.org\/it\/wp-json\/wp\/v2\/pages\/682\" class=\"qtranxs-available-language-link qtranxs-available-language-link-it\" title=\"Italiano\">Italiano<\/a>, <a href=\"https:\/\/animaweb.blog.pangea.org\/de\/wp-json\/wp\/v2\/pages\/682\" class=\"qtranxs-available-language-link qtranxs-available-language-link-de\" title=\"Deutsch\">Deutsch<\/a>, <a href=\"https:\/\/animaweb.blog.pangea.org\/gl\/wp-json\/wp\/v2\/pages\/682\" class=\"qtranxs-available-language-link qtranxs-available-language-link-gl\" title=\"Galego\">Galego<\/a> kaj <a href=\"https:\/\/animaweb.blog.pangea.org\/eu\/wp-json\/wp\/v2\/pages\/682\" class=\"qtranxs-available-language-link qtranxs-available-language-link-eu\" title=\"Euskera\">Euskera<\/a>.<\/p>","protected":false},"excerpt":{"rendered":"<p>Pardonu, \u0109i tiu eniro disponeblas nur en Catal\u00e0, Castellano, English, Fran\u00e7ais, Italiano, Deutsch, Galego kaj Euskera.<\/p>\n","protected":false},"author":12345698,"featured_media":0,"parent":0,"menu_order":0,"comment_status":"closed","ping_status":"closed","template":"","meta":{"ngg_post_thumbnail":0,"footnotes":""},"class_list":["post-682","page","type-page","status-publish","hentry"],"_links":{"self":[{"href":"https:\/\/animaweb.blog.pangea.org\/eo\/wp-json\/wp\/v2\/pages\/682","targetHints":{"allow":["GET"]}}],"collection":[{"href":"https:\/\/animaweb.blog.pangea.org\/eo\/wp-json\/wp\/v2\/pages"}],"about":[{"href":"https:\/\/animaweb.blog.pangea.org\/eo\/wp-json\/wp\/v2\/types\/page"}],"author":[{"embeddable":true,"href":"https:\/\/animaweb.blog.pangea.org\/eo\/wp-json\/wp\/v2\/users\/12345698"}],"replies":[{"embeddable":true,"href":"https:\/\/animaweb.blog.pangea.org\/eo\/wp-json\/wp\/v2\/comments?post=682"}],"version-history":[{"count":6,"href":"https:\/\/animaweb.blog.pangea.org\/eo\/wp-json\/wp\/v2\/pages\/682\/revisions"}],"predecessor-version":[{"id":2406,"href":"https:\/\/animaweb.blog.pangea.org\/eo\/wp-json\/wp\/v2\/pages\/682\/revisions\/2406"}],"wp:attachment":[{"href":"https:\/\/animaweb.blog.pangea.org\/eo\/wp-json\/wp\/v2\/media?parent=682"}],"curies":[{"name":"wp","href":"https:\/\/api.w.org\/{rel}","templated":true}]}}