{"id":281,"date":"2018-09-10T12:51:15","date_gmt":"2018-09-10T10:51:15","guid":{"rendered":"https:\/\/animaweb.cat\/?page_id=281"},"modified":"2023-02-16T06:05:05","modified_gmt":"2023-02-16T04:05:05","slug":"cites-i-testimonis","status":"publish","type":"page","link":"https:\/\/animaweb.blog.pangea.org\/eo\/cites-i-testimonis\/","title":{"rendered":"Nomumoj kaj atestoj"},"content":{"rendered":"<p lang=\"eo\" align=\"justify\"><span style=\"font-family: Times New Roman, serif\"><span style=\"font-size: x-large\"><b><a href=\"\/eo\/respectar-els-individus-de-les-altres-condicions-el-testimoni-develyn\/\">Respekti la alikondi\u0109ajn individuojn. La atesto de Evelyn.<\/a><br \/>\n<\/b><\/span><\/span><span style=\"font-family: Times New Roman, serif\"><span style=\"font-size: large\"><i>Tiu \u0109i kazo de D-ro Brian Weiss apartenas al paciento kiu prenas la nomon Evelyn, kie evidenti\u011das la neceso lerni respekti la homojn kiuj apartenas al alies aro.<br \/>\n<\/i><\/span><\/span><span style=\"font-family: Times New Roman, serif\"><span style=\"font-size: large\"><span lang=\"eo\">D-ro Brian Weiss. <\/span><\/span><\/span><span style=\"font-family: Times New Roman, serif\"><span style=\"font-size: large\"><span lang=\"eo\"><i>Same Soul, Many Bodies<\/i><\/span><\/span><\/span><span style=\"font-family: Times New Roman, serif\"><span style=\"font-size: large\"><span lang=\"eo\"> (<\/span><\/span><\/span><span style=\"font-family: Times New Roman, serif\"><span style=\"font-size: large\"><span lang=\"eo\"><i>Multaj korpoj, unu animo<\/i><\/span><\/span><\/span><span style=\"font-family: Times New Roman, serif\"><span style=\"font-size: large\"><span lang=\"eo\">).<br \/>\n<\/span><\/span><\/span><span style=\"font-family: Times New Roman, serif\"><span style=\"font-size: large\"><b>Tradukis: Alfons Tur Garcia.<\/b><\/span><\/span><\/p>\n<p lang=\"eo\" align=\"justify\"><span style=\"font-family: Times New Roman, serif\"><span style=\"font-size: x-large\"><b><a href=\"\/eo\/a-la-comprensio-per-lexperiencia\/\">Survoje al ekkompreno pere de la sperto.<\/a><br \/>\n<\/b><\/span><\/span><span style=\"font-family: Times New Roman, serif\"><span style=\"font-size: large\"><i>La D-ro en psikiatrio Brian Weiss rakontas pri siaj komencaj enketoj en la traser\u0109o de referencoj pri la reenkarni\u011do post la unuaj pa\u015doj en la tekniko de terapio de Pasintaj Vivoj (&#8230;).<br \/>\n<\/i><\/span><\/span><span style=\"font-family: Times New Roman, serif\"><span style=\"font-size: large\">D-ro Brian Weiss. <i>Throug Time into Healing<\/i> (<i>Tra la tempo en la kuracado<\/i>).<br \/>\n<\/span><\/span><span style=\"font-family: Times New Roman, serif\"><span style=\"font-size: large\"><b>Tradukis: Alfons Tur Garc\u00eda.<\/b><\/span><\/span><\/p>\n<p class=\"western\" lang=\"eo\" align=\"justify\"><span style=\"font-family: Times New Roman, serif\"><span style=\"font-size: x-large\"><b><a href=\"\/eo\/un-cas-de-reencarnacio-immediata-en-el-grup-familiar-terapia-de-vides-passades\/\">Kazo de tuja reenkarni\u011do en la familia grupo. Terapio de Pasintaj Vivoj.<\/a><\/b><\/span><\/span><br \/>\n<span style=\"font-family: Times New Roman, serif\"><span style=\"font-size: large\"><span lang=\"eo\">De Leopoldo Lage, Merlo, San Luis, Argentino.<br \/>\n<i>Marcela (45-jara) venis en la konsultejon kun la celo prilabori sian hundfobion. De anta\u016d pluraj jaroj liaj du filoj, dek du kaj dek jaraj, asertis, ke ili volas hundon kiel dorlotbesto, sed Marcela tre timis hundojn \u011dis la punkto ne povi mar\u015di sola en sia kvartalo, kie abundis multaj liberaj hundoj. Marcela volis liberigi sin de tiu \u011dena timo, kiu kondukis \u015din al preni preska\u016d komikajn teni\u011don, kiam hazarde renkontis hundon, sendepende de grandeco nek cirkonstancoj (&#8230;)<\/i><\/span><\/span><\/span><span style=\"font-family: Times New Roman, serif\"><span style=\"font-size: large\"><span lang=\"eo\">.<\/span><\/span><\/span><br \/>\n<strong><span style=\"font-family: Times New Roman, serif\"><span style=\"font-size: large\"><span lang=\"eo\"><b>Tradukis: Joan Inglada Roig.<\/b><\/span><\/span><\/span><\/strong><\/p>\n<p lang=\"eo\" align=\"justify\"><a href=\"\/eo\/testimoniatge-damy-cas-de-suicidi-i-pas-per-la-biblioteca-dels-llibres-de-la-vida\/\"><span style=\"font-family: Times New Roman, serif\"><span style=\"font-size: x-large\"><b>Atesto de Amy. Kazo de memmortigo kaj paso tra la biblioteko de la Libroj de la Vivo.<br \/>\n<\/b><\/span><\/span><\/a><span style=\"font-family: Times New Roman, serif\"><span style=\"font-size: large\"><i>En la sekva rakonto paciento de D-ro Michael Newton, ku \u0109i tie prenas la nomon Amy, revivas pasintan vivon kiam \u015di memmortigis sin \u0109ar \u015di trovi\u011dis graveda, needzi\u011dinta kaj perdinta sian koramikon en la viktoriana Anglujo. \u015cia animo stagnas dum cent jaroj dedi\u0109ita al pripenso de \u015dia ago, \u011dis kiam \u015di aliras al iu biblioteko de la Libroj de la Vivo. Tie \u015di stabligas dialogon kun la animoj de unu el la bibliotekistoj, sperta majstro kiu helpas \u015din da\u016drigi sian vojon de spirita evoluo (&#8230;).<br \/>\n<\/i><\/span><\/span><span style=\"font-family: Times New Roman, serif\"><span style=\"font-size: large\">D-ro Michael Newton. <i>Destiny of Souls<\/i> (<i>Destino de la animoj. Eterna spirita kresko<\/i>).<br \/>\n<\/span><\/span><span style=\"font-family: Times New Roman, serif\"><span style=\"font-size: large\"><b>Tradukis: Alfons Tur Garcia.<\/b><\/span><\/span><\/p>\n<p lang=\"eo\" align=\"justify\"><span style=\"font-family: Times New Roman, serif\"><span style=\"font-size: x-large\"><b><a href=\"\/eo\/cas-davortament-terapia-de-possessio-espiritual\/\">Kazo de aborto. Terapio de spirita posedo.<\/a><br \/>\n<\/b><\/span><\/span><span style=\"font-family: Times New Roman, serif\"><span style=\"font-size: large\">\u00ab<i>BEG (Biolektrografio) korespondas al tridek kivin jara\u011da virino kies trimoneta gravedi\u011do malsukcesis okaze de akcidento. Tiu virino sentis timon kaj kulpon \u0109ar la akicidento okazis pro malprudento \u015diaflanke. Tiu BEG estis eltirita dum regresa sesio \u0135us en la momento kiam la paciento esprimis la sekvan frazon: &#8220;En tiu \u0109i momento mi sentas la bebon ene de mia kapo&#8221; <\/i><i>(&#8230;)<\/i>\u00bb.<br \/>\n<\/span><\/span><span style=\"font-family: Times New Roman, serif\"><span style=\"font-size: large\">Bildo de BEG: Ra\u00fal Torres. El la libro de D-ro Jos\u00e9 Lu\u00eds Cabouli. <i>Terapia de la Posesi\u00f3n Espiritual. T\u00e9cnica y pr\u00e1ctica cl\u00ednica <\/i><i>(<\/i><i>Terapio de spirita posedo. Tekniko kaj klinika praktiko<\/i><i>)<\/i>. Eld. \u00cdndigo. Pa\u011d. 397 (hisp. Eldono).<br \/>\n<\/span><\/span><span style=\"font-family: Times New Roman, serif\"><span style=\"font-size: large\"><b>Tradukis: Alfons Tur Garcia.<\/b><\/span><\/span><\/p>","protected":false},"excerpt":{"rendered":"<p>Respekti la alikondi\u0109ajn individuojn. La atesto de Evelyn. Tiu \u0109i kazo de D-ro Brian Weiss apartenas al paciento kiu prenas la nomon Evelyn, kie evidenti\u011das la neceso lerni respekti la &hellip; <a href=\"https:\/\/animaweb.blog.pangea.org\/eo\/cites-i-testimonis\/\" class=\"more-link\">Da\u016drigi legadon<span class=\"screen-reader-text\"> &#8220;Nomumoj kaj atestoj&#8221;<\/span><\/a><\/p>\n","protected":false},"author":12345698,"featured_media":0,"parent":0,"menu_order":0,"comment_status":"closed","ping_status":"closed","template":"","meta":{"ngg_post_thumbnail":0,"footnotes":""},"class_list":["post-281","page","type-page","status-publish","hentry"],"_links":{"self":[{"href":"https:\/\/animaweb.blog.pangea.org\/eo\/wp-json\/wp\/v2\/pages\/281","targetHints":{"allow":["GET"]}}],"collection":[{"href":"https:\/\/animaweb.blog.pangea.org\/eo\/wp-json\/wp\/v2\/pages"}],"about":[{"href":"https:\/\/animaweb.blog.pangea.org\/eo\/wp-json\/wp\/v2\/types\/page"}],"author":[{"embeddable":true,"href":"https:\/\/animaweb.blog.pangea.org\/eo\/wp-json\/wp\/v2\/users\/12345698"}],"replies":[{"embeddable":true,"href":"https:\/\/animaweb.blog.pangea.org\/eo\/wp-json\/wp\/v2\/comments?post=281"}],"version-history":[{"count":136,"href":"https:\/\/animaweb.blog.pangea.org\/eo\/wp-json\/wp\/v2\/pages\/281\/revisions"}],"predecessor-version":[{"id":2407,"href":"https:\/\/animaweb.blog.pangea.org\/eo\/wp-json\/wp\/v2\/pages\/281\/revisions\/2407"}],"wp:attachment":[{"href":"https:\/\/animaweb.blog.pangea.org\/eo\/wp-json\/wp\/v2\/media?parent=281"}],"curies":[{"name":"wp","href":"https:\/\/api.w.org\/{rel}","templated":true}]}}