{"id":26,"date":"2018-01-17T20:47:37","date_gmt":"2018-01-17T18:47:37","guid":{"rendered":"http:\/\/animaweb.blog.pangea.org\/?page_id=26"},"modified":"2023-01-19T06:53:01","modified_gmt":"2023-01-19T04:53:01","slug":"jose-luis-cabouli-lanima-es-el-xofer-el-cos-el-vehicle","status":"publish","type":"page","link":"https:\/\/animaweb.blog.pangea.org\/eo\/jose-luis-cabouli-lanima-es-el-xofer-el-cos-el-vehicle\/","title":{"rendered":"(Catal\u00e0) Jos\u00e9 Luis Cabouli: \u00abL&#8217;\u00e0nima \u00e9s el xofer; el cos, el vehicle\u00bb."},"content":{"rendered":"<p class=\"qtranxs-available-languages-message qtranxs-available-languages-message-eo\">Pardonu, \u0109i tiu eniro disponeblas nur en <a href=\"https:\/\/animaweb.blog.pangea.org\/ca\/wp-json\/wp\/v2\/pages\/26\" class=\"qtranxs-available-language-link qtranxs-available-language-link-ca\" title=\"Catal\u00e0\">Catal\u00e0<\/a>, <a href=\"https:\/\/animaweb.blog.pangea.org\/es\/wp-json\/wp\/v2\/pages\/26\" class=\"qtranxs-available-language-link qtranxs-available-language-link-es\" title=\"Castellano\">Castellano<\/a>, <a href=\"https:\/\/animaweb.blog.pangea.org\/en\/wp-json\/wp\/v2\/pages\/26\" class=\"qtranxs-available-language-link qtranxs-available-language-link-en\" title=\"English\">English<\/a>, <a href=\"https:\/\/animaweb.blog.pangea.org\/fr\/wp-json\/wp\/v2\/pages\/26\" class=\"qtranxs-available-language-link qtranxs-available-language-link-fr\" title=\"Fran\u00e7ais\">Fran\u00e7ais<\/a>, <a href=\"https:\/\/animaweb.blog.pangea.org\/it\/wp-json\/wp\/v2\/pages\/26\" class=\"qtranxs-available-language-link qtranxs-available-language-link-it\" title=\"Italiano\">Italiano<\/a>, <a href=\"https:\/\/animaweb.blog.pangea.org\/de\/wp-json\/wp\/v2\/pages\/26\" class=\"qtranxs-available-language-link qtranxs-available-language-link-de\" title=\"Deutsch\">Deutsch<\/a>, <a href=\"https:\/\/animaweb.blog.pangea.org\/gl\/wp-json\/wp\/v2\/pages\/26\" class=\"qtranxs-available-language-link qtranxs-available-language-link-gl\" title=\"Galego\">Galego<\/a>, <a href=\"https:\/\/animaweb.blog.pangea.org\/pt\/wp-json\/wp\/v2\/pages\/26\" class=\"qtranxs-available-language-link qtranxs-available-language-link-pt\" title=\"Portugu\u00eas\">Portugu\u00eas<\/a>, <a href=\"https:\/\/animaweb.blog.pangea.org\/eu\/wp-json\/wp\/v2\/pages\/26\" class=\"qtranxs-available-language-link qtranxs-available-language-link-eu\" title=\"Euskera\">Euskera<\/a> kaj <a href=\"https:\/\/animaweb.blog.pangea.org\/ro\/wp-json\/wp\/v2\/pages\/26\" class=\"qtranxs-available-language-link qtranxs-available-language-link-ro\" title=\"Rom\u00e2n\u0103\">Rom\u00e2n\u0103<\/a>.<\/p>","protected":false},"excerpt":{"rendered":"<p>Pardonu, \u0109i tiu eniro disponeblas nur en Catal\u00e0, Castellano, English, Fran\u00e7ais, Italiano, Deutsch, Galego, Portugu\u00eas, Euskera kaj Rom\u00e2n\u0103.<\/p>\n","protected":false},"author":12345698,"featured_media":0,"parent":0,"menu_order":0,"comment_status":"closed","ping_status":"closed","template":"","meta":{"ngg_post_thumbnail":0,"footnotes":""},"class_list":["post-26","page","type-page","status-publish","hentry"],"_links":{"self":[{"href":"https:\/\/animaweb.blog.pangea.org\/eo\/wp-json\/wp\/v2\/pages\/26","targetHints":{"allow":["GET"]}}],"collection":[{"href":"https:\/\/animaweb.blog.pangea.org\/eo\/wp-json\/wp\/v2\/pages"}],"about":[{"href":"https:\/\/animaweb.blog.pangea.org\/eo\/wp-json\/wp\/v2\/types\/page"}],"author":[{"embeddable":true,"href":"https:\/\/animaweb.blog.pangea.org\/eo\/wp-json\/wp\/v2\/users\/12345698"}],"replies":[{"embeddable":true,"href":"https:\/\/animaweb.blog.pangea.org\/eo\/wp-json\/wp\/v2\/comments?post=26"}],"version-history":[{"count":12,"href":"https:\/\/animaweb.blog.pangea.org\/eo\/wp-json\/wp\/v2\/pages\/26\/revisions"}],"predecessor-version":[{"id":2366,"href":"https:\/\/animaweb.blog.pangea.org\/eo\/wp-json\/wp\/v2\/pages\/26\/revisions\/2366"}],"wp:attachment":[{"href":"https:\/\/animaweb.blog.pangea.org\/eo\/wp-json\/wp\/v2\/media?parent=26"}],"curies":[{"name":"wp","href":"https:\/\/api.w.org\/{rel}","templated":true}]}}