{"id":219,"date":"2018-02-28T15:26:36","date_gmt":"2018-02-28T13:26:36","guid":{"rendered":"https:\/\/animaweb.cat\/?page_id=219"},"modified":"2021-04-17T09:49:01","modified_gmt":"2021-04-17T07:49:01","slug":"bibliografia-del-doctor-michael-newton","status":"publish","type":"page","link":"https:\/\/animaweb.blog.pangea.org\/eo\/bibliografia-del-doctor-michael-newton\/","title":{"rendered":"(Catal\u00e0) Bibliografia del Doctor Michael Newton."},"content":{"rendered":"<p class=\"qtranxs-available-languages-message qtranxs-available-languages-message-eo\">Pardonu, \u0109i tiu eniro disponeblas nur en <a href=\"https:\/\/animaweb.blog.pangea.org\/ca\/wp-json\/wp\/v2\/pages\/219\" class=\"qtranxs-available-language-link qtranxs-available-language-link-ca\" title=\"Catal\u00e0\">Catal\u00e0<\/a>, <a href=\"https:\/\/animaweb.blog.pangea.org\/es\/wp-json\/wp\/v2\/pages\/219\" class=\"qtranxs-available-language-link qtranxs-available-language-link-es\" title=\"Castellano\">Castellano<\/a>, <a href=\"https:\/\/animaweb.blog.pangea.org\/en\/wp-json\/wp\/v2\/pages\/219\" class=\"qtranxs-available-language-link qtranxs-available-language-link-en\" title=\"English\">English<\/a>, <a href=\"https:\/\/animaweb.blog.pangea.org\/fr\/wp-json\/wp\/v2\/pages\/219\" class=\"qtranxs-available-language-link qtranxs-available-language-link-fr\" title=\"Fran\u00e7ais\">Fran\u00e7ais<\/a>, <a href=\"https:\/\/animaweb.blog.pangea.org\/it\/wp-json\/wp\/v2\/pages\/219\" class=\"qtranxs-available-language-link qtranxs-available-language-link-it\" title=\"Italiano\">Italiano<\/a>, <a href=\"https:\/\/animaweb.blog.pangea.org\/de\/wp-json\/wp\/v2\/pages\/219\" class=\"qtranxs-available-language-link qtranxs-available-language-link-de\" title=\"Deutsch\">Deutsch<\/a>, <a href=\"https:\/\/animaweb.blog.pangea.org\/gl\/wp-json\/wp\/v2\/pages\/219\" class=\"qtranxs-available-language-link qtranxs-available-language-link-gl\" title=\"Galego\">Galego<\/a> kaj <a href=\"https:\/\/animaweb.blog.pangea.org\/pt\/wp-json\/wp\/v2\/pages\/219\" class=\"qtranxs-available-language-link qtranxs-available-language-link-pt\" title=\"Portugu\u00eas\">Portugu\u00eas<\/a>.<\/p>","protected":false},"excerpt":{"rendered":"<p>Pardonu, \u0109i tiu eniro disponeblas nur en Catal\u00e0, Castellano, English, Fran\u00e7ais, Italiano, Deutsch, Galego kaj Portugu\u00eas.<\/p>\n","protected":false},"author":12345698,"featured_media":0,"parent":0,"menu_order":0,"comment_status":"closed","ping_status":"closed","template":"","meta":{"ngg_post_thumbnail":0,"footnotes":""},"class_list":["post-219","page","type-page","status-publish","hentry"],"_links":{"self":[{"href":"https:\/\/animaweb.blog.pangea.org\/eo\/wp-json\/wp\/v2\/pages\/219","targetHints":{"allow":["GET"]}}],"collection":[{"href":"https:\/\/animaweb.blog.pangea.org\/eo\/wp-json\/wp\/v2\/pages"}],"about":[{"href":"https:\/\/animaweb.blog.pangea.org\/eo\/wp-json\/wp\/v2\/types\/page"}],"author":[{"embeddable":true,"href":"https:\/\/animaweb.blog.pangea.org\/eo\/wp-json\/wp\/v2\/users\/12345698"}],"replies":[{"embeddable":true,"href":"https:\/\/animaweb.blog.pangea.org\/eo\/wp-json\/wp\/v2\/comments?post=219"}],"version-history":[{"count":25,"href":"https:\/\/animaweb.blog.pangea.org\/eo\/wp-json\/wp\/v2\/pages\/219\/revisions"}],"predecessor-version":[{"id":1314,"href":"https:\/\/animaweb.blog.pangea.org\/eo\/wp-json\/wp\/v2\/pages\/219\/revisions\/1314"}],"wp:attachment":[{"href":"https:\/\/animaweb.blog.pangea.org\/eo\/wp-json\/wp\/v2\/media?parent=219"}],"curies":[{"name":"wp","href":"https:\/\/api.w.org\/{rel}","templated":true}]}}