{"id":1985,"date":"2022-08-24T08:58:08","date_gmt":"2022-08-24T06:58:08","guid":{"rendered":"https:\/\/animaweb.cat\/?page_id=1985"},"modified":"2023-01-22T23:16:12","modified_gmt":"2023-01-22T21:16:12","slug":"multimedia","status":"publish","type":"page","link":"https:\/\/animaweb.blog.pangea.org\/eo\/multimedia\/","title":{"rendered":"Plurmedia"},"content":{"rendered":"<p lang=\"eo\"><span style=\"font-family: Times New Roman, serif\"><span style=\"font-size: x-large\"><b>Plurmedia.<\/b><\/span><\/span><\/p>\n<p lang=\"eo\" align=\"justify\"><a href=\"\/eo\/el-credit-cosmic-pel-doctor-jose-luis-cabouli-conferencia-en-castella-subtitulada-en-catala\/\"><span style=\"font-family: Times New Roman, serif\"><span style=\"font-size: x-large\"><b>\u00abKosma kredito\u00bb de D-ro Jos\u00e9 Lu<\/b><b>i<\/b><b>s Cabouli. Prelego en la hispana, subtekstoj en esperanto.<br \/>\n<\/b><\/span><\/span><\/a><span style=\"font-family: Times New Roman, serif\"><span style=\"font-size: large\">\u00ab<i>Ero de la prelego kies titolo estas &#8220;Vivo anta\u016d naski\u011do&#8221; de D-ro Jos\u00e9 Lu<\/i><i>i<\/i><i>s Cabouli okazinta en la Pluruza Salono de Soler\u00e0s (Les Garrigues, Katalunio) la sabaton 29-an de a\u016dgusto de 2020 <\/i><i>(&#8230;)<\/i>\u00bb.<br \/>\n<\/span><\/span><span style=\"font-family: Times New Roman, serif\"><span style=\"font-size: large\">Profilo de publika\u0135o de \u00ab<i>Odys\u00e9e<\/i>\u00bb: Animaweb. Prelegoj en esperanto. Dato de publikigo en \u00ab<i>Odys\u00e9e<\/i>\u00bb: Lundo, la 12-an de decembro 2022. Da\u016dro de la filmo: 3 minutoj kaj 33 sekundoj. Lingvo: vo\u0109o en la hispana kun subtekstoj en esperanto.<br \/>\n<\/span><\/span><span style=\"font-family: Times New Roman, serif\"><span style=\"font-size: large\"><b>Tradukis: Alfons Tur Garcia.<\/b><\/span><\/span><\/p>\n<p lang=\"eo\"><span style=\"font-family: Times New Roman, serif\"><span style=\"font-size: large\">\u00a0<\/span><\/span><\/p>","protected":false},"excerpt":{"rendered":"<p>Plurmedia. \u00abKosma kredito\u00bb de D-ro Jos\u00e9 Luis Cabouli. Prelego en la hispana, subtekstoj en esperanto. \u00abEro de la prelego kies titolo estas &#8220;Vivo anta\u016d naski\u011do&#8221; de D-ro Jos\u00e9 Luis Cabouli &hellip; <a href=\"https:\/\/animaweb.blog.pangea.org\/eo\/multimedia\/\" class=\"more-link\">Da\u016drigi legadon<span class=\"screen-reader-text\"> &#8220;Plurmedia&#8221;<\/span><\/a><\/p>\n","protected":false},"author":12345698,"featured_media":0,"parent":0,"menu_order":0,"comment_status":"closed","ping_status":"closed","template":"","meta":{"ngg_post_thumbnail":0,"footnotes":""},"class_list":["post-1985","page","type-page","status-publish","hentry"],"_links":{"self":[{"href":"https:\/\/animaweb.blog.pangea.org\/eo\/wp-json\/wp\/v2\/pages\/1985","targetHints":{"allow":["GET"]}}],"collection":[{"href":"https:\/\/animaweb.blog.pangea.org\/eo\/wp-json\/wp\/v2\/pages"}],"about":[{"href":"https:\/\/animaweb.blog.pangea.org\/eo\/wp-json\/wp\/v2\/types\/page"}],"author":[{"embeddable":true,"href":"https:\/\/animaweb.blog.pangea.org\/eo\/wp-json\/wp\/v2\/users\/12345698"}],"replies":[{"embeddable":true,"href":"https:\/\/animaweb.blog.pangea.org\/eo\/wp-json\/wp\/v2\/comments?post=1985"}],"version-history":[{"count":16,"href":"https:\/\/animaweb.blog.pangea.org\/eo\/wp-json\/wp\/v2\/pages\/1985\/revisions"}],"predecessor-version":[{"id":2380,"href":"https:\/\/animaweb.blog.pangea.org\/eo\/wp-json\/wp\/v2\/pages\/1985\/revisions\/2380"}],"wp:attachment":[{"href":"https:\/\/animaweb.blog.pangea.org\/eo\/wp-json\/wp\/v2\/media?parent=1985"}],"curies":[{"name":"wp","href":"https:\/\/api.w.org\/{rel}","templated":true}]}}