{"id":624,"date":"2019-12-28T20:24:10","date_gmt":"2019-12-28T18:24:10","guid":{"rendered":"https:\/\/animaweb.cat\/?page_id=624"},"modified":"2022-12-30T21:42:17","modified_gmt":"2022-12-30T19:42:17","slug":"cas-davortament-terapia-de-possessio-espiritual","status":"publish","type":"page","link":"https:\/\/animaweb.blog.pangea.org\/en\/cas-davortament-terapia-de-possessio-espiritual\/","title":{"rendered":"A case of abortion. Spiritual possession therapy."},"content":{"rendered":"<p class=\"western\" lang=\"en-US\" align=\"center\"><span style=\"font-family: Times New Roman, serif\"><span style=\"font-size: x-large\"><b>A case of abortion. Spiritual possession therapy.<\/b><\/span><\/span><\/p>\n<p class=\"western\" lang=\"en-US\" align=\"center\"><span style=\"font-family: Times New Roman, serif\"><b><img loading=\"lazy\" decoding=\"async\" class=\"aligncenter wp-image-625 size-full\" title=\"A case of abortion. Spiritual possession therapy. Figure 5.\" src=\"https:\/\/animaweb.cat\/files\/2019\/12\/Jose_Luis_Cabouli_Terapia_de_Posesion_Espiritual_Figura_5_Aborto_Foto_Raul_Torres_72ppp_600x907px.png\" alt=\"A case of abortion. Spiritual possession therapy. Figure 5.\" width=\"600\" height=\"907\" srcset=\"https:\/\/animaweb.blog.pangea.org\/files\/2019\/12\/Jose_Luis_Cabouli_Terapia_de_Posesion_Espiritual_Figura_5_Aborto_Foto_Raul_Torres_72ppp_600x907px.png 600w, https:\/\/animaweb.blog.pangea.org\/files\/2019\/12\/Jose_Luis_Cabouli_Terapia_de_Posesion_Espiritual_Figura_5_Aborto_Foto_Raul_Torres_72ppp_600x907px-198x300.png 198w\" sizes=\"auto, (max-width: 600px) 85vw, 600px\" \/>Figure 5.<\/b><\/span><\/p>\n<p class=\"western\" lang=\"es-ES\" align=\"justify\"><span style=\"font-family: Times New Roman, serif\"><span lang=\"en-US\">The<\/span><\/span><b> <\/b><span style=\"font-family: Times New Roman, serif\"><span lang=\"en-US\">BEG (BioElectroGraphy) corresponds to a 35 year old woman who lost a three months pregnancy as a result of an accident. The woman felt guilty and afraid because the accident had been caused by her carelessness. This BEG was obtained during a regression session just when the patient was saying the following:<\/span><\/span><\/p>\n<p class=\"western\" lang=\"en-US\" align=\"justify\"><span style=\"font-family: Times New Roman, serif\">\u00abIn this moment I feel the baby as being inside my head.\u00bb<\/span><\/p>\n<p class=\"western\" lang=\"en-US\" align=\"justify\"><span style=\"font-family: Times New Roman, serif\">In the higher part of the image you may observe a yellowish red shape with a clear foetal shape. Observe that the foetal image contains the ego energy which is totally missing in the patient. We may also see clearly the energetic cord connecting the foetal image to the vital energy of the patient, in spite of which this energy is maintained.<\/span><\/p>\n<p class=\"western\" lang=\"es-ES\" align=\"justify\"><strong><span style=\"font-family: Times New Roman, serif\"><span lang=\"en-US\">BEG image: Ra\u00fal Torres. From the book of Dr. Jos\u00e9 Lu\u00eds Cabouli, <\/span><\/span><span style=\"font-family: Times New Roman, serif\"><span lang=\"en-US\"><i>Terapia de la posesi\u00f3n espiritual. T\u00e9cnica y pr\u00e1ctica cl\u00ednica<\/i><\/span><\/span><span style=\"font-family: Times New Roman, serif\"><span style=\"font-size: large\"><span lang=\"en-US\"> (<\/span><\/span><\/span><span style=\"font-family: Times New Roman, serif\"><span style=\"font-size: large\"><span lang=\"en-US\"><i>Spiritual possession therapy. Clinical technique and practice<\/i><\/span><\/span><\/span><span style=\"font-family: Times New Roman, serif\"><span style=\"font-size: large\"><span lang=\"en-US\">)<\/span><\/span><\/span><span style=\"font-family: Times New Roman, serif\"><span lang=\"en-US\"><i>. <\/i><\/span><\/span><\/strong><span style=\"font-family: Times New Roman, serif\"><span lang=\"en-US\"><strong>Ediciones Continente. Page 341.<\/strong><br \/>\n<\/span><\/span><span style=\"font-family: Times New Roman, serif\"><b>Translation: Loto Perrella.<\/b><\/span><\/p>","protected":false},"excerpt":{"rendered":"<p>A case of abortion. Spiritual possession therapy. Figure 5. The BEG (BioElectroGraphy) corresponds to a 35 year old woman who lost a three months pregnancy as a result of an &hellip; <a href=\"https:\/\/animaweb.blog.pangea.org\/en\/cas-davortament-terapia-de-possessio-espiritual\/\" class=\"more-link\">Continue reading<span class=\"screen-reader-text\"> &#8220;A case of abortion. Spiritual possession therapy.&#8221;<\/span><\/a><\/p>\n","protected":false},"author":12345698,"featured_media":0,"parent":0,"menu_order":0,"comment_status":"closed","ping_status":"closed","template":"","meta":{"ngg_post_thumbnail":0,"footnotes":""},"class_list":["post-624","page","type-page","status-publish","hentry"],"_links":{"self":[{"href":"https:\/\/animaweb.blog.pangea.org\/en\/wp-json\/wp\/v2\/pages\/624","targetHints":{"allow":["GET"]}}],"collection":[{"href":"https:\/\/animaweb.blog.pangea.org\/en\/wp-json\/wp\/v2\/pages"}],"about":[{"href":"https:\/\/animaweb.blog.pangea.org\/en\/wp-json\/wp\/v2\/types\/page"}],"author":[{"embeddable":true,"href":"https:\/\/animaweb.blog.pangea.org\/en\/wp-json\/wp\/v2\/users\/12345698"}],"replies":[{"embeddable":true,"href":"https:\/\/animaweb.blog.pangea.org\/en\/wp-json\/wp\/v2\/comments?post=624"}],"version-history":[{"count":13,"href":"https:\/\/animaweb.blog.pangea.org\/en\/wp-json\/wp\/v2\/pages\/624\/revisions"}],"predecessor-version":[{"id":2301,"href":"https:\/\/animaweb.blog.pangea.org\/en\/wp-json\/wp\/v2\/pages\/624\/revisions\/2301"}],"wp:attachment":[{"href":"https:\/\/animaweb.blog.pangea.org\/en\/wp-json\/wp\/v2\/media?parent=624"}],"curies":[{"name":"wp","href":"https:\/\/api.w.org\/{rel}","templated":true}]}}