{"id":1304,"date":"2021-04-17T09:04:00","date_gmt":"2021-04-17T07:04:00","guid":{"rendered":"https:\/\/animaweb.cat\/?page_id=1304"},"modified":"2022-12-25T21:10:17","modified_gmt":"2022-12-25T19:10:17","slug":"bibliografia-de-la-doctora-viviana-zenteno","status":"publish","type":"page","link":"https:\/\/animaweb.blog.pangea.org\/en\/bibliografia-de-la-doctora-viviana-zenteno\/","title":{"rendered":"Doctor Viviana Zenteno\u2019s Bibliography."},"content":{"rendered":"<p lang=\"en-US\" align=\"center\"><span style=\"font-family: Times New Roman, serif\"><span style=\"font-size: x-large\"><b>Doctor Viviana Zenteno\u2019s Bibliography.<\/b><\/span><\/span><\/p>\n<table border=\"0\" width=\"100%\">\n<tbody>\n<tr>\n<td>\n<p style=\"text-align: center\" align=\"justify\"><img loading=\"lazy\" decoding=\"async\" class=\"aligncenter wp-image-1305 size-full\" title=\"Doctor Viviana Zenteno Cereceda. Regresiones: Terapia del Alma (Regressions: a Soul Therapy). Cover.\" src=\"https:\/\/animaweb.cat\/files\/2021\/04\/Doctora_Viviana_Zenteno_Cereceda_Regresiones_Terapia_del_Alma_72ppp_200x300px.png\" alt=\"Doctor Viviana Zenteno Cereceda. Regresiones: Terapia del Alma (Regressions: a Soul Therapy). Cover.\" width=\"200\" height=\"300\" \/><\/p>\n<p class=\"western\" align=\"justify\"><span style=\"font-family: Times New Roman, serif\"><span style=\"font-size: large\"><span lang=\"it-IT\">Doctor Viviana Zenteno Cereceda. <\/span><span lang=\"es-ES\"><i>Regresiones: Terapia del Alma<\/i><\/span><span lang=\"it-IT\"> (<\/span><span lang=\"it-IT\"><i>Regressions: a Soul Therapy<\/i><\/span><span lang=\"it-IT\">)<\/span><span lang=\"it-IT\">. <\/span><span lang=\"en-GB\">First Edition: March 2004.<\/span><\/span><\/span><\/p>\n<p class=\"western\" align=\"justify\"><span style=\"font-family: Times New Roman, serif\"><span style=\"font-size: large\"><span lang=\"es-ES\"><b>Regresiones: Terapia del Alma<\/b><\/span><span lang=\"it-IT\"> (<\/span><span lang=\"it-IT\"><b>Regressions: a Soul Therapy<\/b><\/span><span lang=\"it-IT\">)<\/span><span lang=\"en-GB\"> is a book which brings answers to the deepest doubts of human beings through the experience of regression: \u00abWhat have I done to deserve this? Why can\u2019t I get along with my daughter?\u00bb; \u00abGod is unfair\u00bb; \u00abFirst time I see him, but I feel as if I had always known him&#8230;\u00bb; \u00abWhy this phobia, these fears, this hopelessness&#8230;\u00bb.<\/span><\/span><\/span><\/p>\n<p class=\"western\" lang=\"en-GB\" align=\"justify\"><span style=\"font-family: Times New Roman, serif\"><span style=\"font-size: large\">The book sets off from the postulates of Reincarnation and Karma, where the last one is not considered as a fatality, but rather as an action-reaction law, which always allows for compensation, and where human beings are truly the masters of their destiny. All along the chapters of the book, the author shows how the Regression Therapy works, a healing means which works on the physical, mental, emotional and spiritual levels. The several evidences show that most of the present day conflicts have their origin in traumatic experiences of the past, a past which may be close or far-distant. These experiences remain stored in the unconscious, in a recollection which goes beyond the physical body, known as the \u00absoul\u2019s memory\u00bb. It is here that the \u00abregression\u00bb works, bringing to consciousness those facts which act as true \u00abemotional abscesses\u00bb, to be finally \u00abdrained\u00bb, therefore putting an end to the conflict.<\/span><\/span><\/p>\n<p class=\"western\" lang=\"en-GB\" align=\"justify\"><span style=\"font-family: Times New Roman, serif\"><span style=\"font-size: large\">But it is not necessary to believe in Reincarnation to take advantage of this therapy. Under the therapist\u2019s guidance the patient experiences the regression, frees the energies which were stored up, and after that they can interpret them as they will, that is not important. What is really outstanding is the great healing capacity of this therapy. Once the traumatic fact has been worked out, there appear an understanding and an awareness which often completely and decisively modify the appreciation that the person has of herself and of what surrounds her. There appears a new attitude of assurance and hope, faith in God is renewed. This and much more you will find in these pages.<br \/>\n<\/span><\/span><span style=\"font-family: Times New Roman, serif\"><span style=\"font-size: large\"><b>Translation: Loto Perrella.<\/b><\/span><\/span><\/p>\n<\/td>\n<\/tr>\n<tr>\n<td>\n<p style=\"text-align: center\" align=\"justify\"><img loading=\"lazy\" decoding=\"async\" class=\"aligncenter wp-image-1306 size-full\" title=\"Doctor Viviana Zenteno Cereceda. El Alma Sabe. Un m\u00e9todo de sanaci\u00f3n a trav\u00e9s de la terapia de vidas pasadas (The Soul knows. A healing method through past lives therapy). Catalonia. Cover.\" src=\"https:\/\/animaweb.cat\/files\/2021\/04\/Doctora_Viviana_Zenteno_Cereceda_El_Alma_Sabe_72ppp_200x309px.png\" alt=\"Doctor Viviana Zenteno Cereceda. El Alma Sabe. Un m\u00e9todo de sanaci\u00f3n a trav\u00e9s de la terapia de vidas pasadas (The Soul knows. A healing method through past lives therapy). Catalonia. Cover.\" width=\"200\" height=\"309\" srcset=\"https:\/\/animaweb.blog.pangea.org\/files\/2021\/04\/Doctora_Viviana_Zenteno_Cereceda_El_Alma_Sabe_72ppp_200x309px.png 200w, https:\/\/animaweb.blog.pangea.org\/files\/2021\/04\/Doctora_Viviana_Zenteno_Cereceda_El_Alma_Sabe_72ppp_200x309px-194x300.png 194w\" sizes=\"auto, (max-width: 200px) 85vw, 200px\" \/><\/p>\n<p class=\"western\" align=\"justify\"><span style=\"font-family: Times New Roman, serif\"><span style=\"font-size: large\"><span lang=\"en-GB\">Doctor Viviana Zenteno Cereceda. <\/span><span lang=\"es-ES\"><i>El Alma Sabe. Un m\u00e9todo de sanaci\u00f3n a trav\u00e9s de la terapia de vidas pasadas<\/i><\/span><span lang=\"en-GB\"> (<\/span><span lang=\"en-GB\"><i>The Soul knows. A healing method through past lives therapy<\/i><\/span><span lang=\"en-GB\">)<\/span><span lang=\"en-GB\"><i>.<\/i><\/span><span lang=\"en-GB\"> Catalonia. Collection B\u00fasquedas. First edition: September 2015. Second edition: April 2019.<\/span><\/span><\/span><\/p>\n<p class=\"western\" align=\"justify\"><span style=\"font-family: Times New Roman, serif\"><span style=\"font-size: large\"><span lang=\"en-GB\">The answers to the conflicts and anxieties that we human beings go through are in our souls, because nobody knows more about ourselves than we do. If the soul has such power, if it knows so much, why isn\u2019t its wisdom at our disposal? Simply put, because we have forgotten to take care of it, because we have given greater importance to the material experiences, forgetting all about our essence. Doctor Zenteno presents in this book the <\/span><span lang=\"en-GB\"><i>Past Lives Therapy<\/i><\/span><span lang=\"en-GB\"> as a means to reach the soul\u2019s wisdom, which works on all levels of being: physical, mental, emotional and spiritual.<\/span><\/span><\/span><\/p>\n<p class=\"western\" lang=\"en-GB\" align=\"justify\"><span style=\"font-family: Times New Roman, serif\"><span style=\"font-size: large\">Through real cases we shall see how the regression therapy permits to unblock energies, to recover fragments of the soul which remained trapped in the traumatic experiences of the past, and, what is very important for all human beings: to understand, to recover the deep meaning of what was lived. A therapy where patients meet again their essence, recover the connexion with their soul, and are led by their own wisdom towards healing.<br \/>\n<\/span><\/span><span style=\"font-family: Times New Roman, serif\"><span style=\"font-size: large\"><b>Translation: Loto Perrella.<\/b><\/span><\/span><\/p>\n<\/td>\n<\/tr>\n<tr>\n<td>\n<p style=\"text-align: center\" align=\"justify\"><img loading=\"lazy\" decoding=\"async\" class=\"aligncenter wp-image-1307 size-full\" title=\"Doctor Viviana Zenteno Cereceda. Manual de instrucci\u00f3n en terapia de vida pasada (Past Life Therapy instruction manual). Cover.\" src=\"https:\/\/animaweb.cat\/files\/2021\/04\/Doctora_Viviana_Zenteno_Cereceda_Manual_de_introduccion_en_Terapia_de_Vida_Pasada_72ppp_200x288px.png\" alt=\"Doctor Viviana Zenteno Cereceda. Manual de instrucci\u00f3n en terapia de vida pasada (Past Life Therapy instruction manual). Cover.\" width=\"200\" height=\"288\" \/><\/p>\n<p class=\"western\" style=\"text-align: justify\" align=\"justify\"><span style=\"color: #000000\"><span style=\"font-family: Times New Roman, serif\"><span style=\"font-size: large\"><span lang=\"es-ES\">Doctor Viviana Zenteno Cereceda. <\/span><\/span><\/span><\/span><span style=\"color: #000000\"><span style=\"font-family: Times New Roman, serif\"><span style=\"font-size: large\"><span lang=\"es-ES\"><i>Manual de instrucci\u00f3n en terapia de vida pasada<\/i><\/span><\/span><\/span><\/span><span style=\"color: #000000\"><span style=\"font-family: Times New Roman, serif\"><span style=\"font-size: large\"><span lang=\"es-ES\"> (<\/span><\/span><\/span><\/span><span style=\"color: #000000\"><span style=\"font-family: Times New Roman, serif\"><span style=\"font-size: large\"><span lang=\"es-ES\"><i>Past Life Therapy instruction manual<\/i><\/span><\/span><\/span><\/span><span style=\"color: #000000\"><span style=\"font-family: Times New Roman, serif\"><span style=\"font-size: large\"><span lang=\"es-ES\">).<\/span><\/span><\/span><\/span><\/p>\n<p class=\"western\" style=\"text-align: justify\" align=\"justify\"><span style=\"color: #000000\"><span style=\"font-family: Times New Roman, serif\"><span style=\"font-size: large\"><span lang=\"es-ES\">This handbook grew alongside the Vocational Training Courses that Viviana developed beginning in 2005.<\/span><\/span><\/span><\/span><\/p>\n<p class=\"western\" style=\"text-align: justify\" align=\"justify\"><span style=\"color: #000000\"><span style=\"font-family: Times New Roman, serif\"><span style=\"font-size: large\"><span lang=\"es-ES\">At first, she verbally developed the theory of PLT, supported by the recommended bibliography of each module.<\/span><\/span><\/span><\/span><\/p>\n<p class=\"western\" style=\"text-align: justify\" align=\"justify\"><span style=\"color: #000000\"><span style=\"font-family: Times New Roman, serif\"><span style=\"font-size: large\"><span lang=\"es-ES\">As students went more in depth on certain topics, or review what had already been treated to confront it with experiential practice, the doctor began to deliver notes.<\/span><\/span><\/span><\/span><\/p>\n<p class=\"western\" style=\"text-align: justify\" align=\"justify\"><span style=\"color: #000000\"><span style=\"font-family: Times New Roman, serif\"><span style=\"font-size: large\"><span lang=\"es-ES\">Thus the idea of sorting and collating valuable materials arose, which all of the students, both trained and training, could use to guide their therapeutic work.<\/span><\/span><\/span><\/span><\/p>\n<p class=\"western\" style=\"text-align: justify\" align=\"justify\"><span style=\"color: #000000\"><span style=\"font-family: Times New Roman, serif\"><span style=\"font-size: large\"><span lang=\"es-ES\">The Manual Launch took place on January 17, 2009 at the Conde de Ans\u00farez Hotel in Santiago, Chile.<\/span><\/span><\/span><\/span><\/p>\n<p class=\"western\" style=\"text-align: justify\" align=\"justify\"><span style=\"color: #000000\"><span style=\"font-family: Times New Roman, serif\"><span style=\"font-size: large\"><span lang=\"es-ES\">It was a very significant event, as a way of consolidating the formative work but also as a forum for meeting and exchange between participants of the various courses.<\/span><\/span><\/span><\/span><\/p>\n<p class=\"western\" style=\"text-align: justify\" align=\"justify\"><span style=\"color: #000000\"><span style=\"font-family: Times New Roman, serif\"><span style=\"font-size: large\"><span lang=\"es-ES\">In the words of Viviana Zenteno: \u00abI hope that this mutual enrichment is manifested in the future in the realization of ideas and projects that can spread and increasingly extend this form of healing that moves us with hope and passion\u00bb.<\/span><\/span><\/span><\/span><\/p>\n<p class=\"western\" style=\"text-align: justify\" align=\"justify\"><strong><span style=\"color: #000000\"><span style=\"font-family: Times New Roman, serif\"><span style=\"font-size: large\"><span lang=\"es-ES\"><b>The manual is for the exclusive use of students and therapists of the PLT Courses of Doctor Viviana Zenteno.<\/b><\/span><\/span><\/span><\/span><\/strong><\/p>\n<\/td>\n<\/tr>\n<\/tbody>\n<\/table>","protected":false},"excerpt":{"rendered":"<p>Doctor Viviana Zenteno\u2019s Bibliography. Doctor Viviana Zenteno Cereceda. Regresiones: Terapia del Alma (Regressions: a Soul Therapy). First Edition: March 2004. Regresiones: Terapia del Alma (Regressions: a Soul Therapy) is a &hellip; <a href=\"https:\/\/animaweb.blog.pangea.org\/en\/bibliografia-de-la-doctora-viviana-zenteno\/\" class=\"more-link\">Continue reading<span class=\"screen-reader-text\"> &#8220;Doctor Viviana Zenteno\u2019s Bibliography.&#8221;<\/span><\/a><\/p>\n","protected":false},"author":12345698,"featured_media":0,"parent":0,"menu_order":0,"comment_status":"closed","ping_status":"closed","template":"","meta":{"ngg_post_thumbnail":0,"footnotes":""},"class_list":["post-1304","page","type-page","status-publish","hentry"],"_links":{"self":[{"href":"https:\/\/animaweb.blog.pangea.org\/en\/wp-json\/wp\/v2\/pages\/1304","targetHints":{"allow":["GET"]}}],"collection":[{"href":"https:\/\/animaweb.blog.pangea.org\/en\/wp-json\/wp\/v2\/pages"}],"about":[{"href":"https:\/\/animaweb.blog.pangea.org\/en\/wp-json\/wp\/v2\/types\/page"}],"author":[{"embeddable":true,"href":"https:\/\/animaweb.blog.pangea.org\/en\/wp-json\/wp\/v2\/users\/12345698"}],"replies":[{"embeddable":true,"href":"https:\/\/animaweb.blog.pangea.org\/en\/wp-json\/wp\/v2\/comments?post=1304"}],"version-history":[{"count":9,"href":"https:\/\/animaweb.blog.pangea.org\/en\/wp-json\/wp\/v2\/pages\/1304\/revisions"}],"predecessor-version":[{"id":2277,"href":"https:\/\/animaweb.blog.pangea.org\/en\/wp-json\/wp\/v2\/pages\/1304\/revisions\/2277"}],"wp:attachment":[{"href":"https:\/\/animaweb.blog.pangea.org\/en\/wp-json\/wp\/v2\/media?parent=1304"}],"curies":[{"name":"wp","href":"https:\/\/api.w.org\/{rel}","templated":true}]}}