{"id":920,"date":"2020-10-05T11:08:22","date_gmt":"2020-10-05T09:08:22","guid":{"rendered":"https:\/\/animaweb.cat\/?page_id=920"},"modified":"2022-10-20T20:08:38","modified_gmt":"2022-10-20T18:08:38","slug":"katia-cas-clinic","status":"publish","type":"page","link":"https:\/\/animaweb.blog.pangea.org\/de\/katia-cas-clinic\/","title":{"rendered":"Katia. Klinischer Fall."},"content":{"rendered":"<p align=\"center\"><span style=\"font-family: Times New Roman, serif\"><span style=\"font-size: x-large\"><span lang=\"de-DE\"><b>Katia. Klinischer Fall.<\/b><\/span><\/span><\/span><\/p>\n<p align=\"justify\"><span style=\"font-family: Times New Roman, serif\"><span style=\"font-size: large\"><span lang=\"de-DE\"><img loading=\"lazy\" decoding=\"async\" class=\"alignright wp-image-921 size-full\" title=\"Academia de Terapia Regresiva Doctora Viviana Zenteno (Akademie der Regressionstherapie Doktor Viviana Zenteno.).\" src=\"https:\/\/animaweb.cat\/files\/2020\/10\/Academia_de_Terapia_Regresiva_Doctora_Viviana_Zenteno_Logotipo_72ppp_200x230px.png\" alt=\"Academia de Terapia Regresiva Doctora Viviana Zenteno (Akademie der Regressionstherapie Doktor Viviana Zenteno.).\" width=\"200\" height=\"230\" \/>Mittwoch, 1. Oktober 2014.<\/span><\/span><\/span><\/p>\n<p align=\"justify\"><span style=\"font-family: Times New Roman, serif\"><span style=\"font-size: large\"><span lang=\"de-DE\">Therapeutin: Doktor Viviana Zenteno.<\/span><\/span><\/span><\/p>\n<p align=\"justify\"><span style=\"font-family: Times New Roman, serif\"><span style=\"font-size: large\"><span lang=\"de-DE\"><i>Katia (45) versteht in dieser Regression den Grund f\u00fcr den Verzicht auf eine Liebe. Vor Jahren war sie frei, aber er war es nicht, und er war eine Pers\u00f6nlichkeit des \u00f6ffentlichen Lebens.<\/i><\/span><\/span><\/span><\/p>\n<p align=\"justify\"><span style=\"font-family: Times New Roman, serif\"><span style=\"font-size: large\"><span lang=\"de-DE\"><b>Therapeut: Was siehst du?<\/b><\/span><\/span><\/span><\/p>\n<p align=\"justify\"><span style=\"font-family: Times New Roman, serif\"><span style=\"font-size: large\"><span lang=\"de-DE\">Katia: Ich schaue von oben auf eine Insel mit viel Vegetation, ich betrete das Dickicht. Jetzt gehe ich runter, da ist eine Art Dschungel, und drinnen eine Esplanade mit so einem gro\u00dfen Amphitheater.<\/span><\/span><\/span><\/p>\n<p align=\"justify\"><span style=\"font-family: Times New Roman, serif\"><span style=\"font-size: large\"><span lang=\"de-DE\"><b>T: Wie bist du angezogen?<\/b><\/span><\/span><\/span><\/p>\n<p align=\"justify\"><span style=\"font-family: Times New Roman, serif\"><span style=\"font-size: large\"><span lang=\"de-DE\">K: Mit einer Robe, langen dunklen Haaren und einigen Ornamenten.<\/span><\/span><\/span><\/p>\n<p align=\"justify\"><span style=\"font-family: Times New Roman, serif\"><span style=\"font-size: large\"><span lang=\"de-DE\"><b>T.: Wie alt bist du?<\/b><\/span><\/span><\/span><\/p>\n<p align=\"justify\"><span style=\"font-family: Times New Roman, serif\"><span style=\"font-size: large\"><span lang=\"de-DE\">K: Ungef\u00e4hr 25&#8230; mir f\u00e4llt ein, dass ich Priesterin bin. Da ist ein Tempel&#8230; Ich wei\u00df nicht, ob es eine Insel oder eine Halbinsel ist, aber er ist von Meer umgeben und der Tempel liegt mitten im Dschungel&#8230; Ich sehe einige steinerne Idole, wie G\u00f6tter. Als h\u00e4tte ich eine wichtige Position, als ob ich viele Dinge wei\u00df, die andere nicht wissen. R\u00e4ucherst\u00e4bchen oder ein Parf\u00fcm werden an diesem Ort verbrannt. Musik ist zu h\u00f6ren, wie Trommeln. Ich leite die Zeremonien, erbitte etwas von der Natur, von den G\u00f6ttern, F\u00fclle, Fruchtbarkeit, mit Liedern. Ich bin eine Stufe \u00fcber den anderen, lenke, rufe auf.<\/span><\/span><\/span><\/p>\n<p align=\"justify\"><span style=\"font-family: Times New Roman, serif\"><span style=\"font-size: large\"><span lang=\"de-DE\"><b>T: Was ist Ihre k\u00f6rperliche Empfindung in diesem Moment?<\/b><\/span><\/span><\/span><\/p>\n<p align=\"justify\"><span style=\"font-family: Times New Roman, serif\"><span style=\"font-size: large\"><span lang=\"de-DE\">K: Ich f\u00fchle mich dort wohl. Ein Gef\u00fchl der Erf\u00fcllung&#8230; als ob ich diesen Leuten irgendwie Dinge vermitteln w\u00fcrde, die sie nicht wissen und ich aber wei\u00df, also gibt mir das ein Gef\u00fchl von Macht.<\/span><\/span><\/span><\/p>\n<p align=\"justify\"><span style=\"font-family: Times New Roman, serif\"><span style=\"font-size: large\"><span lang=\"de-DE\"><b>T: Und was sind deine Gef\u00fchle?<\/b><\/span><\/span><\/span><\/p>\n<p align=\"justify\"><span style=\"font-family: Times New Roman, serif\"><span style=\"font-size: large\"><span lang=\"de-DE\">K: Ein bisschen stolz, ich bin ein bisschen arrogant.<\/span><\/span><\/span><\/p>\n<p align=\"justify\"><span style=\"font-family: Times New Roman, serif\"><span style=\"font-size: large\"><span lang=\"de-DE\"><b>T: Und Ihre geistigen Reaktionen?<\/b><\/span><\/span><\/span><\/p>\n<p align=\"justify\"><span style=\"font-family: Times New Roman, serif\"><span style=\"font-size: large\"><span lang=\"de-DE\">K: Mir ist klar, dass diese Anrufungen und diese Rituale effektiv sind, sie sind machtvoll.<\/span><\/span><\/span><\/p>\n<p align=\"justify\"><span style=\"font-family: Times New Roman, serif\"><span style=\"font-size: large\"><span lang=\"de-DE\"><b>T: Schau, diese Gef\u00fchle von Stolz, F\u00fclle und Macht, was lassen sie dich in deinem Leben als Katia tun?<\/b><\/span><\/span><\/span><\/p>\n<p align=\"justify\"><span style=\"font-family: Times New Roman, serif\"><span style=\"font-size: large\"><span lang=\"de-DE\">K: Sie geben mir das Gef\u00fchl, f\u00e4hig zu sein, dass ich es kann.<\/span><\/span><\/span><\/p>\n<p align=\"justify\"><span style=\"font-family: Times New Roman, serif\"><span style=\"font-size: large\"><span lang=\"de-DE\"><b>T: Und was hindert Sie daran?<\/b><\/span><\/span><\/span><\/p>\n<p align=\"justify\"><span style=\"font-family: Times New Roman, serif\"><span style=\"font-size: large\"><span lang=\"de-DE\">K: Manchmal hindern sie mich daran, meine Fehler zuzugeben.<\/span><\/span><\/span><\/p>\n<p align=\"justify\"><span style=\"font-family: Times New Roman, serif\"><span style=\"font-size: large\"><span lang=\"de-DE\"><b>T: Sehr gut. Machen Sie weiter bis zu einem weiteren wichtigen Moment f\u00fcr Ihre Seele.<\/b><\/span><\/span><\/span><\/p>\n<p align=\"justify\"><span style=\"font-family: Times New Roman, serif\"><span style=\"font-size: large\"><span lang=\"de-DE\">K: Mir kommt in den Sinn, dass ich einen Liebhaber hatte und es geheim hielt, weil ich es nicht h\u00e4tte tun sollen.<\/span><\/span><\/span><\/p>\n<p align=\"justify\"><span style=\"font-family: Times New Roman, serif\"><span style=\"font-size: large\"><span lang=\"de-DE\"><b>T: Du hattest etwas versteckt&#8230; nun, mal sehen, wie das war: eins, zwei, drei&#8230;<\/b><\/span><\/span><\/span><\/p>\n<p align=\"justify\"><span style=\"font-family: Times New Roman, serif\"><span style=\"font-size: large\"><span lang=\"de-DE\">K: Er ist ein Krieger und wir haben eine starke Liebesbeziehung, aber das kann nicht \u00f6ffentlich herauskommen, weil wir Priesterinnen z\u00f6libat\u00e4r sein m\u00fcssen. Es gibt einen geheimen Raum im Tempel, und da ich Macht habe, zeige ich ihm ihn. Er geh\u00f6rt einer anderen Kaste an, weder niedriger noch h\u00f6her als meine, aber eben einer anderen, die nicht miteinander vermischt werden d\u00fcrfen. Ich f\u00fchle mich ihm gegen\u00fcber besch\u00fctzt. Er liebt mich und er ist m\u00e4chtig mit seiner St\u00e4rke, mit seiner F\u00e4higkeit zu k\u00e4mpfen. Aber wenn es um die Liebe geht, bin ich m\u00e4chtiger als er.<\/span><\/span><\/span><\/p>\n<p align=\"justify\"><span style=\"font-family: Times New Roman, serif\"><span style=\"font-size: large\"><span lang=\"de-DE\"><b>T: Mal sehen, erkl\u00e4re es mir genau.<\/b><\/span><\/span><\/span><\/p>\n<p align=\"justify\"><span style=\"font-family: Times New Roman, serif\"><span style=\"font-size: large\"><span lang=\"de-DE\">K: Es ist, als w\u00fcrde er mich zu sehr respektieren, und ich m\u00f6chte, dass er mich als Frau betrachtet und mich nicht sieht, als w\u00e4re ich ihm \u00fcberlegen. Dass er versteht, dass ich eine Frau bin und seine Frau sein m\u00f6chte. Er hat Zweifel, er will nicht weitermachen, aber ich sage ihm, er soll weitermachen, dass es keine Probleme geben wird. Er hat Angst um uns beide, aber ich sage ihm, dass wir uns nicht trennen k\u00f6nnen, wir d\u00fcrfen uns nicht trennen.<\/span><\/span><\/span><\/p>\n<p align=\"justify\"><span style=\"font-family: Times New Roman, serif\"><span style=\"font-size: large\"><span lang=\"de-DE\"><b>T: Weiter.<\/b><\/span><\/span><\/span><\/p>\n<p align=\"justify\"><span style=\"font-family: Times New Roman, serif\"><span style=\"font-size: large\"><span lang=\"de-DE\">K: Es gibt andere m\u00e4chtigere Leute, einige M\u00e4nner, Priester, die wichtiger sind als ich, und sie finden \u00fcber uns heraus. Sie nehmen ihn mir weg!! Ich versuche ihn zu verteidigen, und ich kann es nicht!! (Katia zeigt Qual und Angst).<\/span><\/span><\/span><\/p>\n<p align=\"justify\"><span style=\"font-family: Times New Roman, serif\"><span style=\"font-size: large\"><span lang=\"de-DE\"><b>T: Wo bist du und wo ist er?<\/b><\/span><\/span><\/span><\/p>\n<p align=\"justify\"><span style=\"font-family: Times New Roman, serif\"><span style=\"font-size: large\"><span lang=\"de-DE\">K: In einem gro\u00dfen Raum, wo diese Priester uns sagen, dass wir diese Gesetze \u00fcbertreten haben. Ich d\u00fcrfte diese Art von Beziehung nicht haben&#8230; Es ist ein Tempel, Stein, kalt, gro\u00df, hoch. Sie tragen Roben, ihre Gesichter sind lang und sie tragen Stirnb\u00e4nder, keine Kronen, es sind Stirnb\u00e4nder. Sie sind zu zweit. Sie beschuldigen mich. Ich stehe vor ihnen, aber sie sind oben, ich bin unten, und mein Geliebter liegt auf den Knien, und sie werden ihn bestrafen. Ich sage ihnen nein, nein, es ist meine Schuld\u2026 aber&#8230; sie werden mir nichts tun&#8230; (weint)&#8230; sie nehmen ihn mit&#8230; ich fange an zu schreien und sie halten mich fest&#8230; es scheint, als w\u00e4ren noch mehr Leute da&#8230; &#8230; und ich wei\u00df dass sie ihn t\u00f6ten werden, sie werden ihn opfern&#8230; und ich schreie sie an, nein&#8230; NEIN! Es ist meine Schuld! Es ist nicht seine Schuld! Bitte&#8230; ich bin schuld&#8230; es ist nicht seine Schuld, bitte&#8230; (weint und st\u00f6hnt)&#8230; nein&#8230; nein&#8230; nein&#8230; ich bin schuld, sie k\u00f6nnen mich opfern, nicht ihn&#8230;<\/span><\/span><\/span><\/p>\n<p align=\"justify\"><span style=\"font-family: Times New Roman, serif\"><span style=\"font-size: large\"><span lang=\"de-DE\"><b>T: Mach weiter, h\u00f6r nicht auf.<\/b><\/span><\/span><\/span><\/p>\n<p align=\"justify\"><span style=\"font-family: Times New Roman, serif\"><span style=\"font-size: large\"><span lang=\"de-DE\">K: Aber sie sagen mir nein, dass ich notwendig bin, dass ich meine Rolle weiter spielen muss&#8230; dass es viele wie ihn gibt, aber nicht wie mich&#8230; Ich bestehe darauf, dass es meine Schuld ist, aber das ist nicht das, was ihnen wichtig ist&#8230; er ist einer mehr&#8230; Und f\u00fcr mich ist er sehr wichtig! Und als sie ihn mitnehmen, ist er sehr mutig, aber ich sehe diese Hilflosigkeit in seinen Augen und ich m\u00f6chte ihn besch\u00fctzen&#8230; Ich laufe hinter ihm her und ich kann nicht, weil sie mich nicht lassen. Und ich m\u00f6chte mit ihm sterben. Ahhh, oh, oh, ein Schmerz in der Brust, als sie ihn wegbringen.<\/span><\/span><\/span><\/p>\n<p align=\"justify\"><span style=\"font-family: Times New Roman, serif\"><span style=\"font-size: large\"><span lang=\"de-DE\"><b>T: Was hat Sie von allem, was Sie dort erlebt haben, am meisten gepr\u00e4gt?<\/b><\/span><\/span><\/span><\/p>\n<p align=\"justify\"><span style=\"font-family: Times New Roman, serif\"><span style=\"font-size: large\"><span lang=\"de-DE\">K: Als ich merke, dass sie uns entdeckt haben&#8230; nein, aber das Schlimmste ist, wenn ich merke, dass er bestraft wird und nicht ich&#8230; Es scheint, dass sie mich an den Schultern und am Hals halten, und ich kniee auf dem Boden. Sie ziehen mich zur\u00fcck, w\u00e4hrend sie ihn wegbringen&#8230; diese M\u00e4nner sind sehr b\u00f6se, sehr hart, sie sind unnachgiebig&#8230;<\/span><\/span><\/span><\/p>\n<p align=\"justify\"><span style=\"font-family: Times New Roman, serif\"><span style=\"font-size: large\"><span lang=\"de-DE\"><b>T: F\u00fchle diesen Schmerz und ersch\u00f6pfe ihn.<\/b><\/span><\/span><\/span><\/p>\n<p align=\"justify\"><span style=\"font-family: Times New Roman, serif\"><span style=\"font-size: large\"><span lang=\"de-DE\">K: Es ist wie eine tiefe Wunde in der Brust&#8230; und im Nacken&#8230;<\/span><\/span><\/span><\/p>\n<p align=\"justify\"><span style=\"font-family: Times New Roman, serif\"><span style=\"font-size: large\"><span lang=\"de-DE\"><b>T: Und Deine emotionale Reaktion?<\/b><\/span><\/span><\/span><\/p>\n<p align=\"justify\"><span style=\"font-family: Times New Roman, serif\"><span style=\"font-size: large\"><span lang=\"de-DE\">K: Tiefer Schmerz und Qual, ich will ihn besch\u00fctzen, ich will ihm helfen und ich kann nicht. Ich m\u00f6chte \u00fcber ihn hinwegfliegen und ihn umarmen&#8230; Und jetzt nehmen sie ihn mit und er beschwert sich nicht, aber sein Blick ist zutiefst hilflos&#8230;<\/span><\/span><\/span><\/p>\n<p align=\"justify\"><span style=\"font-family: Times New Roman, serif\"><span style=\"font-size: large\"><span lang=\"de-DE\"><b>T: Schau ihn dir an.<\/b><\/span><\/span><\/span><\/p>\n<p align=\"justify\"><span style=\"font-family: Times New Roman, serif\"><span style=\"font-size: large\"><span lang=\"de-DE\">K: Es ist jemand, den ich kenne (mit einem Seufzer).<\/span><\/span><\/span><\/p>\n<p align=\"justify\"><span style=\"font-family: Times New Roman, serif\"><span style=\"font-size: large\"><span lang=\"de-DE\"><b>T: Und was denkst du, wenn sie ihn mitnehmen?<\/b><\/span><\/span><\/span><\/p>\n<p align=\"justify\"><span style=\"font-family: Times New Roman, serif\"><span style=\"font-size: large\"><span lang=\"de-DE\">K: Mir ist klar, dass meine Macht nichts war. NICHTS!<\/span><\/span><\/span><\/p>\n<p align=\"justify\"><span style=\"font-family: Times New Roman, serif\"><span style=\"font-size: large\"><span lang=\"de-DE\"><b>T: Und all das, wie beeinflusst es dich in diesem Leben?<\/b><\/span><\/span><\/span><\/p>\n<p align=\"justify\"><span style=\"font-family: Times New Roman, serif\"><span style=\"font-size: large\"><span lang=\"de-DE\">K: Es bringt mich dazu, die Menschen zu besch\u00fctzen, die ich liebe&#8230; in M\u00e4nnern den zu suchen, der mir hilflos erscheint, ihn zu besch\u00fctzen&#8230;<\/span><\/span><\/span><\/p>\n<p align=\"justify\"><span style=\"font-family: Times New Roman, serif\"><span style=\"font-size: large\"><span lang=\"de-DE\">Das gibt mir zu verstehen, dass es keine Macht gibt, die etwas wert ist&#8230; dass es leicht ist, sich durch Ehren zu t\u00e4uschen&#8230; dass wir alle sterblich sind und dass es keinen Zweck hat, eitel zu sein. Es h\u00e4lt mich davon ab, die ganze Geschichte zu glauben&#8230; Es ist wie eine Warnung \u201eVergiss nicht, dass sich die Situation jederzeit \u00e4ndern kann\u201c. Und dann f\u00fchle ich Angst, wenn ich gl\u00fccklich bin.<\/span><\/span><\/span><\/p>\n<p align=\"justify\"><span style=\"font-family: Times New Roman, serif\"><span style=\"font-size: large\"><span lang=\"de-DE\"><b>T: Erz\u00e4hl weiter&#8230;<\/b><\/span><\/span><\/span><\/p>\n<p align=\"justify\"><span style=\"font-family: Times New Roman, serif\"><span style=\"font-size: large\"><span lang=\"de-DE\">K: Ich muss dort bleiben, diese Rolle der Priesterin spielen, als w\u00e4re nichts passiert. Niemand sonst wei\u00df, was passiert ist, nur diejenigen von uns, die dabei waren. Und ich f\u00fchle mich benutzt&#8230; bevor ich die Geschichte meiner Macht als Priesterin geglaubt habe, und jetzt erkenne ich, dass ich ein Instrument dieser anderen Leute bin und dass es ihnen egal ist, ob ich ges\u00fcndigt oder die Regeln \u00fcbertreten habe, weil ich nur ein Bild bin, ein Weg f\u00fcr sie, ihre Macht zu behalten.<\/span><\/span><\/span><\/p>\n<p align=\"justify\"><span style=\"font-family: Times New Roman, serif\"><span style=\"font-size: large\"><span lang=\"de-DE\">Sie werden mich also nicht opfern, weil sie Zeit und Energie investiert haben, um mich auf diese Rolle vorzubereiten. Und daf\u00fcr bestrafen sie ihn. Und die Rolle, die ich spiele, beginnt mich anzuekeln, weil ich an nichts mehr glaube, nicht einmal an die G\u00f6tter, die ich anrufe&#8230; Ich spiele meine Rolle widerstrebend und f\u00fchle mich jeden Tag mehr verletzt.<\/span><\/span><\/span><\/p>\n<p align=\"justify\"><span style=\"font-family: Times New Roman, serif\"><span style=\"font-size: large\"><span lang=\"de-DE\"><b>T: Und wie reagieren Sie, wenn Sie sich verletzt f\u00fchlen?<\/b><\/span><\/span><\/span><\/p>\n<p align=\"justify\"><span style=\"font-family: Times New Roman, serif\"><span style=\"font-size: large\"><span lang=\"de-DE\">K: Ich sp\u00fcre die Wut, es ist wie ein Schauer des Hasses f\u00fcr die Priester, die keine Gef\u00fchle haben. Ich kann niemanden mehr lieben. Und ich versuche, noch k\u00e4lter zu sein als sie, weil es gef\u00e4hrlich ist, jemanden zu lieben.<\/span><\/span><\/span><\/p>\n<p align=\"justify\"><span style=\"font-family: Times New Roman, serif\"><span style=\"font-size: large\"><span lang=\"de-DE\"><b>T: Und all das, was l\u00e4sst dich das als Katia in deinem Leben machen?<\/b><\/span><\/span><\/span><\/p>\n<p align=\"justify\"><span style=\"font-family: Times New Roman, serif\"><span style=\"font-size: large\"><span lang=\"de-DE\">K: Ich habe den Eindruck, dass es mich in meiner fr\u00fchen Jugend mehr beeinflusste, dass ich sehr zur\u00fcckhaltend war, um jemanden zu lieben. Ich hatte Angst, mich selbstbewusst hinzugeben, zu lieben.<\/span><\/span><\/span><\/p>\n<p align=\"justify\"><span style=\"font-family: Times New Roman, serif\"><span style=\"font-size: large\"><span lang=\"de-DE\"><b>T: Jetzt gehen Sie zum letzten Moment Ihres Lebens in diesem Leben, eins, zwei, drei&#8230;:<\/b><\/span><\/span><\/span><\/p>\n<p align=\"justify\"><span style=\"font-family: Times New Roman, serif\"><span style=\"font-size: large\"><span lang=\"de-DE\">K: Es gibt eine Art Party, wie T\u00e4nze und Lieder, mit Feuer und Anrufungen, und es gibt eine andere feindliche Stadt, die das ausnutzt, um in den Tempel einzudringen und ihn anzugreifen. Sie fangen an, Speere zu werfen und zu verbrennen, und ein Speer trifft mich in die Brust, und mir wird klar, dass ich sterben werde. Es ist wie eine Vermischung, die Party, die zum Gemetzel wird.<\/span><\/span><\/span><\/p>\n<p align=\"justify\"><span style=\"font-family: Times New Roman, serif\"><span style=\"font-size: large\"><span lang=\"de-DE\">Ich f\u00fchle keinen Schmerz. Ich sp\u00fcre eine Mischung aus \u00dcberraschung und Erleichterung: Endlich ist es vorbei. Ich wollte schon lange sterben.<\/span><\/span><\/span><\/p>\n<p align=\"justify\"><span style=\"font-family: Times New Roman, serif\"><span style=\"font-size: large\"><span lang=\"de-DE\"><b>T: Gehen Sie durch diesen Tod und sagen Sie mir, was dort vor sich geht.<\/b><\/span><\/span><\/span><\/p>\n<p align=\"justify\"><span style=\"font-family: Times New Roman, serif\"><span style=\"font-size: large\"><span lang=\"de-DE\">K: Ich komme da raus, steige hoch, steige hoch&#8230; Ich sehe meinen K\u00f6rper, der wie zusammengew\u00fcrfelt auf den Boden geworfen wird und alle aufeinander herumtrampeln, da ist viel Blut, es ist eine Blutorgie da unten&#8230; sie waren Wilde, zur\u00fcckgebliebener als wir.<\/span><\/span><\/span><\/p>\n<p align=\"justify\"><span style=\"font-family: Times New Roman, serif\"><span style=\"font-size: large\"><span lang=\"de-DE\"><b>T: Dieser Ort, wo war er?<\/b><\/span><\/span><\/span><\/p>\n<p align=\"justify\"><span style=\"font-family: Times New Roman, serif\"><span style=\"font-size: large\"><span lang=\"de-DE\">K: Etwas Orientalisches, wie Java.<\/span><\/span><\/span><\/p>\n<p align=\"justify\"><span style=\"font-family: Times New Roman, serif\"><span style=\"font-size: large\"><span lang=\"de-DE\"><b>T: Wie f\u00fchlst du dich, wenn du nach oben gehst und das siehst?<\/b><\/span><\/span><\/span><\/p>\n<p align=\"justify\"><span style=\"font-family: Times New Roman, serif\"><span style=\"font-size: large\"><span lang=\"de-DE\">K: Erleichterter, als h\u00e4tte ich weniger Hass, als ich erkannte, dass wir alle sterben und dass es eine M\u00f6glichkeit war, sich auszuruhen. Und ich gehe an einen Ort, angenehm, wie schwebend, wie als ein Volumen, nicht mehr.<\/span><\/span><\/span><\/p>\n<p align=\"justify\"><span style=\"font-family: Times New Roman, serif\"><span style=\"font-size: large\"><span lang=\"de-DE\"><b>T: Was m\u00fcssen wir jetzt retten?<\/b><\/span><\/span><\/span><\/p>\n<p align=\"justify\"><span style=\"font-family: Times New Roman, serif\"><span style=\"font-size: large\"><span lang=\"de-DE\">K: Mir f\u00e4llt ein, dass ich ihn mehr geliebt habe als er mich. Ich w\u00fcnschte, er h\u00e4tte auf mich gewartet, und nein, das tut er nicht (lacht). Und ich f\u00fchle mich ein wenig entt\u00e4uscht.<\/span><\/span><\/span><\/p>\n<p align=\"justify\"><span style=\"font-family: Times New Roman, serif\"><span style=\"font-size: large\"><span lang=\"de-DE\"><b>T: Katia, was lernt man aus dieser Erfahrung?<\/b><\/span><\/span><\/span><\/p>\n<p align=\"justify\"><span style=\"font-family: Times New Roman, serif\"><span style=\"font-size: large\"><span lang=\"de-DE\">K: Wir haben uns in diesem Leben getroffen, aber zusammen zu bleiben h\u00e4tte sein Image total zerst\u00f6rt. Damals dachte ich, wir w\u00e4ren Feiglinge gewesen, aber jetzt merke ich, dass es in Ordnung war, dass ich die Pr\u00fcfung bestanden habe, weil er meinetwegen wieder durch meine Schuld geopfert worden w\u00e4re.<\/span><\/span><\/span><\/p>\n<p align=\"justify\"><span style=\"font-family: Times New Roman, serif\"><span style=\"font-size: large\"><span lang=\"de-DE\">Link zum Originalfall in spanischer Sprache auf der Website <\/span><\/span><\/span><span style=\"font-family: Times New Roman, serif\"><span style=\"font-size: large\"><span lang=\"de-DE\"><i>\u201eSeelentherapie\u201c<\/i><\/span><\/span><\/span><span style=\"font-family: Times New Roman, serif\"><span style=\"font-size: large\"><span lang=\"de-DE\"> der Academy of Regressive Therapy von D<\/span><\/span><\/span><span style=\"font-family: Times New Roman, serif\"><span style=\"font-size: large\"><span lang=\"de-DE\">okto<\/span><\/span><\/span><span style=\"font-family: Times New Roman, serif\"><span style=\"font-size: large\"><span lang=\"de-DE\">r Viviana Zenteno, in Chile:<\/span><\/span><\/span><\/p>\n<p align=\"justify\"><a href=\"https:\/\/terapiadelalma.org\/katia-caso-clinico\/\"><span style=\"font-family: Times New Roman, serif\"><span style=\"font-size: large\"><span lang=\"de-DE\">https:\/\/terapiadelalma.org\/katia-caso-clinico\/<\/span><\/span><\/span><\/a><\/p>","protected":false},"excerpt":{"rendered":"<p>Katia. Klinischer Fall. Mittwoch, 1. Oktober 2014. Therapeutin: Doktor Viviana Zenteno. Katia (45) versteht in dieser Regression den Grund f\u00fcr den Verzicht auf eine Liebe. Vor Jahren war sie frei, &hellip; <a href=\"https:\/\/animaweb.blog.pangea.org\/de\/katia-cas-clinic\/\" class=\"more-link\"><span class=\"screen-reader-text\">\u201eKatia. Klinischer Fall.\u201c <\/span>weiterlesen<\/a><\/p>\n","protected":false},"author":12345698,"featured_media":0,"parent":0,"menu_order":0,"comment_status":"closed","ping_status":"closed","template":"","meta":{"ngg_post_thumbnail":0,"footnotes":""},"class_list":["post-920","page","type-page","status-publish","hentry"],"_links":{"self":[{"href":"https:\/\/animaweb.blog.pangea.org\/de\/wp-json\/wp\/v2\/pages\/920","targetHints":{"allow":["GET"]}}],"collection":[{"href":"https:\/\/animaweb.blog.pangea.org\/de\/wp-json\/wp\/v2\/pages"}],"about":[{"href":"https:\/\/animaweb.blog.pangea.org\/de\/wp-json\/wp\/v2\/types\/page"}],"author":[{"embeddable":true,"href":"https:\/\/animaweb.blog.pangea.org\/de\/wp-json\/wp\/v2\/users\/12345698"}],"replies":[{"embeddable":true,"href":"https:\/\/animaweb.blog.pangea.org\/de\/wp-json\/wp\/v2\/comments?post=920"}],"version-history":[{"count":9,"href":"https:\/\/animaweb.blog.pangea.org\/de\/wp-json\/wp\/v2\/pages\/920\/revisions"}],"predecessor-version":[{"id":2105,"href":"https:\/\/animaweb.blog.pangea.org\/de\/wp-json\/wp\/v2\/pages\/920\/revisions\/2105"}],"wp:attachment":[{"href":"https:\/\/animaweb.blog.pangea.org\/de\/wp-json\/wp\/v2\/media?parent=920"}],"curies":[{"name":"wp","href":"https:\/\/api.w.org\/{rel}","templated":true}]}}