{"id":6,"date":"2018-01-17T13:11:14","date_gmt":"2018-01-17T11:11:14","guid":{"rendered":"http:\/\/animaweb.blog.pangea.org\/?page_id=6"},"modified":"2022-12-16T19:55:32","modified_gmt":"2022-12-16T17:55:32","slug":"brian-weiss-som-animes-i-anem-de-cos-en-cos","status":"publish","type":"page","link":"https:\/\/animaweb.blog.pangea.org\/de\/brian-weiss-som-animes-i-anem-de-cos-en-cos\/","title":{"rendered":"Brian Weiss: \u201eWir sind Seelen und gehen von K\u00f6rper zu K\u00f6rper\u201c."},"content":{"rendered":"<p class=\"western\" lang=\"es-ES\" align=\"center\"><span style=\"font-family: Times New Roman, serif\"><span style=\"font-size: x-large\"><b>Brian Weiss: \u201eWir sind Seelen und gehen von K\u00f6rper zu K\u00f6rper\u201c.<\/b><\/span><\/span><\/p>\n<p class=\"western\" lang=\"es-ES\" align=\"justify\"><strong><span style=\"font-family: Times New Roman, serif\"><span style=\"font-size: large\"><img loading=\"lazy\" decoding=\"async\" class=\"alignright wp-image-773 size-full\" title=\"El Peri\u00f3dico de Catalunya. Logo.\" src=\"https:\/\/animaweb.cat\/files\/2020\/01\/El_Periodico_de_Catalunya_Logotip_72ppp_200x39px.png\" alt=\"El Peri\u00f3dico de Catalunya. Logo.\" width=\"200\" height=\"39\" \/>El Periodico de Catalunya, Mittwoch, 21. Januar 2009. Meinung. Seite 80.<\/span><\/span><\/strong><\/p>\n<p class=\"western\" lang=\"es-ES\" align=\"justify\"><span style=\"font-family: Times New Roman, serif\"><span style=\"font-size: large\">Interview mit Brian Weiss, Psychiater Spezialist in Regressionstherapie. <\/span><\/span><\/p>\n<p class=\"western\" lang=\"es-ES\" align=\"justify\"><span style=\"font-family: Times New Roman, serif\"><span style=\"font-size: large\">In den Vereinigten Staaten hat er etwa 4.000 Patienten behandelt, die Erinnerungen an ihre fr\u00fcheren Leben haben.<\/span><\/span><\/p>\n<p class=\"western\" lang=\"es-ES\" style=\"text-align: left\" align=\"justify\"><span style=\"font-family: Times New Roman, serif\"><span style=\"font-size: large\"><b>Brian Weiss: \u201eWir sind Seelen und gehen von K\u00f6rper zu K\u00f6rper\u201c.<br \/>\n<\/b><\/span><\/span><span style=\"font-family: Times New Roman, serif\"><span style=\"font-size: large\">Gaspar Hern\u00e1ndez.<\/span><\/span><\/p>\n<figure id=\"attachment_163\" aria-describedby=\"caption-attachment-163\" style=\"width: 400px\" class=\"wp-caption aligncenter\"><img loading=\"lazy\" decoding=\"async\" class=\"wp-image-163 size-full\" title=\"Brian Weiss. Foto: Joan Cortadellas.\" src=\"https:\/\/animaweb.cat\/files\/2018\/02\/Brian_Weiss_a_Barcelona_400x360px.png\" alt=\"Brian Weiss. Argazkia: Joan Cortadellas.\" width=\"400\" height=\"360\" srcset=\"https:\/\/animaweb.blog.pangea.org\/files\/2018\/02\/Brian_Weiss_a_Barcelona_400x360px.png 400w, https:\/\/animaweb.blog.pangea.org\/files\/2018\/02\/Brian_Weiss_a_Barcelona_400x360px-300x270.png 300w\" sizes=\"auto, (max-width: 400px) 85vw, 400px\" \/><figcaption id=\"caption-attachment-163\" class=\"wp-caption-text\">Brian Weiss. Argazkia: Joan Cortadellas.<\/figcaption><\/figure>\n<p class=\"western\" lang=\"es-ES\" align=\"justify\"><span style=\"font-family: Times New Roman, serif\"><span style=\"font-size: large\"><b>Brian Weiss. Foto: Joan Cortadellas.<\/b><\/span><\/span><\/p>\n<p class=\"western\" lang=\"es-ES\" align=\"justify\">\u2013<span style=\"font-family: Times New Roman, serif\"><span style=\"font-size: large\"><b>Viele Wissenschaftler lehnen ihre Theorien ab.\u2013<\/b><\/span><\/span><\/p>\n<p class=\"western\" lang=\"es-ES\" align=\"justify\">\u2013<span style=\"font-family: Times New Roman, serif\"><span style=\"font-size: large\">Ja, und diese Ablehnung ist f\u00fcr mich eine Herausforderung seit den achtziger Jahren. Die Wissenschaftler verlangen Studien und ich behandle einen Fall nach dem Anderen.\u2013<\/span><\/span><\/p>\n<p class=\"western\" lang=\"es-ES\" align=\"justify\">\u2013<span style=\"font-family: Times New Roman, serif\"><span style=\"font-size: large\"><b>Wie kann man die Wiedergeburt wissenschaftlich beweisen?\u2013<\/b><\/span><\/span><\/p>\n<p class=\"western\" lang=\"es-ES\" align=\"justify\">\u2013<span style=\"font-family: Times New Roman, serif\"><span style=\"font-size: large\">In erster Linie, indem man einen offenen Geist bewahrt. Es geht darum, einen Fall nach dem Anderen zu analysieren und eine Hypothese zu entwickeln. Viele Wissenschaftler haben vergessen, dass ein offener Geist die Basis der Wissenschaft ist und nicht mit vorgefertigten Ideen durch die Welt zu gehen. Ich empfehle meinen Arztkollegen die Regressionstherapie zu probieren, und dann werden sie selbst sehen.\u2013<\/span><\/span><\/p>\n<p class=\"western\" lang=\"es-ES\" align=\"justify\">\u2013<span style=\"font-family: Times New Roman, serif\"><span style=\"font-size: large\"><b>Was heisst f\u00fcr Sie \u201efr\u00fcheres Leben\u201c?\u2013<\/b><\/span><\/span><\/p>\n<p class=\"western\" lang=\"es-ES\" align=\"justify\">\u2013<span style=\"font-family: Times New Roman, serif\"><span style=\"font-size: large\">Eine Erinnerung, die du von dir hast, in der du dich in einem anderen K\u00f6rper wiedererkennst, in einer anderen Zeit, aber mit der absoluten Gewissheit, dass du es bist. Diese Erinnerung kannst du auf vielerlei Art und Weise haben, sogar in Tr\u00e4umen, und diese Erinnerung kann manchmal eine Angst in der Gegenwart erkl\u00e4ren.\u2013<\/span><\/span><\/p>\n<p class=\"western\" lang=\"es-ES\" align=\"justify\">\u2013<span style=\"font-family: Times New Roman, serif\"><span style=\"font-size: large\"><b>Zum Beispiel?\u2013<\/b><\/span><\/span><\/p>\n<p class=\"western\" lang=\"es-ES\" align=\"justify\">\u2013<span style=\"font-family: Times New Roman, serif\"><span style=\"font-size: large\">Wenn du in einem fr\u00fcheren Leben ertrunken bist, kann es sein, dass du jetzt schreckliche Angst vor Wasser empfindest.\u2013<\/span><\/span><\/p>\n<p class=\"western\" lang=\"es-ES\" align=\"justify\">\u2013<span style=\"font-family: Times New Roman, serif\"><span style=\"font-size: large\"><b>Und wenn ich H\u00f6henangst habe?\u2013<\/b><\/span><\/span><\/p>\n<p class=\"western\" lang=\"es-ES\" align=\"justify\">\u2013<span style=\"font-family: Times New Roman, serif\"><span style=\"font-size: large\">Es kann sein, dass dich jemand in einem fr\u00fcheren Leben von der H\u00f6he einer Burg heruntergestossen hat. Ich pflege mit Patienten zu arbeiten, die sich mit solchen oder \u00e4hnlichen Symptomen an mich wenden.\u2013<\/span><\/span><\/p>\n<p class=\"western\" lang=\"es-ES\" align=\"justify\">\u2013<span style=\"font-family: Times New Roman, serif\"><span style=\"font-size: large\"><b>Und wenn ich weder Traumata noch grosse \u00c4ngste habe?\u2013<\/b><\/span><\/span><\/p>\n<p class=\"western\" lang=\"es-ES\" align=\"justify\">\u2013<span style=\"font-family: Times New Roman, serif\"><span style=\"font-size: large\">Meine Frau arbeitet mit Menschen wie Ihnen, Menschen, die Erinnerungen fr\u00fcherer Leben haben, die nicht traumatisch sind und einfach nur Neugierde versp\u00fcren. In ihren anderen Leben haben diese Personen kein Trauma erlitten. Sie bezieht sich auf diese als \u201edie Touristen der fr\u00fcheren Leben\u201c.\u2013<\/span><\/span><\/p>\n<p class=\"western\" lang=\"es-ES\" align=\"justify\">\u2013<span style=\"font-family: Times New Roman, serif\"><span style=\"font-size: large\"><b>Nur Touristen, haben sie nichts Brauchbares gemacht?\u2013<\/b><\/span><\/span><\/p>\n<p class=\"western\" lang=\"es-ES\" align=\"justify\">\u2013<span style=\"font-family: Times New Roman, serif\"><span style=\"font-size: large\">Sogar f\u00fcr den Touristen ist es sehr interessant eine Erinnerung des fr\u00fcheren Lebens zu haben. Es bedeutet, dass wir nicht nur ein physischer K\u00f6rper sind, sondern eine Seele, die von K\u00f6rper zu K\u00f6rper geht.\u2013<\/span><\/span><\/p>\n<p class=\"western\" lang=\"es-ES\" align=\"justify\">\u2013<span style=\"font-family: Times New Roman, serif\"><span style=\"font-size: large\"><b>Und der Tod?\u2013<\/b><\/span><\/span><\/p>\n<p class=\"western\" lang=\"es-ES\" align=\"justify\">\u2013<span style=\"font-family: Times New Roman, serif\"><span style=\"font-size: large\">Die Tatsache, dass wir Seelen sind bedeutet, dass wir nicht so viel Angst vor dem Tod haben m\u00fcssen. Und wir br\u00e4uchten auch nicht so lange Trauerperioden durchzustehen, wie wir sie in unserer Gesellschaft einhalten, weil wir in Wirklichkeit unsterbliche Wesen sind und uns immer wiedertreffen werden mit unseren geliebten Wesen.\u2013<\/span><\/span><\/p>\n<p class=\"western\" lang=\"es-ES\" align=\"justify\">\u2013<span style=\"font-family: Times New Roman, serif\"><span style=\"font-size: large\"><b>Wie sch\u00f6n. Das klingt wie ein M\u00e4rchen.\u2013<\/b><\/span><\/span><\/p>\n<p class=\"western\" lang=\"es-ES\" align=\"justify\">\u2013<span style=\"font-family: Times New Roman, serif\"><span style=\"font-size: large\">Ja, es ist sch\u00f6n. Doch dass eine Idee aufbauend ist, bedeutet nicht, dass sie wahr ist. Aber ich versichere Ihnen, dass diese es ist. Die meisten religi\u00f6sen Traditionen glauben an die Wiedergeburt. Sogar das Christentum akzeptierte die Wiedergeburt bis lange nach Christus. In der Bibel gab es dazu in der alten Zeit viele Referenzen.\u2013<\/span><\/span><\/p>\n<p class=\"western\" lang=\"es-ES\" align=\"justify\">\u2013<span style=\"font-family: Times New Roman, serif\"><span style=\"font-size: large\"><b>Sie sagen, dass wir eine Seele sind, die sich in unterschiedliche K\u00f6rper inkarniert. Aber die Weltbev\u00f6lkerung nimmt zu. Das bedeutet es fehlen Seelen, nicht wahr?\u2013<\/b><\/span><\/span><\/p>\n<p class=\"western\" lang=\"es-ES\" align=\"justify\">\u2013<span style=\"font-family: Times New Roman, serif\"><span style=\"font-size: large\">Warum m\u00fcssen wir davon ausgehen, dass die Erde der einzige Ort ist, an dem Seelen existieren?\u2013<\/span><\/span><\/p>\n<p class=\"western\" lang=\"es-ES\" align=\"justify\">\u2013<span style=\"font-family: Times New Roman, serif\"><span style=\"font-size: large\"><b>Ah, das w\u00e4re mir nicht eingefallen.\u2013<\/b><\/span><\/span><\/p>\n<p class=\"western\" lang=\"es-ES\" align=\"justify\">\u2013<span style=\"font-family: Times New Roman, serif\"><span style=\"font-size: large\">Die Seelen existieren in vielen Dimensionen und in vielen Universen. Die Erde ist nur ein kleiner Planet in Millionen von Universen.\u2013<\/span><\/span><\/p>\n<p class=\"western\" lang=\"es-ES\" align=\"justify\">\u2013<span style=\"font-family: Times New Roman, serif\"><span style=\"font-size: large\"><b>Und warum kommen die Seelen hierher?\u2013<\/b><\/span><\/span><\/p>\n<p class=\"western\" lang=\"es-ES\" align=\"justify\">\u2013<span style=\"font-family: Times New Roman, serif\"><span style=\"font-size: large\">Sie f\u00fchlen sich von der Erde angezogen, weil wir in physischen K\u00f6rpern leben, und wir f\u00fchlen und leben in einer gewissen Weise, durch unsere Sinne. Aber die Anzahl der Seelen, die es auf der Erde gibt, ist winzig verglichen mit der, die es im ganzen Universum gibt. Und es gibt auch Seelen, die sich teilen und mehr als eine Erfahrung gleichzeitig haben.\u2013<\/span><\/span><\/p>\n<p class=\"western\" lang=\"es-ES\" align=\"justify\">\u2013<span style=\"font-family: Times New Roman, serif\"><span style=\"font-size: large\"><b>Sie machen Regressionstherapie mittels Hypnose, aber es gibt andere Wege.\u2013<\/b><\/span><\/span><\/p>\n<p class=\"western\" lang=\"es-ES\" align=\"justify\">\u2013<span style=\"font-family: Times New Roman, serif\"><span style=\"font-size: large\">Es gibt viele andere Wege, wie Meditation, Joga oder Tr\u00e4ume.\u2013<\/span><\/span><\/p>\n<p class=\"western\" lang=\"es-ES\" align=\"justify\">\u2013<span style=\"font-family: Times New Roman, serif\"><span style=\"font-size: large\"><b>Und die dej\u00e0-vu&#8230;?\u2013<\/b><\/span><\/span><\/p>\n<p class=\"western\" lang=\"es-ES\" align=\"justify\">\u2013<span style=\"font-family: Times New Roman, serif\"><span style=\"font-size: large\">Ja, es gibt Personen, die ein dej\u00e0-vu \u2013 Erlebnis haben und in Wirklichkeit haben sie eine Erinnerung an ein fr\u00fcheres Leben. Sie sind zum ersten Mal in einer Stadt und merken, dass sie die Strassen kennen: Sie waren dort w\u00e4hrend eines fr\u00fcheren Lebens. Viele Leute haben eine Erfahrung aus einem fr\u00fcheren Leben oder extrakorporale (ausserk\u00f6rperliche) und sind nicht verr\u00fcckt. Aber da sie nichts dar\u00fcber gelesen haben, wissen sie nicht, was mit ihnen passiert. Wenn die Leute in der Zeitung \u00fcber solche F\u00e4lle lesen k\u00f6nnten, w\u00fcrden die Erfahrungen f\u00fcr sie nicht so fremdartig sein.\u2013<\/span><\/span><\/p>\n<p class=\"western\" lang=\"es-ES\" align=\"justify\">\u2013<span style=\"font-family: Times New Roman, serif\"><span style=\"font-size: large\"><b>Was sagen Ihnen ihre Meister aus dem Jenseits?\u2013<\/b><\/span><\/span><\/p>\n<p class=\"western\" lang=\"es-ES\" align=\"justify\">\u2013<span style=\"font-family: Times New Roman, serif\"><span style=\"font-size: large\">Immer wieder dasselbe, weil es eine alte Weisheit ist. Ich habe zwei Quellen, um Information von meinen Meistern zu bekommen: durch meine hypnotisierten Patienten und durch meine Meditation. Die Botschaften beziehen sich auf mehr Frieden und weniger Gewalt auf diesem Planeten. Wir m\u00fcssen uns ins Ged\u00e4chtnis rufen, dass wir geistige Wesen sind, dass das unsere wahrhaftige Natur ist. Wir sind hier, um Liebe und Mitleid zu lernen. Wir sind alle miteinander verbunden. Wenn wir jemandem wehtun, tun wir uns selbst weh.\u2013<\/span><\/span><\/p>\n<p class=\"western\" lang=\"es-ES\" align=\"justify\"><span style=\"font-family: Times New Roman, serif\"><span style=\"font-size: large\"><b>Am wichtigsten ist die Meditation.<\/b><\/span><\/span><\/p>\n<p class=\"western\" lang=\"es-ES\" align=\"justify\"><span style=\"font-family: Times New Roman, serif\"><span style=\"font-size: large\">Der Doktor Brian Weiss (New York, 1944) leitete den Fachbereich Psychiatrie der Fakult\u00e4t f\u00fcr Medizin von Yale und jetzt ist er Ehrenpr\u00e4sident des Fachbereiches Psychiatrie des Mount Sinai Krankenhauses von Miami. Seine Sprechstunde haben 4.000 Patienten durchlaufen, die glauben wiedergeboren zu sein. Er ist in Barcelona vom Forum der Exzellenz eingeladen. Sein Aussehen ist schwach, vertr\u00e4umt und mit jet lag. Das Erste, was er im Hotel gemacht hat, ist meditieren. F\u00fcr ihn ist meditieren \u201ewie schlafen und essen\u201c.<\/span><\/span><\/p>","protected":false},"excerpt":{"rendered":"<p>Brian Weiss: \u201eWir sind Seelen und gehen von K\u00f6rper zu K\u00f6rper\u201c. El Periodico de Catalunya, Mittwoch, 21. Januar 2009. Meinung. Seite 80. Interview mit Brian Weiss, Psychiater Spezialist in Regressionstherapie. &hellip; <a href=\"https:\/\/animaweb.blog.pangea.org\/de\/brian-weiss-som-animes-i-anem-de-cos-en-cos\/\" class=\"more-link\"><span class=\"screen-reader-text\">\u201eBrian Weiss: \u201eWir sind Seelen und gehen von K\u00f6rper zu K\u00f6rper\u201c.\u201c <\/span>weiterlesen<\/a><\/p>\n","protected":false},"author":12345698,"featured_media":0,"parent":0,"menu_order":0,"comment_status":"closed","ping_status":"closed","template":"","meta":{"ngg_post_thumbnail":0,"footnotes":""},"class_list":["post-6","page","type-page","status-publish","hentry"],"_links":{"self":[{"href":"https:\/\/animaweb.blog.pangea.org\/de\/wp-json\/wp\/v2\/pages\/6","targetHints":{"allow":["GET"]}}],"collection":[{"href":"https:\/\/animaweb.blog.pangea.org\/de\/wp-json\/wp\/v2\/pages"}],"about":[{"href":"https:\/\/animaweb.blog.pangea.org\/de\/wp-json\/wp\/v2\/types\/page"}],"author":[{"embeddable":true,"href":"https:\/\/animaweb.blog.pangea.org\/de\/wp-json\/wp\/v2\/users\/12345698"}],"replies":[{"embeddable":true,"href":"https:\/\/animaweb.blog.pangea.org\/de\/wp-json\/wp\/v2\/comments?post=6"}],"version-history":[{"count":27,"href":"https:\/\/animaweb.blog.pangea.org\/de\/wp-json\/wp\/v2\/pages\/6\/revisions"}],"predecessor-version":[{"id":2236,"href":"https:\/\/animaweb.blog.pangea.org\/de\/wp-json\/wp\/v2\/pages\/6\/revisions\/2236"}],"wp:attachment":[{"href":"https:\/\/animaweb.blog.pangea.org\/de\/wp-json\/wp\/v2\/media?parent=6"}],"curies":[{"name":"wp","href":"https:\/\/api.w.org\/{rel}","templated":true}]}}