{"id":394,"date":"2019-08-02T22:03:57","date_gmt":"2019-08-02T20:03:57","guid":{"rendered":"https:\/\/animaweb.cat\/?page_id=394"},"modified":"2022-12-25T21:19:53","modified_gmt":"2022-12-25T19:19:53","slug":"llistes-de-correu","status":"publish","type":"page","link":"https:\/\/animaweb.blog.pangea.org\/de\/llistes-de-correu\/","title":{"rendered":"Mailinglisten"},"content":{"rendered":"<p lang=\"de-DE\" align=\"center\"><span style=\"font-size: x-large\"><b>Mailinglisten der Webseite \u201eIn K\u00f6rper und Seele\u201c.<\/b><\/span><\/p>\n<p align=\"justify\"><span style=\"font-size: large\"><span lang=\"de-DE\">Wir stellen Ihne einen Messenger-Service mit dem \u201e<\/span><\/span><span style=\"font-size: large\"><span lang=\"de-DE\"><i>PHP List\u201c<\/i><\/span><\/span><span style=\"font-size: large\"><span lang=\"de-DE\"> System zur Verf\u00fcgung, um Ihnen die Neuigkeiten der Webseite \u201e<\/span><\/span><span style=\"font-size: large\"><span lang=\"de-DE\"><i>In K\u00f6rper und Seele\u201c<\/i><\/span><\/span><span style=\"font-size: large\"><span lang=\"de-DE\"> mitteilen zu k\u00f6nnen. Die Mitteilungen beziehen sich auf die spirituelle Entwicklung durch die Reinkarnation mit Hilfe von Zeugenberichten sowie den Praktizierenden der <\/span><\/span><span style=\"font-size: large\"><span lang=\"de-DE\"><i>Therapie der vergangenen Leben (TVL)<\/i> und der <\/span><\/span><span style=\"font-size: large\"><span lang=\"de-DE\"><i>Therapie der geistigen Besessenheit<\/i><\/span><\/span><span style=\"font-size: large\"><span lang=\"de-DE\">. Die grundlegende Definition unserer Ziele ist \u00fcber diesen <a href=\"\/de\/objectius\/\">Link einzusehen<\/a>.<\/span><\/span><\/p>\n<p align=\"justify\"><span style=\"font-size: large\"><span lang=\"de-DE\">Zur Zeit bieten wir folgende \u00f6ffentliche Eintragsarten an, die Sie abonnieren k\u00f6nnen: <\/span><\/span><\/p>\n<ul>\n<li>\n<p lang=\"de-DE\" align=\"justify\"><span style=\"font-size: large\">Liste auf Katalanisch (newsletter-animaweb-catala).<\/span><\/p>\n<\/li>\n<li>\n<p align=\"justify\"><span style=\"font-size: large\"><span lang=\"de-DE\">Liste auf Spanisch\/Kastilisch (newsletter-animaweb-ca<\/span><\/span><span style=\"font-size: large\"><span lang=\"de-DE\">s<\/span><\/span><span style=\"font-size: large\"><span lang=\"de-DE\">t<\/span><\/span><span style=\"color: #000000\"><span style=\"font-family: Liberation Serif, Times New Roman, serif\"><span style=\"font-size: large\"><span lang=\"de-DE\">el<\/span><\/span><\/span><\/span><span style=\"font-size: large\"><span lang=\"de-DE\">la<\/span><\/span><span style=\"font-size: large\"><span lang=\"de-DE\">no<\/span><\/span><span style=\"font-size: large\"><span lang=\"de-DE\">).<\/span><\/span><\/p>\n<\/li>\n<li>\n<p align=\"justify\"><span style=\"font-size: large\"><span lang=\"de-DE\">Liste auf Englisch (newsletter-animaweb-english).<\/span><\/span><\/p>\n<\/li>\n<\/ul>\n<p align=\"justify\"><span style=\"font-size: large\"><span lang=\"de-DE\">Um sich bei einer oder mehrerer unserer Listen an- oder abzumelden, m\u00fcssen Sie das daf\u00fcr vorgesehene Formular ausf\u00fcllen, welches unter dem untenstehenden Link erscheint, und dann auf die Best\u00e4tigungsmail, die Sie auf der von Ihnen angegebenen E-mail-Adresse erhalten werden, antworten. Mit der Antwort auf diese \u00dcberpr\u00fcfung gehen wir sicher, dass Sie es sind, die unsere Mitteilungen erhalten wollen.<\/span><\/span><\/p>\n<p lang=\"de-DE\" align=\"justify\"><span style=\"font-size: large\">Link zu An- und Abmeldung auf der Liste:<\/span><\/p>\n<p lang=\"de-DE\" align=\"justify\"><span style=\"font-size: large\"><a class=\"western\" href=\"http:\/\/lista.animaweb.cat\/\">http:\/\/lista.animaweb.cat<\/a><\/span><\/p>\n<p lang=\"de-DE\" align=\"justify\"><span style=\"font-size: large\">Bildschirm, der nach klicken auf den obigen Link erscheint:<\/span><\/p>\n<p lang=\"de-DE\" style=\"text-align: center\" align=\"justify\"><img loading=\"lazy\" decoding=\"async\" class=\"wp-image-1675 size-full aligncenter\" src=\"https:\/\/animaweb.cat\/files\/2022\/01\/Pantalla_de_subscripcio_al_lloc_web_En_cos_i_anima_catala_castellano_English_72ppp_600x402px.png\" alt=\"\" width=\"600\" height=\"402\" srcset=\"https:\/\/animaweb.blog.pangea.org\/files\/2022\/01\/Pantalla_de_subscripcio_al_lloc_web_En_cos_i_anima_catala_castellano_English_72ppp_600x402px.png 600w, https:\/\/animaweb.blog.pangea.org\/files\/2022\/01\/Pantalla_de_subscripcio_al_lloc_web_En_cos_i_anima_catala_castellano_English_72ppp_600x402px-300x201.png 300w\" sizes=\"auto, (max-width: 600px) 85vw, 600px\" \/><\/p>\n<p align=\"justify\"><span style=\"font-size: large\"><span lang=\"de-DE\">Link zur Erg\u00e4nzungen oder \u00c4nderungen:<\/span><\/span><\/p>\n<p lang=\"de-DE\" align=\"justify\"><span style=\"font-size: large\"><a class=\"western\" href=\"http:\/\/lista.animaweb.cat\/?p=subscribe&amp;id=3\">http:\/\/lista.animaweb.cat\/?p=subscribe&amp;id=3<\/a><\/span><\/p>\n<p lang=\"de-DE\" align=\"justify\"><span style=\"font-size: large\">Bildschirm, der nach klicken auf den obigen Link erscheint:<\/span><\/p>\n<p lang=\"de-DE\" style=\"text-align: center\" align=\"justify\"><img loading=\"lazy\" decoding=\"async\" class=\"aligncenter size-full wp-image-1678\" src=\"https:\/\/animaweb.cat\/files\/2022\/01\/Pantalla_de_subscripcio_al_lloc_web_En_cos_i_anima_English_72ppp_600x420px.png\" alt=\"\" width=\"600\" height=\"420\" srcset=\"https:\/\/animaweb.blog.pangea.org\/files\/2022\/01\/Pantalla_de_subscripcio_al_lloc_web_En_cos_i_anima_English_72ppp_600x420px.png 600w, https:\/\/animaweb.blog.pangea.org\/files\/2022\/01\/Pantalla_de_subscripcio_al_lloc_web_En_cos_i_anima_English_72ppp_600x420px-300x210.png 300w\" sizes=\"auto, (max-width: 600px) 85vw, 600px\" \/><\/p>\n<p lang=\"de-DE\" align=\"justify\"><span style=\"font-size: large\">Link zur Abmeldung:<\/span><\/p>\n<p lang=\"de-DE\" align=\"justify\"><span style=\"font-size: large\"><a class=\"western\" href=\"http:\/\/lista.animaweb.cat\/?p=unsubscribe&amp;id=3\">http:\/\/lista.animaweb.cat\/?p=unsubscribe&amp;id=3<\/a><\/span><\/p>\n<p lang=\"de-DE\" align=\"justify\"><span style=\"font-size: large\">Bildschirm, der nach klicken auf den obigen Link erscheint:<\/span><\/p>\n<p lang=\"de-DE\" style=\"text-align: center\" align=\"justify\"><img loading=\"lazy\" decoding=\"async\" class=\"aligncenter size-full wp-image-1681\" src=\"https:\/\/animaweb.cat\/files\/2022\/01\/Pantalla_de_baixa_al_lloc_web_En_cos_i_anima_English_72ppp_600x275px.png\" alt=\"\" width=\"600\" height=\"275\" srcset=\"https:\/\/animaweb.blog.pangea.org\/files\/2022\/01\/Pantalla_de_baixa_al_lloc_web_En_cos_i_anima_English_72ppp_600x275px.png 600w, https:\/\/animaweb.blog.pangea.org\/files\/2022\/01\/Pantalla_de_baixa_al_lloc_web_En_cos_i_anima_English_72ppp_600x275px-300x138.png 300w\" sizes=\"auto, (max-width: 600px) 85vw, 600px\" \/><\/p>\n<p align=\"justify\"><span style=\"font-size: large\"><span lang=\"de-DE\">Wenn Sie sich Anmelden, vergewissern Sie sich, dass unsere E-mail-Adresse info\u00a0\u00a0animaweb.cat auf Ihrer Adressliste Ihrer Mailsoftware gespeichert ist, damit unsere Nachrichten nicht in Ihrem Papierkorb oder Spamfolder eingehen.<\/span><\/span><\/p>\n<p align=\"justify\"><span style=\"font-size: large\"><span lang=\"de-DE\">Ebenso vergewissern Sie sich, dass unsere Nachrichten nicht in den Spamfolder gelangen, bis Ihre E-mailsoftware verstanden hat, dass unsere Adresse ein vertrauensw\u00fcrdiger Absender ist.<\/span><\/span><\/p>\n<p lang=\"de-DE\" align=\"justify\"><span style=\"font-size: large\">Vielen Dank f\u00fcr Ihre Mitarbeit und Ihr Interesse.<\/span><\/p>\n<p align=\"right\"><span style=\"font-size: large\"><span lang=\"de-DE\">Team von \u201e<\/span><\/span><span style=\"font-size: large\"><span lang=\"de-DE\"><i>In K\u00f6rper und Seele\u201c.<\/i><\/span><\/span><\/p>\n<p style=\"text-align: center\" align=\"right\"><img loading=\"lazy\" decoding=\"async\" class=\"aligncenter size-full wp-image-402\" src=\"https:\/\/animaweb.cat\/files\/2019\/08\/PHPList_logotip_400x124px.jpg\" alt=\"\" width=\"400\" height=\"124\" srcset=\"https:\/\/animaweb.blog.pangea.org\/files\/2019\/08\/PHPList_logotip_400x124px.jpg 400w, https:\/\/animaweb.blog.pangea.org\/files\/2019\/08\/PHPList_logotip_400x124px-300x93.jpg 300w\" sizes=\"auto, (max-width: 400px) 85vw, 400px\" \/><\/p>","protected":false},"excerpt":{"rendered":"<p>Mailinglisten der Webseite \u201eIn K\u00f6rper und Seele\u201c. Wir stellen Ihne einen Messenger-Service mit dem \u201ePHP List\u201c System zur Verf\u00fcgung, um Ihnen die Neuigkeiten der Webseite \u201eIn K\u00f6rper und Seele\u201c mitteilen &hellip; <a href=\"https:\/\/animaweb.blog.pangea.org\/de\/llistes-de-correu\/\" class=\"more-link\"><span class=\"screen-reader-text\">\u201eMailinglisten\u201c <\/span>weiterlesen<\/a><\/p>\n","protected":false},"author":12345698,"featured_media":0,"parent":0,"menu_order":0,"comment_status":"closed","ping_status":"closed","template":"","meta":{"ngg_post_thumbnail":0,"footnotes":""},"class_list":["post-394","page","type-page","status-publish","hentry"],"_links":{"self":[{"href":"https:\/\/animaweb.blog.pangea.org\/de\/wp-json\/wp\/v2\/pages\/394","targetHints":{"allow":["GET"]}}],"collection":[{"href":"https:\/\/animaweb.blog.pangea.org\/de\/wp-json\/wp\/v2\/pages"}],"about":[{"href":"https:\/\/animaweb.blog.pangea.org\/de\/wp-json\/wp\/v2\/types\/page"}],"author":[{"embeddable":true,"href":"https:\/\/animaweb.blog.pangea.org\/de\/wp-json\/wp\/v2\/users\/12345698"}],"replies":[{"embeddable":true,"href":"https:\/\/animaweb.blog.pangea.org\/de\/wp-json\/wp\/v2\/comments?post=394"}],"version-history":[{"count":26,"href":"https:\/\/animaweb.blog.pangea.org\/de\/wp-json\/wp\/v2\/pages\/394\/revisions"}],"predecessor-version":[{"id":2279,"href":"https:\/\/animaweb.blog.pangea.org\/de\/wp-json\/wp\/v2\/pages\/394\/revisions\/2279"}],"wp:attachment":[{"href":"https:\/\/animaweb.blog.pangea.org\/de\/wp-json\/wp\/v2\/media?parent=394"}],"curies":[{"name":"wp","href":"https:\/\/api.w.org\/{rel}","templated":true}]}}