{"id":362,"date":"2019-07-17T19:36:19","date_gmt":"2019-07-17T17:36:19","guid":{"rendered":"https:\/\/animaweb.cat\/?page_id=362"},"modified":"2022-12-16T20:09:22","modified_gmt":"2022-12-16T18:09:22","slug":"un-cas-de-reencarnacio-immediata-en-el-grup-familiar-terapia-de-vides-passades","status":"publish","type":"page","link":"https:\/\/animaweb.blog.pangea.org\/de\/un-cas-de-reencarnacio-immediata-en-el-grup-familiar-terapia-de-vides-passades\/","title":{"rendered":"Ein Fall von unmittelbarer Wiedergeburt in derselben Familie. Regressionstherapie."},"content":{"rendered":"<p class=\"western\" lang=\"es-ES\" align=\"center\"><span style=\"font-size: x-large\"><b><span style=\"font-family: Times New Roman, serif\">Ein Fall von unmittelbarer Wiedergeburt in derselben Familie. Regressionstherapie.<\/span><\/b><\/span><\/p>\n<p class=\"western\" lang=\"es-ES\" align=\"justify\"><span style=\"font-family: Times New Roman, serif\"><span style=\"font-size: large\"><b>Ein Fall von unmittelbarer Wiedergeburt in derselben Familie.<br \/>\n<\/b><\/span><\/span><em><span style=\"font-family: Times New Roman, serif\"><span style=\"font-size: large\">Von Leopold<\/span><\/span><span style=\"color: #000000\"><span style=\"font-family: Times New Roman, serif\"><span style=\"font-size: large\">o <\/span><\/span><\/span><span style=\"font-family: Times New Roman, serif\"><span style=\"font-size: large\">Lage, Merlo, San Luis, Argentinien.<\/span><\/span><\/em><\/p>\n<p class=\"western\" lang=\"es-ES\" align=\"justify\"><span style=\"font-family: Times New Roman, serif\"><span style=\"font-size: large\">Marcela (45 Jahre) kam in die Praxis mit der Absicht ihre Hundephobie zu behandeln. Schon seit einigen Jahren w\u00fcnschten sich ihre zwei Kinder, zw\u00f6lf und zehn Jahre, sehnlichst einen Hund als Haustier, aber Marcela hatte eine so grosse Angst vor Hunden, dass sie noch nicht mal alleine durch ihr Viertel gehen konnte, in dem es viele freilaufende Hunde gab. Marcela sehnte sich danach diese l\u00e4stige Angst loszuwerden, die sie dazu brachte schon fast komische Reaktionen zu zeigen, wenn sie irgendeinen Hund traf, unabh\u00e4ngig von der Gr\u00f6sse des Hundes oder den Umst\u00e4nden.<\/span><\/span><\/p>\n<p class=\"western\" lang=\"es-ES\" align=\"justify\"><span style=\"font-family: Times New Roman, serif\"><span style=\"font-size: large\">Marcela war die j\u00fcngere von zwei Schwestern; ihre \u00e4ltere Schwester war neun Jahre \u00e4lter und ihre Eltern waren schon vor einigen Jahren gestorben. Auf die Frage nach traumatischen Erfahrungen mit Hunden in ihrer Kindheit oder Jugend, gab sie an, keine diesbez\u00fcgliche Erinnerung zu haben.<\/span><\/span><\/p>\n<p class=\"western\" lang=\"es-ES\" align=\"justify\"><span style=\"font-family: Times New Roman, serif\"><span style=\"font-size: large\">Der Anfang der Therapie mit Marcela bestand darin sie zu einem Wiedererkennen und Wiedererleben der Symptome hinzuf\u00fchren. Anschliessend f\u00fchrte ich sie im Zustand der Regression zur\u00fcck in die urspr\u00fcngliche Erfahrung.<\/span><\/span><\/p>\n<p class=\"western\" lang=\"es-ES\" align=\"justify\"><span style=\"font-family: Times New Roman, serif\"><span style=\"font-size: large\">Marcela erlebt dann die Erfahrung wieder, in der sie ein kleiner Junge von f\u00fcnf Jahren ist, der alleine im Hof des Hauses spielt. Seine Mutter befindet sich im Haus. Im Hof gibt es eine Treppe, die zur Terrasse f\u00fchrt, und unterhalb der Treppe ist seine H\u00fcndin mit ihren Welpen. Der Junge ist von den Welpen entz\u00fcckt und m\u00f6chte mit ihnen spielen. Der Junge b\u00fcckt sich und m\u00f6chte in die Hundeh\u00fctte kriechen, und in diesem Moment greift die H\u00fcndin an, beisst am Hals zu und verursacht eine Wunde, aus der viel Blut str\u00f6mt.<\/span><\/span><\/p>\n<p class=\"western\" lang=\"es-ES\" align=\"justify\"><span style=\"font-family: Times New Roman, serif\"><span style=\"font-size: large\">Die Mutter h\u00f6rt die Schreie des Jungen, eilt verzweifelt herbei und bringt ihn schnell ins Krankenhaus, in dem er schliesslich trotz aller Anstrengungen der \u00c4rzte stirbt.<\/span><\/span><\/p>\n<p class=\"western\" lang=\"es-ES\" align=\"justify\"><span style=\"font-family: Times New Roman, serif\"><span style=\"font-size: large\">Marcela berichtet mir dann, wie sie ihren kindlichen K\u00f6rper verl\u00e4sst, und wie sie ihre weinenden verzweifelten Eltern sieht und die \u00c4rzte, die ihr die Kabel, Einsteckl\u00e4ufe und Nadeln entfernen.<\/span><\/span><\/p>\n<p class=\"western\" lang=\"es-ES\" align=\"justify\"><span style=\"font-family: Times New Roman, serif\"><span style=\"font-size: large\">Anschliessend berichtet Marcela \u2013 aus der m\u00e4nnlichen Geschlechtsperspektive sprechend \u2013 wie ihn ein Engel abholt und ihm sagt, dass er alles sehr gut gemacht habe und dass er ihn ins Licht begleiten werde. Der Junge bittet den Engel, dass er ihn vorher noch einmal seine Schwester sehen lasse, weil diese sicherlich sehr traurig sei.<\/span><\/span><\/p>\n<p class=\"western\" lang=\"es-ES\" align=\"justify\"><span style=\"font-family: Times New Roman, serif\"><span style=\"font-size: large\">Nach seiner Schwester fragend, erz\u00e4hlt der Junge (Marcela), dass sie Betty heisse, \u00e4lter sei als er und sich in der Schule befinde.<\/span><\/span><\/p>\n<p class=\"western\" lang=\"es-ES\" align=\"justify\"><span style=\"font-family: Times New Roman, serif\"><span style=\"font-size: large\">Sp\u00e4ter erz\u00e4hlt der Junge, wie er Betty weinend in ihrem Zimmer sieht, w\u00e4hrend sie sein Foto betrachtet. Er m\u00f6chte sie streicheln, doch er kann sie nicht ber\u00fchren. Der Engel sagt ihm, dass es Zeit sei ins Licht zu gehen und sie gehen los, aber er erkl\u00e4rt dem Engel, dass er sehr traurig sei, weil er seine Schwester nicht alleine lassen wolle.<\/span><\/span><\/p>\n<p class=\"western\" lang=\"es-ES\" align=\"justify\"><span style=\"font-family: Times New Roman, serif\"><span style=\"font-size: large\">Im weiteren Verlauf der therapeutischen Arbeit macht Marcela klar, dass der traumatischste Moment dieser Erfahrung der Angriff der H\u00fcndin war. Ihre k\u00f6rperlichen Reationen beschr\u00e4nkten sich in diesem Moment darauf, den Angriff abzuwehren und zu schreien, um die Mutter herbeizurufen. Ihre emotionalen Reaktionen jedoch, bestehen in der Angst, die zu Panik wird, als sie sieht, wie Blut ihren K\u00f6rper bedeckt, und ihre mentalen Reaktionen sind \u00dcberraschung und Verzweiflung. Marcela schrie: \u201eIch will meine Mama!\u201c.<\/span><\/span><\/p>\n<p class=\"western\" lang=\"es-ES\" align=\"justify\"><a name=\"_GoBack\"><\/a><\/p>\n<p class=\"western\" lang=\"es-ES\" align=\"justify\"><span style=\"font-family: Times New Roman, serif\"><span style=\"font-size: large\">Es ist leicht zu verstehen, wie diese Erfahrung sich auf ihr heutiges Leben als Marcela auswirkte.<\/span><\/span><\/p>\n<p class=\"western\" lang=\"es-ES\" align=\"justify\"><span style=\"font-family: Times New Roman, serif\"><span style=\"font-size: large\">Ein weiteres traumatisches Element ist die Tatsache, die Schwester alleine lassen zu m\u00fcssen. Ihre gef\u00fchlsm\u00e4ssige Reaktion ist die unendliche Trauer und ihre mentale Reaktion ist \u201eich will sie nicht allein lassen\u201c.<\/span><\/span><\/p>\n<p class=\"western\" lang=\"es-ES\" align=\"justify\"><span style=\"font-family: Times New Roman, serif\"><span style=\"font-size: large\">Wir k\u00f6nnten sagen, dass bis zu diesem Punkt die Arbeit normal war, gem\u00e4ss den M\u00f6glichkeiten der Regressionstherapie. Ich war sehr zufrieden mit der ausgef\u00fchrten Arbeit ohne mir vorstellen zu k\u00f6nnen, dass das Unglaublichste und \u00dcberraschenste erst noch kommen w\u00fcrde.<\/span><\/span><\/p>\n<p class=\"western\" lang=\"es-ES\" align=\"justify\"><span style=\"font-family: Times New Roman, serif\"><span style=\"font-size: large\">Als Marcela ihrer \u00e4lteren Schwester Beatriz erz\u00e4hlte, was sie w\u00e4hrend der therapeutischen Arbeit gesehen hatte, wurde diese ohnm\u00e4chtig, und als sie das Bewusstsein wiedererlangt hatte, bat Beatriz Marcela ihr meine Telefonnummer zu geben, weil sie mit mir dringend sprechen m\u00fcsse.<\/span><\/span><\/p>\n<p class=\"western\" lang=\"es-ES\" align=\"justify\"><span style=\"font-family: Times New Roman, serif\"><span style=\"font-size: large\">Beatriz erschien zu unserem Termin ein paar Minuten vor der verabredeten Zeit und dann erz\u00e4hlte sie mir etwas Unglaubliches. Beatriz teilte mir mit, dass sie die \u00e4ltere Schwester von Marcela gewesen sei. Als sie acht Jahre alt war und ihr j\u00fcngerer Bruder Victor f\u00fcnf, wurde dieser von seiner H\u00fcndin gebissen, als er ihr einen Welpen wegnehmen wollte. Das passierte unter der Treppe, die zur Terrasse des Hauses f\u00fchrte. Aufgrund des Hundebisses wurde die Halsarterie verletzt und ihr Bruder starb im Krankenhaus, w\u00e4hrend sich die \u00c4rzte um ihn k\u00fcmmerten. Dieses Erlebnis war so schmerzhaft f\u00fcr die Familie, dass niemals mehr von dem verstorbenen Bruder gesprochen wurde.<\/span><\/span><\/p>\n<p class=\"western\" lang=\"es-ES\" align=\"justify\"><span style=\"font-family: Times New Roman, serif\"><span style=\"font-size: large\">Ein Monat nach diesem schrecklichen Ereignis, merkte die Mutter von Beatriz, dass sie mit Marcela schwanger war. Am Anfang war dieses ein zus\u00e4tzlicher schrecklicher Schlag f\u00fcr die ganze Familie, aber je weiter die Schwangerschaft vorranschritt, begann ein grosses Gl\u00fcck die Familie zu erf\u00fcllen und alle, ohne Ausnahme, f\u00fchlten, dass die Leere, die Victor hinterlassen hatte, von Marcela ausgef\u00fcllt wurde.<\/span><\/span><\/p>\n<p class=\"western\" lang=\"es-ES\" align=\"justify\"><span style=\"font-family: Times New Roman, serif\"><span style=\"font-size: large\">Beatriz erz\u00e4hlte mir auch, dass Marcela w\u00e4hrend ihrer Kindheit manchmal ein seltsames Benehmen hatte, wie zum Beispiel ein Tischgedeck f\u00fcr ihren kleinen Bruder aufzudecken, was in der Familie grosse Verwunderung hervorrief, da ihre Eltern Beatriz gebeten hatten, ihrer Schwester niemals von dem schmerzhaften Ereignis zu erz\u00e4hlen. Beatriz versicherte mir, dass niemals von der Existenz dieses Bruders gesprochen worden war und schon gar nicht \u00fcber die Umst\u00e4nde seines Todes, was verst\u00e4ndlich ist, da es sich um eine Art Familiengeheimnis handelt, das sorgf\u00e4ltig bewahrt wird.<\/span><\/span><\/p>\n<p class=\"western\" lang=\"es-ES\" align=\"justify\"><span style=\"font-family: Times New Roman, serif\"><span style=\"font-size: large\">Dazu kam, dass die Eltern von Beatriz russische Emigranten waren, die kaum spanisch sprachen und keine Familie in Argentinien hatten, was es unwahrscheinlich machte, dass Marcela die Geheimnisse aus dem Munde eines Dritten erfahren haben k\u00f6nnte. Noch dazu zog die Familie nach dem Ungl\u00fcck in ein anderes Haus, weil sie es nicht aushielten den Hof zu sehen, der sie daran erinnerte. Das heisst, Marcela hat das Haus, in dem es geschehen ist, nie kennengelernt.<\/span><\/span><\/p>\n<p class=\"western\" lang=\"es-ES\" align=\"justify\"><span style=\"font-family: Times New Roman, serif\"><span style=\"font-size: large\">Heute verehrt Beatriz Marcela sehr und beide verstehen sich sehr gut und haben eine sehr enge Beziehung.<\/span><\/span><\/p>\n<p class=\"western\" lang=\"es-ES\" align=\"justify\"><span style=\"font-family: Times New Roman, serif\"><span style=\"font-size: large\">Die Erfahrung von Marcela hat mich davon \u00fcberzeugt, dass es sich um einen Fall von unmittelbarer Wiedergeburt innerhalb derselben Familie handelt. Ich h\u00e4tte mir vorher niemals vorstellen k\u00f6nnen, dass so etwas m\u00f6glich w\u00e4re, aber es ist offensichtlich, dass dies eine grosse Bandbreite von M\u00f6glichkeiten zur Forschung er\u00f6ffnet und f\u00fcr \u00dcberlegungen \u00fcber Leben und Tod. Interessant ist es hier aufzuzeigen, dass Marcela, als sie ihren Jungenk\u00f6rper verliess, trotz des Dr\u00e4ngens des Engels in das Licht zur\u00fcckzukehren, ihre Schwester nicht allein lassen wollte. Vielleicht war dieser Wunsch, ihre Schwester zu begleiten, der Ausl\u00f6ser f\u00fcr die sofortige R\u00fcckkehr und Wiedergeburt.<\/span><\/span><\/p>\n<p class=\"western\" lang=\"es-ES\" align=\"justify\"><span style=\"font-family: Times New Roman, serif\"><span style=\"font-size: large\">Als Therapeut und Berichterstatter dieser Geschichte kann ich sagen, dass Marcela ihre Hundeangst \u00fcberwunden hat, zwar sucht sie nicht die N\u00e4he des Hundes ihrer Kinder, doch ist sie heute gl\u00fccklich, weil ihre Kinder ihren kleinen Pudel Toy geniessen k\u00f6nnen.<\/span><\/span><\/p>","protected":false},"excerpt":{"rendered":"<p>Ein Fall von unmittelbarer Wiedergeburt in derselben Familie. Regressionstherapie. Ein Fall von unmittelbarer Wiedergeburt in derselben Familie. Von Leopoldo Lage, Merlo, San Luis, Argentinien. Marcela (45 Jahre) kam in die &hellip; <a href=\"https:\/\/animaweb.blog.pangea.org\/de\/un-cas-de-reencarnacio-immediata-en-el-grup-familiar-terapia-de-vides-passades\/\" class=\"more-link\"><span class=\"screen-reader-text\">\u201eEin Fall von unmittelbarer Wiedergeburt in derselben Familie. Regressionstherapie.\u201c <\/span>weiterlesen<\/a><\/p>\n","protected":false},"author":12345698,"featured_media":0,"parent":0,"menu_order":0,"comment_status":"closed","ping_status":"closed","template":"","meta":{"ngg_post_thumbnail":0,"footnotes":""},"class_list":["post-362","page","type-page","status-publish","hentry"],"_links":{"self":[{"href":"https:\/\/animaweb.blog.pangea.org\/de\/wp-json\/wp\/v2\/pages\/362","targetHints":{"allow":["GET"]}}],"collection":[{"href":"https:\/\/animaweb.blog.pangea.org\/de\/wp-json\/wp\/v2\/pages"}],"about":[{"href":"https:\/\/animaweb.blog.pangea.org\/de\/wp-json\/wp\/v2\/types\/page"}],"author":[{"embeddable":true,"href":"https:\/\/animaweb.blog.pangea.org\/de\/wp-json\/wp\/v2\/users\/12345698"}],"replies":[{"embeddable":true,"href":"https:\/\/animaweb.blog.pangea.org\/de\/wp-json\/wp\/v2\/comments?post=362"}],"version-history":[{"count":16,"href":"https:\/\/animaweb.blog.pangea.org\/de\/wp-json\/wp\/v2\/pages\/362\/revisions"}],"predecessor-version":[{"id":2240,"href":"https:\/\/animaweb.blog.pangea.org\/de\/wp-json\/wp\/v2\/pages\/362\/revisions\/2240"}],"wp:attachment":[{"href":"https:\/\/animaweb.blog.pangea.org\/de\/wp-json\/wp\/v2\/media?parent=362"}],"curies":[{"name":"wp","href":"https:\/\/api.w.org\/{rel}","templated":true}]}}