{"id":34,"date":"2018-01-17T23:09:15","date_gmt":"2018-01-17T21:09:15","guid":{"rendered":"http:\/\/animaweb.blog.pangea.org\/?page_id=34"},"modified":"2023-02-15T20:26:51","modified_gmt":"2023-02-15T18:26:51","slug":"jose-luis-cabouli-vaig-voler-ser-un-cirurgia-danimes","status":"publish","type":"page","link":"https:\/\/animaweb.blog.pangea.org\/de\/jose-luis-cabouli-vaig-voler-ser-un-cirurgia-danimes\/","title":{"rendered":"Jos\u00e9 Luis Cabouli: \u201eIch wollte Seelenchirurg werden\u201c."},"content":{"rendered":"<p align=\"center\"><span style=\"font-family: Times New Roman, serif\"><span style=\"font-size: x-large\"><span lang=\"de-DE\"><b>Jos\u00e9 Luis Cabouli: \u201eIch wollte Seelenchirurg werden\u201c.<\/b><\/span><\/span><\/span><\/p>\n<p align=\"justify\">\u201e<span style=\"font-family: Times New Roman, serif\"><span style=\"font-size: large\"><span lang=\"de-DE\"><b>Ich wollte Seelenchirurg werden.\u201c<\/b><\/span><\/span><\/span><\/p>\n<p align=\"justify\"><em><span style=\"font-family: Times New Roman, serif\"><span style=\"font-size: large\"><span lang=\"de-DE\"><span lang=\"es-ES\"><img loading=\"lazy\" decoding=\"async\" class=\"alignright wp-image-781 size-full\" title=\"La Naci\u00f3n (Die Nation). Logo.\" src=\"https:\/\/animaweb.cat\/files\/2020\/01\/La_Nacion_Logotip_72ppp_200x21px.png\" alt=\"La Naci\u00f3n (Die Nation). Logo.\" width=\"200\" height=\"21\" \/><\/span>Von Lu\u00eds Aubele. Interview ver\u00f6ffentlicht in der Zeitung \u00abLa Naci\u00f3n\u00bb, Buenos Aires, 22-03-2009.<\/span><\/span><\/span><\/em><\/p>\n<figure id=\"attachment_53\" aria-describedby=\"caption-attachment-53\" style=\"width: 200px\" class=\"wp-caption alignleft\"><img loading=\"lazy\" decoding=\"async\" class=\"wp-image-53 size-full\" title=\"Jos\u00e9 Luis Cabouli. Foto: La Naci\u00f3n (Die Nation).\" src=\"https:\/\/animaweb.cat\/files\/2018\/01\/Jose_Luis_Cabouli_La_Nacion.jpg\" alt=\"Jos\u00e9 Luis Cabouli. Foto: La Naci\u00f3n (Die Nation).\" width=\"200\" height=\"133\" \/><figcaption id=\"caption-attachment-53\" class=\"wp-caption-text\">Jos\u00e9 Luis Cabouli. Foto: La Naci\u00f3n (Die Nation).<\/figcaption><\/figure>\n<p align=\"justify\">\u201e<span style=\"font-family: Times New Roman, serif\"><span style=\"font-size: large\"><span lang=\"de-DE\">Was war ich, bevor ich Jos\u00e9 Luis wurde?\u201c, begann er sich zu fragen, als er 8 Jahre alt war. Das Seltsame ist, dass er damals noch nie von Reinkarnation geh\u00f6rt hatte; er wusste nicht nur nicht, was es war, er kannte nicht einmal das Wort. \u201eNur ein paar Jahre sp\u00e4ter, im Alter zwischen 15 und 16, fand ich heraus, worum es sich handelt. Aber es mussten noch 20 Jahre vergehen, w\u00e4hrend er bereits ein plastischer Chirurg mit jahrelanger Praxis war, um zu verstehen, dass die Reinkarnation einen therapeutischen Zweck haben k\u00f6nnte\u201c, erinnert sich Jos\u00e9 Luis Cabouli, Arzt und Therapeut, der sich auf die Therapie vergangener Leben spezialisiert hat.<\/span><\/span><\/span><\/p>\n<p align=\"justify\">\u201e<span style=\"font-family: Times New Roman, serif\"><span style=\"font-size: large\"><span lang=\"de-DE\">Eigentlich hatte ich das Thema nie aufgegeben, sondern immer als etwas interessantes weiterstudiert, allerdings parallel zu meinem Berufsleben. Entgegen der landl\u00e4ufigen Meinung haben wir Chirurgen tiefgreifende spirituelle Sorgen. Wir sind st\u00e4ndig in Kontakt mit transzendenten Dingen wie dem Leben und Sterben der Menschen\u201c, betont er.<\/span><\/span><\/span><\/p>\n<p align=\"justify\"><span style=\"font-family: Times New Roman, serif\"><span style=\"font-size: large\"><span lang=\"de-DE\">Cabouli gibt Seminare in den L\u00e4ndern, Chile, Uruguay, Mexiko und Spanien. Er ist Autor mehrerer B\u00fccher, darunter <\/span><\/span><\/span><span style=\"font-family: Times New Roman, serif\"><span style=\"font-size: large\"><span lang=\"de-DE\"><i>Leben vor der Geburt, Seelenarbeit, Seelenreise <\/i><\/span><\/span><\/span><span style=\"font-family: Times New Roman, serif\"><span style=\"font-size: large\"><span lang=\"de-DE\">und<\/span><\/span><\/span><span style=\"font-family: Times New Roman, serif\"><span style=\"font-size: large\"><span lang=\"de-DE\"><i> Therapien vergangener Leben.<\/i><\/span><\/span><\/span><\/p>\n<p align=\"justify\">\u2013<span style=\"font-family: Times New Roman, serif\"><span style=\"font-size: large\"><span lang=\"de-DE\"><b>Wie kam es dazu, dass Sie die Chirurgie f\u00fcr die Therapie vergangener Leben aufgaben?\u2013<\/b><\/span><\/span><\/span><\/p>\n<p align=\"justify\">\u2013<span style=\"font-family: Times New Roman, serif\"><span style=\"font-size: large\"><span lang=\"de-DE\">1988 hatte ich ein Berufsproblem, ein Missverst\u00e4ndnis, und ich wollte nicht f\u00fcr eine Stelle k\u00e4mpfen, die mir nicht mehr wichtig war. Ich resignierte und f\u00fchlte mich befreit, hatte mehr Zeit f\u00fcr mich selbst und beschloss, ein paar Tage Urlaub am Strand in Ostende (Argentinien) zu machen. Eines Abends, nach dem Essen, nahm ich einen Liegestuhl, um unter den Sternen zu meditieren. Ich erinnere mich, dass es in der N\u00e4he einer H\u00fctte war, die Arturo Frondizi in seiner Jugend mit seinem Vater und seinen Br\u00fcdern gebaut hatte. Und pl\u00f6tzlich, ich kann nicht genau beschreiben, was passierte, f\u00fchlte ich, dass mich mein Beruf als Chirurg nicht mehr interessierte und sich ein anderer Weg vor mir \u00f6ffnete und ich beschloss, mich der Therapie zu widmen, ich wollte Seelenchirurg werden. Ich erinnere mich nicht mehr an Details, aber ich beschloss sofort, den Lauf meines Lebens komplett zu \u00e4ndern. Dies f\u00fchrte mich zu der Erkenntnis, dass das Leben dich dazu zwingt, das zu tun, was du tun musst, wenn du nicht tust, was du tun musst.\u2013<\/span><\/span><\/span><\/p>\n<p align=\"justify\">\u2013<span style=\"font-family: Times New Roman, serif\"><span style=\"font-size: large\"><span lang=\"de-DE\"><b>Was ist Therapie vergangener Leben?\u2013<\/b><\/span><\/span><\/span><\/p>\n<p align=\"justify\">\u2013<span style=\"font-family: Times New Roman, serif\"><span style=\"font-size: large\"><span lang=\"de-DE\">Sie besteht darin, traumatische Episoden ins Bewusstsein zu rufen, die ins Unbewusstsein verdr\u00e4ngt wurden und Ungleichgewichte im t\u00e4glichen Leben verursachen. Sie hevorholen und sie wieder erleben mit all den Gef\u00fchlen, die sie ausgel\u00f6st haben, anstatt sie nur zu erz\u00e4hlen. Der erste Schritt um die Therapie vergangener Leben zu verstehen besteht darin, zu begreifen, dass es die Zeit nicht gibt. Lineare, chronologische, messbare Zeit ist eine Konvention, ein Beschluss, den wir getroffen haben, um uns selbst zu verwalten. Eigentlich hatte noch nie jemand eine Sekunde in der Hand. Es gibt ja sogar verschiedene Kalender: Maya, Hebr\u00e4isch usw. Und ich habe es nicht erfunden, sagt selbst Sigmund Freud, wenn er behauptet, das Unbewusste sei zeitlos. Aber da ist noch etwas mehr.\u2013<\/span><\/span><\/span><\/p>\n<p align=\"justify\">\u2013<span style=\"font-family: Times New Roman, serif\"><span style=\"font-size: large\"><span lang=\"de-DE\"><b>Zum Beispiel?\u2013<\/b><\/span><\/span><\/span><\/p>\n<p align=\"justify\">\u2013<span style=\"font-family: Times New Roman, serif\"><span style=\"font-size: large\"><span lang=\"de-DE\">Das zweite, was man verstehen muss, ist das, was Bewusstseinsfalle genannt wird. Wenn wir auf eine bestimmte Situation, ohne es vermeiden zu k\u00f6nnen, reagieren, liegt das daran, dass auf einer unbewussten Ebene eine ungel\u00f6ste Erfahrung wiedererlebt wird, die gefangen war und durch ihre \u00c4hnlichkeit mit der gegenw\u00e4rtigen Situation aktiviert wurde. Stellen Sie sich eine Frau vor, die Angst hat, auf ein Schiff zu gehen, weil sie immer noch in der Nacht des 14. April 1912, als die Titanic versank, im Kampf in den eisigen Gew\u00e4ssern gefangen ist. Oder jemand, der in keinen Aufzug geht, weil er klaustrophobisch ist und in der Vergangenheit lebendig begraben wurde, was fr\u00fcher ziemlich normal war, oder bei einem Bergwerkseinsturz ums Leben kam.\u2013<\/span><\/span><\/span><\/p>\n<p align=\"justify\">\u2013<span style=\"font-family: Times New Roman, serif\"><span style=\"font-size: large\"><span lang=\"de-DE\"><b>Wie kommt es dazu, dass sich ein wissenschaftlich ausgebildeter Fachmann f\u00fcr eine so ungew\u00f6hnliche Therapie interessiert?\u2013<\/b><\/span><\/span><\/span><\/p>\n<p align=\"justify\">\u2013<span style=\"font-family: Times New Roman, serif\"><span style=\"font-size: large\"><span lang=\"de-DE\">Tatsache ist, dass ich zu keinem Zeitpunkt die wissenschaftliche Methode aufgegeben habe, den Weg der drei St\u00fctzen: Beobachtung, Experimentation und \u00dcberpr\u00fcfung. Beobachten des Ph\u00e4nomens und die notwendigen Erfahrungen machen, um dessen Wahrheit zu \u00fcberpr\u00fcfen. Die Therapie vergangener Leben hat viel gemeinsam mit der klassischen Psychologie. In beiden F\u00e4llen geht es darum, das Unbewusste bewusst zu machen, wie auch Freud betonte. Mit dem Unterschied, dass die Therapie vergangener Leben versucht, den Horizont \u00fcber die Kindheit, die Geburt oder den f\u00f6talen Zustand hinaus zu erweitern und fr\u00fchere Menschwerdung zu erreichen.\u2013<\/span><\/span><\/span><\/p>\n<p align=\"justify\">\u2013<span style=\"font-family: Times New Roman, serif\"><span style=\"font-size: large\"><span lang=\"de-DE\"><b>F\u00e4lle, an die Sie sich erinnern?\u2013<\/b><\/span><\/span><\/span><\/p>\n<p align=\"justify\">\u2013<span style=\"font-family: Times New Roman, serif\"><span style=\"font-size: large\"><span lang=\"de-DE\">In Spanien behandelte ich eine Frau, die Angst vor Schlangen hatte. In ihrer Gegenwart konnte man sie nicht einmal erw\u00e4hnen, weil sie sofort verzweifelt anfing zu schreien. In der Therapie durchlebte sie erneut, wie sie als M\u00e4dchen mit ihrer Mutter einen Weg entlangging, und eine giftige Schlange auftauchte, eine Kobra, die sich mit drohender Zunge vor ihnen bewegte. Die Mutter versuchte, die Schlange abzulenken, indem sie sich zur Seite bewegte, aber dann, als das M\u00e4dchen allein war, biss die Schlange, sie und das M\u00e4dchen starb. Das Wiedererleben dieses Moments befreite die Frau und am n\u00e4chsten Tag rief sie mich an, um mir zu sagen, dass sie ihre Angst vor Reptilien verloren hatte, dass sie vorhatte, in den Zoo zu gehen, und dass sie etwas tun w\u00fcrde, was sie sich nie hatte vorstellen k\u00f6nnen: das Schlangen Terrarium besuchen.\u2013<\/span><\/span><\/span><\/p>\n<p align=\"justify\">\u2013<span style=\"font-family: Times New Roman, serif\"><span style=\"font-size: large\"><span lang=\"de-DE\"><b>Noch ein anderes?\u2013<\/b><\/span><\/span><\/span><\/p>\n<p align=\"justify\">\u2013<span style=\"font-family: Times New Roman, serif\"><span style=\"font-size: large\"><span lang=\"de-DE\">Eine Frau, die ihre Geburt wiedererlebte, rief aus: Aber das ist nicht meine Mutter! Sie wusste nicht, dass sie adoptiert war. Es gibt F\u00e4lle, in denen der Patient entdeckt, dass er die Wiedergeburt eines \u00e4lteren Bruders ist, der bei der Geburt starb.\u2013<\/span><\/span><\/span><\/p>\n<p align=\"justify\">\u2013<span style=\"font-family: Times New Roman, serif\"><span style=\"font-size: large\"><span lang=\"de-DE\"><b>Was ist Wiedergeburt f\u00fcr Sie?\u2013<\/b><\/span><\/span><\/span><\/p>\n<p align=\"justify\">\u2013<span style=\"font-family: Times New Roman, serif\"><span style=\"font-size: large\"><span lang=\"de-DE\">F\u00fcr mich ist es eine Realit\u00e4t, eine Erfahrung, obwohl ich vollkommen verstehen kann, dass es Menschen gibt, die nicht so denken.\u2013<\/span><\/span><\/span><\/p>\n<p align=\"justify\"><span style=\"font-family: Times New Roman, serif\"><span style=\"font-size: large\"><span lang=\"de-DE\">Link zum Originalinterview auf Spanisch auf der Website \u201eTherapie vergangener Leben\u201c:<\/span><\/span><\/span><\/p>\n<p align=\"justify\"><a href=\"https:\/\/www.vidaspasadas.com.ar\/articulos\/entrevista2.html\"><span style=\"font-family: Times New Roman, serif\"><span style=\"font-size: large\"><span lang=\"de-DE\">https:\/\/www.vidaspasadas.com.ar\/articulos\/entrevista2.html<\/span><\/span><\/span><\/a><\/p>","protected":false},"excerpt":{"rendered":"<p>Jos\u00e9 Luis Cabouli: \u201eIch wollte Seelenchirurg werden\u201c. \u201eIch wollte Seelenchirurg werden.\u201c Von Lu\u00eds Aubele. Interview ver\u00f6ffentlicht in der Zeitung \u00abLa Naci\u00f3n\u00bb, Buenos Aires, 22-03-2009. \u201eWas war ich, bevor ich Jos\u00e9 &hellip; <a href=\"https:\/\/animaweb.blog.pangea.org\/de\/jose-luis-cabouli-vaig-voler-ser-un-cirurgia-danimes\/\" class=\"more-link\"><span class=\"screen-reader-text\">\u201eJos\u00e9 Luis Cabouli: \u201eIch wollte Seelenchirurg werden\u201c.\u201c <\/span>weiterlesen<\/a><\/p>\n","protected":false},"author":12345698,"featured_media":0,"parent":0,"menu_order":0,"comment_status":"closed","ping_status":"closed","template":"","meta":{"ngg_post_thumbnail":0,"footnotes":""},"class_list":["post-34","page","type-page","status-publish","hentry"],"_links":{"self":[{"href":"https:\/\/animaweb.blog.pangea.org\/de\/wp-json\/wp\/v2\/pages\/34","targetHints":{"allow":["GET"]}}],"collection":[{"href":"https:\/\/animaweb.blog.pangea.org\/de\/wp-json\/wp\/v2\/pages"}],"about":[{"href":"https:\/\/animaweb.blog.pangea.org\/de\/wp-json\/wp\/v2\/types\/page"}],"author":[{"embeddable":true,"href":"https:\/\/animaweb.blog.pangea.org\/de\/wp-json\/wp\/v2\/users\/12345698"}],"replies":[{"embeddable":true,"href":"https:\/\/animaweb.blog.pangea.org\/de\/wp-json\/wp\/v2\/comments?post=34"}],"version-history":[{"count":10,"href":"https:\/\/animaweb.blog.pangea.org\/de\/wp-json\/wp\/v2\/pages\/34\/revisions"}],"predecessor-version":[{"id":2400,"href":"https:\/\/animaweb.blog.pangea.org\/de\/wp-json\/wp\/v2\/pages\/34\/revisions\/2400"}],"wp:attachment":[{"href":"https:\/\/animaweb.blog.pangea.org\/de\/wp-json\/wp\/v2\/media?parent=34"}],"curies":[{"name":"wp","href":"https:\/\/api.w.org\/{rel}","templated":true}]}}