{"id":292,"date":"2018-09-10T15:12:51","date_gmt":"2018-09-10T13:12:51","guid":{"rendered":"https:\/\/animaweb.cat\/?page_id=292"},"modified":"2022-12-08T20:21:30","modified_gmt":"2022-12-08T18:21:30","slug":"a-la-comprensio-per-lexperiencia","status":"publish","type":"page","link":"https:\/\/animaweb.blog.pangea.org\/de\/a-la-comprensio-per-lexperiencia\/","title":{"rendered":"Zum Begreifen durch Erfahrung."},"content":{"rendered":"<p align=\"center\"><span style=\"font-family: Times New Roman, serif\"><span style=\"font-size: x-large\"><span lang=\"de-DE\"><b>Zum Begreifen durch Erfahrung.<\/b><\/span><\/span><\/span><\/p>\n<p align=\"justify\"><span style=\"font-family: Times New Roman, serif\"><span style=\"font-size: large\"><span lang=\"de-DE\"><img loading=\"lazy\" decoding=\"async\" class=\"alignleft wp-image-428 size-full\" title=\"Through Time into Healing: Discovering the Power of Regression Therapy to Erase Trauma and Transform Mind, Body and Relationships (Durch die Zeit zur Heilung: Die Kraft der Regressionstherapie entdecken, um Traumata zu l\u00f6schen und Geist, K\u00f6rper und Beziehungen zu ver\u00e4ndern). Einband. Englisch.\" src=\"https:\/\/animaweb.cat\/files\/2019\/08\/Doctor_Brian_Weiss_Through_Time_Into_Healing_cover_English.jpg\" alt=\"Through Time into Healing: Discovering the Power of Regression Therapy to Erase Trauma and Transform Mind, Body and Relationships (Durch die Zeit zur Heilung: Die Kraft der Regressionstherapie entdecken, um Traumata zu l\u00f6schen und Geist, K\u00f6rper und Beziehungen zu ver\u00e4ndern). Einband. Englisch.\" width=\"194\" height=\"300\" \/>Der Doktor der Psychiatrie, Brian Weiss, erz\u00e4hlt von seiner anf\u00e4nglichen Suche nach Hinweisen auf Reinkarnation nach seinen ersten Schritten in der Technik der Therapie vergangener Leben.<\/span><\/span><\/span><\/p>\n<p align=\"justify\"><span style=\"font-family: Times New Roman, serif\"><span style=\"font-size: large\"><span lang=\"de-DE\">Nach anf\u00e4nglicher Skepsis beginnt er zu untersuchen, ob andere Therapeuten in der Vergangenheit zu derselben Entdeckung gekommen sind. Ebenso forscht er auch nach wie die verschiedenen Religionen mit der Reinkarnation umgehen und wie die wichtigsten monotheistischen Glaubensbekenntnisse sie nicht in ihrer Lehre beibehalten haben, obwohl einige ihrer Praktizierenden ihre Offensichtlichkeit teilen.<\/span><\/span><\/span><\/p>\n<hr \/>\n<p align=\"center\"><span style=\"font-family: Times New Roman, serif\"><span style=\"font-size: large\"><span lang=\"de-DE\"><b>Zum Begreifen durch Erfahrung.<\/b><\/span><\/span><\/span><\/p>\n<p align=\"justify\"><span style=\"font-family: Times New Roman, serif\"><span style=\"font-size: large\"><span lang=\"de-DE\">Oft gesteht mir ein neuer Patient oder ein Teilnehmer meiner Workshops:<\/span><\/span><\/span><\/p>\n<p align=\"justify\">\u2013 <span style=\"font-family: Times New Roman, serif\"><span style=\"font-size: large\"><span lang=\"de-DE\">Ich interessiere mich sehr daf\u00fcr, die R\u00fcckf\u00fchrung in vergangene Leben zu erfahren, Dr. Weiss, aber ich finde es schwierig, das Konzept der Reinkarnation zu akzeptieren.<\/span><\/span><\/span><\/p>\n<p align=\"justify\"><span style=\"font-family: Times New Roman, serif\"><span style=\"font-size: large\"><span lang=\"de-DE\">Wenn Sie genauso denken, sind Sie nicht der Einzige. Viele dieser Leute m\u00fcssen dieses Problem kl\u00e4ren, bevor sie mit dem Regressionsprozess beginnen; in diesen F\u00e4llen ist es in der Regel ein vorbereitender Teil der Therapie und wird in meinen Konferenzen und Workshops zu einem regelm\u00e4\u00dfigen Thema f\u00fcr Fragen und Antworten. Vor meinen au\u00dfergew\u00f6hnlichen Erfahrungen mit Catherine war ich selbst sehr skeptisch gegen\u00fcber dem Konzept der Reinkarnation und der heilenden Kraft der R\u00fcckf\u00fchrung in vergangene Leben. Selbst dann brauchte ich noch einige Jahre, um mich zu entscheiden, meine neuen \u00dcberzeugungen und Erfahrungen ans Licht zu bringen.<\/span><\/span><\/span><\/p>\n<p align=\"justify\"><span style=\"font-family: Times New Roman, serif\"><span style=\"font-size: large\"><span lang=\"de-DE\">Obwohl Catherines Therapie mein Verst\u00e4ndnis von der Natur des Lebens und der Heilung radikal ver\u00e4ndert hatte, z\u00f6gerte ich, diese tiefgreifenden Erfahrungen mit anderen zu teilen, da ich bef\u00fcrchtete, dass meine Freunde und Kollegen mich f\u00fcr \u201everr\u00fcckt\u201c oder \u201ekomisch\u201c halten w\u00fcrden.<\/span><\/span><\/span><\/p>\n<p align=\"justify\"><span style=\"font-family: Times New Roman, serif\"><span style=\"font-size: large\"><span lang=\"de-DE\">Auf der anderen Seite hatte ich durch die erfolgreiche Anwendung bei anderen Patienten eine neue Best\u00e4tigung daf\u00fcr erhalten, wie wirksam die Therapie vergangener Leben war. Ich wusste, dass mein Unbehagen gelindert und dieses Problem gel\u00f6st werden musste, also ging ich in die medizinische Bibliothek, um zu sehen, ob ich weitere Informationen finden k\u00f6nnte. Als logischer Arzt und daran gew\u00f6hnt, die linke Gehirnh\u00e4lfte zu benutzen, gefiel mir diese L\u00f6sung des Problems und ich hoffte, dass es eine solche Best\u00e4tigung meiner Erfahrungen geben w\u00fcrde. Wenn ich zuf\u00e4llig auf diese Erinnerung aus fr\u00fcheren Leben gesto\u00dfen war, war ich mir sicher, dass andere Psychiater, die ebenfalls Hypnosetechniken verwendeten, \u00e4hnliche Erfahrungen gemacht haben mussten. Vielleicht hatte einer von ihnen den Mut gehabt, sie zu erkl\u00e4ren.<\/span><\/span><\/span><\/p>\n<p align=\"justify\"><span style=\"font-family: Times New Roman, serif\"><span style=\"font-size: large\"><span lang=\"de-DE\">Ich war entt\u00e4uscht, nur sehr wenige ver\u00f6ffentlichte Berichte zu diesem Thema zu finden, wenn auch ausgezeichnete. Ich entdeckte zum Beispiel Dr. Ian Stevensons Dokumentation von F\u00e4llen von Kindern, die sich anscheinend an Details fr\u00fcherer Leben zu erinnern schienen. Viele dieser Details wurden durch sp\u00e4tere Untersuchungen best\u00e4tigt. Dies war sehr wichtig, da es dazu beitrug, einen g\u00fcltigen Beweis f\u00fcr das Konzept der Reinkarnation zu liefern. Aber sonst war kaum etwas zu finden und \u00fcbrigens fast nichts \u00fcber den therapeutischen Wert der R\u00fcckf\u00fchrung in vergangene Leben.<\/span><\/span><\/span><\/p>\n<p align=\"justify\"><span style=\"font-family: Times New Roman, serif\"><span style=\"font-size: large\"><span lang=\"de-DE\">Ich verlie\u00df die Bibliothek noch frustrierter als beim Betreten. Wie war das m\u00f6glich? Meine pers\u00f6nliche Erfahrung hatte es mir bereits erm\u00f6glicht, die Hypothese aufzustellen, dass die Erinnerung an fr\u00fchere Leben ein n\u00fctzliches therapeutisches Instrument f\u00fcr verschiedene psychische und physische Symptome sein k\u00f6nnte.<\/span><\/span><\/span><\/p>\n<p align=\"justify\"><span style=\"font-family: Times New Roman, serif\"><span style=\"font-size: large\"><span lang=\"de-DE\">Warum hat sonst niemand \u00fcber seine eigenen Erfahrungen berichtet? Und warum werden in der Fachliteratur kaum Erfahrungen aus fr\u00fcheren Leben erw\u00e4hnt, die w\u00e4hrend der klinischen Hypnosetherapie entstanden sind? Es schien unwahrscheinlich, dass nur ich sie gehabt h\u00e4tte. Zweifellos m\u00fcssten andere Therapeuten dasselbe erlebt haben.<\/span><\/span><\/span><\/p>\n<p align=\"justify\"><span style=\"font-family: Times New Roman, serif\"><span style=\"font-size: large\"><span lang=\"de-DE\">R\u00fcckblickend wird mir klar, was ich wirklich wollte: dass jemand die Arbeit, die ich \u00fcbernehmen wollte, bereits erledigt hat. Damals konnte ich mich nur fragen, ob andere Psychotherapeuten so z\u00f6gerlich waren wie ich, das Thema weiter zu untersuchen. Als ich die gesamte Literatur durchsah, f\u00fchlte ich mich hin- und hergerissen zwischen der Intensit\u00e4t und Realit\u00e4t meiner eigenen direkten Erfahrungen und der Angst, dass meine neuen \u00dcberzeugungen \u00fcber das Leben nach dem Tod und den Kontakt mit Lehrerf\u00fchrern pers\u00f6nlich und beruflich nicht \u201eangemessen\u201c waren.<\/span><\/span><\/span><\/p>\n<p align=\"justify\"><span style=\"font-family: Times New Roman, serif\"><span style=\"font-size: large\"><span lang=\"de-DE\">Ich beschloss, eine andere Disziplin zu konsultieren. Aus meinem Religionskurs an der Columbia University erinnerte ich mich, dass die gro\u00dfen Traditionen des Ostens, der Hinduismus und der Buddhismus, die Reinkarnation als zentralen Grundsatz hatten und das Konzept vergangener Leben als grundlegenden Aspekt der Realit\u00e4t akzeptierten. Ich hatte auch gelernt, dass die Sufi-Doktrin des Islam sch\u00f6ne Traditionen der Reinkarnation hat, die in Poesie, Tanz und Gesang zum Ausdruck kommen.<\/span><\/span><\/span><\/p>\n<p align=\"justify\"><span style=\"font-family: Times New Roman, serif\"><span style=\"font-size: large\"><span lang=\"de-DE\">Ich konnte wirklich nicht glauben, dass in den Jahrtausenden der Geschichte der westlichen Religionen niemand \u00fcber Erfahrungen wie meine geschrieben hatte. Es konnte nicht sein, dass ich der Erste war, der diese Information erhielt. Sp\u00e4ter entdeckte ich, dass sowohl im Judentum als auch im Christentum die Wurzeln des Reinkarnationsglaubens sehr tief reichen.<\/span><\/span><\/span><\/p>\n<p align=\"justify\"><span style=\"font-family: Times New Roman, serif\"><span style=\"font-size: large\"><span lang=\"de-DE\">Im Judentum gibt es seit Tausenden von Jahren einen grundlegenden Glauben an Reinkarnation oder <\/span><\/span><\/span><span style=\"font-family: Times New Roman, serif\"><span style=\"font-size: large\"><span lang=\"de-DE\"><i>Gilgul<\/i><\/span><\/span><\/span><span style=\"font-family: Times New Roman, serif\"><span style=\"font-size: large\"><span lang=\"de-DE\">. Dieser Glaube war ein Eckpfeiler des j\u00fcdischen Glaubens bis etwa 1800 oder 1850, als sich die j\u00fcdischen Gemeinden Osteuropas angesichts der Notwendigkeit einer \u201eModernisierung\u201c und Akzeptanz durch die wissenschaftlichere westliche Gesellschaft ver\u00e4ndern mussten. Der Glaube an die Reinkarnation war jedoch bis zu diesem Zeitpunkt, vor weniger als zwei Jahrhunderten, grundlegend und weit verbreitet.<\/span><\/span><\/span><\/p>\n<p align=\"justify\"><span style=\"font-family: Times New Roman, serif\"><span style=\"font-size: large\"><span lang=\"de-DE\">In den orthodoxen und chassidischen Gemeinden h\u00e4lt der Glaube an die Reinkarnation bis heute unvermindert an. Kabbala, mystische j\u00fcdische Literatur, die viele Jahrtausende zur\u00fcckreicht, ist voll von Hinweisen auf Reinkarnation. Rabbi Moshe Chaim Luzzatto, einer der brillantesten j\u00fcdischen Gelehrten der letzten Jahrhunderte, fasst den <\/span><\/span><\/span><span style=\"font-family: Times New Roman, serif\"><span style=\"font-size: large\"><span lang=\"de-DE\"><i>Gilgul<\/i><\/span><\/span><\/span><span style=\"font-family: Times New Roman, serif\"><span style=\"font-size: large\"><span lang=\"de-DE\"> in seinem Buch <\/span><\/span><\/span><span style=\"font-family: Times New Roman, serif\"><span style=\"font-size: large\"><span lang=\"de-DE\"><i>Der Weg Gotttes zusammen: \u201eEine einzelne Seele kann mehrere Male in verschiedenen K\u00f6rpern reinkarnieren und auf diese Weise den in fr\u00fcheren Inkarnationen angerichteten Schaden wiedergutmachen. Ebenso kann sie auch Vollkommenheit erreichen, die sie in fr\u00fcheren Inkarnationen nicht erlangt hat.\u201c<\/i><\/span><\/span><\/span><\/p>\n<p align=\"justify\"><span style=\"font-family: Times New Roman, serif\"><span style=\"font-size: large\"><span lang=\"de-DE\">Als ich die Geschichte des Christentums recherchierte, entdeckte ich, dass Kaiser Konstantin im vierten Jahrhundert alte Hinweise auf die Reinkarnation aus dem Neuen Testament gel\u00f6scht hatte, als das Christentum die offizielle Religion des R\u00f6mischen Reiches wurde. Anscheinend war der Kaiser der Ansicht, dass das Konzept der Reinkarnation die Stabilit\u00e4t des Reiches bedrohte. Wenn die B\u00fcrger glaubten, dass sie eine weitere Chance zum Leben haben w\u00fcrden, k\u00f6nnten sie weniger gehorsam und respektvoll gegen\u00fcber dem Gesetz sein, als diejenigen, die an ein einziges J\u00fcngstes Gericht f\u00fcr alle glaubten.<\/span><\/span><\/span><\/p>\n<p align=\"justify\"><span style=\"font-family: Times New Roman, serif\"><span style=\"font-size: large\"><span lang=\"de-DE\">Im 6. Jahrhundert unterst\u00fctzte das Zweite Konzil von Konstantinopel Konstantins Tat, indem es die Reinkarnation offiziell zur H\u00e4resie erkl\u00e4rte. Wie Konstantin so bef\u00fcrchtete auch die Kirche, dass die Idee mehrerer fr\u00fcherer Leben ihre wachsende Macht schw\u00e4chen und untergraben w\u00fcrde, was den Anh\u00e4ngern zu viel Zeit g\u00e4be, um Erl\u00f6sung zu suchen. Sie waren sich einig, dass die Doomsday-Peitsche notwendig war, um die richtige Einstellung und das richtige Verhalten sicherzustellen.<\/span><\/span><\/span><\/p>\n<p align=\"justify\"><span style=\"font-family: Times New Roman, serif\"><span style=\"font-size: large\"><span lang=\"de-DE\">W\u00e4hrend derselben fr\u00fchchristlichen \u00c4ra, die zum Konzil von Konstantinopel f\u00fchrte, akzeptierten und glaubten andere Kirchenv\u00e4ter wie Origenes, Clemens von Alexandria und der heilige Hieronymus die Reinkarnation, ebenso wie die Gnostiker. Selbst im 12. Jahrhundert wurden die christlichen Katharer Italiens und S\u00fcdfrankreichs (Okzitanien) wegen ihres Glaubens an die Reinkarnation allerlei Brutalit\u00e4ten ausgesetzt.<\/span><\/span><\/span><\/p>\n<p align=\"justify\"><span style=\"font-family: Times New Roman, serif\"><span style=\"font-size: large\"><span lang=\"de-DE\">Als ich \u00fcber die neu gesammelten Informationen nachdachte, wurde mir klar, dass die Katharer, die Gnostiker und die Kabbalisten neben ihrem Glauben an die Reinkarnation ein weiteres gemeinsames Prinzip hatten: diese direkte pers\u00f6nliche Erfahrung, jenseits dessen, was wir mit unserem rationalen Verstand sehen und wissen, oder was uns eine bestimmte Religion lehrt, eine gro\u00dfe Quelle spiritueller Weisheit ist. Und diese direkte pers\u00f6nliche Erfahrung f\u00f6rdert auf kraftvolle Weise das spirituelle und pers\u00f6nliche Wachstum. Da sie f\u00fcr unorthodoxe \u00dcberzeugungen schwer bestraft werden konnten, lernten diese Gruppen leider, sie geheim zu halten. Die Unterdr\u00fcckung der Lehren \u00fcber fr\u00fchere Leben war nicht spirituell, sondern politisch<\/span><\/span><\/span><span style=\"font-family: Times New Roman, serif\"><span style=\"font-size: large\"><span lang=\"de-DE\"><strong><sup><a href=\"#nota1\" name=\"cnota1\">1<\/a><\/sup><\/strong><\/span><\/span><\/span><span style=\"font-family: Times New Roman, serif\"><span style=\"font-size: large\"><span lang=\"de-DE\">.<\/span><\/span><\/span><\/p>\n<p align=\"justify\"><span style=\"font-family: Times New Roman, serif\"><span style=\"font-size: large\"><span lang=\"de-DE\">Also begann ich zu verstehen, warum. Ich bin auch besorgt \u00fcber die M\u00f6glichkeit, f\u00fcr meine \u00dcberzeugungen bestraft zu werden, wenn ich sie \u00f6ffentlich mache. Ich wei\u00df jedoch, dass die Menschen Anspruch auf die Werkzeuge des Wachstums und der Heilung haben, und ich habe aus meiner eigenen medizinischen Erfahrung gesehen, dass die R\u00fcckf\u00fchrung in vergangene Leben heilen und Leben ver\u00e4ndern kann.<\/span><\/span><\/span><\/p>\n<p align=\"justify\"><span style=\"font-family: Times New Roman, serif\"><span style=\"font-size: large\"><span lang=\"de-DE\">Ich wei\u00df auch, dass Patienten besser und n\u00fctzlicher als Mitglieder einer Gesellschaft und einer Familie werden, da sie so viel mehr zu bieten haben.<\/span><\/span><\/span><\/p>\n<p align=\"justify\"><span style=\"font-family: Times New Roman, serif\"><span style=\"font-size: large\"><span lang=\"de-DE\">Aber selbst nachdem ich <\/span><\/span><\/span><span style=\"font-family: Times New Roman, serif\"><span style=\"font-size: large\"><span lang=\"en-GB\"><i>Many Lives, Many Masters<\/i><\/span><\/span><\/span><span style=\"font-family: Times New Roman, serif\"><span style=\"font-size: large\"><span lang=\"de-DE\"> (<\/span><\/span><\/span><span style=\"font-family: Times New Roman, serif\"><span style=\"font-size: large\"><span lang=\"de-DE\"><i>Die zahlreichen Leben der Seele: Die Chronik einer Reinkarnationstherapie<\/i><\/span><\/span><\/span><span style=\"font-family: Times New Roman, serif\"><span style=\"font-size: large\"><span lang=\"de-DE\">)<\/span><\/span><\/span><span style=\"font-family: Times New Roman, serif\"><span style=\"font-size: large\"><span lang=\"de-DE\"><i>,<\/i><\/span><\/span><\/span><span style=\"font-family: Times New Roman, serif\"><span style=\"font-size: large\"><span lang=\"de-DE\"> gepostet hatte, erwartete ich immer noch eine negative Reaktion. Ich rechnete damit, dass die \u00c4rzte mich zum Narren halten w\u00fcrden, dass mein Ruf getr\u00fcbt w\u00fcrde und vielleicht sogar meine Familie darunter leiden m\u00fcsste. Meine Bef\u00fcrchtungen waren unbegr\u00fcndet. Obwohl ich wei\u00df, dass ein oder zwei Kollegen kommentiert haben, dass \u201eder arme Brian seinen Verstand verliert\u201c, habe ich, anstatt Freunde und Kollegen zu verlieren, neue gewonnen. Ich erhielt auch Briefe, wunderbare Briefe, von Psychiatern und Psychologen aus dem ganzen Land, die \u00e4hnliche Erfahrungen gemacht hatten, sich aber nicht getraut hatten, sie \u00f6ffentlich zu machen.<\/span><\/span><\/span><\/p>\n<p align=\"justify\"><span style=\"font-family: Times New Roman, serif\"><span style=\"font-size: large\"><span lang=\"de-DE\">Dies war eine tiefgreifende Lektion f\u00fcr mich. Ich war das Risiko eingegangen, meine Erfahrungen zu dokumentieren und der \u00d6ffentlichkeit und der Fachwelt zu pr\u00e4sentieren; Meine Belohnung war Wissen, Best\u00e4tigung und Akzeptanz. Au\u00dferdem hatte ich gelernt, dass Wissen nicht immer mit Lesestudien in Bibliotheken beginnt. Erkenntnisse k\u00f6nnen auch durch die Auseinandersetzung mit eigenen Erfahrungen gewonnen werden. Die Intuition kann uns zum Intellekt f\u00fchren. Beides kann sich gegenseitig n\u00e4hren und inspirieren. In meinem Fall war dies der Fall.<\/span><\/span><\/span><\/p>\n<p align=\"justify\"><span style=\"font-family: Times New Roman, serif\"><span style=\"font-size: large\"><span lang=\"de-DE\">Ich erz\u00e4hle das alles, weil Ihre Bef\u00fcrchtungen, das Tauziehen zwischen Ihrem intellektuellen Wissen und Ihrer Erfahrung, im Wesentlichen meinen \u00e4hneln. Viele Menschen haben die gleichen Erfahrungen und \u00dcberzeugungen wie Sie, vielleicht viel mehr, als Ihnen bewusst ist. Und viele dieser Menschen z\u00f6gern, ihre Erfahrungen aus den gleichen Gr\u00fcnden wie Sie zu teilen. Andere k\u00f6nnen sie ausdr\u00fccken, aber im Privaten. Es ist wichtig, offen zu bleiben und auf die eigene Erfahrung zu vertrauen. Lassen Sie nicht zu, dass die Dogmen und \u00dcberzeugungen anderer Ihre pers\u00f6nliche Erfahrung und Ihre Wahrnehmung der Realit\u00e4t entkr\u00e4ften (&#8230;).<\/span><\/span><\/span><\/p>\n<p align=\"justify\"><span style=\"font-family: Times New Roman, serif\"><span style=\"font-size: large\"><span lang=\"de-DE\">Doktor Brian Weiss. <\/span><\/span><\/span><span style=\"font-family: Times New Roman, serif\"><span style=\"font-size: large\"><span lang=\"en-GB\"><i>Through Time into Healing<\/i><\/span><\/span><\/span> <span style=\"font-family: Times New Roman, serif\"><span style=\"font-size: large\"><span lang=\"de-DE\">(<\/span><\/span><\/span><span style=\"font-family: Times New Roman, serif\"><span style=\"font-size: large\"><span lang=\"de-DE\"><i>Durch die Zeit zur Heilung<\/i><\/span><\/span><\/span><span style=\"font-family: Times New Roman, serif\"><span style=\"font-size: large\"><span lang=\"de-DE\">)<\/span><\/span><\/span><span style=\"font-family: Times New Roman, serif\"><span style=\"font-size: large\"><span lang=\"de-DE\">.<\/span><\/span><\/span><\/p>\n<hr \/>\n<p align=\"justify\"><b><span style=\"font-family: Times New Roman, serif\"><span style=\"font-size: large\"><span lang=\"de-DE\">Notiz:<\/span><\/span><\/span><\/b><\/p>\n<p align=\"justify\"><span style=\"font-family: Times New Roman, serif\"><span style=\"font-size: large\"><span lang=\"de-DE\"><strong><sup><a href=\"#cnota1\"><img loading=\"lazy\" decoding=\"async\" class=\"alignright wp-image-1136 size-medium\" title=\"Joseph Head and S. L. Cranston. Reincarnation: The Phoenix Fire Mystery (Joseph Head und S. L. Cranston. Reinkarnation: Das Mysterium des Ph\u00f6nixfeuers). Umschlag.\" src=\"https:\/\/animaweb.cat\/files\/2021\/02\/Joseph_Head_and_S_L_Cranston_Reincarnation_The_Phoenix_Fire_Mystery_Cover-199x300.jpg\" alt=\"Joseph Head and S. L. Cranston. Reincarnation: The Phoenix Fire Mystery (Joseph Head und S. L. Cranston. Reinkarnation: Das Mysterium des Ph\u00f6nixfeuers). Umschlag.\" width=\"199\" height=\"300\" srcset=\"https:\/\/animaweb.blog.pangea.org\/files\/2021\/02\/Joseph_Head_and_S_L_Cranston_Reincarnation_The_Phoenix_Fire_Mystery_Cover-199x300.jpg 199w, https:\/\/animaweb.blog.pangea.org\/files\/2021\/02\/Joseph_Head_and_S_L_Cranston_Reincarnation_The_Phoenix_Fire_Mystery_Cover-680x1024.jpg 680w, https:\/\/animaweb.blog.pangea.org\/files\/2021\/02\/Joseph_Head_and_S_L_Cranston_Reincarnation_The_Phoenix_Fire_Mystery_Cover-768x1156.jpg 768w, https:\/\/animaweb.blog.pangea.org\/files\/2021\/02\/Joseph_Head_and_S_L_Cranston_Reincarnation_The_Phoenix_Fire_Mystery_Cover-1021x1536.jpg 1021w, https:\/\/animaweb.blog.pangea.org\/files\/2021\/02\/Joseph_Head_and_S_L_Cranston_Reincarnation_The_Phoenix_Fire_Mystery_Cover-1361x2048.jpg 1361w, https:\/\/animaweb.blog.pangea.org\/files\/2021\/02\/Joseph_Head_and_S_L_Cranston_Reincarnation_The_Phoenix_Fire_Mystery_Cover-1200x1806.jpg 1200w, https:\/\/animaweb.blog.pangea.org\/files\/2021\/02\/Joseph_Head_and_S_L_Cranston_Reincarnation_The_Phoenix_Fire_Mystery_Cover.jpg 1701w\" sizes=\"auto, (max-width: 199px) 85vw, 199px\" \/><\/a><\/sup><\/strong><strong><sup><a href=\"#cnota1\" name=\"nota1\">1<\/a><\/sup><\/strong> Siehe: <\/span><\/span><\/span><span style=\"font-family: Times New Roman, serif\"><span style=\"font-size: large\"><span lang=\"de-DE\"><i>Reinkarnation: Das Ph\u00f6nix-Feuer-Mysterium<\/i><\/span><\/span><\/span><span style=\"font-family: Times New Roman, serif\"><span style=\"font-size: large\"><span lang=\"de-DE\">, von Cranston &amp; Head, eine hervorragende Studie \u00fcber die Geschichte der politischen und sozialen Interpretation der Idee der Reinkarnation im Westen.<\/span><\/span><\/span><\/p>","protected":false},"excerpt":{"rendered":"<p>Zum Begreifen durch Erfahrung. Der Doktor der Psychiatrie, Brian Weiss, erz\u00e4hlt von seiner anf\u00e4nglichen Suche nach Hinweisen auf Reinkarnation nach seinen ersten Schritten in der Technik der Therapie vergangener Leben. &hellip; <a href=\"https:\/\/animaweb.blog.pangea.org\/de\/a-la-comprensio-per-lexperiencia\/\" class=\"more-link\"><span class=\"screen-reader-text\">\u201eZum Begreifen durch Erfahrung.\u201c <\/span>weiterlesen<\/a><\/p>\n","protected":false},"author":12345698,"featured_media":0,"parent":0,"menu_order":0,"comment_status":"closed","ping_status":"closed","template":"","meta":{"ngg_post_thumbnail":0,"footnotes":""},"class_list":["post-292","page","type-page","status-publish","hentry"],"_links":{"self":[{"href":"https:\/\/animaweb.blog.pangea.org\/de\/wp-json\/wp\/v2\/pages\/292","targetHints":{"allow":["GET"]}}],"collection":[{"href":"https:\/\/animaweb.blog.pangea.org\/de\/wp-json\/wp\/v2\/pages"}],"about":[{"href":"https:\/\/animaweb.blog.pangea.org\/de\/wp-json\/wp\/v2\/types\/page"}],"author":[{"embeddable":true,"href":"https:\/\/animaweb.blog.pangea.org\/de\/wp-json\/wp\/v2\/users\/12345698"}],"replies":[{"embeddable":true,"href":"https:\/\/animaweb.blog.pangea.org\/de\/wp-json\/wp\/v2\/comments?post=292"}],"version-history":[{"count":36,"href":"https:\/\/animaweb.blog.pangea.org\/de\/wp-json\/wp\/v2\/pages\/292\/revisions"}],"predecessor-version":[{"id":2198,"href":"https:\/\/animaweb.blog.pangea.org\/de\/wp-json\/wp\/v2\/pages\/292\/revisions\/2198"}],"wp:attachment":[{"href":"https:\/\/animaweb.blog.pangea.org\/de\/wp-json\/wp\/v2\/media?parent=292"}],"curies":[{"name":"wp","href":"https:\/\/api.w.org\/{rel}","templated":true}]}}