{"id":1985,"date":"2022-08-24T08:58:08","date_gmt":"2022-08-24T06:58:08","guid":{"rendered":"https:\/\/animaweb.cat\/?page_id=1985"},"modified":"2023-01-22T23:16:12","modified_gmt":"2023-01-22T21:16:12","slug":"multimedia","status":"publish","type":"page","link":"https:\/\/animaweb.blog.pangea.org\/de\/multimedia\/","title":{"rendered":"Multimedia"},"content":{"rendered":"<p lang=\"de-DE\"><span style=\"font-family: Times New Roman, serif\"><span style=\"font-size: x-large\"><b>Multimedia.<\/b><\/span><\/span><\/p>\n<p align=\"justify\"><a href=\"\/de\/el-credit-cosmic-pel-doctor-jose-luis-cabouli-conferencia-en-castella-subtitulada-en-catala\/\">\u201e<span style=\"font-family: Times New Roman, serif\"><span style=\"font-size: x-large\"><b>Der kosmische Kredit\u201c von Doktor Jos\u00e9 Lu\u00eds Cabouli. Konferenz auf Spanisch mit deutschen Untertiteln.<br \/>\n<\/b><\/span><\/span><\/a><span style=\"font-family: Times New Roman, serif\"><span style=\"font-size: x-large\"><i><span style=\"font-size: large\">Fragment der Konferenz mit dem Titel \u201eDas Leben vor der Geburt\u201c von Doktor Jos\u00e9 Lu\u00eds Cabouli, die am Samstag, den 29. August 2020 im Mehrzweckraum in Soler\u00e0s (Las Garrigues, Katalonien) stattfand.<br \/>\n<\/span><\/i><\/span><\/span><span style=\"font-family: Times New Roman, serif\"><span style=\"font-size: x-large\"><span style=\"font-size: large\">Verlagsprofil \u201e<\/span><span style=\"font-size: large\"><i>Odysee<\/i><\/span><span style=\"font-size: large\">\u201c: Animaweb. Vorlesungen in deutscher Sprache. Erscheinungsdatum in \u201e<\/span><span style=\"font-size: large\"><i>Odysee<\/i><\/span><span style=\"font-size: large\">\u201c: Samstag, 3. September 2022. Videodauer: 3 Minuten und 33 Sekunden. Sprache: Spanische Stimme mit deutschen Untertiteln.<\/span><\/span><\/span><\/p>","protected":false},"excerpt":{"rendered":"<p>Multimedia. \u201eDer kosmische Kredit\u201c von Doktor Jos\u00e9 Lu\u00eds Cabouli. Konferenz auf Spanisch mit deutschen Untertiteln. Fragment der Konferenz mit dem Titel \u201eDas Leben vor der Geburt\u201c von Doktor Jos\u00e9 Lu\u00eds &hellip; <a href=\"https:\/\/animaweb.blog.pangea.org\/de\/multimedia\/\" class=\"more-link\"><span class=\"screen-reader-text\">\u201eMultimedia\u201c <\/span>weiterlesen<\/a><\/p>\n","protected":false},"author":12345698,"featured_media":0,"parent":0,"menu_order":0,"comment_status":"closed","ping_status":"closed","template":"","meta":{"ngg_post_thumbnail":0,"footnotes":""},"class_list":["post-1985","page","type-page","status-publish","hentry"],"_links":{"self":[{"href":"https:\/\/animaweb.blog.pangea.org\/de\/wp-json\/wp\/v2\/pages\/1985","targetHints":{"allow":["GET"]}}],"collection":[{"href":"https:\/\/animaweb.blog.pangea.org\/de\/wp-json\/wp\/v2\/pages"}],"about":[{"href":"https:\/\/animaweb.blog.pangea.org\/de\/wp-json\/wp\/v2\/types\/page"}],"author":[{"embeddable":true,"href":"https:\/\/animaweb.blog.pangea.org\/de\/wp-json\/wp\/v2\/users\/12345698"}],"replies":[{"embeddable":true,"href":"https:\/\/animaweb.blog.pangea.org\/de\/wp-json\/wp\/v2\/comments?post=1985"}],"version-history":[{"count":16,"href":"https:\/\/animaweb.blog.pangea.org\/de\/wp-json\/wp\/v2\/pages\/1985\/revisions"}],"predecessor-version":[{"id":2380,"href":"https:\/\/animaweb.blog.pangea.org\/de\/wp-json\/wp\/v2\/pages\/1985\/revisions\/2380"}],"wp:attachment":[{"href":"https:\/\/animaweb.blog.pangea.org\/de\/wp-json\/wp\/v2\/media?parent=1985"}],"curies":[{"name":"wp","href":"https:\/\/api.w.org\/{rel}","templated":true}]}}